{"id":24907,"date":"2017-02-16T13:12:08","date_gmt":"2017-02-16T12:12:08","guid":{"rendered":"http:\/\/centcols.org\/backup\/?page_id=24907"},"modified":"2017-03-21T09:34:35","modified_gmt":"2017-03-21T08:34:35","slug":"sondage-entree-au-club","status":"publish","type":"page","link":"https:\/\/centcols.org\/backup\/en\/sondage-entree-au-club\/","title":{"rendered":"Sondage \u00e0 propos de votre entr\u00e9e au club"},"content":{"rendered":"<p>Merci d&#8217;avance de prendre quelques minutes pour r\u00e9pondre \u00e0 ce sondage qui permettra de mieux connaitre les moyens de recrutement du club et \u00e9ventuellement une mise en place d&#8217;actions pour nous faire conna\u00eetre. Ce sondage est tr\u00e8s rapide \u00e0 remplir.<\/p>\n<blockquote><p>La saisie\u00a0 de l&#8217;ann\u00e9e d&#8217;adh\u00e9sion ou \u00e0 d\u00e9faut du N\u00b0 de membre en fin de sondage est obligatoire. Elle\u00a0 a pour seul but d&#8217;affiner l&#8217;analyse et l&#8217;\u00e9volution du club dans le temps.<\/p><\/blockquote>\n<p>[yop_poll id=&#8221;2&#8243;]<\/p>\n","protected":false},"excerpt":{"rendered":"<p>Merci d&#8217;avance de prendre quelques minutes pour r\u00e9pondre \u00e0 ce sondage qui permettra de mieux connaitre les moyens de recrutement du club et \u00e9ventuellement une mise en place d&#8217;actions pour nous faire conna\u00eetre. Ce sondage est tr\u00e8s rapide \u00e0 remplir. La saisie\u00a0 de l&#8217;ann\u00e9e d&#8217;adh\u00e9sion ou \u00e0 d\u00e9faut du N\u00b0 de membre en fin de [&hellip;]<\/p>\n","protected":false},"author":17,"featured_media":0,"parent":0,"menu_order":0,"comment_status":"closed","ping_status":"closed","template":"","meta":{"_acf_changed":false,"ub_ctt_via":"","_monsterinsights_skip_tracking":false,"_monsterinsights_sitenote_active":false,"_monsterinsights_sitenote_note":"","_monsterinsights_sitenote_category":0,"footnotes":""},"acf":[],"featured_image_urls":{"full":"","thumbnail":"","medium":"","medium_large":"","large":"","1536x1536":"","2048x2048":"","woocommerce_thumbnail":"","woocommerce_single":"","woocommerce_gallery_thumbnail":""},"post_excerpt_stackable":"<p>Merci d&#8217;avance de prendre quelques minutes pour r\u00e9pondre \u00e0 ce sondage qui permettra de mieux connaitre les moyens de recrutement du club et \u00e9ventuellement une mise en place d&#8217;actions pour nous faire conna\u00eetre. Ce sondage est tr\u00e8s rapide \u00e0 remplir. La saisie\u00a0 de l&#8217;ann\u00e9e d&#8217;adh\u00e9sion ou \u00e0 d\u00e9faut du N\u00b0 de membre en fin de sondage est obligatoire. Elle\u00a0 a pour seul but d&#8217;affiner l&#8217;analyse et l&#8217;\u00e9volution du club dans le temps. [yop_poll id=&#8221;2&#8243;]<\/p>\n","category_list":"","author_info":{"name":"R\u00e9gis Paraz","url":"https:\/\/centcols.org\/backup\/en\/author\/3225\/"},"comments_num":"0 comments","featured_image_urls_v2":{"full":"","thumbnail":"","medium":"","medium_large":"","large":"","1536x1536":"","2048x2048":"","woocommerce_thumbnail":"","woocommerce_single":"","woocommerce_gallery_thumbnail":""},"post_excerpt_stackable_v2":"<p>Merci d&#8217;avance de prendre quelques minutes pour r\u00e9pondre \u00e0 ce sondage qui permettra de mieux connaitre les moyens de recrutement du club et \u00e9ventuellement une mise en place d&#8217;actions pour nous faire conna\u00eetre. Ce sondage est tr\u00e8s rapide \u00e0 remplir. La saisie\u00a0 de l&#8217;ann\u00e9e d&#8217;adh\u00e9sion ou \u00e0 d\u00e9faut du N\u00b0 de membre en fin de sondage est obligatoire. Elle\u00a0 a pour seul but d&#8217;affiner l&#8217;analyse et l&#8217;\u00e9volution du club dans le temps. [yop_poll id=&#8221;2&#8243;]<\/p>\n","category_list_v2":"","author_info_v2":{"name":"R\u00e9gis Paraz","url":"https:\/\/centcols.org\/backup\/en\/author\/3225\/"},"comments_num_v2":"0 comments","featured_image_src":null,"_links":{"self":[{"href":"https:\/\/centcols.org\/backup\/en\/wp-json\/wp\/v2\/pages\/24907"}],"collection":[{"href":"https:\/\/centcols.org\/backup\/en\/wp-json\/wp\/v2\/pages"}],"about":[{"href":"https:\/\/centcols.org\/backup\/en\/wp-json\/wp\/v2\/types\/page"}],"author":[{"embeddable":true,"href":"https:\/\/centcols.org\/backup\/en\/wp-json\/wp\/v2\/users\/17"}],"replies":[{"embeddable":true,"href":"https:\/\/centcols.org\/backup\/en\/wp-json\/wp\/v2\/comments?post=24907"}],"version-history":[{"count":0,"href":"https:\/\/centcols.org\/backup\/en\/wp-json\/wp\/v2\/pages\/24907\/revisions"}],"wp:attachment":[{"href":"https:\/\/centcols.org\/backup\/en\/wp-json\/wp\/v2\/media?parent=24907"}],"curies":[{"name":"wp","href":"https:\/\/api.w.org\/{rel}","templated":true}]}}