{"id":25345,"date":"2017-09-30T15:00:24","date_gmt":"2017-09-30T13:00:24","guid":{"rendered":"http:\/\/centcols.org\/backup\/?page_id=25345"},"modified":"2017-10-01T16:57:42","modified_gmt":"2017-10-01T14:57:42","slug":"presentation-candidats-2017","status":"publish","type":"page","link":"https:\/\/centcols.org\/backup\/en\/presentation-candidats-2017\/","title":{"rendered":"Pr\u00e9sentation des candidats \u00e0 l&#8217;\u00e9lection du Conseil d&#8217;Administration 2017"},"content":{"rendered":"<div class=\"members-access-error\">Sorry, but you do not have permission to view this content.<\/div>\n","protected":false},"excerpt":{"rendered":"<div class=\"members-access-error\">Sorry, but you do not have permission to view this content.<\/div>\n","protected":false},"author":15,"featured_media":0,"parent":0,"menu_order":0,"comment_status":"closed","ping_status":"closed","template":"","meta":{"_acf_changed":false,"ub_ctt_via":"","_monsterinsights_skip_tracking":false,"_monsterinsights_sitenote_active":false,"_monsterinsights_sitenote_note":"","_monsterinsights_sitenote_category":0,"footnotes":""},"acf":[],"featured_image_urls":{"full":"","thumbnail":"","medium":"","medium_large":"","large":"","1536x1536":"","2048x2048":"","woocommerce_thumbnail":"","woocommerce_single":"","woocommerce_gallery_thumbnail":""},"post_excerpt_stackable":"<div class=\"members-access-error\">Sorry, but you do not have permission to view this content.<\/div>\n","category_list":"","author_info":{"name":"Patrick Schleppi","url":"https:\/\/centcols.org\/backup\/en\/author\/5845\/"},"comments_num":"0 comments","featured_image_urls_v2":{"full":"","thumbnail":"","medium":"","medium_large":"","large":"","1536x1536":"","2048x2048":"","woocommerce_thumbnail":"","woocommerce_single":"","woocommerce_gallery_thumbnail":""},"post_excerpt_stackable_v2":"<div class=\"members-access-error\">Sorry, but you do not have permission to view this content.<\/div>\n","category_list_v2":"","author_info_v2":{"name":"Patrick Schleppi","url":"https:\/\/centcols.org\/backup\/en\/author\/5845\/"},"comments_num_v2":"0 comments","featured_image_src":null,"_links":{"self":[{"href":"https:\/\/centcols.org\/backup\/en\/wp-json\/wp\/v2\/pages\/25345"}],"collection":[{"href":"https:\/\/centcols.org\/backup\/en\/wp-json\/wp\/v2\/pages"}],"about":[{"href":"https:\/\/centcols.org\/backup\/en\/wp-json\/wp\/v2\/types\/page"}],"author":[{"embeddable":true,"href":"https:\/\/centcols.org\/backup\/en\/wp-json\/wp\/v2\/users\/15"}],"replies":[{"embeddable":true,"href":"https:\/\/centcols.org\/backup\/en\/wp-json\/wp\/v2\/comments?post=25345"}],"version-history":[{"count":0,"href":"https:\/\/centcols.org\/backup\/en\/wp-json\/wp\/v2\/pages\/25345\/revisions"}],"wp:attachment":[{"href":"https:\/\/centcols.org\/backup\/en\/wp-json\/wp\/v2\/media?parent=25345"}],"curies":[{"name":"wp","href":"https:\/\/api.w.org\/{rel}","templated":true}]}}