{"id":43284,"date":"2015-03-11T14:05:58","date_gmt":"2015-03-11T13:05:58","guid":{"rendered":"https:\/\/centcols.org\/backup\/licences-ffct\/"},"modified":"2023-11-28T07:32:57","modified_gmt":"2023-11-28T06:32:57","slug":"licences-ffct","status":"publish","type":"page","link":"https:\/\/centcols.org\/backup\/en\/licences-ffct\/","title":{"rendered":"Licences FFCT"},"content":{"rendered":"<p>Le Club des Cent Cols(N\u00b0 6384) vous offre la possibilit\u00e9 d\u2019\u00eatre licenci\u00e9 aupr\u00e8s de la FFCT.<br \/>La vocation du Club des Cent Cols est le rassemblement de personnes pratiquant le v\u00e9lo en montagne.<\/p>\n<p><strong>Attention\u00a0:<br \/><\/strong>(*) Les licences ne peuvent \u00eatre d\u00e9livr\u00e9es qu\u2019aux membres du Club des Cent Cols et aux membres associ\u00e9s en r\u00e8gle de leur cotisation annuelle<strong><em>(Cotisation fix\u00e9e \u00e0 15<\/em><\/strong><strong><em>,00<\/em><\/strong><strong><em> \u20ac<\/em><\/strong><strong><em> pour les membres <\/em><\/strong><strong><em>et de <\/em><\/strong><strong><em>7,50 \u20ac pour les membres associ\u00e9s).<\/em><\/strong><br \/><strong><em><u>Nota<\/u><\/em><\/strong><em><u> : <\/u><\/em><span style=\"color: #0000ff;\"><em>Vous pouvez r\u00e9gler la cotisation de <strong>15,00\u20ac <\/strong>en m\u00eame temps que la licence aupr\u00e8s du secr\u00e9taire par ch\u00e8que \u00e0 l\u2019ordre du \u00ab\u00a0Club des Cent Cols\u00a0\u00bb ou par virement bancaire (un seul paiement est possible pour la cotisation et la licence).<\/em><\/span><\/p>\n<h2>LICENCES 2023<\/h2>\n<p><strong>Depuis 2018, l\u2019offre de licence FFCT a \u00e9volu\u00e9 pour s\u2019adapter \u00e0 la diversit\u00e9 des pratiques. Les adh\u00e9rents peuvent choisir entre ces 3 formules lors de leur prise de licence :\u00a0<\/strong><\/p>\n<p>&#8211;\u00a0\u00a0<strong>V\u00c9LO BALADE<\/strong> : ce choix correspond \u00e0 une pratique douce, familiale ou occasionnelle du cyclotourisme, <strong>pour laquelle le certificat m\u00e9dical ne sera pas obligatoire<\/strong> (avec des parcours, vert \u00e0 bleu, en termes de difficult\u00e9). <strong>Le certificat m\u00e9dical est obligatoire<\/strong> pour une <strong>premi\u00e8re prise de licence FFCT<\/strong>.<\/p>\n<p>&#8211;\u00a0\u00a0<strong>V\u00c9LO RANDO<\/strong> ce choix correspond en g\u00e9n\u00e9ral \u00e0 une pratique r\u00e9guli\u00e8re du cyclotourisme sur tous types de parcours Le certificat m\u00e9dical sera obligatoire, il est \u00e0 renouveler au moins <strong>tous les 5 ans<\/strong>\u00a0<strong>(cette ann\u00e9e il doit \u00eatre post\u00e9rieur \u00e0 la date du 31\/12\/2018)<\/strong>.<\/p>\n<p>&#8211;\u00a0\u00a0\u00a0<strong>V\u00c9LO SPORT : <\/strong>cette variante permet aux adh\u00e9rents ayant une pratique plus sportive de s\u2019inscrire \u00e0 des \u00e9v\u00e9nements tels que les <strong>cyclosportives <\/strong>en dehors de la FFCT. Le certificat m\u00e9dical sera obligatoire, il est \u00e0 renouveler au moins <strong>tous les 3 ans <\/strong><strong>(cette ann\u00e9e il doit \u00eatre post\u00e9rieur \u00e0 la date du 31\/12\/2020)<\/strong><strong>.<\/strong><\/p>\n<p><strong><em>Le tarif de la licence et les options d\u2019assurances sont les m\u00eames pour les 3 formules.<\/em><\/strong><\/p>\n<h3>Pour choisir votre option, voir les tableaux explicatifs publi\u00e9s par la FFCT :<\/h3>\n<p>Pour m\u00e9moire\u00a0 \u00a0 \u00a0 \u00a0 \u00a0 \u00a0 \u00a0 <a href=\"https:\/\/centcols.org\/backup\/wp-content\/uploads\/2019\/12\/tableau-licences-depuis-2028.pdf\" target=\"_blank\" rel=\"noopener noreferrer\">Tableau des licences depuis 2018 (Document FFCT)<\/a><\/p>\n<p>Pour m\u00e9moire\u00a0 \u00a0 \u00a0 \u00a0 \u00a0 \u00a0 \u00a0\u00a0<a href=\"https:\/\/centcols.org\/backup\/wp-content\/uploads\/2015\/03\/Cotation-circuits.pdf\" target=\"_blank\" rel=\"noopener noreferrer\">Cotation indicative des circuits (document FFCT)<\/a><\/p>\n<h2>Certificat m\u00e9dical ou questionnaire QS-Sport ?<\/h2>\n<p style=\"text-align: left;\"><span style=\"background-color: #ffffff; color: #000000;\"><strong>Cas A) Vous avez fourni un certificat m\u00e9dical de moins de 5 ans \u00e0 ce jour (V\u00e9lo-rando) ou de moins de 3 ans (V\u00e9lo-sport) :<br \/><\/strong><\/span><span style=\"background-color: #ffffff; color: #000000;\"><strong>Vous \u00eates dispens\u00e9s de certificat m\u00e9dical pour 2023 si apr\u00e8s avoir r\u00e9pondu au questionnaire QS-Sport, vous avez coch\u00e9 toutes les cases \u00e9gales \u00e0 \u00ab NON \u00bb<\/strong><\/span><\/p>\n<p><span style=\"background-color: #ffffff;\"><strong><em>Nota : Le questionnaire QS-Sport ne doit pas \u00eatre envoy\u00e9 au club. Vous le conservez et certifiez dans le document 1 (Formule choisie pour la licence 2023) que vous avez r\u00e9pondu \u00ab\u00a0NON\u00a0\u00bb \u00e0 toutes les questions.<\/em><\/strong><\/span><\/p>\n<p><strong><span style=\"color: #ff6600;\">Cas B)<br \/><\/span><\/strong><strong><span style=\"color: #ff6600;\">***\u00a0 C&#8217;est votre premi\u00e8re demande de licence.<br \/><\/span><\/strong><strong><span style=\"color: #ff6600;\">***\u00a0 Vous avez r\u00e9pondu au moins une fois &#8220;OUI&#8221; aux questions du document &#8220;QS-Sport&#8221;:<br \/><\/span><\/strong><strong><span style=\"color: #ff6600;\">Dans ce cas, vous devez fournir un certificat m\u00e9di<\/span><\/strong><strong style=\"font-size: inherit;\"><span style=\"color: #ff6600;\">cal de moins d&#8217;un an.<\/span><\/strong><\/p>\n<h2>Documents \u00e0 fournir pour la prise de licence<\/h2>\n<p>1 &#8211; <a href=\"https:\/\/centcols.org\/backup\/wp-content\/uploads\/2022\/12\/1-Formule-choisie-pour-la-licence-2023.pdf\">Formule choisie pour la licence 2023<\/a>\u00a0\u00a0(Un document \u00e0 remplir par licence demand\u00e9e).<\/p>\n<p>2 &#8211;<a href=\"https:\/\/centcols.org\/backup\/wp-content\/uploads\/2022\/12\/2-Demande-de-licences-2023.pdf\"> Demande de licences 2023<\/a>\u00a0 (Un imprim\u00e9 par famille).<\/p>\n<p><span style=\"color: #000000;\"><strong>3 &#8211; A : Cas A :<\/strong><\/span> <a href=\"https:\/\/centcols.org\/backup\/wp-content\/uploads\/2022\/12\/QS-SPORT1-cerfa_15699.pdf\">Remplir le questionnaire QS-Sport\u00a0<\/a> \u00a0 (A remplir et \u00e0 conserver, ne pas le transmettre au club car il s&#8217;agit d&#8217;un document m\u00e9dical confidentiel).<\/p>\n<p><span style=\"color: #ff6600;\"><span style=\"color: #000000;\"><strong>3 &#8211; B : Cas B :<\/strong><\/span>\u00a0 <a href=\"https:\/\/centcols.org\/backup\/wp-content\/uploads\/2022\/12\/CERTIFICAT-MEDICAL.pdf\">Certificat m\u00e9dical \u00e0 faire valider par votre m\u00e9decin.<\/a><\/span><\/p>\n<p><a href=\"https:\/\/centcols.org\/backup\/wp-content\/uploads\/2022\/12\/NOTICE-D-INFORMATION-DU-LICENCIE-A-SIGNER-SAISON-2023-.pdf\">4 &#8211;\u00a0 \u00a0Notice d&#8217;information assurance AXA 2023 &#8211; \u00e0 signer &#8211;\u00a0 et coupon \u00e0 retourner.<\/a><\/p>\n<p>5 <a href=\"https:\/\/centcols.org\/backup\/wp-content\/uploads\/2022\/12\/ATTESTATION-SUR-L-HONNEUR-RENOUVELLEMENT-LICENCE-FFVELO-2023.pdf\">Attestation FORMULE \u00ab V\u00c9LO RANDO \u00bb ou \u00ab V\u00c9LO SPORT \u00bb.<\/a><\/p>\n<p><span style=\"background-color: #00ffff;\"><strong>Pour un envoi postal, bien pr\u00e9ciser<\/strong><strong> &#8220;Club des Cent Cols&#8221; dans l&#8217;adresse.<\/strong><\/span><strong> <br \/><\/strong><span style=\"color: #000000;\">Le dossier peut \u00e9galement \u00eatre envoy\u00e9 par internet avec r\u00e8glement par virement bancaire. <br \/>Dans ce cas, afin de faciliter le traitement,<\/span><span style=\"color: #000000; background-color: #00ffff;\"> joindre une copie du bordereau de virement.<\/span><\/p>\n<h2>Document assurance licenci\u00e9s<\/h2>\n<p><a href=\"https:\/\/centcols.org\/backup\/wp-content\/uploads\/2022\/12\/NOTICE-INFORMATION-A-CONSERVER-VERSION-COMPLETE.pdf\">Notice compl\u00e8te assurance AXA 2023<\/a><\/p>\n<p><strong><span style=\"color: #000000;\">La licence \u00e9lectronique vous sera adress\u00e9e directement \u00e0 l&#8217;adresse mail que vous aurez indiqu\u00e9e<br \/><\/span><\/strong><span style=\"color: #000000;\">Si vous ne poss\u00e9dez pas d&#8217;adresse mail, mettez celle du secr\u00e9taire qui fera suivre.<\/span><\/p>\n<p><a href=\"https:\/\/ffvelo.fr\/adherer\/dans-un-club\/\">Des informations compl\u00e8tes sont disponibles sur le site de la FFCT<\/a><\/p>\n<p><span style=\"color: #0000ff;\"><span style=\"color: #000000;\"><strong>Contact :<\/strong><\/span><\/span><\/p>\n<p><span style=\"color: #0000ff;\"><span style=\"color: #000000;\">Club des Cent Cols<br \/>Herv\u00e9 Reti\u00e8re<br \/><\/span><\/span><span style=\"color: #0000ff;\"><span style=\"color: #000000;\">28 Rue La Fontaine<br \/>95240 Cormeilles-en-Parisis<br \/>+33 (0)7.49.83.64.20<br \/><a href=\"mailto:secretaire@centcols.net\" target=\"_blank\" rel=\"noopener noreferrer\">secretaire@centcols.net<\/a> <\/span><\/span><\/p>\n\n\n<p><\/p>\n","protected":false},"excerpt":{"rendered":"<p>Le Club des Cent Cols(N\u00b0 6384) vous offre la possibilit\u00e9 d\u2019\u00eatre licenci\u00e9 aupr\u00e8s de la FFCT.La vocation du Club des Cent Cols est le rassemblement de personnes pratiquant le v\u00e9lo en montagne. Attention\u00a0:(*) Les licences ne peuvent \u00eatre d\u00e9livr\u00e9es qu\u2019aux membres du Club des Cent Cols et aux membres associ\u00e9s en r\u00e8gle de leur cotisation [&hellip;]<\/p>\n","protected":false},"author":69,"featured_media":0,"parent":0,"menu_order":0,"comment_status":"closed","ping_status":"closed","template":"","meta":{"_acf_changed":false,"ub_ctt_via":"","_monsterinsights_skip_tracking":false,"_monsterinsights_sitenote_active":false,"_monsterinsights_sitenote_note":"","_monsterinsights_sitenote_category":0,"footnotes":""},"acf":[],"featured_image_urls":{"full":"","thumbnail":"","medium":"","medium_large":"","large":"","1536x1536":"","2048x2048":"","woocommerce_thumbnail":"","woocommerce_single":"","woocommerce_gallery_thumbnail":""},"post_excerpt_stackable":"<p>Le Club des Cent Cols(N\u00b0 6384) vous offre la possibilit\u00e9 d\u2019\u00eatre licenci\u00e9 aupr\u00e8s de la FFCT.La vocation du Club des Cent Cols est le rassemblement de personnes pratiquant le v\u00e9lo en montagne. Attention\u00a0:(*) Les licences ne peuvent \u00eatre d\u00e9livr\u00e9es qu\u2019aux membres du Club des Cent Cols et aux membres associ\u00e9s en r\u00e8gle de leur cotisation annuelle(Cotisation fix\u00e9e \u00e0 15,00 \u20ac pour les membres et de 7,50 \u20ac pour les membres associ\u00e9s).Nota : Vous pouvez r\u00e9gler la cotisation de 15,00\u20ac en m\u00eame temps que la licence aupr\u00e8s du secr\u00e9taire par ch\u00e8que \u00e0 l\u2019ordre du \u00ab\u00a0Club des Cent Cols\u00a0\u00bb ou par virement&hellip;<\/p>\n","category_list":"","author_info":{"name":"Enrico Alberini","url":"https:\/\/centcols.org\/backup\/en\/author\/5065\/"},"comments_num":"0 comments","featured_image_urls_v2":{"full":"","thumbnail":"","medium":"","medium_large":"","large":"","1536x1536":"","2048x2048":"","woocommerce_thumbnail":"","woocommerce_single":"","woocommerce_gallery_thumbnail":""},"post_excerpt_stackable_v2":"<p>Le Club des Cent Cols(N\u00b0 6384) vous offre la possibilit\u00e9 d\u2019\u00eatre licenci\u00e9 aupr\u00e8s de la FFCT.La vocation du Club des Cent Cols est le rassemblement de personnes pratiquant le v\u00e9lo en montagne. Attention\u00a0:(*) Les licences ne peuvent \u00eatre d\u00e9livr\u00e9es qu\u2019aux membres du Club des Cent Cols et aux membres associ\u00e9s en r\u00e8gle de leur cotisation annuelle(Cotisation fix\u00e9e \u00e0 15,00 \u20ac pour les membres et de 7,50 \u20ac pour les membres associ\u00e9s).Nota : Vous pouvez r\u00e9gler la cotisation de 15,00\u20ac en m\u00eame temps que la licence aupr\u00e8s du secr\u00e9taire par ch\u00e8que \u00e0 l\u2019ordre du \u00ab\u00a0Club des Cent Cols\u00a0\u00bb ou par virement&hellip;<\/p>\n","category_list_v2":"","author_info_v2":{"name":"Enrico Alberini","url":"https:\/\/centcols.org\/backup\/en\/author\/5065\/"},"comments_num_v2":"0 comments","featured_image_src":null,"_links":{"self":[{"href":"https:\/\/centcols.org\/backup\/en\/wp-json\/wp\/v2\/pages\/43284"}],"collection":[{"href":"https:\/\/centcols.org\/backup\/en\/wp-json\/wp\/v2\/pages"}],"about":[{"href":"https:\/\/centcols.org\/backup\/en\/wp-json\/wp\/v2\/types\/page"}],"author":[{"embeddable":true,"href":"https:\/\/centcols.org\/backup\/en\/wp-json\/wp\/v2\/users\/69"}],"replies":[{"embeddable":true,"href":"https:\/\/centcols.org\/backup\/en\/wp-json\/wp\/v2\/comments?post=43284"}],"version-history":[{"count":0,"href":"https:\/\/centcols.org\/backup\/en\/wp-json\/wp\/v2\/pages\/43284\/revisions"}],"wp:attachment":[{"href":"https:\/\/centcols.org\/backup\/en\/wp-json\/wp\/v2\/media?parent=43284"}],"curies":[{"name":"wp","href":"https:\/\/api.w.org\/{rel}","templated":true}]}}