{"id":43564,"date":"2015-06-15T17:10:16","date_gmt":"2015-06-15T15:10:16","guid":{"rendered":"https:\/\/centcols.org\/backup\/liste-de-diffusion\/"},"modified":"2022-12-16T09:28:24","modified_gmt":"2022-12-16T08:28:24","slug":"liste-de-diffusion","status":"publish","type":"page","link":"https:\/\/centcols.org\/backup\/en\/liste-de-diffusion\/","title":{"rendered":"Discussion list"},"content":{"rendered":"<p>The main purpose of the Club\u2019s Discussion List is to allow the communication of information between Club members, on subjects related to our practice of cycle tourism.<\/p>\n<h2>Registration on the list<\/h2>\n<p>If you are a Club member, you can join the discussion list simply by sending a blank email to the following address: <span style=\"color: #ff0000;\"><a class=\"mailto-link\" style=\"color: #ff0000;\" href=\"mailto:cent-cols+subscribe@groups.io\" target=\"_blank\" rel=\"noopener\">cent-cols+subscribe@groups.io<\/a><\/span><\/p>\n<p>Afterwards, send your messages to: <span style=\"color: #ff0000;\">cent-cols@groups.io<\/span><\/p>\n<h3 style=\"font-weight: 400;\">An important note (from Daniel Bossard):<\/h3>\n<p style=\"font-weight: 400;\"><span style=\"color: #0000ff;\"><em>&lt;&lt;To avoid seeing your messages sent by &#8220;Pr\u00e9nom Nom\u201d you must edit your profile. I don&#8217;t know if there&#8217;s a simpler method, but here&#8217;s the one I used:<\/em><\/span><\/p>\n<ul>\n<li style=\"font-weight: 400;\"><span style=\"color: #0000ff;\"><em>Go to the\u00a0<\/em><em><a style=\"color: #0000ff;\" href=\"https:\/\/ssl.microsofttranslator.com\/bv.aspx?ref=TAns&amp;from=&amp;to=en&amp;a=https%3A%2F%2Fgroups.io\">https:\/\/groups.io<\/a>\u00a0site<\/em><\/span><\/li>\n<li style=\"font-weight: 400;\"><span style=\"color: #0000ff;\"><em>Click at the top right on &#8220;<\/em><strong>Log in<\/strong><em>&#8220;<\/em><\/span><\/li>\n<li style=\"font-weight: 400;\"><span style=\"color: #0000ff;\"><em>Enter your email address in Email Address and click\u00a0<strong>&#8216;Forgot your password, or don&#8217;t have one yet?<\/strong>\u00a0\u00bb<\/em><\/span><\/li>\n<li style=\"font-weight: 400;\"><span style=\"color: #0000ff;\"><em>A link is sent to your inbox. Click on this link: you are on the home page of your profile.\u00a0<\/em><em>Click left on\u00a0<strong>&#8220;Identity<\/strong>&#8220;<\/em><\/span><\/li>\n<li style=\"font-weight: 400;\"><span style=\"color: #0000ff;\"><em>You can edit your general profile (top frame) and cent Cols profile by clicking on the corresponding\u00a0<strong>&#8220;Edit<\/strong>&#8221; button.<\/em><\/span><\/li>\n<li style=\"font-weight: 400;\"><span style=\"color: #0000ff;\"><em>It&#8217;s the Cent Cols profile that interests us: there you can change your &#8220;<strong>Display Name<\/strong>&#8220;. This is the name that will appear as a sender when you send a message to the list.<\/em><\/span><\/li>\n<li style=\"font-weight: 400;\"><span style=\"color: #0000ff;\"><em>Don&#8217;t forget to click at the bottom of the page on &#8220;<strong>Update Group Profile<\/strong>&#8221; to have your changes saved.&gt;&gt;<\/em><\/span><\/li>\n<\/ul>\n<p style=\"font-weight: 400;\">All you will then have to do is send your messages to:\u00a0<a href=\"mailto:cent-cols@groups.io\">cent-cols@groups.io<\/a><\/p>\n<p>Your first message may be an opportunity for a brief introduction (your name, your place of residence, your interests, a personal website &#8211; everything that will allow us to know you better).<\/p>\n<p>The managers of the list are currently:<\/p>\n<p>Philippe Carrez (former member of the Club&#8217;s Conseil d\u2019Administration)<\/p>\n<p>Enrico Alberini (current Club President)<\/p>\n<p>You can reach them by writing to:<a href=\"mailto:carrez.philippe@free\">carrez.philippe@free<\/a><u>.fr or <\/u><u>president@centcols.net<\/u> \u00a0To unsubscribe from the list, <a href=\"https:\/\/groups.io\/g\/cent-cols\/leave\/9293645\/397184759\/xyzzy\">click here<\/a><u>\u00a0<\/u>\u00a0\u00a0If you change your address, please cancel your old address and request a new one. The address registered on your membership file is separate from the address used for this list. To make a change,you should therefore modify both.\u00a0Your membership file can be seen at: <u>https:\/\/centcols.org\/backup\/membres\/th\/profilM.php<\/u><\/p>\n<h2>the discussion list charter<\/h2>\n<p>This charter sets out some rules for use of the Club Discussion List.<\/p>\n<p><strong>Topics<\/strong><br \/>\nAll topics concerning the activities of our Club or related to the practice of cycle tourism in general, and mountain cycle tourism in particular,may be aired on this discussion list.\u00a0On the other hand, any polemic subject which could lead to controversy, particularly one of a political or religious nature, is strictly prohibited.\u00a0It may sometimes, sparingly, be permissible to deviate from a strictly sporting topic\u2013 for example to a topic of general cultural interest.\u00a0Good spirit and humour are not only allowed but encouraged, while respecting generally accepted good taste.<\/p>\n<p><strong>Social behaviour<\/strong><strong><br \/>\n<\/strong>To keep this list attractive, user-friendly, and interesting for all of its subscribers, it is important to follow a number of basic and obvious rules.\u00a0Politeness in all circumstances is obligatory (for example, start mails with a \u201cBonjour\u201d).\u00a0A courteous tone is pleasant, so should be adopted. \u00a0Conversely, an unpleasant, aggressive, or offensive attitude should be avoided.\u00a0Don\u2019t be afraid of broaching any matterwithin the approved topic framework, even if it may have been discussed before. Answersshould always be patient and friendly.\u00a0We strongly advocate tolerance at all times.<\/p>\n<p><strong>Practical matters<\/strong><strong><br \/>\n<\/strong>Your topic: please make sure you write a short and explicit title. Consider changing the subject title of the message if your response differs significantly from the original subject. Avoid piling up messages, and retain only those that are of interest, convincing enoughto \u00a0continue the conversation. Photos, documents,and other files are not allowed as attachments. On the other hand, links to photo montages, or to interesting sites directly relevant to our activity, are encouraged. Anonymity is not allowed, and in the case of a pseudonym, your name and internet address must appear in the messages you send to the list. Do notpost personal messageson the list. If you wish to reply to a single person, be sure to delete the address <span style=\"color: #ff0000;\">cent-cols@groups.io<\/span>, and post only to the address of the intended recipient.<\/p>\n<p><strong>Topic interest<\/strong><br \/>\nKeep in mind that not all topics will interest all subscribers.\u00a0If emails about a topic don&#8217;t interest you, it&#8217;s best to delete them from your inbox rather than make a protest.\u00a0On the other hand, it is also important not to overload the list with numerous, redundant emails which add nothing new.\u00a0You can also suggest continuinga discussion in a private group, between people interested in the topic, before sharing your conclusions on the list.<\/p>\n<p><strong>Language<br \/>\n<\/strong>\u00a0Everyone is free to use the language of their choice, but the message will not be readable by the majority if it does not also include a version in French, the language most used by subscribers.\u00a0Translating an interesting email from French to another language will be proof of interest to our non-French speaking friends.<\/p>\n<p><strong>Moderation<\/strong><br \/>\nGiven the restrictions set out fortopics andappropriate behaviour, the Club does not envisage constant moderation from above by the list managers.\u00a0Deviating from this charter may happen by mistake. The author can then apologise on the list as soon as he becomes aware of his error.\u00a0If the deviation is noted by a third party, we strongly advise that the author is asked politely for an explanation,as this may have been an error and not deliberate.\u00a0An excusableerror is not a deliberate or harmful act.\u00a0Managers may sometimes sometimes be called upon to intervene during a discussion to keep the peace, and thus avoid the risks of &#8220;overheating&#8221;. The teachings of the past prepare us for the future!\u00a0In these instances, the next step would be to contact the member at fault &#8220;in person&#8221;, to indicate their mistake and ask them not to renew it.\u00a0In the event of a repeat offense, the member may be excluded from the list, for a period to be determined, according to the seriousness of the fault and by decision of the list managers and the Conseil d\u2019Administration of the Club des Cent Cols.<\/p>\n<p><strong>The members of the Club des Cent Cols are scattered about in many different regions and countries, and most of them do not know each other. This list is often the only means of contact between us. It is, therefore, a powerful bond that connects us. It is therefore extremely important to preserve this bond, bearing in mind that each of our messages, depending on its content, couldeither reinforce or corrode it.<\/strong><\/p>\n<p>&nbsp;<\/p>\n<p><em><span style=\"font-size: medium;\">Written by Bernard Giraudeau which has modified a text written by R\u00e9gis Paraz, with the help of Agn\u00e8s M\u00e9oulet-Morieux<\/span><\/em><\/p>\n<div id=\"finestramailtomailModalToPopup\" style=\"z-index: 1102;\">\n<p>&nbsp;<\/p>\n<\/div>\n<div><img \/><\/div>\n<div id=\"finestramailtomailModalToPopup\" style=\"z-index: 1102;\">\n<div id=\"finestramailtomailContentPopup\">\n<div id=\"finestramailtotoClose\"><\/div>\n<div id=\"finestramailtotoModalPopup\"><\/div>\n<p>&nbsp;<\/p>\n<\/div>\n<\/div>\n<div><img \/><\/div>\n","protected":false},"excerpt":{"rendered":"<p>The main purpose of the Club\u2019s Discussion List is to allow the communication of information between Club members, on subjects related to our practice of cycle tourism. Registration on the list If you are a Club member, you can join the discussion list simply by sending a blank email to the following address: cent-cols+subscribe@groups.io Afterwards, [&hellip;]<\/p>\n","protected":false},"author":69,"featured_media":0,"parent":0,"menu_order":0,"comment_status":"closed","ping_status":"closed","template":"","meta":{"_acf_changed":false,"ub_ctt_via":"","_monsterinsights_skip_tracking":false,"_monsterinsights_sitenote_active":false,"_monsterinsights_sitenote_note":"","_monsterinsights_sitenote_category":0,"footnotes":""},"acf":[],"featured_image_urls":{"full":"","thumbnail":"","medium":"","medium_large":"","large":"","1536x1536":"","2048x2048":"","woocommerce_thumbnail":"","woocommerce_single":"","woocommerce_gallery_thumbnail":""},"post_excerpt_stackable":"<p>The main purpose of the Club\u2019s Discussion List is to allow the communication of information between Club members, on subjects related to our practice of cycle tourism. Registration on the list If you are a Club member, you can join the discussion list simply by sending a blank email to the following address: cent-cols+subscribe@groups.io Afterwards, send your messages to: cent-cols@groups.io An important note (from Daniel Bossard): &lt;&lt;To avoid seeing your messages sent by &#8220;Pr\u00e9nom Nom\u201d you must edit your profile. I don&#8217;t know if there&#8217;s a simpler method, but here&#8217;s the one I used: Go to the\u00a0https:\/\/groups.io\u00a0site Click at the&hellip;<\/p>\n","category_list":"","author_info":{"name":"Enrico Alberini","url":"https:\/\/centcols.org\/backup\/en\/author\/5065\/"},"comments_num":"0 comments","featured_image_urls_v2":{"full":"","thumbnail":"","medium":"","medium_large":"","large":"","1536x1536":"","2048x2048":"","woocommerce_thumbnail":"","woocommerce_single":"","woocommerce_gallery_thumbnail":""},"post_excerpt_stackable_v2":"<p>The main purpose of the Club\u2019s Discussion List is to allow the communication of information between Club members, on subjects related to our practice of cycle tourism. Registration on the list If you are a Club member, you can join the discussion list simply by sending a blank email to the following address: cent-cols+subscribe@groups.io Afterwards, send your messages to: cent-cols@groups.io An important note (from Daniel Bossard): &lt;&lt;To avoid seeing your messages sent by &#8220;Pr\u00e9nom Nom\u201d you must edit your profile. I don&#8217;t know if there&#8217;s a simpler method, but here&#8217;s the one I used: Go to the\u00a0https:\/\/groups.io\u00a0site Click at the&hellip;<\/p>\n","category_list_v2":"","author_info_v2":{"name":"Enrico Alberini","url":"https:\/\/centcols.org\/backup\/en\/author\/5065\/"},"comments_num_v2":"0 comments","featured_image_src":null,"_links":{"self":[{"href":"https:\/\/centcols.org\/backup\/en\/wp-json\/wp\/v2\/pages\/43564"}],"collection":[{"href":"https:\/\/centcols.org\/backup\/en\/wp-json\/wp\/v2\/pages"}],"about":[{"href":"https:\/\/centcols.org\/backup\/en\/wp-json\/wp\/v2\/types\/page"}],"author":[{"embeddable":true,"href":"https:\/\/centcols.org\/backup\/en\/wp-json\/wp\/v2\/users\/69"}],"replies":[{"embeddable":true,"href":"https:\/\/centcols.org\/backup\/en\/wp-json\/wp\/v2\/comments?post=43564"}],"version-history":[{"count":0,"href":"https:\/\/centcols.org\/backup\/en\/wp-json\/wp\/v2\/pages\/43564\/revisions"}],"wp:attachment":[{"href":"https:\/\/centcols.org\/backup\/en\/wp-json\/wp\/v2\/media?parent=43564"}],"curies":[{"name":"wp","href":"https:\/\/api.w.org\/{rel}","templated":true}]}}