{"id":43568,"date":"2013-10-04T11:38:49","date_gmt":"2013-10-04T09:38:49","guid":{"rendered":"https:\/\/centcols.org\/backup\/mentions-legales\/"},"modified":"2023-02-10T03:43:25","modified_gmt":"2023-02-10T02:43:25","slug":"mentions-legales","status":"publish","type":"page","link":"https:\/\/centcols.org\/backup\/en\/mentions-legales\/","title":{"rendered":"Legal notice"},"content":{"rendered":"\n<h2 class=\"wp-block-heading\">CLUB DES CENT COLS &#8211;&nbsp;Association loi 1901<\/h2>\n\n\n\n<h3 class=\"wp-block-heading\">Registered Office<\/h3>\n\n\n\n<p>CDOS (Comit\u00e9 D\u00e9partemental Olympique et Sportif)<br>97A avenue de Gen\u00e8ve,<br>74000 ANNECY<\/p>\n\n\n\n<h3 class=\"wp-block-heading\">Responsible for the publication<\/h3>\n\n\n\n<p>Enrico Alberini<\/p>\n\n\n\n<h3 class=\"wp-block-heading\">Contact us<\/h3>\n\n\n\n<ul><li>by email : admin@centcols.net<\/li><\/ul>\n\n\n\n<p><\/p>\n\n\n\n<h2 class=\"wp-block-heading\">Internet Service Provider<\/h2>\n\n\n\n<h3 class=\"wp-block-heading\">OVH&nbsp; sas<\/h3>\n\n\n\n<p>Share capital 10 174 560 \u20ac <br>RCS Lille M\u00e9tropole 424 761 419 00045<br>Code APE 2620Z<br>N\u00b0 TVA : FR 22 424 761 419<br>Registered office : 2 rue Kellermann &#8211; 59100 Roubaix &#8211; France \u00a0 Presidente : Michel Paulin<\/p>\n\n\n\n<p>OVH SAS  is a subsidiary of OVH Groupe SA, a company registered with the Lille company registry under the number 537 407 926 sise 2, rue Kellermann, 59100 Roubaix.<\/p>\n","protected":false},"excerpt":{"rendered":"<p>CLUB DES CENT COLS &#8211;&nbsp;Association loi 1901 Registered Office CDOS (Comit\u00e9 D\u00e9partemental Olympique et Sportif)97A avenue de Gen\u00e8ve,74000 ANNECY Responsible for the publication Enrico Alberini Contact us by email : admin@centcols.net Internet Service Provider OVH&nbsp; sas Share capital 10 174 560 \u20ac RCS Lille M\u00e9tropole 424 761 419 00045Code APE 2620ZN\u00b0 TVA : FR 22 [&hellip;]<\/p>\n","protected":false},"author":69,"featured_media":0,"parent":0,"menu_order":0,"comment_status":"closed","ping_status":"open","template":"","meta":{"_acf_changed":false,"ub_ctt_via":"","_monsterinsights_skip_tracking":false,"_monsterinsights_sitenote_active":false,"_monsterinsights_sitenote_note":"","_monsterinsights_sitenote_category":0,"footnotes":""},"acf":[],"featured_image_urls":{"full":"","thumbnail":"","medium":"","medium_large":"","large":"","1536x1536":"","2048x2048":"","woocommerce_thumbnail":"","woocommerce_single":"","woocommerce_gallery_thumbnail":""},"post_excerpt_stackable":"<p>CLUB DES CENT COLS &#8211;&nbsp;Association loi 1901 Registered Office CDOS (Comit\u00e9 D\u00e9partemental Olympique et Sportif)97A avenue de Gen\u00e8ve,74000 ANNECY Responsible for the publication Enrico Alberini Contact us by email : admin@centcols.net Internet Service Provider OVH&nbsp; sas Share capital 10 174 560 \u20ac RCS Lille M\u00e9tropole 424 761 419 00045Code APE 2620ZN\u00b0 TVA : FR 22 424 761 419Registered office : 2 rue Kellermann &#8211; 59100 Roubaix &#8211; France \u00a0 Presidente : Michel Paulin OVH SAS is a subsidiary of OVH Groupe SA, a company registered with the Lille company registry under the number 537 407 926 sise 2, rue Kellermann,&hellip;<\/p>\n","category_list":"","author_info":{"name":"Enrico Alberini","url":"https:\/\/centcols.org\/backup\/en\/author\/5065\/"},"comments_num":"0 comments","featured_image_urls_v2":{"full":"","thumbnail":"","medium":"","medium_large":"","large":"","1536x1536":"","2048x2048":"","woocommerce_thumbnail":"","woocommerce_single":"","woocommerce_gallery_thumbnail":""},"post_excerpt_stackable_v2":"<p>CLUB DES CENT COLS &#8211;&nbsp;Association loi 1901 Registered Office CDOS (Comit\u00e9 D\u00e9partemental Olympique et Sportif)97A avenue de Gen\u00e8ve,74000 ANNECY Responsible for the publication Enrico Alberini Contact us by email : admin@centcols.net Internet Service Provider OVH&nbsp; sas Share capital 10 174 560 \u20ac RCS Lille M\u00e9tropole 424 761 419 00045Code APE 2620ZN\u00b0 TVA : FR 22 424 761 419Registered office : 2 rue Kellermann &#8211; 59100 Roubaix &#8211; France \u00a0 Presidente : Michel Paulin OVH SAS is a subsidiary of OVH Groupe SA, a company registered with the Lille company registry under the number 537 407 926 sise 2, rue Kellermann,&hellip;<\/p>\n","category_list_v2":"","author_info_v2":{"name":"Enrico Alberini","url":"https:\/\/centcols.org\/backup\/en\/author\/5065\/"},"comments_num_v2":"0 comments","featured_image_src":null,"_links":{"self":[{"href":"https:\/\/centcols.org\/backup\/en\/wp-json\/wp\/v2\/pages\/43568"}],"collection":[{"href":"https:\/\/centcols.org\/backup\/en\/wp-json\/wp\/v2\/pages"}],"about":[{"href":"https:\/\/centcols.org\/backup\/en\/wp-json\/wp\/v2\/types\/page"}],"author":[{"embeddable":true,"href":"https:\/\/centcols.org\/backup\/en\/wp-json\/wp\/v2\/users\/69"}],"replies":[{"embeddable":true,"href":"https:\/\/centcols.org\/backup\/en\/wp-json\/wp\/v2\/comments?post=43568"}],"version-history":[{"count":0,"href":"https:\/\/centcols.org\/backup\/en\/wp-json\/wp\/v2\/pages\/43568\/revisions"}],"wp:attachment":[{"href":"https:\/\/centcols.org\/backup\/en\/wp-json\/wp\/v2\/media?parent=43568"}],"curies":[{"name":"wp","href":"https:\/\/api.w.org\/{rel}","templated":true}]}}