{"id":44005,"date":"2020-05-30T18:37:19","date_gmt":"2020-05-30T16:37:19","guid":{"rendered":"https:\/\/centcols.org\/backup\/?page_id=44005"},"modified":"2020-05-30T18:37:23","modified_gmt":"2020-05-30T16:37:23","slug":"alsace-dialect","status":"publish","type":"page","link":"https:\/\/centcols.org\/backup\/en\/alsace-dialect\/","title":{"rendered":"Alsace dialect"},"content":{"rendered":"\n<p>In the same spirit as the French-Basque lexicon of Ren\u00e9 Poty, the table below refers to the dialect of Alsace. It should help us to understand a little better the references shown on the IGN maps of the Vosges.<\/p>\n\n\n\n<figure class=\"wp-block-table\"><table><tbody><tr><td><\/td><td><\/td><td><\/td><td><\/td><td><\/td><\/tr><tr><td>Abwand<\/td><td>Versant<\/td><td>&nbsp;<\/td><td>Petit sommet<\/td><td>Koepfel<\/td><\/tr><tr><td>Acker, aecker (pl.)<\/td><td>Champ<\/td><td>&nbsp;<\/td><td>Bl\u00e9<\/td><td>Korn<\/td><\/tr><tr><td>Aht<\/td><td>Bien seigneurial<\/td><td>&nbsp;<\/td><td>Croix<\/td><td>Kreuz<\/td><\/tr><tr><td>Allmend<\/td><td>Communal<\/td><td>&nbsp;<\/td><td>Tortueux<\/td><td>Krumm<\/td><\/tr><tr><td>Aspe, espe<\/td><td>Tremble<\/td><td>&nbsp;<\/td><td>Champ courbe<\/td><td>Krummacker<\/td><\/tr><tr><td>Aue<\/td><td>Prairie<\/td><td>&nbsp;<\/td><td>Vache<\/td><td>Kuh, kuehe (pl.)<\/td><\/tr><tr><td>auf<\/td><td>Sur<\/td><td>&nbsp;<\/td><td>Frais<\/td><td>Kuehl<\/td><\/tr><tr><td>&nbsp;<\/td><td>&nbsp;<\/td><td>&nbsp;<\/td><td>Court<\/td><td>Kurz<\/td><\/tr><tr><td>Bach, baechel (dim.)<\/td><td>Ruisseau<\/td><td>&nbsp;<\/td><td>&nbsp;<\/td><td>&nbsp;<\/td><\/tr><tr><td>Baer<\/td><td>Ours<\/td><td>&nbsp;<\/td><td>Mare<\/td><td>Lache<\/td><\/tr><tr><td>Bann<\/td><td>Ban<\/td><td>&nbsp;<\/td><td>Longueur, sillon<\/td><td>Laenge<\/td><\/tr><tr><td>Bauer<\/td><td>Paysan<\/td><td>&nbsp;<\/td><td>M\u00e9l\u00e8ze<\/td><td>Laerche<\/td><\/tr><tr><td>Beie<\/td><td>Taon<\/td><td>&nbsp;<\/td><td>Pays<\/td><td>Land<\/td><\/tr><tr><td>Berg<\/td><td>Mont<\/td><td>&nbsp;<\/td><td>Long<\/td><td>Lang<\/td><\/tr><tr><td>Binse<\/td><td>Jonc<\/td><td>&nbsp;<\/td><td>hauteur<\/td><td>Leh (ancien)<\/td><\/tr><tr><td>Birke<\/td><td>Bouleau<\/td><td>&nbsp;<\/td><td>Argile<\/td><td>Leim, lehm<\/td><\/tr><tr><td>Blau<\/td><td>Bleu<\/td><td>&nbsp;<\/td><td>Echelle, pente<\/td><td>Leite<\/td><\/tr><tr><td>Blume<\/td><td>Fleur<\/td><td>&nbsp;<\/td><td>Alouette<\/td><td>Lerche<\/td><\/tr><tr><td>Boden<\/td><td>Sol<\/td><td>&nbsp;<\/td><td>Lot<\/td><td>Lies (ancien)<\/td><\/tr><tr><td>Bomgert<\/td><td>Verger<\/td><td>&nbsp;<\/td><td>&nbsp;<\/td><td>Loch<\/td><\/tr><tr><td>Braun<\/td><td>Brun<\/td><td>&nbsp;<\/td><td>Petit<\/td><td>Lutzel (ancien)<\/td><\/tr><tr><td>Breit<\/td><td>Large<\/td><td>&nbsp;<\/td><td>&nbsp;<\/td><td>&nbsp;<\/td><\/tr><tr><td>Bronn, born<\/td><td>Source<\/td><td>&nbsp;<\/td><td>Prairie<\/td><td>Matte<\/td><\/tr><tr><td>Bruch, bruechel (dim.)<\/td><td>Marais<\/td><td>&nbsp;<\/td><td>Sourie<\/td><td>Maus, maeuse (pl.)<\/td><\/tr><tr><td>Bruck<\/td><td>Pont<\/td><td>&nbsp;<\/td><td>Milieu, moyen<\/td><td>Mittel<\/td><\/tr><tr><td>Buche<\/td><td>H\u00eatre<\/td><td>&nbsp;<\/td><td>Marais<\/td><td>Moder<\/td><\/tr><tr><td>Buckel<\/td><td>Bosse, tertre<\/td><td>&nbsp;<\/td><td>Moine<\/td><td>Moench<\/td><\/tr><tr><td>Buhl<\/td><td>Colline<\/td><td>&nbsp;<\/td><td>Moulin<\/td><td>Muhle<\/td><\/tr><tr><td>Bippert<\/td><td>Papillon<\/td><td>&nbsp;<\/td><td>Meunier<\/td><td>Muller<\/td><\/tr><tr><td>Busch, boesch<\/td><td>Bois, buisson<\/td><td>&nbsp;<\/td><td>&nbsp;<\/td><td>&nbsp;<\/td><\/tr><tr><td>&nbsp;<\/td><td>&nbsp;<\/td><td>&nbsp;<\/td><td>Nouveau<\/td><td>Neu, neuf<\/td><\/tr><tr><td>Dachs<\/td><td>Blaireau<\/td><td>&nbsp;<\/td><td>Bas<\/td><td>Nieder<\/td><\/tr><tr><td>Delle, dell<\/td><td>Vall\u00e9e<\/td><td>&nbsp;<\/td><td>&nbsp;<\/td><td>&nbsp;<\/td><\/tr><tr><td>Driesch<\/td><td>Friche<\/td><td>&nbsp;<\/td><td>Haut<\/td><td>Ober<\/td><\/tr><tr><td>&nbsp;<\/td><td>&nbsp;<\/td><td>&nbsp;<\/td><td>B\u0153uf<\/td><td>Ochs<\/td><\/tr><tr><td>Ebene, ebenung<\/td><td>Plaine<\/td><td>&nbsp;<\/td><td>&nbsp;<\/td><td>&nbsp;<\/td><\/tr><tr><td>Ecke<\/td><td>Coin<\/td><td>&nbsp;<\/td><td>Peuplier<\/td><td>Pappel<\/td><\/tr><tr><td>Eiche<\/td><td>Ch\u00eane<\/td><td>&nbsp;<\/td><td>Sentier<\/td><td>Pfad<\/td><\/tr><tr><td>Elle, erle<\/td><td>Aulne<\/td><td>&nbsp;<\/td><td>Pr\u00eatre, moine<\/td><td>Pfaff, pfaffe, pfaffen (pl.)<\/td><\/tr><tr><td>Eng<\/td><td>Etroit<\/td><td>&nbsp;<\/td><td>Cur\u00e9<\/td><td>Pfarrer<\/td><\/tr><tr><td>Ente<\/td><td>Canard<\/td><td>&nbsp;<\/td><td>Parc, enclos<\/td><td>Pferch<\/td><\/tr><tr><td>Esche<\/td><td>Fr\u00eane<\/td><td>&nbsp;<\/td><td>&nbsp;<\/td><td>&nbsp;<\/td><\/tr><tr><td>Espe<\/td><td>Tremble<\/td><td>&nbsp;<\/td><td>Source<\/td><td>Quelle<\/td><\/tr><tr><td>Etzel<\/td><td>Clos, parc<\/td><td>&nbsp;<\/td><td>\u00e0 travers, de travers<\/td><td>Quer<\/td><\/tr><tr><td>&nbsp;<\/td><td>&nbsp;<\/td><td>&nbsp;<\/td><td>&nbsp;<\/td><td>&nbsp;<\/td><\/tr><tr><td>Falk<\/td><td>Faucon<\/td><td>&nbsp;<\/td><td>Corbeau<\/td><td>Rabe<\/td><\/tr><tr><td>Feld<\/td><td>Champ<\/td><td>&nbsp;<\/td><td>Lisi\u00e8re, bande, pelouse<\/td><td>Rain<\/td><\/tr><tr><td>Fels<\/td><td>Rocher<\/td><td>&nbsp;<\/td><td>Digue<\/td><td>Rebe<\/td><\/tr><tr><td>Fing<\/td><td>Enclos, source capt\u00e9e<\/td><td>&nbsp;<\/td><td>Rang\u00e9e<\/td><td>Reihe<\/td><\/tr><tr><td>Frau<\/td><td>Femme<\/td><td>&nbsp;<\/td><td>Roseau<\/td><td>Ried<\/td><\/tr><tr><td>Fron<\/td><td>Corv\u00e9e<\/td><td>&nbsp;<\/td><td>Essart<\/td><td>Rod, roeder (pl.)<\/td><\/tr><tr><td>Frosch, froesche (pl.)<\/td><td>Grenouille<\/td><td>&nbsp;<\/td><td>Roseau<\/td><td>Rohr<\/td><\/tr><tr><td>Fuchs<\/td><td>Renard<\/td><td>&nbsp;<\/td><td>Essart<\/td><td>Rott, roettel (dim.)<\/td><\/tr><tr><td>Furt<\/td><td>Gu\u00e9<\/td><td>&nbsp;<\/td><td>Rouge<\/td><td>Rot<\/td><\/tr><tr><td>&nbsp;<\/td><td>&nbsp;<\/td><td>&nbsp;<\/td><td>Ru<\/td><td>Runz<\/td><\/tr><tr><td>Galgen<\/td><td>Gibet<\/td><td>&nbsp;<\/td><td>&nbsp;<\/td><td>&nbsp;<\/td><\/tr><tr><td>Gans, gaense (pl.)<\/td><td>Oie<\/td><td>&nbsp;<\/td><td>Scierie<\/td><td>Saegmhule<\/td><\/tr><tr><td>Garten<\/td><td>Jardin<\/td><td>&nbsp;<\/td><td>Sable<\/td><td>Sand<\/td><\/tr><tr><td>Gasse<\/td><td>Ruelle<\/td><td>&nbsp;<\/td><td>Berger<\/td><td>Schaefer<\/td><\/tr><tr><td>Geiss<\/td><td>Ch\u00e8vre<\/td><td>&nbsp;<\/td><td>Brebis<\/td><td>Schaf<\/td><\/tr><tr><td>Gelb<\/td><td>Jaune<\/td><td>&nbsp;<\/td><td>Clochette<\/td><td>Schelle<\/td><\/tr><tr><td>Gemein<\/td><td>Commun<\/td><td>&nbsp;<\/td><td>Coupe (de bois)<\/td><td>Schlag<\/td><\/tr><tr><td>Gerste<\/td><td>Orge<\/td><td>&nbsp;<\/td><td>Ch\u00e2teau<\/td><td>Schloss<\/td><\/tr><tr><td>Graben<\/td><td>Foss\u00e9<\/td><td>&nbsp;<\/td><td>Moustique<\/td><td>Schnake<\/td><\/tr><tr><td>Graet<\/td><td>Ravin<\/td><td>&nbsp;<\/td><td>Escargot<\/td><td>Schnecke<\/td><\/tr><tr><td>Gras<\/td><td>Herbe, gazon<\/td><td>&nbsp;<\/td><td>Neige<\/td><td>Schnee<\/td><\/tr><tr><td>Grau<\/td><td>Gris<\/td><td>&nbsp;<\/td><td>Versant<\/td><td>Schwandel<\/td><\/tr><tr><td>Gries<\/td><td>Gravier, cailloux<\/td><td>&nbsp;<\/td><td>Noir<\/td><td>Schwarz<\/td><\/tr><tr><td>Gross, groesse (pl.)<\/td><td>Grand<\/td><td>&nbsp;<\/td><td>Porc<\/td><td>Schwein<\/td><\/tr><tr><td>Gruen<\/td><td>Vert<\/td><td>&nbsp;<\/td><td>Pointe<\/td><td>Spitze<\/td><\/tr><tr><td>Grund<\/td><td>D\u00e9pression<\/td><td>&nbsp;<\/td><td>Mont\u00e9e<\/td><td>Steige<\/td><\/tr><tr><td>&nbsp;<\/td><td>&nbsp;<\/td><td>&nbsp;<\/td><td>Chemin<\/td><td>Steg<\/td><\/tr><tr><td>Hafer<\/td><td>Avoine<\/td><td>&nbsp;<\/td><td>Pierre<\/td><td>Stein<\/td><\/tr><tr><td>Hag, haegel (pl.)<\/td><td>Haie<\/td><td>&nbsp;<\/td><td>Corde, sillon<\/td><td>Strang, straenge (pl.)<\/td><\/tr><tr><td>Halde<\/td><td>Pente, versant<\/td><td>&nbsp;<\/td><td>Morceau, pi\u00e8ce (de terre)<\/td><td>Stuck<\/td><\/tr><tr><td>Hardt, hartel (pl.)<\/td><td>For\u00eat<\/td><td>&nbsp;<\/td><td>Fondri\u00e8re<\/td><td>Suhle<\/td><\/tr><tr><td>Hase<\/td><td>Li\u00e8vre<\/td><td>&nbsp;<\/td><td>&nbsp;<\/td><td>&nbsp;<\/td><\/tr><tr><td>Hasel<\/td><td>Noisetier<\/td><td>&nbsp;<\/td><td>Sapin<\/td><td>Tanne<\/td><\/tr><tr><td>Hecke<\/td><td>Haie<\/td><td>&nbsp;<\/td><td>Pigeon<\/td><td>Taube<\/td><\/tr><tr><td>Heide<\/td><td>Lande, brousailles<\/td><td>&nbsp;<\/td><td>Etang<\/td><td>Teich<\/td><\/tr><tr><td>Heidelbeere<\/td><td>Myrtille<\/td><td>&nbsp;<\/td><td>Partie, part<\/td><td>Teil<\/td><\/tr><tr><td>Heiligen<\/td><td>Les saints<\/td><td>&nbsp;<\/td><td>Vall\u00e9e<\/td><td>Thal<\/td><\/tr><tr><td>Hirt<\/td><td>Berger<\/td><td>&nbsp;<\/td><td>&nbsp;<\/td><td>&nbsp;<\/td><\/tr><tr><td>Hirsch<\/td><td>Cerf<\/td><td>&nbsp;<\/td><td>au-dessus<\/td><td>uber<\/td><\/tr><tr><td>Hoch<\/td><td>Haut<\/td><td>&nbsp;<\/td><td>en dessous, inf\u00e9rieur<\/td><td>unter<\/td><\/tr><tr><td>Hoehe<\/td><td>Hauteur<\/td><td>&nbsp;<\/td><td>&nbsp;<\/td><td>&nbsp;<\/td><\/tr><tr><td>Hoelle<\/td><td>Enfer<\/td><td>&nbsp;<\/td><td>B\u00e9tail<\/td><td>Vich<\/td><\/tr><tr><td>Hof<\/td><td>Cour, ferme<\/td><td>&nbsp;<\/td><td>Oiseau<\/td><td>Vogel<\/td><\/tr><tr><td>Hohl<\/td><td>Creux<\/td><td>&nbsp;<\/td><td>&nbsp;<\/td><td>&nbsp;<\/td><\/tr><tr><td>Holz<\/td><td>Bois<\/td><td>&nbsp;<\/td><td>Gen\u00e9vrier<\/td><td>Wacholder<\/td><\/tr><tr><td>Hub<\/td><td>Manse<\/td><td>&nbsp;<\/td><td>For\u00eat<\/td><td>Wald, waeldel (dim.)<\/td><\/tr><tr><td>Hubel<\/td><td>Colline<\/td><td>&nbsp;<\/td><td>Gazon<\/td><td>Wasen<\/td><\/tr><tr><td>&nbsp;<\/td><td>&nbsp;<\/td><td>&nbsp;<\/td><td>Eau<\/td><td>Wasser<\/td><\/tr><tr><td>Kaes<\/td><td>Mar\u00e9cage<\/td><td>&nbsp;<\/td><td>Chemin<\/td><td>Weg<\/td><\/tr><tr><td>Hoelle<\/td><td>Enfer<\/td><td>&nbsp;<\/td><td>P\u00e2turage, saule<\/td><td>Weide<\/td><\/tr><tr><td>Kalb, kaelber (pl.)<\/td><td>Veau<\/td><td>&nbsp;<\/td><td>Etang<\/td><td>Weiher<\/td><\/tr><tr><td>Kalkofen<\/td><td>Four \u00e0 chaux<\/td><td>&nbsp;<\/td><td>Blanc<\/td><td>Weiss<\/td><\/tr><tr><td>Kahl<\/td><td>Chauve, nu<\/td><td>&nbsp;<\/td><td>Talus<\/td><td>Werb<\/td><\/tr><tr><td>Katze<\/td><td>Chat<\/td><td>&nbsp;<\/td><td>Prairie<\/td><td>Wiese<\/td><\/tr><tr><td>Kaul<\/td><td>Carri\u00e8re, cuvette<\/td><td>&nbsp;<\/td><td>Vignoble<\/td><td>Wingert<\/td><\/tr><tr><td>Kiefer<\/td><td>Pin<\/td><td>&nbsp;<\/td><td>Angle, coin<\/td><td>Winkel<\/td><\/tr><tr><td>Kies<\/td><td>Gravier<\/td><td>&nbsp;<\/td><td>Marais<\/td><td>Woerth, woerthel<\/td><\/tr><tr><td>Kirche<\/td><td>Eglise<\/td><td>&nbsp;<\/td><td>Hiver<\/td><td>Winter<\/td><\/tr><tr><td>Kirschbaum,<\/td><td>Cerisier<\/td><td>&nbsp;<\/td><td>Marais<\/td><td>Woerth, woerthel (dim.)<\/td><\/tr><tr><td>Kirsche<\/td><td>Cerise<\/td><td>&nbsp;<\/td><td>Loup<\/td><td>Wolf<\/td><\/tr><tr><td>Klamme<\/td><td>Gorge, chemin creux<\/td><td>&nbsp;<\/td><td>Etang, troud&#8217;eau<\/td><td>Woog<\/td><\/tr><tr><td>Klein<\/td><td>Petit<\/td><td>&nbsp;<\/td><td>D\u00e9sert<\/td><td>Wueste<\/td><\/tr><tr><td>Kluft<\/td><td>Crevasse<\/td><td>&nbsp;<\/td><td>&nbsp;<\/td><td>&nbsp;<\/td><\/tr><tr><td>Kohl<\/td><td>Chou<\/td><td>&nbsp;<\/td><td>de travers<\/td><td>zwerch<\/td><\/tr><tr><td>Kohle<\/td><td>Charbon<\/td><td>&nbsp;<\/td><td>Nain<\/td><td>Zwerg<\/td><\/tr><tr><td>Kopf, koepfe (pl.)<\/td><td>T\u00eate, sommet<\/td><td>&nbsp;<\/td><td>&nbsp;<\/td><td>&nbsp;<\/td><\/tr><tr><td><\/td><td><\/td><td><\/td><td><\/td><td><\/td><\/tr><\/tbody><\/table><\/figure>\n\n\n\n<p>(pl.) = pluriel (dim.) = diminutif<\/p>\n\n\n\n<p><strong>R\u00e9f. : extract from the GLOSSAIRE des TERMES DIALECTAUX showing many of the toponyms from the map of France by A. P\u00c9GORIER [ign 1963].<\/strong><\/p>\n","protected":false},"excerpt":{"rendered":"<p>In the same spirit as the French-Basque lexicon of Ren\u00e9 Poty, the table below refers to the dialect of Alsace. It should help us to understand a little better the references shown on the IGN maps of the Vosges. Abwand Versant &nbsp; Petit sommet Koepfel Acker, aecker (pl.) Champ &nbsp; Bl\u00e9 Korn Aht Bien seigneurial [&hellip;]<\/p>\n","protected":false},"author":69,"featured_media":0,"parent":0,"menu_order":0,"comment_status":"closed","ping_status":"closed","template":"","meta":{"_acf_changed":false,"ub_ctt_via":"","_monsterinsights_skip_tracking":false,"_monsterinsights_sitenote_active":false,"_monsterinsights_sitenote_note":"","_monsterinsights_sitenote_category":0,"footnotes":""},"acf":[],"featured_image_urls":{"full":"","thumbnail":"","medium":"","medium_large":"","large":"","1536x1536":"","2048x2048":"","woocommerce_thumbnail":"","woocommerce_single":"","woocommerce_gallery_thumbnail":""},"post_excerpt_stackable":"<p>In the same spirit as the French-Basque lexicon of Ren\u00e9 Poty, the table below refers to the dialect of Alsace. It should help us to understand a little better the references shown on the IGN maps of the Vosges. AbwandVersant&nbsp;Petit sommetKoepfelAcker, aecker (pl.)Champ&nbsp;Bl\u00e9KornAhtBien seigneurial&nbsp;CroixKreuzAllmendCommunal&nbsp;TortueuxKrummAspe, espeTremble&nbsp;Champ courbeKrummackerAuePrairie&nbsp;VacheKuh, kuehe (pl.)aufSur&nbsp;FraisKuehl&nbsp;&nbsp;&nbsp;CourtKurzBach, baechel (dim.)Ruisseau&nbsp;&nbsp;&nbsp;BaerOurs&nbsp;MareLacheBannBan&nbsp;Longueur, sillonLaengeBauerPaysan&nbsp;M\u00e9l\u00e8zeLaercheBeieTaon&nbsp;PaysLandBergMont&nbsp;LongLangBinseJonc&nbsp;hauteurLeh (ancien)BirkeBouleau&nbsp;ArgileLeim, lehmBlauBleu&nbsp;Echelle, penteLeiteBlumeFleur&nbsp;AlouetteLercheBodenSol&nbsp;LotLies (ancien)BomgertVerger&nbsp;&nbsp;LochBraunBrun&nbsp;PetitLutzel (ancien)BreitLarge&nbsp;&nbsp;&nbsp;Bronn, bornSource&nbsp;PrairieMatteBruch, bruechel (dim.)Marais&nbsp;SourieMaus, maeuse (pl.)BruckPont&nbsp;Milieu, moyenMittelBucheH\u00eatre&nbsp;MaraisModerBuckelBosse, tertre&nbsp;MoineMoenchBuhlColline&nbsp;MoulinMuhleBippertPapillon&nbsp;MeunierMullerBusch, boeschBois, buisson&nbsp;&nbsp;&nbsp;&nbsp;&nbsp;&nbsp;NouveauNeu, neufDachsBlaireau&nbsp;BasNiederDelle, dellVall\u00e9e&nbsp;&nbsp;&nbsp;DrieschFriche&nbsp;HautOber&nbsp;&nbsp;&nbsp;B\u0153ufOchsEbene, ebenungPlaine&nbsp;&nbsp;&nbsp;EckeCoin&nbsp;PeuplierPappelEicheCh\u00eane&nbsp;SentierPfadElle, erleAulne&nbsp;Pr\u00eatre, moinePfaff, pfaffe, pfaffen (pl.)EngEtroit&nbsp;Cur\u00e9PfarrerEnteCanard&nbsp;Parc, enclosPferchEscheFr\u00eane&nbsp;&nbsp;&nbsp;EspeTremble&nbsp;SourceQuelleEtzelClos, parc&nbsp;\u00e0 travers, de traversQuer&nbsp;&nbsp;&nbsp;&nbsp;&nbsp;FalkFaucon&nbsp;CorbeauRabeFeldChamp&nbsp;Lisi\u00e8re, bande, pelouseRainFelsRocher&nbsp;DigueRebeFingEnclos, source capt\u00e9e&nbsp;Rang\u00e9eReiheFrauFemme&nbsp;RoseauRiedFronCorv\u00e9e&nbsp;EssartRod, roeder (pl.)Frosch, froesche (pl.)Grenouille&nbsp;RoseauRohrFuchsRenard&nbsp;EssartRott, roettel (dim.)FurtGu\u00e9&nbsp;RougeRot&nbsp;&nbsp;&nbsp;RuRunzGalgenGibet&nbsp;&nbsp;&nbsp;Gans, gaense (pl.)Oie&nbsp;ScierieSaegmhuleGartenJardin&nbsp;SableSandGasseRuelle&nbsp;BergerSchaeferGeissCh\u00e8vre&nbsp;BrebisSchafGelbJaune&nbsp;ClochetteSchelleGemeinCommun&nbsp;Coupe (de bois)SchlagGersteOrge&nbsp;Ch\u00e2teauSchlossGrabenFoss\u00e9&nbsp;MoustiqueSchnakeGraetRavin&nbsp;EscargotSchneckeGrasHerbe, gazon&nbsp;NeigeSchneeGrauGris&nbsp;VersantSchwandelGriesGravier, cailloux&nbsp;NoirSchwarzGross, groesse (pl.)Grand&nbsp;PorcSchweinGruenVert&nbsp;PointeSpitzeGrundD\u00e9pression&nbsp;Mont\u00e9eSteige&nbsp;&nbsp;&nbsp;CheminStegHaferAvoine&nbsp;PierreSteinHag, haegel (pl.)Haie&nbsp;Corde, sillonStrang, straenge&hellip;<\/p>\n","category_list":"","author_info":{"name":"Enrico Alberini","url":"https:\/\/centcols.org\/backup\/en\/author\/5065\/"},"comments_num":"0 comments","featured_image_urls_v2":{"full":"","thumbnail":"","medium":"","medium_large":"","large":"","1536x1536":"","2048x2048":"","woocommerce_thumbnail":"","woocommerce_single":"","woocommerce_gallery_thumbnail":""},"post_excerpt_stackable_v2":"<p>In the same spirit as the French-Basque lexicon of Ren\u00e9 Poty, the table below refers to the dialect of Alsace. It should help us to understand a little better the references shown on the IGN maps of the Vosges. AbwandVersant&nbsp;Petit sommetKoepfelAcker, aecker (pl.)Champ&nbsp;Bl\u00e9KornAhtBien seigneurial&nbsp;CroixKreuzAllmendCommunal&nbsp;TortueuxKrummAspe, espeTremble&nbsp;Champ courbeKrummackerAuePrairie&nbsp;VacheKuh, kuehe (pl.)aufSur&nbsp;FraisKuehl&nbsp;&nbsp;&nbsp;CourtKurzBach, baechel (dim.)Ruisseau&nbsp;&nbsp;&nbsp;BaerOurs&nbsp;MareLacheBannBan&nbsp;Longueur, sillonLaengeBauerPaysan&nbsp;M\u00e9l\u00e8zeLaercheBeieTaon&nbsp;PaysLandBergMont&nbsp;LongLangBinseJonc&nbsp;hauteurLeh (ancien)BirkeBouleau&nbsp;ArgileLeim, lehmBlauBleu&nbsp;Echelle, penteLeiteBlumeFleur&nbsp;AlouetteLercheBodenSol&nbsp;LotLies (ancien)BomgertVerger&nbsp;&nbsp;LochBraunBrun&nbsp;PetitLutzel (ancien)BreitLarge&nbsp;&nbsp;&nbsp;Bronn, bornSource&nbsp;PrairieMatteBruch, bruechel (dim.)Marais&nbsp;SourieMaus, maeuse (pl.)BruckPont&nbsp;Milieu, moyenMittelBucheH\u00eatre&nbsp;MaraisModerBuckelBosse, tertre&nbsp;MoineMoenchBuhlColline&nbsp;MoulinMuhleBippertPapillon&nbsp;MeunierMullerBusch, boeschBois, buisson&nbsp;&nbsp;&nbsp;&nbsp;&nbsp;&nbsp;NouveauNeu, neufDachsBlaireau&nbsp;BasNiederDelle, dellVall\u00e9e&nbsp;&nbsp;&nbsp;DrieschFriche&nbsp;HautOber&nbsp;&nbsp;&nbsp;B\u0153ufOchsEbene, ebenungPlaine&nbsp;&nbsp;&nbsp;EckeCoin&nbsp;PeuplierPappelEicheCh\u00eane&nbsp;SentierPfadElle, erleAulne&nbsp;Pr\u00eatre, moinePfaff, pfaffe, pfaffen (pl.)EngEtroit&nbsp;Cur\u00e9PfarrerEnteCanard&nbsp;Parc, enclosPferchEscheFr\u00eane&nbsp;&nbsp;&nbsp;EspeTremble&nbsp;SourceQuelleEtzelClos, parc&nbsp;\u00e0 travers, de traversQuer&nbsp;&nbsp;&nbsp;&nbsp;&nbsp;FalkFaucon&nbsp;CorbeauRabeFeldChamp&nbsp;Lisi\u00e8re, bande, pelouseRainFelsRocher&nbsp;DigueRebeFingEnclos, source capt\u00e9e&nbsp;Rang\u00e9eReiheFrauFemme&nbsp;RoseauRiedFronCorv\u00e9e&nbsp;EssartRod, roeder (pl.)Frosch, froesche (pl.)Grenouille&nbsp;RoseauRohrFuchsRenard&nbsp;EssartRott, roettel (dim.)FurtGu\u00e9&nbsp;RougeRot&nbsp;&nbsp;&nbsp;RuRunzGalgenGibet&nbsp;&nbsp;&nbsp;Gans, gaense (pl.)Oie&nbsp;ScierieSaegmhuleGartenJardin&nbsp;SableSandGasseRuelle&nbsp;BergerSchaeferGeissCh\u00e8vre&nbsp;BrebisSchafGelbJaune&nbsp;ClochetteSchelleGemeinCommun&nbsp;Coupe (de bois)SchlagGersteOrge&nbsp;Ch\u00e2teauSchlossGrabenFoss\u00e9&nbsp;MoustiqueSchnakeGraetRavin&nbsp;EscargotSchneckeGrasHerbe, gazon&nbsp;NeigeSchneeGrauGris&nbsp;VersantSchwandelGriesGravier, cailloux&nbsp;NoirSchwarzGross, groesse (pl.)Grand&nbsp;PorcSchweinGruenVert&nbsp;PointeSpitzeGrundD\u00e9pression&nbsp;Mont\u00e9eSteige&nbsp;&nbsp;&nbsp;CheminStegHaferAvoine&nbsp;PierreSteinHag, haegel (pl.)Haie&nbsp;Corde, sillonStrang, straenge&hellip;<\/p>\n","category_list_v2":"","author_info_v2":{"name":"Enrico Alberini","url":"https:\/\/centcols.org\/backup\/en\/author\/5065\/"},"comments_num_v2":"0 comments","featured_image_src":null,"_links":{"self":[{"href":"https:\/\/centcols.org\/backup\/en\/wp-json\/wp\/v2\/pages\/44005"}],"collection":[{"href":"https:\/\/centcols.org\/backup\/en\/wp-json\/wp\/v2\/pages"}],"about":[{"href":"https:\/\/centcols.org\/backup\/en\/wp-json\/wp\/v2\/types\/page"}],"author":[{"embeddable":true,"href":"https:\/\/centcols.org\/backup\/en\/wp-json\/wp\/v2\/users\/69"}],"replies":[{"embeddable":true,"href":"https:\/\/centcols.org\/backup\/en\/wp-json\/wp\/v2\/comments?post=44005"}],"version-history":[{"count":0,"href":"https:\/\/centcols.org\/backup\/en\/wp-json\/wp\/v2\/pages\/44005\/revisions"}],"wp:attachment":[{"href":"https:\/\/centcols.org\/backup\/en\/wp-json\/wp\/v2\/media?parent=44005"}],"curies":[{"name":"wp","href":"https:\/\/api.w.org\/{rel}","templated":true}]}}