{"id":44072,"date":"2015-03-11T09:15:25","date_gmt":"2015-03-11T08:15:25","guid":{"rendered":"https:\/\/centcols.org\/backup\/liens-utiles\/"},"modified":"2020-06-01T17:34:58","modified_gmt":"2020-06-01T15:34:58","slug":"liens-utiles","status":"publish","type":"page","link":"https:\/\/centcols.org\/backup\/en\/liens-utiles\/","title":{"rendered":"Useful links"},"content":{"rendered":"<h2>Regulation:<\/h2>\n<ul>\n<li>23\/10\/2017 : <a href=\"https:\/\/centcols.org\/backup\/wp-content\/uploads\/2017\/10\/arretevanoise.pdf\" target=\"_blank\" rel=\"noopener noreferrer\">Dernier arr\u00eat\u00e9 concernant la circulation des v\u00e9los dans le Parc National de la Vanoise<\/a><\/li>\n<li>09\/06\/2015 : <a href=\"https:\/\/centcols.org\/backup\/wp-content\/uploads\/2015\/06\/reglementation-cevennes.pdf\" target=\"_blank\" rel=\"noopener noreferrer\">Liste des itin\u00e9raires ou tron\u00e7ons d&#8217;itin\u00e9raires interdits \u00e0 la pratique du v\u00e9lo dans les C\u00e9vennes<\/a><\/li>\n<li>03\/06\/2013 : <a class=\"iframe-fancybox\" href=\"https:\/\/centcols.org\/backup\/wp-content\/uploads\/2015\/05\/2013-10_VTTMercantour.pdf\">R\u00e9glementation VTT dans le Parc National du Mercantour dernier arr\u00eat\u00e9<\/a><\/li>\n<li>23\/04\/2010 : <a class=\"iframe-fancybox\" href=\"https:\/\/centcols.org\/backup\/libre_service\/cols-interdits\/cols-interdits.htm\">Cols fran\u00e7ais interdits, une premi\u00e8re liste<\/a> (Jean-Paul Zuanon)<\/li>\n<\/ul>\n<h2>Tracing of circuits on gps:<\/h2>\n<ul>\n<li><a href=\"http:\/\/www.openrunner.com\" target=\"_blank\" rel=\"noopener noreferrer\">Openrunner: <\/a>the Club des Cent Cols has formed a partnership with Openrunner.When tracing circuits, you can display the passes on the base map and be able to check the passes crossed. A Cent Cols space will allow you to deposit or download &#8220;electronic topos&#8221; stamped \u201cCent Cols\u201d<\/li>\n<li><a href=\"http:\/\/www.gpsies.com\" target=\"_blank\" rel=\"noopener noreferrer\">Gpsies<\/a>: another route tracing site<\/li>\n<\/ul>\n<h2>\u00a0Visualisation of maps on line<\/h2>\n<ul>\n<li><a href=\"http:\/\/www.geoportail.gouv.fr\/accueil\" target=\"_blank\" rel=\"noopener noreferrer\">Geoportail<\/a> : the IGN site . Visualisation of maps at different scales and different types.<\/li>\n<li><a href=\"http:\/\/map.geo.admin.ch\/?\" target=\"_blank\" rel=\"noopener noreferrer\">SWISSGEO<\/a>: visualisation of Swiss maps at different scales\u00a0 (english, french, german, italian).<\/li>\n<li><a href=\"http:\/\/www.austrianmap.at\/amap\/index.php?SKN=1&amp;XPX=637&amp;YPX=492\" target=\"_blank\" rel=\"noopener noreferrer\">Visualisation des cartes autrichiennes en ligne<\/a> (german).<\/li>\n<li><a href=\"http:\/\/geoportal.bayern.de\/bayernatlas\/?X=5421649.25&amp;Y=4459462.00&amp;zoom=5&amp;lang=de&amp;topic=ba&amp;bgLayer=atkis&amp;catalogNodes=122\" target=\"_blank\" rel=\"noopener noreferrer\">Visualisation des cartes de Bavi\u00e8re en ligne<\/a> (german).<\/li>\n<li><a href=\"http:\/\/www.bing.com\/maps\/?FORM=MMREDR\" target=\"_blank\" rel=\"noopener noreferrer\">Visualisation des cartes anglaises en ligne<\/a> (l&#8217;\u00e9chelle 1\/25000<sup>e<\/sup> propose les Ordnance Survey Landranger).<\/li>\n<li><a href=\"http:\/\/www.icc.cat\/vissir3\/\" target=\"_blank\" rel=\"noopener noreferrer\">Visualisation des cartes de catalogne en ligne.<\/a><\/li>\n<li><a href=\"http:\/\/marc.liaudon.pagesperso-orange.fr\/M2_Cols_US.htm\" target=\"_blank\" rel=\"noopener noreferrer\">Visualisation des cols des Etats Unis<\/a>, by <a href=\"http:\/\/marc.liaudon.pagesperso-orange.fr\/\" target=\"_blank\" rel=\"noopener noreferrer\">Marc Liaudon<\/a>.<\/li>\n<li><a href=\"http:\/\/www.topozone.com\/\" target=\"_blank\" rel=\"noopener noreferrer\">Topozone<\/a>: shows the topographic maps of the USA at different scales.<\/li>\n<\/ul>\n<h2>Travels<\/h2>\n<ul>\n<li><a href=\"https:\/\/fr.warmshowers.org\/\" target=\"_blank\" rel=\"noopener noreferrer\">Warmshowers:<\/a> the <strong>Warm Showers <\/strong>community provides free exchange of accommodation for cyclo-randonneurs across the world.Espagne<\/li>\n<\/ul>\n<h2>Spain<\/h2>\n<ul>\n<li><a href=\"http:\/\/www.nevasport.com\/sierranevada\/bici\/\" target=\"_blank\" rel=\"noopener noreferrer\">La Sierra Nevada<\/a> : itin\u00e9raires VTT, refuges&#8230; (spanish)<\/li>\n<li><a href=\"https:\/\/centcols.org\/backup\/libre_service\/divers\/TENERIFE.HTM\" target=\"_blank\" rel=\"noopener noreferrer\">Tenerife<\/a> (Christian Febvay)<\/li>\n<\/ul>\n<h3>Italy<\/h3>\n<ul>\n<li><a href=\"http:\/\/peverada.it\/mtb\/percorsi\/index.html\" target=\"_blank\" rel=\"noopener noreferrer\">Mountain Bike in Piemonte<\/a>: very well put together, with route descriptions, profiles, photos (italian)<\/li>\n<li><a href=\"http:\/\/www.cuneo360.it\/?ref=\" target=\"_blank\" rel=\"noopener noreferrer\">La Grande Travers\u00e9e des Alpes dans la province de Cuneo<\/a>: a very complete site, with full accommodation details (italian, french, german)<\/li>\n<\/ul>\n<h3 class=\"iframe-fancybox\">Switzerland<\/h3>\n<ul>\n<li><a href=\"http:\/\/www.myswitzerland.com\/fr-fr\/accueil.html\" target=\"_blank\" rel=\"noopener noreferrer\">MySwitzerland.com:<\/a> Switzerland site proposing many interesting routes<\/li>\n<\/ul>\n<h3>\u00a0United States<\/h3>\n<ul>\n<li><a class=\"iframe-fancybox\" href=\"https:\/\/centcols.org\/backup\/libre_service\/divers\/montee_des_usa.htm\">Liste des plus belles mont\u00e9es des USA<\/a> (Francis Cooke)<\/li>\n<li><a href=\"http:\/\/www.adventurecycling.org\/index.cfm\" target=\"_blank\" rel=\"noopener noreferrer\">adventure cycling <\/a>ready many itineraries &#8220;, for example the &#8220;<a href=\"http:\/\/www.adventurecycling.org\/routes-and-maps\/adventure-cycling-route-network\/great-divide-mountain-bike-route\/\" target=\"_blank\" rel=\"noopener noreferrer\"> Great Divide Road<\/a> &#8220;, 2490 miles, &#8220;longest off-pavement bike road in the world<\/li>\n<\/ul>\n<h2>Library<\/h2>\n<ul>\n<li><a class=\"iframe-fancybox\" href=\"https:\/\/centcols.org\/backup\/libre_service\/divers\/ou_acheter_cartes_internet.htm\">O\u00f9 acheter des cartes sur internet<\/a> (Bernard Pommel)<\/li>\n<li><a class=\"iframe-fancybox\" href=\"https:\/\/centcols.org\/backup\/libre_service\/divers\/librairies_specialisees.htm\">Les librairies sp\u00e9cialis\u00e9es<\/a> (Bernard Pommel)<\/li>\n<li><a href=\"http:\/\/www.travel-library.com\/\" target=\"_blank\" rel=\"noopener noreferrer\">Travel-library.com<\/a>: a site bringing together travel journals, a good starting point to plan holidays<\/li>\n<li><a href=\"http:\/\/www.ediciclo.it\/index.php\" target=\"_blank\" rel=\"noopener noreferrer\">Ediciclo :<\/a> books on cycling and mountains\u00a0 (italian)<\/li>\n<li><a href=\"http:\/\/www.ernest-press.co.uk\/\" target=\"_blank\" rel=\"noopener noreferrer\">The Ernest Press<\/a>: book editor<\/li>\n<li><a href=\"http:\/\/www.prames.com\/homepage.asp\" target=\"_blank\" rel=\"noopener noreferrer\">Aragon : PRAMES<\/a> (Proyectos y Realizaciones Aragonesas de Montana, Escalada y Senderismo), \u00e9manation de la F\u00e9d\u00e9ration Aragonaise de Montagne, maps of randonn\u00e9es, mainly in the mountainous areas of Aragon (spanish)<\/li>\n<li><a href=\"http:\/\/www.altigraph.fr\/\" target=\"_blank\" rel=\"noopener noreferrer\">Altigraph <\/a>: maps of randonn\u00e9es, mainly in the mountainous areas of Aragon (spanish)<\/li>\n<\/ul>\n","protected":false},"excerpt":{"rendered":"<p>Regulation: 23\/10\/2017 : Dernier arr\u00eat\u00e9 concernant la circulation des v\u00e9los dans le Parc National de la Vanoise 09\/06\/2015 : Liste des itin\u00e9raires ou tron\u00e7ons d&#8217;itin\u00e9raires interdits \u00e0 la pratique du v\u00e9lo dans les C\u00e9vennes 03\/06\/2013 : R\u00e9glementation VTT dans le Parc National du Mercantour dernier arr\u00eat\u00e9 23\/04\/2010 : Cols fran\u00e7ais interdits, une premi\u00e8re liste (Jean-Paul [&hellip;]<\/p>\n","protected":false},"author":69,"featured_media":0,"parent":0,"menu_order":0,"comment_status":"closed","ping_status":"closed","template":"","meta":{"_acf_changed":false,"ub_ctt_via":"","_monsterinsights_skip_tracking":false,"_monsterinsights_sitenote_active":false,"_monsterinsights_sitenote_note":"","_monsterinsights_sitenote_category":0,"footnotes":""},"acf":[],"featured_image_urls":{"full":"","thumbnail":"","medium":"","medium_large":"","large":"","1536x1536":"","2048x2048":"","woocommerce_thumbnail":"","woocommerce_single":"","woocommerce_gallery_thumbnail":""},"post_excerpt_stackable":"<p>Regulation: 23\/10\/2017 : Dernier arr\u00eat\u00e9 concernant la circulation des v\u00e9los dans le Parc National de la Vanoise 09\/06\/2015 : Liste des itin\u00e9raires ou tron\u00e7ons d&#8217;itin\u00e9raires interdits \u00e0 la pratique du v\u00e9lo dans les C\u00e9vennes 03\/06\/2013 : R\u00e9glementation VTT dans le Parc National du Mercantour dernier arr\u00eat\u00e9 23\/04\/2010 : Cols fran\u00e7ais interdits, une premi\u00e8re liste (Jean-Paul Zuanon) Tracing of circuits on gps: Openrunner: the Club des Cent Cols has formed a partnership with Openrunner.When tracing circuits, you can display the passes on the base map and be able to check the passes crossed. A Cent Cols space will allow you to&hellip;<\/p>\n","category_list":"","author_info":{"name":"Enrico Alberini","url":"https:\/\/centcols.org\/backup\/en\/author\/5065\/"},"comments_num":"0 comments","featured_image_urls_v2":{"full":"","thumbnail":"","medium":"","medium_large":"","large":"","1536x1536":"","2048x2048":"","woocommerce_thumbnail":"","woocommerce_single":"","woocommerce_gallery_thumbnail":""},"post_excerpt_stackable_v2":"<p>Regulation: 23\/10\/2017 : Dernier arr\u00eat\u00e9 concernant la circulation des v\u00e9los dans le Parc National de la Vanoise 09\/06\/2015 : Liste des itin\u00e9raires ou tron\u00e7ons d&#8217;itin\u00e9raires interdits \u00e0 la pratique du v\u00e9lo dans les C\u00e9vennes 03\/06\/2013 : R\u00e9glementation VTT dans le Parc National du Mercantour dernier arr\u00eat\u00e9 23\/04\/2010 : Cols fran\u00e7ais interdits, une premi\u00e8re liste (Jean-Paul Zuanon) Tracing of circuits on gps: Openrunner: the Club des Cent Cols has formed a partnership with Openrunner.When tracing circuits, you can display the passes on the base map and be able to check the passes crossed. A Cent Cols space will allow you to&hellip;<\/p>\n","category_list_v2":"","author_info_v2":{"name":"Enrico Alberini","url":"https:\/\/centcols.org\/backup\/en\/author\/5065\/"},"comments_num_v2":"0 comments","featured_image_src":null,"_links":{"self":[{"href":"https:\/\/centcols.org\/backup\/en\/wp-json\/wp\/v2\/pages\/44072"}],"collection":[{"href":"https:\/\/centcols.org\/backup\/en\/wp-json\/wp\/v2\/pages"}],"about":[{"href":"https:\/\/centcols.org\/backup\/en\/wp-json\/wp\/v2\/types\/page"}],"author":[{"embeddable":true,"href":"https:\/\/centcols.org\/backup\/en\/wp-json\/wp\/v2\/users\/69"}],"replies":[{"embeddable":true,"href":"https:\/\/centcols.org\/backup\/en\/wp-json\/wp\/v2\/comments?post=44072"}],"version-history":[{"count":0,"href":"https:\/\/centcols.org\/backup\/en\/wp-json\/wp\/v2\/pages\/44072\/revisions"}],"wp:attachment":[{"href":"https:\/\/centcols.org\/backup\/en\/wp-json\/wp\/v2\/media?parent=44072"}],"curies":[{"name":"wp","href":"https:\/\/api.w.org\/{rel}","templated":true}]}}