{"id":44233,"date":"2015-03-11T14:06:59","date_gmt":"2015-03-11T13:06:59","guid":{"rendered":"https:\/\/centcols.org\/backup\/les-calques\/"},"modified":"2020-06-04T11:46:21","modified_gmt":"2020-06-04T09:46:21","slug":"les-calques","status":"publish","type":"page","link":"https:\/\/centcols.org\/backup\/en\/les-calques\/","title":{"rendered":"Map templates &#8211;  calques"},"content":{"rendered":"<p>Before the advent of modern geo-localisation tools, members could overlay their maps with a series of \u201ccalques\u201d \u2013 templates on plastic sheets, allowing them to identify col locations.<\/p>\n<p>This method is now entirely outdated, and the Club has withdrawn this facility.\u00a0 You may still visit the archive page <u>here<\/u>\u00a0 (link in French)<\/p>\n<p>Les calques ne sont plus mis \u00e0 jour depuis 2007. D&#8217;autres outils de g\u00e9olocalisation existent et les r\u00e9\u00e9ditions successives de cartes avec changements d&#8217;\u00e9chelle rendent\u00a0trop complexe la t\u00e2che de remise \u00e0 jour.<\/p>\n<p>Les s\u00e9ries suivantes sont disponibles:<\/p>\n<h3>France<\/h3>\n<ul>\n<li>\n<h4><a class=\"iframe-fancybox\" href=\"http:\/\/centcols.net\/calques\/michelin\/index.htm\" target=\"_blank\" rel=\"noopener noreferrer\">Calques Michelin \u00ab traditionnels \u00bb<\/a><\/h4>\n<p><strong>Edition courante: 2008<\/strong><br \/>\nUn calque par pli de carte Michelin au 1:200 000\u00e8me (s\u00e9rie 51-90).<br \/>\nCes cartes ne sont plus disponibles dans le commerce.<br \/>\n<strong>Important<\/strong> : La derni\u00e8re \u00e9dition est l&#8217;\u00e9dition 2008. Ces calques ne sont plus mis \u00e0 jour depuis l&#8217;\u00e9dition 2009 du catalogue des cols de France.<\/li>\n<li>\n<h4><a class=\"iframe-fancybox\" href=\"http:\/\/centcols.net\/calques\/michelin\/LOCAL\/index.htm\" target=\"_blank\" rel=\"noopener noreferrer\">Calques Michelin \u00ab Local \u00bb<\/a><\/h4>\n<p><strong>Edition courante: 2008<\/strong><br \/>\nUn calque par quadrant de carte Michelin s\u00e9rie LOCAL (s\u00e9rie 301-345) \u00e0 \u00e9chelle variable 1:150 000\u00e8me, 1:175 000\u00e8me et 1:180 000\u00e8me<br \/>\nCes cartes ne sont plus disponibles dans le commerce et ont \u00e9t\u00e9 remplac\u00e9es par la s\u00e9rie \u00ab D\u00e9partements \u00bb \u00e0 \u00e9chelle unique 1:150 000\u00e8me. Lire la <a class=\"iframe-fancybox\" href=\"http:\/\/centcols.net\/calques\/michelin\/LOCAL\/aide.htm\" target=\"_blank\" rel=\"noopener noreferrer\">notice explicative<\/a>.<\/li>\n<li>\n<h4><a class=\"iframe-fancybox\" href=\"http:\/\/centcols.net\/calques\/ign\/index.php\" target=\"_blank\" rel=\"noopener noreferrer\">Calques IGN<\/a><\/h4>\n<p><strong>Edition courante: 2008<\/strong><br \/>\nUn calque par demi-quadrant de carte de promenade IGN (s\u00e9rie 01-74) au 1:100 000\u00e8me (couverture bleue).<br \/>\nCes cartes ne sont plus disponibles dans le commerce et ont \u00e9t\u00e9 remplac\u00e9es par la s\u00e9rie \u00ab TOP100 \u00bb (num\u00e9rot\u00e9e 101-176)<\/li>\n<\/ul>\n<h3>Suisse<\/h3>\n<ul>\n<li>\n<h4><a class=\"iframe-fancybox\" href=\"http:\/\/centcols.net\/calques\/CH\/CH200\/index.htm\" target=\"_blank\" rel=\"noopener noreferrer\">Calques Michelin \u00ab traditionnels \u00bb<\/a><\/h4>\n<p><strong>Edition courante: 2007<\/strong><br \/>\nUn calque par pli de carte Michelin au 1:200 000\u00e8me (s\u00e9rie 216-219).<br \/>\nCes cartes ne sont plus disponibles dans le commerce.<br \/>\n<strong>Important<\/strong> : La derni\u00e8re \u00e9dition est l&#8217;\u00e9dition 2007. Ces calques ne sont plus mis \u00e0 jour depuis l&#8217;\u00e9dition 2008 du catalogue des cols de Suisse et du Liechtenstein; voir la <a class=\"iframe-fancybox\" href=\"http:\/\/centcols.net\/calques\/CH\/CH200\/index.htm#leg\" target=\"_blank\" rel=\"noopener noreferrer\">notice explicative<\/a>.<\/li>\n<li>\n<h4><a class=\"iframe-fancybox\" href=\"http:\/\/centcols.net\/calques\/CH\/CH500\/index.htm\" target=\"_blank\" rel=\"noopener noreferrer\">Calques Michelin \u00ab R\u00e9gional \u00bb<\/a><\/h4>\n<p><strong>Version courante: 2007<\/strong><br \/>\nUn calque par quadrant de carte Michelin s\u00e9rie \u00ab R\u00e9gional \u00bb (s\u00e9rie 551-553) au 1:200 000\u00e8me.<br \/>\nCes cartes remplacent l&#8217;ancienne s\u00e9rie 216-219<\/li>\n<\/ul>\n","protected":false},"excerpt":{"rendered":"<p>Before the advent of modern geo-localisation tools, members could overlay their maps with a series of \u201ccalques\u201d \u2013 templates on plastic sheets, allowing them to identify col locations. This method is now entirely outdated, and the Club has withdrawn this facility.\u00a0 You may still visit the archive page here\u00a0 (link in French) Les calques ne [&hellip;]<\/p>\n","protected":false},"author":69,"featured_media":0,"parent":0,"menu_order":0,"comment_status":"closed","ping_status":"closed","template":"","meta":{"_acf_changed":false,"ub_ctt_via":"","_monsterinsights_skip_tracking":false,"_monsterinsights_sitenote_active":false,"_monsterinsights_sitenote_note":"","_monsterinsights_sitenote_category":0,"footnotes":""},"acf":[],"featured_image_urls":{"full":"","thumbnail":"","medium":"","medium_large":"","large":"","1536x1536":"","2048x2048":"","woocommerce_thumbnail":"","woocommerce_single":"","woocommerce_gallery_thumbnail":""},"post_excerpt_stackable":"<p>Before the advent of modern geo-localisation tools, members could overlay their maps with a series of \u201ccalques\u201d \u2013 templates on plastic sheets, allowing them to identify col locations. This method is now entirely outdated, and the Club has withdrawn this facility.\u00a0 You may still visit the archive page here\u00a0 (link in French) Les calques ne sont plus mis \u00e0 jour depuis 2007. D&#8217;autres outils de g\u00e9olocalisation existent et les r\u00e9\u00e9ditions successives de cartes avec changements d&#8217;\u00e9chelle rendent\u00a0trop complexe la t\u00e2che de remise \u00e0 jour. Les s\u00e9ries suivantes sont disponibles: France Calques Michelin \u00ab traditionnels \u00bb Edition courante: 2008 Un calque&hellip;<\/p>\n","category_list":"","author_info":{"name":"Enrico Alberini","url":"https:\/\/centcols.org\/backup\/en\/author\/5065\/"},"comments_num":"0 comments","featured_image_urls_v2":{"full":"","thumbnail":"","medium":"","medium_large":"","large":"","1536x1536":"","2048x2048":"","woocommerce_thumbnail":"","woocommerce_single":"","woocommerce_gallery_thumbnail":""},"post_excerpt_stackable_v2":"<p>Before the advent of modern geo-localisation tools, members could overlay their maps with a series of \u201ccalques\u201d \u2013 templates on plastic sheets, allowing them to identify col locations. This method is now entirely outdated, and the Club has withdrawn this facility.\u00a0 You may still visit the archive page here\u00a0 (link in French) Les calques ne sont plus mis \u00e0 jour depuis 2007. D&#8217;autres outils de g\u00e9olocalisation existent et les r\u00e9\u00e9ditions successives de cartes avec changements d&#8217;\u00e9chelle rendent\u00a0trop complexe la t\u00e2che de remise \u00e0 jour. Les s\u00e9ries suivantes sont disponibles: France Calques Michelin \u00ab traditionnels \u00bb Edition courante: 2008 Un calque&hellip;<\/p>\n","category_list_v2":"","author_info_v2":{"name":"Enrico Alberini","url":"https:\/\/centcols.org\/backup\/en\/author\/5065\/"},"comments_num_v2":"0 comments","featured_image_src":null,"_links":{"self":[{"href":"https:\/\/centcols.org\/backup\/en\/wp-json\/wp\/v2\/pages\/44233"}],"collection":[{"href":"https:\/\/centcols.org\/backup\/en\/wp-json\/wp\/v2\/pages"}],"about":[{"href":"https:\/\/centcols.org\/backup\/en\/wp-json\/wp\/v2\/types\/page"}],"author":[{"embeddable":true,"href":"https:\/\/centcols.org\/backup\/en\/wp-json\/wp\/v2\/users\/69"}],"replies":[{"embeddable":true,"href":"https:\/\/centcols.org\/backup\/en\/wp-json\/wp\/v2\/comments?post=44233"}],"version-history":[{"count":0,"href":"https:\/\/centcols.org\/backup\/en\/wp-json\/wp\/v2\/pages\/44233\/revisions"}],"wp:attachment":[{"href":"https:\/\/centcols.org\/backup\/en\/wp-json\/wp\/v2\/media?parent=44233"}],"curies":[{"name":"wp","href":"https:\/\/api.w.org\/{rel}","templated":true}]}}