{"id":44396,"date":"2015-03-11T14:08:18","date_gmt":"2015-03-11T13:08:18","guid":{"rendered":"https:\/\/centcols.org\/backup\/?page_id=44396"},"modified":"2022-11-27T18:29:54","modified_gmt":"2022-11-27T17:29:54","slug":"albums-photos","status":"publish","type":"page","link":"https:\/\/centcols.org\/backup\/en\/albums-photos\/","title":{"rendered":"Photo albums"},"content":{"rendered":"<p><a href=\"https:\/\/centcols.org\/backup\/en\/les-tables-au-diner-apres-lassemblee-generale-5-novembre-2022\/\">Les tables au d\u00eener apr\u00e8s l&#8217;Assembl\u00e9e g\u00e9n\u00e9rale 5 novembre 2022<\/a><\/p>\n<p><a href=\"https:\/\/centcols.org\/backup\/en\/assemblee-generale-5-novembre-2022-lalbum-photo-de-bernard-corbet\/\">Assembl\u00e9e G\u00e9n\u00e9rale 5 novembre 2022 : l&#8217;album photo de Bernard Corbet<\/a><\/p>\n<p><a href=\"https:\/\/centcols.org\/backup\/en\/assemblee-generale-lalbum-photo-de-pierre-mai\/\">Assembl\u00e9e G\u00e9n\u00e9rale 5 novembre 2022 : l&#8217;album photo de Pierre Mai<\/a><\/p>\n","protected":false},"excerpt":{"rendered":"<p>Les tables au d\u00eener apr\u00e8s l&#8217;Assembl\u00e9e g\u00e9n\u00e9rale 5 novembre 2022 Assembl\u00e9e G\u00e9n\u00e9rale 5 novembre 2022 : l&#8217;album photo de Bernard Corbet Assembl\u00e9e G\u00e9n\u00e9rale 5 novembre 2022 : l&#8217;album photo de Pierre Mai<\/p>\n","protected":false},"author":2001,"featured_media":0,"parent":0,"menu_order":0,"comment_status":"closed","ping_status":"closed","template":"","meta":{"_acf_changed":false,"ub_ctt_via":"","_monsterinsights_skip_tracking":false,"_monsterinsights_sitenote_active":false,"_monsterinsights_sitenote_note":"","_monsterinsights_sitenote_category":0,"footnotes":""},"acf":[],"featured_image_urls":{"full":"","thumbnail":"","medium":"","medium_large":"","large":"","1536x1536":"","2048x2048":"","woocommerce_thumbnail":"","woocommerce_single":"","woocommerce_gallery_thumbnail":""},"post_excerpt_stackable":"<p>Les tables au d\u00eener apr\u00e8s l&#8217;Assembl\u00e9e g\u00e9n\u00e9rale 5 novembre 2022 Assembl\u00e9e G\u00e9n\u00e9rale 5 novembre 2022 : l&#8217;album photo de Bernard Corbet Assembl\u00e9e G\u00e9n\u00e9rale 5 novembre 2022 : l&#8217;album photo de Pierre Mai<\/p>\n","category_list":"","author_info":{"name":"Webmestre","url":"https:\/\/centcols.org\/backup\/en\/author\/webmestre\/"},"comments_num":"0 comments","featured_image_urls_v2":{"full":"","thumbnail":"","medium":"","medium_large":"","large":"","1536x1536":"","2048x2048":"","woocommerce_thumbnail":"","woocommerce_single":"","woocommerce_gallery_thumbnail":""},"post_excerpt_stackable_v2":"<p>Les tables au d\u00eener apr\u00e8s l&#8217;Assembl\u00e9e g\u00e9n\u00e9rale 5 novembre 2022 Assembl\u00e9e G\u00e9n\u00e9rale 5 novembre 2022 : l&#8217;album photo de Bernard Corbet Assembl\u00e9e G\u00e9n\u00e9rale 5 novembre 2022 : l&#8217;album photo de Pierre Mai<\/p>\n","category_list_v2":"","author_info_v2":{"name":"Webmestre","url":"https:\/\/centcols.org\/backup\/en\/author\/webmestre\/"},"comments_num_v2":"0 comments","featured_image_src":null,"_links":{"self":[{"href":"https:\/\/centcols.org\/backup\/en\/wp-json\/wp\/v2\/pages\/44396"}],"collection":[{"href":"https:\/\/centcols.org\/backup\/en\/wp-json\/wp\/v2\/pages"}],"about":[{"href":"https:\/\/centcols.org\/backup\/en\/wp-json\/wp\/v2\/types\/page"}],"author":[{"embeddable":true,"href":"https:\/\/centcols.org\/backup\/en\/wp-json\/wp\/v2\/users\/2001"}],"replies":[{"embeddable":true,"href":"https:\/\/centcols.org\/backup\/en\/wp-json\/wp\/v2\/comments?post=44396"}],"version-history":[{"count":0,"href":"https:\/\/centcols.org\/backup\/en\/wp-json\/wp\/v2\/pages\/44396\/revisions"}],"wp:attachment":[{"href":"https:\/\/centcols.org\/backup\/en\/wp-json\/wp\/v2\/media?parent=44396"}],"curies":[{"name":"wp","href":"https:\/\/api.w.org\/{rel}","templated":true}]}}