{"id":44616,"date":"2015-04-24T14:52:22","date_gmt":"2015-04-24T12:52:22","guid":{"rendered":"https:\/\/centcols.org\/backup\/liens\/"},"modified":"2020-06-14T09:05:49","modified_gmt":"2020-06-14T07:05:49","slug":"liens","status":"publish","type":"page","link":"https:\/\/centcols.org\/backup\/en\/liens\/","title":{"rendered":"Friends links"},"content":{"rendered":"<h2>The cycling websites of Club members<\/h2>\n<p>\u00a0<\/p>\n<blockquote>\n<p><em>They maintain their websites, for themselves or for their clubs, with the same passion\u2026the bike!<\/em><\/p>\n<\/blockquote>\n<p>The lists of cols presented on these sites are solely the work of their authors<br \/>The 100 Cols Club does not endorse any of them<br \/>The 100 Cols Club publishes its own lists of cols according to its \u2018Rules of the Game\u2019<\/p>\n<ul>\n<li><strong>Sascha Resch (n\u00b0 7702)<\/strong> : <a href=\"https:\/\/alpenvettern.de\/\" target=\"_blank\" rel=\"noopener noreferrer\">Alpenvettern<\/a><\/li>\n<li><strong>Jean Philippe Battu (n\u00b0 5874) :<\/strong> <a href=\"http:\/\/jeanpba.homeip.net\/\" target=\"_blank\" rel=\"noopener noreferrer\">Le Cyclotourisme virtuel<\/a><br \/>Don\u2019t miss the pages dedicated to Paris Brest Paris, as well as the \u00ab\u00a0kitchen corner\u00a0\u00bb &#8230;<\/li>\n<li><strong>Ursula et Alain Besson (n\u00b0 7036 et n\u00b07037) :<\/strong> <a href=\"http:\/\/ursalain.blogspot.fr\/\" target=\"_blank\" rel=\"noopener noreferrer\">Voyages \u00e0 v\u00e9lo<\/a><\/li>\n<li><strong>Jacques Bonin (n\u00b0 5614) :<\/strong> <a href=\"http:\/\/sapho.pagesperso-orange.fr\/\" target=\"_blank\" rel=\"noopener noreferrer\">R\u00e9sultats sportifs et Jeux culturels<\/a><\/li>\n<li><strong>Jean Pierre Canc\u00e9 (n\u00b04778) :<\/strong> <a href=\"http:\/\/lescheminsdemusarde.fr\/\" target=\"_blank\" rel=\"noopener noreferrer\">Les chemins de musarde<\/a><\/li>\n<li><strong>Maurice Cotte (n\u00b0 4758) :<\/strong> <a href=\"https:\/\/cyclomaurice.monsite-orange.fr\/\" target=\"_blank\" rel=\"noopener noreferrer\">Cyclo Maurice<\/a><\/li>\n<li><strong>Alain Darget (n\u00b01825) :<\/strong> <a href=\"http:\/\/moniqualain.over-blog.com\/\" target=\"_blank\" rel=\"noopener noreferrer\">http:\/\/moniqualain.blog.sfr.fr\/<\/a><\/li>\n<li><strong>Robert et Jo\u00eblle de Rudder (N\u00b05278 et 6642) :<\/strong> <a href=\"http:\/\/www.2rouesenliberte.fr\" target=\"_blank\" rel=\"noopener noreferrer\">www.2rouesenliberte.fr<\/a>\u00a0 V\u00e9lo-voyages en tandem<\/li>\n<li><strong>Hubert Delesalle (n\u00b07152)<\/strong> : <a href=\"http:\/\/www.randonnee-cyclo.com\/\" target=\"_blank\" rel=\"noopener noreferrer\">http:\/\/www.randonnee-cyclo.com\/<\/a>\u00a0 .Plus de 1500 outings, all described and listed region, by type and by year.\u00a0 Accompanied by <a href=\"http:\/\/jerandonne.blogspot.fr\/\" target=\"_blank\" rel=\"noopener noreferrer\">http:\/\/jerandonne.blogspot.fr\/<\/a><\/li>\n<li><strong>Baptiste Fontaine (n\u00b06965) :<\/strong> <a href=\"http:\/\/cestdurlevelo.over-blog.com\/\" target=\"_blank\" rel=\"noopener noreferrer\">C&#8217;est dur le v\u00e9lo<\/a><\/li>\n<li><strong>Guy Garcin (n\u00b02880) :<\/strong> <a href=\"http:\/\/love-velo.fr\/\" target=\"_blank\" rel=\"noopener noreferrer\">Love-velo<\/a><\/li>\n<li><strong>Alain Gillodes (n\u00b0722) :<\/strong> <a href=\"http:\/\/www.alaingillodes.fr\/\" target=\"_blank\" rel=\"noopener noreferrer\">Le site d&#8217;Alain Gillodes<\/a><\/li>\n<li><strong>Francois Hennebert (n\u00b05532) :<\/strong><a href=\"http:\/\/velo.hennebert.fr\/\" target=\"_blank\" rel=\"noopener noreferrer\"> un site de voyages \u00e0 v\u00e9lo<\/a>. Since 2007 Franois had made numerous journeys by cycle ((South America, New Zealand) and many have been the subject of articles in the Club Revue.<\/li>\n<li><strong>Laurent Jubin (n\u00b05399) :<\/strong> <a href=\"http:\/\/tandem.noir.pagesperso-orange.fr\/\" target=\"_blank\" rel=\"noopener noreferrer\">Tandem Noir<\/a><\/li>\n<li><strong>Jean Marc Lefevre (n\u00b03331) :<\/strong> <a href=\"http:\/\/jmlefevre.monsite-orange.fr\/\" target=\"_blank\" rel=\"noopener noreferrer\">&#8220;le v\u00e9lo passionn\u00e9ment&#8221;<\/a> ainsi qu&#8217;un autre <a href=\"http:\/\/chaunyvenise.monsite-orange.fr\/\" target=\"_blank\" rel=\"noopener noreferrer\">site consacr\u00e9 \u00e0 la randonn\u00e9e Chauny &#8211; Venise<\/a><\/li>\n<li><strong>Marc Liaudon (n\u00b0289) :<\/strong> <a href=\"http:\/\/marc.liaudon.pagesperso-orange.fr\/\" target=\"_blank\" rel=\"noopener noreferrer\">Site personnel de Marc Liaudon<\/a><\/li>\n<li><strong>Alfeo Lotto (n\u00b05650) :<\/strong> <a href=\"http:\/\/cyclo-al.monsite-orange.fr\/\" target=\"_blank\" rel=\"noopener noreferrer\">Bienvenue chez moi<\/a><\/li>\n<li><strong>Jacques Mancip (n\u00b04760) :<\/strong> <a href=\"http:\/\/passes-montagnes.fr\/\" target=\"_blank\" rel=\"noopener noreferrer\">Roses des Sables et 1000 Pertuis, cyclisme et cyclotourisme<\/a><\/li>\n<li><strong>Jerry Nilson (n\u00b05627) :<\/strong> <a href=\"http:\/\/cycloclimbing.com\/\" target=\"_blank\" rel=\"noopener noreferrer\">Cycloclimbing<\/a> <a href=\"http:\/\/cycloclimbing.com\/\">Cycloclimbing<\/a> An interesting resource for information on the high cols of the Alps and elsewhere<\/li>\n<li><strong>Maurice Occelli (n\u00b0397) :<\/strong> <a href=\"http:\/\/mocc.pagesperso-orange.fr\/\" target=\"_blank\" rel=\"noopener noreferrer\">le site de Momo le cyclo<\/a><\/li>\n<li><strong>R\u00e9gis Paraz (n\u00b03225)<\/strong> : <a href=\"http:\/\/www.modachulvelo.com\/\">modachulvelo<\/a> a site following the journeys of R\u00e9gis Paraz<\/li>\n<li><strong>Bernard &#8220;Biki&#8221; Pommel (n\u00b03094) :<\/strong> <a href=\"http:\/\/bikithebiker.blogspot.fr\/\" target=\"_blank\" rel=\"noopener noreferrer\">le blog \u00e0 Biki<\/a><\/li>\n<li><strong>Andr\u00e9 Rudaz (n\u00b0814) :<\/strong> <a href=\"http:\/\/rudaz.magix.net\/public\/index.htm\" target=\"_blank\" rel=\"noopener noreferrer\">Bienvenue sur le site d&#8217;Andr\u00e9 Rudaz<\/a>.<\/li>\n<li><strong>Patrick Schleppi (n\u00b05845)<\/strong> : <a href=\"http:\/\/www.schleppi.ch\/patrick\/cycle\" target=\"_blank\" rel=\"noopener noreferrer\"><span style=\"font-family: Arial;\">Les aventures \u00e0 v\u00e9lo de Patrick Schleppi : itin\u00e9raires dans les Alpes et le Jura<\/span><\/a><span style=\"font-family: Arial;\">\u00a0 (fran\u00e7ais-anglais-allemand)<\/span><\/li>\n<li><strong>Fabien Tiberghien (n\u00b06541) :<\/strong> <a href=\"http:\/\/decolsencols1.canalblog.com\/\" target=\"_blank\" rel=\"noopener noreferrer\">de cols en cols<\/a>. Fabien gives his descriptions and photos of his col conquests.<\/li>\n<li><strong>Andr\u00e9 Tignon (n\u00b01583) :<\/strong> <a href=\"http:\/\/tignon.andre.free.fr\/\" target=\"_blank\" rel=\"noopener noreferrer\">Andr\u00e9 Tignon, Cent Cols 1583\u00a0<\/a><br \/>A cyclo reporter of the North of France and Belgium, Andr\u00e9 invites you to visit his cyclotourism universe.<\/li>\n<li><strong>Max Tissot (n\u00b06785) :\u00a0<\/strong><a href=\"http:\/\/velomaxou.com\/\" target=\"_blank\" rel=\"noopener noreferrer\">velomaxou<\/a>\u00a0 cyclo des rues, cyclo des champs, actualit\u00e9 cyclo<\/li>\n<li><strong>Patricia V\u00e9ron (n\u00b03777) :<\/strong> <a href=\"http:\/\/desroutesdesoie.homeip.net\/\" target=\"_blank\" rel=\"noopener noreferrer\">Des routes de soie<br \/><\/a>A cyclo reporter of the North of France and Belgium, Andr\u00e9 invites you to visit his cyclotourism universe: <a href=\"http:\/\/bourlinguebike.over-blog.org\/\" target=\"_blank\" rel=\"noopener noreferrer\">http:\/\/bourlinguebike.over-blog.org<\/a>.\u00a0<\/li>\n<li><strong>Patricia V\u00e9ron (n\u00b03777) : <\/strong><a href=\"http:\/\/avelotoutsimplement.blogspot.fr\/\" target=\"_blank\" rel=\"noopener noreferrer\">A v\u00e9lo tout simplement<\/a><strong> \u00a0<\/strong>After the Silk Routes, discover the Cap Nord, then cross Russia from West to East, before arriving in the USA to cross the Americas from North<\/li>\n<li>Cycle journeys on all the continents, or almost\u2026 You will also discover here the photo album of the 2005 gathering at Wofach in the Black Forest<\/li>\n<li>to South.<\/li>\n<li><strong>Annick (et Bruno) Versolatto (n\u00b05054) :<\/strong> <a href=\"http:\/\/www.roulmaloute.com\/\" target=\"_blank\" rel=\"noopener noreferrer\">Roul&#8217; ma loute&#8230;<\/a><br \/>Des voyages \u00e0 v\u00e9lo sur tous les continents, ou presque.<br \/>Vous y trouverez entre autres l&#8217;album photos de la concentration allemande 2005 \u00e0 Wolfach en For\u00eat Noire<\/li>\n<li><strong>Eric Zammit (n\u00b07165) :<\/strong> <a href=\"https:\/\/cyclocolsensolo.wordpress.com\/\" target=\"_blank\" rel=\"noopener noreferrer\">le blog d&#8217;Eric Zammit<\/a><\/li>\n<\/ul>\n<hr \/>\n<h2>F\u00e9d\u00e9rations, Confr\u00e9ries et\u00a0 Amicales :<\/h2>\n<h3>France:<\/h3>\n<ul>\n<li><a href=\"http:\/\/ffct.org\/\" target=\"_blank\" rel=\"noopener noreferrer\">F\u00e9d\u00e9ration Fran\u00e7aise de Cyclotourisme<\/a><\/li>\n<li><a href=\"http:\/\/uect.org\/\" target=\"_blank\" rel=\"noopener noreferrer\">Union Europ\u00e9enne de Cyclotourisme<\/a><\/li>\n<li><a href=\"https:\/\/uctistes.wordpress.com\/ordre-des-cols-durs\/\" target=\"_blank\" rel=\"noopener noreferrer\">Ordre des Cols Durs<\/a><\/li>\n<li><a href=\"http:\/\/www.confreriedes650.org\/\" target=\"_blank\" rel=\"noopener noreferrer\">Confr\u00e9rie des 650<\/a><\/li>\n<li><a href=\"http:\/\/www.cci.asso.fr\/\" target=\"_blank\" rel=\"noopener noreferrer\">Cyclo-Camping International<\/a><\/li>\n<li><a href=\"http:\/\/diagonales.homelinux.net\/adf\/index.php\" target=\"_blank\" rel=\"noopener noreferrer\">Diagonales de France<\/a><\/li>\n<li><a href=\"http:\/\/www.audax-uaf.com\/\" target=\"_blank\" rel=\"noopener noreferrer\">Union des Audax Fran\u00e7ais<\/a><\/li>\n<li><a href=\"http:\/\/www.audax-club-parisien.com\/FR\/\" target=\"_blank\" rel=\"noopener noreferrer\">Audax Club Parisien<\/a><\/li>\n<li><a href=\"http:\/\/www.cyclocardiaques.org\/\" target=\"_blank\" rel=\"noopener noreferrer\">Amicale des Cyclos Cardiaques<\/a><\/li>\n<li><a href=\"http:\/\/www.clubcinglesventoux.org\/fr\/\" target=\"_blank\" rel=\"noopener noreferrer\">Les Cingl\u00e9s du Mont Ventoux<\/a><\/li>\n<li><a href=\"http:\/\/www.felesducolombier.fr\/\" target=\"_blank\" rel=\"noopener noreferrer\">Les F\u00eal\u00e9s du Grand Colombier<\/a><\/li>\n<li><a href=\"http:\/\/www.cyclos-cyclotes.org\/favoris.html\" target=\"_blank\" rel=\"noopener noreferrer\">Sites cyclotouristes fran\u00e7ais<\/a> : page de liens exhaustive mais plus r\u00e9guli\u00e8rement actualis\u00e9e<\/li>\n<li><a href=\"https:\/\/fr.warmshowers.org\/\" target=\"_blank\" rel=\"noopener noreferrer\">Warmshowers<\/a> :\u00a0 the Warm Showerscommunityis a system of free accommodation exchange between cycle randonneurs across the world. Europe.<\/li>\n<\/ul>\n<h3>Europe:<\/h3>\n<ul>\n<li><a href=\"http:\/\/www.ocd.org.uk\/\" target=\"_blank\" rel=\"noopener noreferrer\">OCD<\/a> : Ordre des Cols Durs in the UK\u00a0 (anglais)<\/li>\n<li><a href=\"http:\/\/www.challenge-big.eu\/\" target=\"_blank\" rel=\"noopener noreferrer\">BIG <\/a>: Site du challenge BIG<\/li>\n<li><a style=\"outline: 1px dotted; outline-offset: 0px;\" href=\"http:\/\/www.ccriviera.ch\/\" target=\"_blank\" rel=\"noopener noreferrer\">Le Club Cyclotouriste de la Riviera<\/a> de notre ami Pierre-Henri Mai<\/li>\n<li><a href=\"http:\/\/www.rsf.org.uk\/index.php?option=com_xmap&amp;view=html&amp;id=1&amp;Itemid=328\" target=\"_blank\" rel=\"noopener noreferrer\">The Rough Stuff Fellowship<\/a> : founded in 1955 (\u00ab\u00a0long before anyone had ever heard of Marin County\u00a0\u00bb) this fellowship brings together those who leave the well-trodden paths and tarmacked roads (in English)<\/li>\n<\/ul>\n<h2>Voyages:<\/h2>\n<ul>\n<li>\u00a0<a href=\"http:\/\/www.trentobike.org\/byauthor\/CarstenGregersen.html\" target=\"_blank\" rel=\"noopener noreferrer\">Carsten&#8217;s Cycling Web<\/a> : Carsten Gregersen is a great cycle traveller, and his site is dedicated to mountain cycling and includes accounts of his journeys, mainly in the Alps (English and Danish)<\/li>\n<li><a href=\"http:\/\/www.trentobike.org\/\" target=\"_blank\" rel=\"noopener noreferrer\">Trento Bike Pages<\/a> : links to all the countries of Europe and some countries of the Maghreb. Andreas Caranti maintains one of the best sites dedicated to cycle touring (English)<\/li>\n<li><a href=\"http:\/\/www.masterlyinactivity.com\/\" target=\"_blank\" rel=\"noopener noreferrer\">Masterlyinactivity<\/a> accounts of cycle journeys in Mexico, Guatemala, Peru\u2026 (English)<\/li>\n<\/ul>\n<h2>\u00a0Divers:<\/h2>\n<ul>\n<li><a href=\"http:\/\/www.vtt.org\/\" target=\"_blank\" rel=\"noopener noreferrer\">VTTnet <\/a>: le grand site VTT de Roudou, Tom, and all the gang<\/li>\n<li><a href=\"http:\/\/www.salitomania.it\/\" target=\"_blank\" rel=\"noopener noreferrer\">Salitomania <\/a>: des Cent Cols transalpins (italien)<\/li>\n<li><a href=\"http:\/\/www.trentobike.org\/byauthor\/CarstenGregersen.html\" target=\"_blank\" rel=\"noopener noreferrer\">Virtual Alps<\/a> : cols of the Alps in France , and abroad (English)<\/li>\n<li>magnificent site of one of the greatcharacters of cycling : <a href=\"http:\/\/sheldonbrown.com\/home.html\" target=\"_blank\" rel=\"noopener noreferrer\">Sheldon Brown<\/a>. Ne manquez pas la <a href=\"http:\/\/sheldonbrown.com\/real-man.html\" target=\"_blank\" rel=\"noopener noreferrer\">selle pour les hommes, les vrais<\/a>&#8230;<\/li>\n<li>L\u2019<a href=\"http:\/\/lpe-asso.org\/notre-association\/\">association Ligne de Partage\u00a0<\/a> sets out to developactivity along the line of the grand watershed between the Atlantic Ocean and the Mediterranean, which crooses 9 countries<br \/><a href=\"\/?p=35215\" target=\"_blank\" rel=\"noopener noreferrer\">Voir aussi Association ligne de partage des eaux et Club des Cent Cols<\/a><\/li>\n<\/ul>\n<h3>\u00a0<\/h3>\n<hr \/>\n<p>Anything to add, or change? Write to Cent Cols: <a href=\"m&#97;&#105;lt&#111;&#58;info&#64;ce&#110;t&#99;o&#108;s&#46;&#110;&#101;&#116;\">i&#110;&#102;o&#64;c&#101;nt&#99;&#111;&#108;&#115;.n&#101;t<\/a><\/p>\n\n\n<p><\/p>\n","protected":false},"excerpt":{"rendered":"<p>The cycling websites of Club members \u00a0 They maintain their websites, for themselves or for their clubs, with the same passion\u2026the bike! The lists of cols presented on these sites are solely the work of their authorsThe 100 Cols Club does not endorse any of themThe 100 Cols Club publishes its own lists of cols [&hellip;]<\/p>\n","protected":false},"author":69,"featured_media":0,"parent":0,"menu_order":0,"comment_status":"closed","ping_status":"closed","template":"","meta":{"_acf_changed":false,"ub_ctt_via":"","_monsterinsights_skip_tracking":false,"_monsterinsights_sitenote_active":false,"_monsterinsights_sitenote_note":"","_monsterinsights_sitenote_category":0,"footnotes":""},"acf":[],"featured_image_urls":{"full":"","thumbnail":"","medium":"","medium_large":"","large":"","1536x1536":"","2048x2048":"","woocommerce_thumbnail":"","woocommerce_single":"","woocommerce_gallery_thumbnail":""},"post_excerpt_stackable":"<p>The cycling websites of Club members \u00a0 They maintain their websites, for themselves or for their clubs, with the same passion\u2026the bike! The lists of cols presented on these sites are solely the work of their authorsThe 100 Cols Club does not endorse any of themThe 100 Cols Club publishes its own lists of cols according to its \u2018Rules of the Game\u2019 Sascha Resch (n\u00b0 7702) : Alpenvettern Jean Philippe Battu (n\u00b0 5874) : Le Cyclotourisme virtuelDon\u2019t miss the pages dedicated to Paris Brest Paris, as well as the \u00ab\u00a0kitchen corner\u00a0\u00bb &#8230; Ursula et Alain Besson (n\u00b0 7036 et n\u00b07037)&hellip;<\/p>\n","category_list":"","author_info":{"name":"Enrico Alberini","url":"https:\/\/centcols.org\/backup\/en\/author\/5065\/"},"comments_num":"0 comments","featured_image_urls_v2":{"full":"","thumbnail":"","medium":"","medium_large":"","large":"","1536x1536":"","2048x2048":"","woocommerce_thumbnail":"","woocommerce_single":"","woocommerce_gallery_thumbnail":""},"post_excerpt_stackable_v2":"<p>The cycling websites of Club members \u00a0 They maintain their websites, for themselves or for their clubs, with the same passion\u2026the bike! The lists of cols presented on these sites are solely the work of their authorsThe 100 Cols Club does not endorse any of themThe 100 Cols Club publishes its own lists of cols according to its \u2018Rules of the Game\u2019 Sascha Resch (n\u00b0 7702) : Alpenvettern Jean Philippe Battu (n\u00b0 5874) : Le Cyclotourisme virtuelDon\u2019t miss the pages dedicated to Paris Brest Paris, as well as the \u00ab\u00a0kitchen corner\u00a0\u00bb &#8230; Ursula et Alain Besson (n\u00b0 7036 et n\u00b07037)&hellip;<\/p>\n","category_list_v2":"","author_info_v2":{"name":"Enrico Alberini","url":"https:\/\/centcols.org\/backup\/en\/author\/5065\/"},"comments_num_v2":"0 comments","featured_image_src":null,"_links":{"self":[{"href":"https:\/\/centcols.org\/backup\/en\/wp-json\/wp\/v2\/pages\/44616"}],"collection":[{"href":"https:\/\/centcols.org\/backup\/en\/wp-json\/wp\/v2\/pages"}],"about":[{"href":"https:\/\/centcols.org\/backup\/en\/wp-json\/wp\/v2\/types\/page"}],"author":[{"embeddable":true,"href":"https:\/\/centcols.org\/backup\/en\/wp-json\/wp\/v2\/users\/69"}],"replies":[{"embeddable":true,"href":"https:\/\/centcols.org\/backup\/en\/wp-json\/wp\/v2\/comments?post=44616"}],"version-history":[{"count":0,"href":"https:\/\/centcols.org\/backup\/en\/wp-json\/wp\/v2\/pages\/44616\/revisions"}],"wp:attachment":[{"href":"https:\/\/centcols.org\/backup\/en\/wp-json\/wp\/v2\/media?parent=44616"}],"curies":[{"name":"wp","href":"https:\/\/api.w.org\/{rel}","templated":true}]}}