{"id":63838,"date":"2022-07-19T18:35:12","date_gmt":"2022-07-19T16:35:12","guid":{"rendered":"https:\/\/centcols.org\/backup\/?page_id=63838"},"modified":"2023-02-06T17:47:01","modified_gmt":"2023-02-06T16:47:01","slug":"regla-del-juego","status":"publish","type":"page","link":"https:\/\/centcols.org\/backup\/en\/regla-del-juego\/","title":{"rendered":"Regla del juego"},"content":{"rendered":"\n<pre class=\"wp-block-preformatted\">traducido por Laurent Chauchat, cc 7773<\/pre>\n\n\n\n<h4 class=\"wp-block-heading\" id=\"block-f36df26e-d1d2-4bc0-8448-6d1e0a511824\">Art\u00edculo 1<\/h4>\n\n\n\n<p id=\"block-5a2e805a-3f4f-41f0-bf3e-7f3eb33aea32\">Para ingresar en el club de los cientos collados, hay que haber pasado con la bicicleta por los menoscientos collados diferentes y en esos cinco de altura de m\u00e1s de 2 000 metros para cada centena.<\/p>\n\n\n\n<h4 class=\"wp-block-heading\" id=\"block-adadc8b7-c047-4ef0-bd13-3cf51079eb91\">Art\u00edculo 2<\/h4>\n\n\n\n<p id=\"block-06e35f07-baea-4a45-9332-aa2b2ccf82a1\">&nbsp;Se tendr\u00e1n en cuenta:<\/p>\n\n\n\n<ul id=\"block-eead85a3-a74b-47d5-93c8-9adc2bdd54bb\"><li>Los collados de la lista al d\u00eda del cat\u00e1logo del club de los cientos collados a la fecha de la \u00faltima actualizaci\u00f3n<\/li><\/ul>\n\n\n\n<p id=\"block-0e9287ff-0423-4ac9-95f6-ea52994eb3ad\">Montes, cumbres, ca\u00f1ones y fondos de valles non son contados.<\/p>\n\n\n\n<h4 class=\"wp-block-heading\" id=\"block-d390f1b1-4fb7-4f36-8b6e-bf0ebea42658\">Art\u00edculo 3<\/h4>\n\n\n\n<p id=\"block-76b618de-1f9d-4409-8754-428ba0c35c47\">Los candidatos y miembros del club de los cientos collados no tienen que dar prueba de la superaci\u00f3n de estos collados. El club hace confianza en la sinceridad de las declaraciones.<\/p>\n\n\n\n<h4 class=\"wp-block-heading\" id=\"block-1f701704-8ca6-47fd-abfc-b14fbdb21787\">Articulo 4<\/h4>\n\n\n\n<p id=\"block-a433edbd-46d8-4bef-9619-c48824a71fdb\">El club de los cientos collados no tiene en cuenta los collados de conveniencia , es decir los collados nombrados para necesidades de la causa, aunque su nombre no est\u00e1 de uso habitual y que no aparece ni sobre documentos anteriores.<\/p>\n\n\n\n<h4 class=\"wp-block-heading\" id=\"block-c19a668f-6548-424a-9e9c-4818e4c7bc3f\">Art\u00edculo 5<\/h4>\n\n\n\n<p id=\"block-64f43681-dd0c-42ad-b03f-88c6af4b1a4e\">Cada a\u00f1o, una concentraci\u00f3n estival tiene lugar en la cumbre de un collado que el club de los cientos collados desea valorar.<\/p>\n\n\n\n<h4 class=\"wp-block-heading\" id=\"block-764f6dd0-5309-41ad-aa9f-c2286c97291d\">Art\u00edculo 6<\/h4>\n\n\n\n<h5 class=\"wp-block-heading\" id=\"block-cb6671f6-77e5-46ce-a25f-be3c3059620b\">Primera inscripci\u00f3n<\/h5>\n\n\n\n<p id=\"block-fe7dd910-8e9c-4697-812a-0f561772a2ef\">Candidatas y candidatos pueden enviar cuando quiren la lista de los diferentes collados superados mientras toda su \u00e9poca ciclista. Una cuota de 20\u20ac (que puede ser actualizado) permite al nuevo miembro de recibir:<\/p>\n\n\n\n<ul id=\"block-20215499-c11a-41b2-aa44-dc46f3e0298c\"><li>Su diploma \u201ccent cols\u201d (cientos collados) numerado y personalizado<\/li><li>la medalla del club<\/li><li>la revista del a\u00f1o del club el bolet\u00edn anual \u201cinfo cent cols\u201d (informaci\u00f3n cien collados)<\/li><\/ul>\n\n\n\n<p id=\"block-643ad90b-5745-4223-bd7b-17e0b6e217d8\">La correspondencia, la lista de collados y la cuota, deben ser enviadas al secretaria del club.<\/p>\n\n\n\n<h5 class=\"wp-block-heading\" id=\"block-e8c20953-8b84-4936-82ba-7eca8a6b778c\">Renovaci\u00f3n de inscripci\u00f3n<\/h5>\n\n\n\n<p id=\"block-9562bdd3-ddca-44a7-b7d2-b70bf98e3c97\">Cada a\u00f1o, entre el 1 de octubre y el 31 de enero, los miembros enviar\u00e1n la lista de los nuevos puertos franqueados en la temporada a su delegado nacional o territorial acompa\u00f1ado de su cotizaci\u00f3n. Esta cuota m\u00ednima de 15\u20ac (actualizable) permite inscribirse en la tabla de honor en la revista anual y participar en la vida del Club y la posibilidad de descargar gratuitamente todos los cat\u00e1logos en formato xlsx.<\/p>\n\n\n\n<p id=\"block-61cc9c40-f2e5-4cc1-8897-6acbf5c1db08\">No obstante lo dispuesto en la norma general, no se aplicar\u00e1 la proporci\u00f3n de 5 cuellos a +2000 m por 100 a los miembros de 70 a\u00f1os o m\u00e1s.<\/p>\n\n\n\n<p id=\"block-a8be5977-2f86-4107-a3d8-7e84d30bd68f\">Estas listas son verificadas por delegados territoriales o nacionales en apoyo del secretario del club para comprobar su conformidad con las reglas del juego. Las direcciones de la secretar\u00eda del Club y de los delegados nacionales y territoriales se encuentran en las p\u00e1ginas de la revista anual y en el sitio web del club.<\/p>\n\n\n\n<h3 class=\"wp-block-heading\" id=\"block-25e8eb23-8430-4162-aa65-be388bea0b5f\">Anexo a las reglas del juego<\/h3>\n\n\n\n<h4 class=\"wp-block-heading\" id=\"block-85334eb9-f199-4036-a47f-c77e72b2fe2f\">Art\u00edculo 1<\/h4>\n\n\n\n<p id=\"block-0f3ec7f5-14b9-4975-85a4-31204ff701ad\">El termo bicicleta menciona todo tipo de artefacto solo movido por fuerza muscular. Puede tener dos o tres ruedas. No se permite de usar cualquier tipo de subida mec\u00e1nico.<\/p>\n\n\n\n<p id=\"block-4cb2f01c-0308-4349-adb8-0743480caba1\">Se puede contar un collado superado de bajada. Collados de arrieros cuentan igual que collados transitables. Los collados que se acercan dif\u00edcilmente, se puede superar parcialmente a pie empujando o llevando la bici.<\/p>\n\n\n\n<p id=\"block-bef0d26a-e3aa-427b-9ac3-771ea745ca44\">Cien collados diferentes: un collado se puede contar solo una vez aunque se lo ha superado varias veces y por diferentes vertientes. No hay m\u00ednima de altura. Collados se pueden superar en todos los pa\u00edses del mundo.<\/p>\n\n\n\n<p id=\"block-fa020745-a954-4ee3-8beb-4390468d2139\">El cuadro de honor de la revista anual recapitulapara cada miembro el n\u00famero de collados y el n\u00famero de \u201c+ 2000m\u201d.<\/p>\n\n\n\n<p id=\"block-18339ecb-8ff9-41cf-b4ad-0abf83910ea0\">Algunos collados pueden ser superados por dos pasos diferentes, uno es el collado geogr\u00e1fico, el otro un t\u00fanel. Es el mismo collado superado por dos pasos diferentes.<\/p>\n\n\n\n<p id=\"block-b7096166-9932-4301-a61d-e603ed3a7e44\">Cada collado tiene un c\u00f3digo \u00fanico pero hay que contar solo uno de los dos, el geogr\u00e1fico o el t\u00fanel.<\/p>\n\n\n\n<h4 class=\"wp-block-heading\" id=\"block-3abd8841-b3bf-4816-84ce-22f297da52cb\">Art\u00edculo 2<\/h4>\n\n\n\n<p id=\"block-6ca2b20f-5283-42c8-b3d5-716e8181b252\">En franc\u00e9s, el t\u00e9rmino \u201ccollado\u201d se refiere a la topograf\u00eda. Debido a la multitud de configuraciones de terrenos existentes, la definici\u00f3n m\u00ednima del car\u00e1cter topogr\u00e1fico de unpuerto como considerado por el Club es la siguiente: punto de paso privilegiado, impuesto por el relieve, situadosobre una l\u00ednea de partici\u00f3n de aguas, y distinto de un pico.<\/p>\n\n\n\n<p id=\"block-f44937f7-083e-4df3-b61f-552d04ca0c7c\">Numerosos intitulados son utilizados para nombrar un collado. El cat\u00e1logo de los puertos de Espa\u00f1a enumera la lista de los t\u00edtulos que puedan ser utilizados para significar los puertos. De la misma manera, los cat\u00e1logos de puertos de los diferentes pa\u00edses establecen una lista de intitulados en la toponimia local para nombrar los puertos.<\/p>\n\n\n\n<p id=\"block-fc11424c-3738-4971-bd30-eed2a9bc0360\">Un intitulado no se refiera sistem\u00e1ticamente a un puerto, por ejemplo un, \u201ccollet\u201d en Francia, un \u201ccolle\u201d en Italia, un \u201calto\u201d en Espa\u00f1a, un \u201cH\u00f6he\u201d en Alemania\/Austria, un \u201cEgg\u201d ou \u201cEck(e)\u201d en Suiza pueden nombrar un cumbre o una cordillera en lugar de un puerto. Igualmente, un \u201cpas\u201d ou un \u201cpass\u201d germ\u00e1nico o brit\u00e1nico pueden nombrar una garganta u un paso particular de rio. En estos casos, no son considerado en los cat\u00e1logos por insuficiencia de car\u00e1cter topogr\u00e1fico (por ejemplo el Pas de la Casa a la frontera andar\u00eda).<\/p>\n\n\n\n<p id=\"block-db2c3098-9715-4bf0-9e11-da9f861f826a\">\u201cpuertos que llevan este nombre\u201d: un puerto debe ser nombrado en una fuente de referencia por t\u00edtulo gen\u00e9rico como evocado por encima, asociado con un nombre gen\u00e9rico. Por ejemplo :Col du Tourmalet, Col de la Croix de Fer, Puerto de la Bonaigua, Passo dello Stelvio, Sustenpass, etc.<\/p>\n\n\n\n<p id=\"block-22692848-f711-4500-ad75-a6d87d51a92c\">Puede ser que un puerto sea nombrado con su \u00fanico titulo. Por ejemplo : \u201cEl Port\u201d(ES-A-0018), \u201cEl Collado\u201d (ES-AB-084), \u201cEl Puerto\u201d (ES-H-0591).<\/p>\n\n\n\n<p id=\"block-fd449f85-edef-48e3-96f0-9b6fbbbc4548\">Por otro lado, un lugar nombrado sin que el titul\u00f3 evoque la noci\u00f3n de puerto no ser\u00e1 tenido en cuenta, aunque corresponda al criterio topogr\u00e1fico. Por ejemplo: \u201cLa Casa\u201d o \u201cLa Capilla\u201d. Asimismo, un puerto topogr\u00e1fico, nombrado en la mapa por un s\u00edmbolo (ex: &gt;.&lt;) pero que no tenga un nombre gen\u00e9rico y patron\u00edmico, no ser\u00e1 tenido en cuenta.<\/p>\n\n\n\n<p id=\"block-1a15e4c7-e995-43f8-bfc5-79bc06d92fcc\">Un lugar nombrado en un plano catastral, que ese nombre se dedica a un lugar preciso o a una hoja, con un titul\u00f3 evocando un collado, esta conformo a la regla del juego si se puede localizar en la zona, un lugar que tenga car\u00e1cter topogr\u00e1fico, que sea un paseo privilegiado, impuesto por el relieve que no sea un cumbre pero situado en l\u00ednea divisoria de aguas. El conocimiento del uso por los hombres podr\u00eda ayudar para localizar y reconocer el collado.<\/p>\n\n\n\n<p id=\"block-064b7cf6-97e0-4b7b-9ef7-545e04dda969\">El nombrado de un collado debe ser dedicado por el uso y indicado en fuentes de referencia juzgadas fiables por el Club. Entre las fuentes de referencias se encuentran:<\/p>\n\n\n\n<ul id=\"block-12617940-e11e-40f9-84c8-41ddaf981d10\"><li>mapas carreteras o topogr\u00e1ficas editadas de organismos oficialeso de editores privados que tengan una competencia reconocida<\/li><li>bases de datos topon\u00edmicos asociados a una cartograf\u00eda digital procedente de los mismos organismos antes mencionados<\/li><li>Catastros y mapas antiguas con escala y dise\u00f1o que permiten deubicar los puertos sin ambig\u00fcedad sobre el terreno<\/li><li>Se\u00f1ales culminanteso de direcci\u00f3n<\/li><li>Mapas o tablas de informaci\u00f3n puestos por organismos oficiales o por clubes de monta\u00f1a competentes<\/li><li>Gu\u00edas editados por clubes de monta\u00f1aconocidos debido a su serio y al conocimiento del terreno: clubes alpinos Espa\u00f1ol, Franc\u00e9s, Italiano\u2026<\/li><\/ul>\n\n\n\n<p id=\"block-36cc3da1-46f8-4911-9061-650d655cd129\">El nombramiento de puertos de tradici\u00f3n oral u por menci\u00f3n en las gu\u00edas tur\u00edsticas se considera como primer \u00edndice, que debe incitar hacer nuevas investigaciones, a fin de confirmar este uso en unas de las fuentes mencionadas anteriormente.<br>No son fuentes de referencia suficientes los recorridos y folletos de caminatas o competici\u00f3n ciclistas. Las indicaciones \u201cpuerto del Mont Ventoux\u201d en estos folletos no hacen de este cumbre un puerto seg\u00fan esta regla del juego.<\/p>\n\n\n\n<h4 class=\"wp-block-heading\" id=\"block-b1e0bb32-18fd-4948-9eaf-22c46d2bd85e\">Art\u00edculo 3<\/h4>\n\n\n\n<p id=\"block-706fee46-41ff-4f67-b0f6-f5163d3acc8f\">Se nota que no se necesita tomar una foto delante los paneles de collados. Las declaraciones de los collados superados son hechas sobre en el honor. Las fotos de collados y paisajes, los cuentos de paseos en bicicleta y encuentros entre ciclos son siempre apreciados por la redacci\u00f3n de la revista anual.<\/p>\n\n\n\n<h4 class=\"wp-block-heading\" id=\"block-64ea83c1-52fc-4a56-9d5f-e5a3a1fb25a3\">Art\u00edculo 4<\/h4>\n\n\n\n<p id=\"block-ae6ce716-ad5b-472b-bc6c-361273d18b3d\">El club de los cien collados se reserva el derecho de no admitir collados se\u00f1alizados o cartografiados por solicitaci\u00f3n de elegidos o de administradoresde la red viaria sin otra justificaci\u00f3n que el aumento de n\u00fameros de collados de los cat\u00e1logos. Sin embargo, la b\u00fasqueda del nombramiento de collados en usos y tradici\u00f3n local, y que pueden ser demostrados en documentosest\u00e1 totalmente alentada.<\/p>\n\n\n\n<h4 class=\"wp-block-heading\" id=\"block-5bf9650e-dba9-469a-ab25-af22adb85cd1\">Art\u00edculo 5<\/h4>\n\n\n\n<p id=\"block-ca471c48-96f7-4e1d-9694-2ef3480a8bcd\">Esta concentraci\u00f3n estival tiene car\u00e1cter internacional. Est\u00e1 organizada por el club para permitir el encuentro de los miembros en el contexto de una estancia dedicada al descubrimiento de collados de la \u00e1rea. Otros reuniones u concentraciones regionales se proponen a iniciativa de los animadores regionales. La organizaci\u00f3n de eventos locales por iniciativa de miembros del club es posible. El calendario, lugares de encuentros, y programa sucinto de estos reuniones son publicado en la revista anual.<\/p>\n\n\n\n<h4 class=\"wp-block-heading\" id=\"block-c709a21c-f3a9-4e01-89ad-74a06fac6d96\">Art\u00edculo 6<\/h4>\n\n\n\n<p id=\"block-f200d59c-7d8d-4c7f-891f-5d0441ec0a14\">Este compromiso supone en particular, de presentar listas de collados conforme a los cat\u00e1logos de referencia y a la definici\u00f3n de collados reconocidos por el club. El envi\u00f3 de listas es una ocasi\u00f3n privilegiada de transmitir al secretaria u a los delegados el descubrimiento de collados que puedan enriquecer los cat\u00e1logos.<\/p>\n\n\n\n<p id=\"block-3ab22c7e-a532-447d-84cc-a48b0af8fe04\">Este compromiso supone en particular, de presentar listas de collados conforme a los cat\u00e1logos de referencia y a la definici\u00f3n de collados reconocidos por el club. El envi\u00f3 de listas es una ocasi\u00f3n privilegiada de transmitir al secretaria u a los delegados el descubrimiento de collados que puedan enriquecer los cat\u00e1logos.<\/p>\n","protected":false},"excerpt":{"rendered":"<p>traducido por Laurent Chauchat, cc 7773 Art\u00edculo 1 Para ingresar en el club de los cientos collados, hay que haber pasado con la bicicleta por los menoscientos collados diferentes y en esos cinco de altura de m\u00e1s de 2 000 metros para cada centena. Art\u00edculo 2 &nbsp;Se tendr\u00e1n en cuenta: Los collados de la lista [&hellip;]<\/p>\n","protected":false},"author":69,"featured_media":0,"parent":0,"menu_order":0,"comment_status":"closed","ping_status":"closed","template":"","meta":{"_acf_changed":false,"ub_ctt_via":"","_monsterinsights_skip_tracking":false,"_monsterinsights_sitenote_active":false,"_monsterinsights_sitenote_note":"","_monsterinsights_sitenote_category":0,"footnotes":""},"acf":[],"featured_image_urls":{"full":"","thumbnail":"","medium":"","medium_large":"","large":"","1536x1536":"","2048x2048":"","woocommerce_thumbnail":"","woocommerce_single":"","woocommerce_gallery_thumbnail":""},"post_excerpt_stackable":"<p>traducido por Laurent Chauchat, cc 7773 Art\u00edculo 1 Para ingresar en el club de los cientos collados, hay que haber pasado con la bicicleta por los menoscientos collados diferentes y en esos cinco de altura de m\u00e1s de 2 000 metros para cada centena. Art\u00edculo 2 &nbsp;Se tendr\u00e1n en cuenta: Los collados de la lista al d\u00eda del cat\u00e1logo del club de los cientos collados a la fecha de la \u00faltima actualizaci\u00f3n Montes, cumbres, ca\u00f1ones y fondos de valles non son contados. Art\u00edculo 3 Los candidatos y miembros del club de los cientos collados no tienen que dar prueba de&hellip;<\/p>\n","category_list":"","author_info":{"name":"Enrico Alberini","url":"https:\/\/centcols.org\/backup\/en\/author\/5065\/"},"comments_num":"0 comments","featured_image_urls_v2":{"full":"","thumbnail":"","medium":"","medium_large":"","large":"","1536x1536":"","2048x2048":"","woocommerce_thumbnail":"","woocommerce_single":"","woocommerce_gallery_thumbnail":""},"post_excerpt_stackable_v2":"<p>traducido por Laurent Chauchat, cc 7773 Art\u00edculo 1 Para ingresar en el club de los cientos collados, hay que haber pasado con la bicicleta por los menoscientos collados diferentes y en esos cinco de altura de m\u00e1s de 2 000 metros para cada centena. Art\u00edculo 2 &nbsp;Se tendr\u00e1n en cuenta: Los collados de la lista al d\u00eda del cat\u00e1logo del club de los cientos collados a la fecha de la \u00faltima actualizaci\u00f3n Montes, cumbres, ca\u00f1ones y fondos de valles non son contados. Art\u00edculo 3 Los candidatos y miembros del club de los cientos collados no tienen que dar prueba de&hellip;<\/p>\n","category_list_v2":"","author_info_v2":{"name":"Enrico Alberini","url":"https:\/\/centcols.org\/backup\/en\/author\/5065\/"},"comments_num_v2":"0 comments","featured_image_src":null,"_links":{"self":[{"href":"https:\/\/centcols.org\/backup\/en\/wp-json\/wp\/v2\/pages\/63838"}],"collection":[{"href":"https:\/\/centcols.org\/backup\/en\/wp-json\/wp\/v2\/pages"}],"about":[{"href":"https:\/\/centcols.org\/backup\/en\/wp-json\/wp\/v2\/types\/page"}],"author":[{"embeddable":true,"href":"https:\/\/centcols.org\/backup\/en\/wp-json\/wp\/v2\/users\/69"}],"replies":[{"embeddable":true,"href":"https:\/\/centcols.org\/backup\/en\/wp-json\/wp\/v2\/comments?post=63838"}],"version-history":[{"count":0,"href":"https:\/\/centcols.org\/backup\/en\/wp-json\/wp\/v2\/pages\/63838\/revisions"}],"wp:attachment":[{"href":"https:\/\/centcols.org\/backup\/en\/wp-json\/wp\/v2\/media?parent=63838"}],"curies":[{"name":"wp","href":"https:\/\/api.w.org\/{rel}","templated":true}]}}