{"id":69868,"date":"2022-07-22T18:34:11","date_gmt":"2022-07-22T16:34:11","guid":{"rendered":"https:\/\/centcols.org\/backup\/une-info-un-article-qui-pourrait-paraitre-ici\/"},"modified":"2023-01-16T22:03:44","modified_gmt":"2023-01-16T21:03:44","slug":"une-info-un-article-qui-pourrait-paraitre-ici","status":"publish","type":"page","link":"https:\/\/centcols.org\/backup\/en\/une-info-un-article-qui-pourrait-paraitre-ici\/","title":{"rendered":"Information, articles: how do they get into the Gazette?"},"content":{"rendered":"\n<h4 class=\"wp-block-heading\">Une adresse d\u00e9di\u00e9e \u00e0 la Gazette: gazette@centcols.net<\/h4>\n\n\n\n<p><a href=\"https:\/\/centcols.org\/backup\/en\/lours\/\">L&#8217;Ours<\/a><\/p>\n\n\n\n<p><a href=\"https:\/\/centcols.org\/backup\/en\/ecrire-un-article-dans-la-gazette-2\/\">Ecrire ou publier un article dans &#8220;La Gazette&#8221; ? <\/a><\/p>\n\n\n\n<p><\/p>\n","protected":false},"excerpt":{"rendered":"<p>Une adresse d\u00e9di\u00e9e \u00e0 la Gazette: gazette@centcols.net L&#8217;Ours Ecrire ou publier un article dans &#8220;La Gazette&#8221; ?<\/p>\n","protected":false},"author":69,"featured_media":0,"parent":0,"menu_order":0,"comment_status":"closed","ping_status":"closed","template":"","meta":{"_acf_changed":false,"ub_ctt_via":"","_monsterinsights_skip_tracking":false,"_monsterinsights_sitenote_active":false,"_monsterinsights_sitenote_note":"","_monsterinsights_sitenote_category":0,"footnotes":""},"acf":[],"featured_image_urls":{"full":"","thumbnail":"","medium":"","medium_large":"","large":"","1536x1536":"","2048x2048":"","woocommerce_thumbnail":"","woocommerce_single":"","woocommerce_gallery_thumbnail":""},"post_excerpt_stackable":"<p>Une adresse d\u00e9di\u00e9e \u00e0 la Gazette: gazette@centcols.net L&#8217;Ours Ecrire ou publier un article dans &#8220;La Gazette&#8221; ?<\/p>\n","category_list":"","author_info":{"name":"Enrico Alberini","url":"https:\/\/centcols.org\/backup\/en\/author\/5065\/"},"comments_num":"0 comments","featured_image_urls_v2":{"full":"","thumbnail":"","medium":"","medium_large":"","large":"","1536x1536":"","2048x2048":"","woocommerce_thumbnail":"","woocommerce_single":"","woocommerce_gallery_thumbnail":""},"post_excerpt_stackable_v2":"<p>Une adresse d\u00e9di\u00e9e \u00e0 la Gazette: gazette@centcols.net L&#8217;Ours Ecrire ou publier un article dans &#8220;La Gazette&#8221; ?<\/p>\n","category_list_v2":"","author_info_v2":{"name":"Enrico Alberini","url":"https:\/\/centcols.org\/backup\/en\/author\/5065\/"},"comments_num_v2":"0 comments","featured_image_src":null,"_links":{"self":[{"href":"https:\/\/centcols.org\/backup\/en\/wp-json\/wp\/v2\/pages\/69868"}],"collection":[{"href":"https:\/\/centcols.org\/backup\/en\/wp-json\/wp\/v2\/pages"}],"about":[{"href":"https:\/\/centcols.org\/backup\/en\/wp-json\/wp\/v2\/types\/page"}],"author":[{"embeddable":true,"href":"https:\/\/centcols.org\/backup\/en\/wp-json\/wp\/v2\/users\/69"}],"replies":[{"embeddable":true,"href":"https:\/\/centcols.org\/backup\/en\/wp-json\/wp\/v2\/comments?post=69868"}],"version-history":[{"count":0,"href":"https:\/\/centcols.org\/backup\/en\/wp-json\/wp\/v2\/pages\/69868\/revisions"}],"wp:attachment":[{"href":"https:\/\/centcols.org\/backup\/en\/wp-json\/wp\/v2\/media?parent=69868"}],"curies":[{"name":"wp","href":"https:\/\/api.w.org\/{rel}","templated":true}]}}