{"id":70700,"date":"2023-02-06T11:13:17","date_gmt":"2023-02-06T10:13:17","guid":{"rendered":"https:\/\/centcols.org\/backup\/la-cyclomontagnarde-des-vosges-du-sud-une-premiere\/"},"modified":"2023-05-30T15:37:10","modified_gmt":"2023-05-30T13:37:10","slug":"la-cyclomontagnarde-des-vosges-du-sud-une-premiere","status":"publish","type":"page","link":"https:\/\/centcols.org\/backup\/en\/la-cyclomontagnarde-des-vosges-du-sud-une-premiere\/","title":{"rendered":"THE CYCLOMONTAGNARDE OF THE SOUTHERN VOSGES: A FIRST"},"content":{"rendered":"\n<p class=\"has-medium-font-size\">In the Vosges, a cyclomotagnarde (mountain ride) is nothing new. Many have been organised, for many years, and in several sectors, on the Alsace side of the Haut-Rhin, in the northern part of the Bas-Rhin and even in the heart of the department from St.Di\u00e9-des-Vosges.<\/p>\n\n\n\n<p class=\"has-medium-font-size\">Located within the southern limits of the Vosges department, the town of <strong>Remiremont<\/strong>, nicknamed &#8216;<strong>The Beauty of the Vosges<\/strong>&#8216;, nestles in a hollow of the hills of the Vosges Piedmont at nearly 400m of altitude. It is the gateway to the <strong>Regional Natural Park of the Vosges Ballons<\/strong>, of the Saone plateau of 1000 lakes and the nearby high peaks of the Vosges.<\/p>\n\n\n\n<p class=\"has-medium-font-size\">Ten or so cols of the Vosges (FR-88) and the Haut-Saone (FR-70) are proposed, as well as the famous climb of the Planche des Belles Filles as an option.<\/p>\n\n\n\n<p class=\"has-medium-font-size\">The organisers are offering a number of alternatives.<\/p>\n\n\n\n<p class=\"has-medium-font-size\"><strong>Saturday 8 and Sunday 9 July<\/strong>&nbsp;<br>The cyclomontagnarde in 2 days (starting and finishing in Remiremont) with or without the Planche des Belles Filles on the second day.<\/p>\n\n\n\n<ul>\n<li class=\"has-medium-font-size\">\n<div>1st day : 104 km and 1898 m of climbing.<\/div>\n<\/li>\n<\/ul>\n\n\n\n<ul>\n<li class=\"has-medium-font-size\">\n<div>2nd day: 115 km and 2187 m of climbing or 127 km and 2682 m of climbing.<\/div>\n<\/li>\n<\/ul>\n\n\n\n<p class=\"has-medium-font-size\"><strong>Sunday 9 July<\/strong>&nbsp;<br>The cyclomontagnarde in 1 day, with or without the Planche des Belles Filles : 218km and 4183m of climbing or 232km and 4738m of climbing<\/p>\n\n\n\n<p class=\"has-medium-font-size\">Some &#8216;discovery&#8217; circuits will also be offered, with some on gravel.<\/p>\n\n\n\n<p class=\"has-medium-font-size\">Amongst the members of the CODEP88 (departmental committee of the Vosges) are several Club des Cent Cols members (Christophe Badonnel, Francois Li\u00e9nard, Jean-Philippe Grandadam and Jean-Marie Duluard). Numerous Club members have already applied and been registered. Drinks for Club members will be organised on Saturday evening in Remiremont.<\/p>\n\n\n\n<p><span style=\"font-size: 20px;\">In addition, Denis Mathieu, D\u00e9l\u00e9gu\u00e9 Territorial du Club des Cent Cols pour la zone Est, will be present on both days to present to members, non-members, competitors and visitors the tools that the club makes available to its members to enable them to live their passion for mountain biking to the full:<\/span><\/p>\n<ul>\n<li class=\"gmail_default\"><span style=\"font-size: 20px;\">the worldwide passes catalog,<\/span><\/li>\n<li class=\"gmail_default\"><span style=\"font-size: 20px;\">ccWay, the software that lets you select the passes in a given geographical area from all over the world,<\/span><\/li>\n<li class=\"gmail_default\"><span style=\"font-size: 20px;\">cols sur traces, the application which, based on a track, provides all the passes present or nearby,<\/span><\/li>\n<li class=\"gmail_default\"><span style=\"font-size: 20px;\">member courses, a selection of the best courses recommended by club members<\/span><\/li>\n<\/ul>\n<p>\u00a0<\/p>\n\n\n\n<p class=\"has-medium-font-size\"><a href=\"https:\/\/inscriptions-ffct.org\/cyclomontagnardevosgesdusud-2023\/select_competition\">Information on the routes and booking on line&nbsp;<strong>here<\/strong><\/a><\/p>\n\n\n\n<p class=\"has-medium-font-size\"><a href=\"https:\/\/centcols.org\/backup\/en\/bat3_vosges-2\/\">Information on the routes and postal booking&nbsp;<strong>here<\/strong><\/a><\/p>\n","protected":false},"excerpt":{"rendered":"<p>In the Vosges, a cyclomotagnarde (mountain ride) is nothing new. Many have been organised, for many years, and in several sectors, on the Alsace side of the Haut-Rhin, in the northern part of the Bas-Rhin and even in the heart of the department from St.Di\u00e9-des-Vosges. Located within the southern limits of the Vosges department, the [&hellip;]<\/p>\n","protected":false},"author":397,"featured_media":0,"parent":0,"menu_order":0,"comment_status":"closed","ping_status":"closed","template":"","meta":{"_acf_changed":false,"ub_ctt_via":"","_monsterinsights_skip_tracking":false,"_monsterinsights_sitenote_active":false,"_monsterinsights_sitenote_note":"","_monsterinsights_sitenote_category":0,"footnotes":""},"acf":[],"featured_image_urls":{"full":"","thumbnail":"","medium":"","medium_large":"","large":"","1536x1536":"","2048x2048":"","woocommerce_thumbnail":"","woocommerce_single":"","woocommerce_gallery_thumbnail":""},"post_excerpt_stackable":"<p>In the Vosges, a cyclomotagnarde (mountain ride) is nothing new. Many have been organised, for many years, and in several sectors, on the Alsace side of the Haut-Rhin, in the northern part of the Bas-Rhin and even in the heart of the department from St.Di\u00e9-des-Vosges. Located within the southern limits of the Vosges department, the town of Remiremont, nicknamed &#8216;The Beauty of the Vosges&#8216;, nestles in a hollow of the hills of the Vosges Piedmont at nearly 400m of altitude. It is the gateway to the Regional Natural Park of the Vosges Ballons, of the Saone plateau of 1000 lakes&hellip;<\/p>\n","category_list":"","author_info":{"name":"Denis Chouquet-Stringer","url":"https:\/\/centcols.org\/backup\/en\/author\/6183\/"},"comments_num":"0 comments","featured_image_urls_v2":{"full":"","thumbnail":"","medium":"","medium_large":"","large":"","1536x1536":"","2048x2048":"","woocommerce_thumbnail":"","woocommerce_single":"","woocommerce_gallery_thumbnail":""},"post_excerpt_stackable_v2":"<p>In the Vosges, a cyclomotagnarde (mountain ride) is nothing new. Many have been organised, for many years, and in several sectors, on the Alsace side of the Haut-Rhin, in the northern part of the Bas-Rhin and even in the heart of the department from St.Di\u00e9-des-Vosges. Located within the southern limits of the Vosges department, the town of Remiremont, nicknamed &#8216;The Beauty of the Vosges&#8216;, nestles in a hollow of the hills of the Vosges Piedmont at nearly 400m of altitude. It is the gateway to the Regional Natural Park of the Vosges Ballons, of the Saone plateau of 1000 lakes&hellip;<\/p>\n","category_list_v2":"","author_info_v2":{"name":"Denis Chouquet-Stringer","url":"https:\/\/centcols.org\/backup\/en\/author\/6183\/"},"comments_num_v2":"0 comments","featured_image_src":null,"_links":{"self":[{"href":"https:\/\/centcols.org\/backup\/en\/wp-json\/wp\/v2\/pages\/70700"}],"collection":[{"href":"https:\/\/centcols.org\/backup\/en\/wp-json\/wp\/v2\/pages"}],"about":[{"href":"https:\/\/centcols.org\/backup\/en\/wp-json\/wp\/v2\/types\/page"}],"author":[{"embeddable":true,"href":"https:\/\/centcols.org\/backup\/en\/wp-json\/wp\/v2\/users\/397"}],"replies":[{"embeddable":true,"href":"https:\/\/centcols.org\/backup\/en\/wp-json\/wp\/v2\/comments?post=70700"}],"version-history":[{"count":0,"href":"https:\/\/centcols.org\/backup\/en\/wp-json\/wp\/v2\/pages\/70700\/revisions"}],"wp:attachment":[{"href":"https:\/\/centcols.org\/backup\/en\/wp-json\/wp\/v2\/media?parent=70700"}],"curies":[{"name":"wp","href":"https:\/\/api.w.org\/{rel}","templated":true}]}}