{"id":74654,"date":"2023-06-05T18:40:10","date_gmt":"2023-06-05T16:40:10","guid":{"rendered":"https:\/\/centcols.org\/backup\/feminines-action\/"},"modified":"2023-06-05T23:03:40","modified_gmt":"2023-06-05T21:03:40","slug":"feminines-action","status":"publish","type":"page","link":"https:\/\/centcols.org\/backup\/en\/feminines-action\/","title":{"rendered":"Women in action"},"content":{"rendered":"\n<p class=\"has-medium-font-size\"><strong>Women, by women, for women<\/strong><br>Chronological reminder of Fran\u00e7oise Valluche&#8217;s column:<\/p>\n\n\n\n<ul><li>On 6 October, article\u00a01: <a href=\"https:\/\/centcols.org\/backup\/en\/mixite-et-parite-les-femmes-au-sein-des-structures-associatives\/\" target=\"_blank\" rel=\"noopener\" title=\"\">The benefits of cycling with or without assistance.<\/a><\/li><li>October 24, article 2: <a href=\"https:\/\/centcols.org\/backup\/en\/women-and-volunteering\/\" target=\"_blank\" rel=\"noopener\" title=\"\">Women and Volunteering<\/a><\/li><li>On 24 January 2023, article 3: <a href=\"https:\/\/centcols.org\/backup\/en\/mixite-et-parite-les-femmes-au-sein-des-structures-associatives\/\" target=\"_blank\" rel=\"noreferrer noopener\">Mixity and Parity, women within structures<\/a>.<\/li><\/ul>\n\n\n\n<p class=\"has-medium-font-size\">Today, item 4: <strong>women in action<\/strong><\/p>\n\n\n\n<p class=\"has-medium-font-size\"><em>Fran\u00e7oise hasn&#8217;t had an administrative break since January, she&#8217;s just been busy with other projects.<\/em><\/p>\n\n\n\n<p class=\"has-medium-font-size\">At this time of year, cycling activity is very diverse and many volunteers do their best to ensure that everything is organised within their clubs, CODEPs and COREGs.<\/p>\n\n\n\n<p class=\"has-medium-font-size\">First of all, congratulations to the new members of the Centcols club and to the women pass hunters represented in the 2023 magazine.<\/p>\n\n\n\n<p><span style=\"font-size: 20px;\">Among these volunteers, some women. <\/span><br \/><span style=\"font-size: 20px;\">I&#8217;d like to name the female members of COREG AURA involved in various committees:<\/span><\/p>\n<ul>\n<li><span style=\"font-size: 20px;\">Danielle GUILLEMOT, head of the tourism and holidays committee<\/span><\/li>\n<li><span style=\"font-size: 20px;\">Janette FRAIOLI, Head of the Women&#8217;s Committee<\/span><\/li>\n<li><span style=\"font-size: 20px;\">Monique LABORDE, in charge of the Youth Committee<\/span><\/li>\n<li><span style=\"font-size: 20px;\">Fran\u00e7oise VALLUCHE, Head of the Disability Committee<\/span><\/li>\n<li><span style=\"font-size: 20px;\">Jocelyne LEFEBVRE, head of the challenge committee<\/span><\/li>\n<\/ul>\n<p><span style=\"font-size: 20px;\">In each of these commissions, stays are organized, and they have successfully <\/span><span style=\"font-size: 20px;\">these organizations in collaboration with the members of each <\/span><span style=\"font-size: 20px;\">commissions.<\/span>.<\/p>\n<p><span style=\"font-size: 20px;\">Within this COREG AURA (Editor&#8217;s note: Comit\u00e9 R\u00e9gional Auvergne &#8211; Rh\u00f4ne-Alpes), the president is assisted by 3 other female <\/span><span style=\"font-size: 20px;\">(treasurer, deputy treasurer, and deputy secretary).<\/span><br \/><span style=\"font-size: 20px;\">A total of 8 female members out of 15, parity is achieved.<br \/><\/span><br \/><span style=\"font-size: 20px;\">Simply women involved in structures with often the observation <\/span><span style=\"font-size: 20px;\">that a lot of time is given for everyone&#8217;s enjoyment and a little less for cycling.<\/span><\/p>\n<p><span style=\"font-size: 20px;\">The difficulty at this time is recruiting female members to clubs and <\/span><span style=\"font-size: 20px;\">structures. Fortunately, communication via social networks is an asset. <\/span><\/p>\n<p><span style=\"font-size: 20px;\">Looking at the <\/span><span style=\"font-size: 20px;\">participations in specific organisations the younger generation feels <\/span><span style=\"font-size: 20px;\">less involved. <\/span><span style=\"font-size: 20px;\">Let&#8217;s hope this trend is reversed, it&#8217;s also a great satisfaction for <\/span><span style=\"font-size: 20px;\">each of them when their mission is successful.<\/span><\/p>\n\n\n\n<p><span style=\"color: #3366ff;\"><strong>Fran\u00e7oise VALLUCHE ccc 6808.<\/strong><\/span><\/p>\n\n\n\n<p><\/p>\n","protected":false},"excerpt":{"rendered":"<p>Women, by women, for womenChronological reminder of Fran\u00e7oise Valluche&#8217;s column: On 6 October, article\u00a01: The benefits of cycling with or without assistance. October 24, article 2: Women and Volunteering On 24 January 2023, article 3: Mixity and Parity, women within structures. Today, item 4: women in action Fran\u00e7oise hasn&#8217;t had an administrative break since January, [&hellip;]<\/p>\n","protected":false},"author":397,"featured_media":0,"parent":0,"menu_order":0,"comment_status":"closed","ping_status":"closed","template":"","meta":{"_acf_changed":false,"ub_ctt_via":"","_monsterinsights_skip_tracking":false,"_monsterinsights_sitenote_active":false,"_monsterinsights_sitenote_note":"","_monsterinsights_sitenote_category":0,"footnotes":""},"acf":[],"featured_image_urls":{"full":"","thumbnail":"","medium":"","medium_large":"","large":"","1536x1536":"","2048x2048":"","woocommerce_thumbnail":"","woocommerce_single":"","woocommerce_gallery_thumbnail":""},"post_excerpt_stackable":"<p>Women, by women, for womenChronological reminder of Fran\u00e7oise Valluche&#8217;s column: On 6 October, article\u00a01: The benefits of cycling with or without assistance.October 24, article 2: Women and VolunteeringOn 24 January 2023, article 3: Mixity and Parity, women within structures. Today, item 4: women in action Fran\u00e7oise hasn&#8217;t had an administrative break since January, she&#8217;s just been busy with other projects. At this time of year, cycling activity is very diverse and many volunteers do their best to ensure that everything is organised within their clubs, CODEPs and COREGs. First of all, congratulations to the new members of the Centcols club&hellip;<\/p>\n","category_list":"","author_info":{"name":"Denis Chouquet-Stringer","url":"https:\/\/centcols.org\/backup\/en\/author\/6183\/"},"comments_num":"0 comments","featured_image_urls_v2":{"full":"","thumbnail":"","medium":"","medium_large":"","large":"","1536x1536":"","2048x2048":"","woocommerce_thumbnail":"","woocommerce_single":"","woocommerce_gallery_thumbnail":""},"post_excerpt_stackable_v2":"<p>Women, by women, for womenChronological reminder of Fran\u00e7oise Valluche&#8217;s column: On 6 October, article\u00a01: The benefits of cycling with or without assistance.October 24, article 2: Women and VolunteeringOn 24 January 2023, article 3: Mixity and Parity, women within structures. Today, item 4: women in action Fran\u00e7oise hasn&#8217;t had an administrative break since January, she&#8217;s just been busy with other projects. At this time of year, cycling activity is very diverse and many volunteers do their best to ensure that everything is organised within their clubs, CODEPs and COREGs. First of all, congratulations to the new members of the Centcols club&hellip;<\/p>\n","category_list_v2":"","author_info_v2":{"name":"Denis Chouquet-Stringer","url":"https:\/\/centcols.org\/backup\/en\/author\/6183\/"},"comments_num_v2":"0 comments","featured_image_src":null,"_links":{"self":[{"href":"https:\/\/centcols.org\/backup\/en\/wp-json\/wp\/v2\/pages\/74654"}],"collection":[{"href":"https:\/\/centcols.org\/backup\/en\/wp-json\/wp\/v2\/pages"}],"about":[{"href":"https:\/\/centcols.org\/backup\/en\/wp-json\/wp\/v2\/types\/page"}],"author":[{"embeddable":true,"href":"https:\/\/centcols.org\/backup\/en\/wp-json\/wp\/v2\/users\/397"}],"replies":[{"embeddable":true,"href":"https:\/\/centcols.org\/backup\/en\/wp-json\/wp\/v2\/comments?post=74654"}],"version-history":[{"count":0,"href":"https:\/\/centcols.org\/backup\/en\/wp-json\/wp\/v2\/pages\/74654\/revisions"}],"wp:attachment":[{"href":"https:\/\/centcols.org\/backup\/en\/wp-json\/wp\/v2\/media?parent=74654"}],"curies":[{"name":"wp","href":"https:\/\/api.w.org\/{rel}","templated":true}]}}