{"id":76496,"date":"2023-08-13T11:39:17","date_gmt":"2023-08-13T09:39:17","guid":{"rendered":"https:\/\/centcols.org\/backup\/faciliter-saisie-cols\/"},"modified":"2023-08-15T14:54:24","modified_gmt":"2023-08-15T12:54:24","slug":"faciliter-saisie-cols","status":"publish","type":"page","link":"https:\/\/centcols.org\/backup\/en\/faciliter-saisie-cols\/","title":{"rendered":"Easy finding and listing of cols for future members"},"content":{"rendered":"\n<p class=\"has-medium-font-size\">You&#8217;ve climbed some cols, and maybe more than you think as some don&#8217;t have a sign at the top and you may have crossed them without knowing they were named.<\/p>\n\n\n\n<p class=\"has-medium-font-size\">You&#8217;ve climbed at least 100 cols, including 5 over 2000 m, or you&#8217;re nearly there ? It&#8217;s time to start thinking about joining the Club des Cent Cols !<\/p>\n\n\n\n<p class=\"has-medium-font-size\">Get to know the <a href=\"https:\/\/centcols.org\/backup\/en\/regle-du-jeu\/\" target=\"_blank\" rel=\"noopener\" title=\"\">Rules of the Game<\/a> to be sure that you&#8217;ve \u00ab\u00a0nailed it\u00a0\u00bb ; they will show you, notably, that no proof is required for your cols climbed, your word is quite sufficient.<\/p>\n\n\n\n<p class=\"has-medium-font-size\">That done, all you need to do is make up your list of cols. On the page <a href=\"https:\/\/centcols.org\/backup\/comment-faire-2\/\">h<\/a>ow to do on the Club&#8217;s site, we explain how this list is made.<\/p>\n\n\n\n<p class=\"has-medium-font-size\">There are several tools available for finding your cols, known or unknown, and listing them.<\/p>\n\n\n\n<h2 class=\"kt-adv-heading_7429b2-56 wp-block-kadence-advancedheading\" data-kb-block=\"kb-adv-heading_7429b2-56\">1 &#8211; On the Club&#8217;s website (and available to non-members)<\/h2>\n\n\n\n<h2 class=\"kt-adv-heading_f68484-43 wp-block-kadence-advancedheading\" data-kb-block=\"kb-adv-heading_f68484-43\">11 &#8211; Using the <a href=\"https:\/\/centcols.org\/backup\/en\/ccway\/\" target=\"_blank\" rel=\"noopener\" title=\"\">CCway app<\/a><\/h2>\n\n\n\n<p class=\"has-medium-font-size\">You can download a maximum of 100 cols as GPX or KLM data (when you become a Club member, the number of cols that can be downloaded will be unlimited).<\/p>\n\n\n\n<p class=\"has-medium-font-size\">Once you&#8217;ve got the file, and it is opened on Google Earth or another cartographic program, you will be able to see them.<\/p>\n\n\n\n<p class=\"has-medium-font-size\">For example&nbsp;:<\/p>\n\n\n\n<div class=\"wp-block-columns is-layout-flex wp-container-core-columns-is-layout-1 wp-block-columns-is-layout-flex\">\n<div class=\"wp-block-column is-layout-flow wp-block-column-is-layout-flow\" style=\"flex-basis:50%\">\n<div class=\"wp-block-image\"><figure class=\"aligncenter size-large is-resized\"><img loading=\"lazy\" decoding=\"async\" src=\"https:\/\/centcols.org\/backup\/wp-content\/uploads\/2023\/08\/Image1.jpg\" alt=\"\" class=\"wp-image-76431\" width=\"384\" height=\"278\"\/><figcaption><strong>Extract of cols on Google Earth<\/strong><\/figcaption><\/figure><\/div>\n<\/div>\n\n\n\n<div class=\"wp-block-column is-layout-flow wp-block-column-is-layout-flow\" style=\"flex-basis:50%\">\n<div class=\"wp-block-image\"><figure class=\"aligncenter size-large is-resized\"><img loading=\"lazy\" decoding=\"async\" src=\"https:\/\/centcols.org\/backup\/wp-content\/uploads\/2023\/08\/Image2.jpg\" alt=\"\" class=\"wp-image-76437\" width=\"309\" height=\"281\"\/><figcaption><strong>Extract of cols on World Base Map in Land<\/strong>.<\/figcaption><\/figure><\/div>\n<\/div>\n<\/div>\n\n\n\n<p class=\"has-medium-font-size\">That&#8217;s great to see your cols, but it won&#8217;t do to make your list because it only shows you the col&#8217;s code !<\/p>\n\n\n\n<p>   <\/p>\n\n\n\n<h2 class=\"kt-adv-heading_ba36ca-41 wp-block-kadence-advancedheading\" data-kb-block=\"kb-adv-heading_ba36ca-41\">12 &#8211; Using the <a href=\"https:\/\/centcols.org\/backup\/membres\/cols\/tracecols.php\" target=\"_blank\" rel=\"noopener\" title=\"\">&#8220;cols sur trace&#8221; app<\/a><\/h2>\n\n\n\n<p class=\"has-medium-font-size\">If you possess a GPX track, this app\u00a0lets you find all the cols you have done, and to make a list of them with the code, the full name and the altitude (which may well be different to that of the code).<\/p>\n\n\n\n<figure class=\"wp-block-image size-large\"><img loading=\"lazy\" decoding=\"async\" width=\"445\" height=\"215\" src=\"https:\/\/centcols.org\/backup\/wp-content\/uploads\/2023\/08\/Image3.jpg\" alt=\"\" class=\"wp-image-76443\"\/><\/figure>\n\n\n\n<p class=\"has-medium-font-size\">Once this is done, youv&#8217;ve got all you need for your entry list.<\/p>\n\n\n\n<p class=\"has-medium-font-size\">As well as that, the app lets you import the name and the code of the cols on your track to display them on a map program, for example here with Land on a background of World Base Map :<\/p>\n\n\n\n<figure class=\"wp-block-image size-large\"><img loading=\"lazy\" decoding=\"async\" width=\"1012\" height=\"493\" src=\"https:\/\/centcols.org\/backup\/wp-content\/uploads\/2023\/08\/Image4.jpg\" alt=\"\" class=\"wp-image-76449\" srcset=\"https:\/\/centcols.org\/backup\/wp-content\/uploads\/2023\/08\/Image4.jpg 1012w, https:\/\/centcols.org\/backup\/wp-content\/uploads\/2023\/08\/Image4-500x244.jpg 500w, https:\/\/centcols.org\/backup\/wp-content\/uploads\/2023\/08\/Image4-768x374.jpg 768w, https:\/\/centcols.org\/backup\/wp-content\/uploads\/2023\/08\/Image4-600x292.jpg 600w\" sizes=\"(max-width: 1012px) 100vw, 1012px\" \/><\/figure>\n\n\n\n<h2 class=\"kt-adv-heading_1baa8c-dc wp-block-kadence-advancedheading\" data-kb-block=\"kb-adv-heading_1baa8c-dc\">2 &#8211; Using <a href=\"https:\/\/www.openrunner.com\/en\" target=\"_blank\" rel=\"noopener\" title=\"\">OpenRunner<\/a><\/h2>\n\n\n\n<div class=\"wp-block-columns is-layout-flex wp-container-core-columns-is-layout-2 wp-block-columns-is-layout-flex\">\n<div class=\"wp-block-column is-layout-flow wp-block-column-is-layout-flow\" style=\"flex-basis:33.33%\">\n<div class=\"wp-block-image\"><figure class=\"aligncenter size-large is-resized\"><img loading=\"lazy\" decoding=\"async\" src=\"https:\/\/centcols.org\/backup\/wp-content\/uploads\/2023\/01\/OR-4.jpg\" alt=\"\" width=\"115\" height=\"113\"\/><\/figure><\/div>\n<\/div>\n\n\n\n<div class=\"wp-block-column is-layout-flow wp-block-column-is-layout-flow\" style=\"flex-basis:66.66%\">\n<p class=\"has-medium-font-size\">Openrunner is a mapping and itinerary making site, that is a partner of the Club des Cent Cols<\/p>\n<\/div>\n<\/div>\n\n\n\n<p class=\"has-medium-font-size\">On the Club des Cent Cols website, go to JOIN US then HOW TO DO : <a href=\"https:\/\/centcols.org\/backup\/en\/comment-faire\/\" title=\"\">https:\/\/centcols.org\/backup\/how to do<\/a> <\/p>\n\n\n\n<p class=\"has-medium-font-size\">There, follow the tutorial MAKE YOUR LIST WITH OPENRUNNER.<\/p>\n\n\n\n<p class=\"has-medium-font-size\">Col&nbsp; by col, you will be able to mark the cols you have done and make up your list of cols.<\/p>\n\n\n\n<p class=\"has-medium-font-size\">It wil be much quicker and easier to do if you use the gpx track that you got from \u00ab&nbsp;cols sur traces&nbsp;\u00bb (cf above \u00a7 1-1) : all the cols will be marked on your track.<\/p>\n\n\n\n<h2 class=\"kt-adv-heading_6b5bf7-26 wp-block-kadence-advancedheading\" data-kb-block=\"kb-adv-heading_6b5bf7-26\">3 &#8211; Using <a href=\"https:\/\/veloenfrance.fr\/defis\/cent-cols\" target=\"_blank\" rel=\"noopener\" title=\"\">VeloenFrance<\/a><\/h2>\n\n\n\n<div class=\"wp-block-columns is-layout-flex wp-container-core-columns-is-layout-3 wp-block-columns-is-layout-flex\">\n<div class=\"wp-block-column is-layout-flow wp-block-column-is-layout-flow\" style=\"flex-basis:33.33%\">\n<div class=\"wp-block-image\"><figure class=\"alignright size-large is-resized\"><img loading=\"lazy\" decoding=\"async\" src=\"https:\/\/centcols.org\/backup\/le-partenariat-club-des-cent-cols-federation-francaise-de-cyclotourisme\/image2-3-2\/\" alt=\"\" width=\"241\" height=\"67\"\/><\/figure><\/div>\n<\/div>\n\n\n\n<div class=\"wp-block-column is-layout-flow wp-block-column-is-layout-flow\" style=\"flex-basis:66.66%\">\n<p class=\"has-medium-font-size\">Veloenfrance is a site of the F\u00e9d\u00e9ration Fran\u00e7aise de Cyclotourisme<\/p>\n<\/div>\n<\/div>\n\n\n\n<p class=\"has-medium-font-size\">If you are used to this site,<\/p>\n\n\n\n<ul>\n<li><span style=\"font-size: 20px; font-family: arial, helvetica, sans-serif;\">clicking on the Club logo positioned on each col, will give you its name, its altitude and its category ;<\/span><\/li>\n<li><span style=\"font-size: 20px; font-family: arial, helvetica, sans-serif;\">a further click shows our \u00ab\u00a0visualiser\u00a0\u00bb\u00a0of the col ; with more information (code, maps, photos, documents)\u00a0<\/span><\/li>\n<\/ul>\n\n\n\n<p class=\"has-medium-font-size\">The only disadvantage, veloenfrance only treats road cols and easily rideable off-road ones (called R1 and S1 in our jargon) for about a dozen European countries.<\/p>\n\n\n\n<div class=\"wp-block-image\"><figure class=\"aligncenter size-large is-resized\"><img loading=\"lazy\" decoding=\"async\" src=\"https:\/\/centcols.org\/backup\/wp-content\/uploads\/2023\/08\/Image5.jpg\" alt=\"\" class=\"wp-image-76455\" width=\"612\" height=\"394\"\/><\/figure><\/div>\n\n\n\n<h2 class=\"kt-adv-heading_ffd271-c0 wp-block-kadence-advancedheading\" data-kb-block=\"kb-adv-heading_ffd271-c0\">4 &#8211; <strong>A final<\/strong> question?<\/h2>\n\n\n\n<p class=\"has-medium-font-size\">Do you know, for example, where \u00ab&nbsp;Foce di Travo&nbsp;\u00bb, or the &nbsp;\u00bb Col de la Berg\u00e8re&nbsp;\u00bb or the \u00ab&nbsp;Col de l\u2019Aire dei Masco&nbsp;\u00bb or other as obscure cols can be found ?<\/p>\n\n\n\n<p class=\"has-medium-font-size\">No ? Its often the same for us : our teams have found more than 100,000 cols worldwide, have validated nearly all, and we know hardly any by heart.<\/p>\n\n\n\n<p class=\"has-medium-font-size\">So, take the full name of the col that you are looking for, add <a href=\"http:\/\/centcols.net\/\">centcols.net<\/a>,&nbsp; and enter it in&nbsp; a search engine like Google or Qwant. For example on Qwant :<\/p>\n\n\n\n<div class=\"wp-block-image\"><figure class=\"aligncenter size-large\"><img loading=\"lazy\" decoding=\"async\" width=\"698\" height=\"239\" src=\"https:\/\/centcols.org\/backup\/wp-content\/uploads\/2023\/08\/Image6.jpg\" alt=\"\" class=\"wp-image-76461\" srcset=\"https:\/\/centcols.org\/backup\/wp-content\/uploads\/2023\/08\/Image6.jpg 698w, https:\/\/centcols.org\/backup\/wp-content\/uploads\/2023\/08\/Image6-500x171.jpg 500w, https:\/\/centcols.org\/backup\/wp-content\/uploads\/2023\/08\/Image6-600x205.jpg 600w\" sizes=\"(max-width: 698px) 100vw, 698px\" \/><\/figure><\/div>\n\n\n\n<p class=\"has-medium-font-size\">It will be very probable that they will find the col you are looking for and give you all the information on it with photos, even this link :<\/p>\n\n\n\n<p class=\"has-text-align-center has-medium-font-size\"><a href=\"https:\/\/centcols.org\/backup\/util\/geo\/visu.php?code=FR-2A-0050\">https:\/\/centcols.org\/backup\/util\/geo\/visu.php?code=FR-2A-0050<\/a><\/p>\n\n\n\n<p class=\"has-medium-font-size\">This link will open our col visualiser :<\/p>\n\n\n\n<div class=\"wp-block-image\"><figure class=\"aligncenter size-large\"><img loading=\"lazy\" decoding=\"async\" width=\"817\" height=\"652\" src=\"https:\/\/centcols.org\/backup\/wp-content\/uploads\/2023\/08\/Capture-decran-2023-08-13-113348.jpg\" alt=\"\" class=\"wp-image-76467\" srcset=\"https:\/\/centcols.org\/backup\/wp-content\/uploads\/2023\/08\/Capture-decran-2023-08-13-113348.jpg 817w, https:\/\/centcols.org\/backup\/wp-content\/uploads\/2023\/08\/Capture-decran-2023-08-13-113348-500x399.jpg 500w, https:\/\/centcols.org\/backup\/wp-content\/uploads\/2023\/08\/Capture-decran-2023-08-13-113348-768x613.jpg 768w, https:\/\/centcols.org\/backup\/wp-content\/uploads\/2023\/08\/Capture-decran-2023-08-13-113348-600x479.jpg 600w\" sizes=\"(max-width: 817px) 100vw, 817px\" \/><\/figure><\/div>\n\n\n\n<p class=\"has-medium-font-size\">If, despite all this, you don&#8217;t succeed, don&#8217;t despair. Contact our vice-president, Nadine Giraudeau, at <a href=\"mailto:inscriptions@centcols.net\" target=\"_blank\" rel=\"noopener\" title=\"\">inscriptions@centcols.net<\/a>. She looks after new member subscriptions, and will be delighted to help you.<\/p>\n","protected":false},"excerpt":{"rendered":"<p>You&#8217;ve climbed some cols, and maybe more than you think as some don&#8217;t have a sign at the top and you may have crossed them without knowing they were named. You&#8217;ve climbed at least 100 cols, including 5 over 2000 m, or you&#8217;re nearly there ? It&#8217;s time to start thinking about joining the Club [&hellip;]<\/p>\n","protected":false},"author":397,"featured_media":0,"parent":0,"menu_order":0,"comment_status":"closed","ping_status":"closed","template":"","meta":{"_acf_changed":false,"ub_ctt_via":"","_monsterinsights_skip_tracking":false,"_monsterinsights_sitenote_active":false,"_monsterinsights_sitenote_note":"","_monsterinsights_sitenote_category":0,"footnotes":""},"acf":[],"featured_image_urls":{"full":"","thumbnail":"","medium":"","medium_large":"","large":"","1536x1536":"","2048x2048":"","woocommerce_thumbnail":"","woocommerce_single":"","woocommerce_gallery_thumbnail":""},"post_excerpt_stackable":"<p>You&#8217;ve climbed some cols, and maybe more than you think as some don&#8217;t have a sign at the top and you may have crossed them without knowing they were named. You&#8217;ve climbed at least 100 cols, including 5 over 2000 m, or you&#8217;re nearly there ? It&#8217;s time to start thinking about joining the Club des Cent Cols ! Get to know the Rules of the Game to be sure that you&#8217;ve \u00ab\u00a0nailed it\u00a0\u00bb ; they will show you, notably, that no proof is required for your cols climbed, your word is quite sufficient. That done, all you need to&hellip;<\/p>\n","category_list":"","author_info":{"name":"Denis Chouquet-Stringer","url":"https:\/\/centcols.org\/backup\/en\/author\/6183\/"},"comments_num":"0 comments","featured_image_urls_v2":{"full":"","thumbnail":"","medium":"","medium_large":"","large":"","1536x1536":"","2048x2048":"","woocommerce_thumbnail":"","woocommerce_single":"","woocommerce_gallery_thumbnail":""},"post_excerpt_stackable_v2":"<p>You&#8217;ve climbed some cols, and maybe more than you think as some don&#8217;t have a sign at the top and you may have crossed them without knowing they were named. You&#8217;ve climbed at least 100 cols, including 5 over 2000 m, or you&#8217;re nearly there ? It&#8217;s time to start thinking about joining the Club des Cent Cols ! Get to know the Rules of the Game to be sure that you&#8217;ve \u00ab\u00a0nailed it\u00a0\u00bb ; they will show you, notably, that no proof is required for your cols climbed, your word is quite sufficient. That done, all you need to&hellip;<\/p>\n","category_list_v2":"","author_info_v2":{"name":"Denis Chouquet-Stringer","url":"https:\/\/centcols.org\/backup\/en\/author\/6183\/"},"comments_num_v2":"0 comments","featured_image_src":null,"_links":{"self":[{"href":"https:\/\/centcols.org\/backup\/en\/wp-json\/wp\/v2\/pages\/76496"}],"collection":[{"href":"https:\/\/centcols.org\/backup\/en\/wp-json\/wp\/v2\/pages"}],"about":[{"href":"https:\/\/centcols.org\/backup\/en\/wp-json\/wp\/v2\/types\/page"}],"author":[{"embeddable":true,"href":"https:\/\/centcols.org\/backup\/en\/wp-json\/wp\/v2\/users\/397"}],"replies":[{"embeddable":true,"href":"https:\/\/centcols.org\/backup\/en\/wp-json\/wp\/v2\/comments?post=76496"}],"version-history":[{"count":0,"href":"https:\/\/centcols.org\/backup\/en\/wp-json\/wp\/v2\/pages\/76496\/revisions"}],"wp:attachment":[{"href":"https:\/\/centcols.org\/backup\/en\/wp-json\/wp\/v2\/media?parent=76496"}],"curies":[{"name":"wp","href":"https:\/\/api.w.org\/{rel}","templated":true}]}}