{"id":78148,"date":"2023-11-26T14:38:50","date_gmt":"2023-11-26T13:38:50","guid":{"rendered":"https:\/\/centcols.org\/backup\/?page_id=78148"},"modified":"2023-12-30T18:10:17","modified_gmt":"2023-12-30T17:10:17","slug":"licences-ffct-2024","status":"publish","type":"page","link":"https:\/\/centcols.org\/backup\/en\/licences-ffct-2024\/","title":{"rendered":"FFCT Sport  License"},"content":{"rendered":"\n<pre class=\"wp-block-preformatted\">R\u00e9dig\u00e9 par Herv\u00e9 RETI\u00c8RE<\/pre>\n\n\n<p><span style=\"font-family: arial, helvetica, sans-serif;\">The Club des Cent Cols (#06384) offers its members the possibility to take a FFCT licence. When you join the Club des Cent Cols, it means you have a passion for cycling in mountainous areas, be it on a road, or a mountain or a gravel bike.<\/span><\/p>\n<p><span style=\"font-family: arial, helvetica, sans-serif;\"><strong><u>Important to note\u00a0:<\/u><\/strong><\/span><\/p>\n<p><span style=\"font-family: arial, helvetica, sans-serif;\">(*) FFCT licences are delivered only to the members of the Club des Cent Cols as well as associate members who are up to date with their yearly subscription to the Club.<\/span><\/p>\n<p><span style=\"font-family: arial, helvetica, sans-serif; color: #000000;\"><strong>The subscription fee is \u20ac15.00 for the Club members and \u20ac7.50 for associate members.<\/strong><\/span><\/p>\n<p><span style=\"color: #0000ff; font-family: arial, helvetica, sans-serif;\"><em>Please note that you can pay the <\/em><em>\u20ac15.00 fee by check to \u00ab\u00a0Club des Cent Cols\u00a0\u00bb or by bank transfer while requesting your licence to the secretary of the Club (You must make one payment for both the licence and Club subscription).<\/em><\/span><\/p>\n<h2><span style=\"font-family: arial, helvetica, sans-serif;\">Licenses for 2024 season<\/span><\/h2>\n<p><span style=\"font-family: arial, helvetica, sans-serif;\"><strong>The subscription fees to the FFCT licence, the federal magazine and the insurance policy will be the same as last year.<\/strong><\/span><\/p>\n<p><span style=\"font-family: arial, helvetica, sans-serif;\">To be able to choose WHICH INSURANCE OPTION you want (mini-braquet, petit-braquet or grand-braquet), please have a look at the TABLES PUBLISHED BY THE FFCT EXPLAINING THE VARIOUS COVERAGE AND COSTS\u00a0:<\/span><\/p>\n<p><span style=\"font-family: arial, helvetica, sans-serif;\">For information\u00a0: <a href=\"https:\/\/centcols.org\/backup\/wp-content\/uploads\/2023\/11\/2024-Tarifs-Clubs-Saison.pdf\"><u>Clubs PRICE LIST \u2013 2024 Season<\/u><\/a><em>(FFCT document)<\/em><\/span>.<\/p>\n<p><span style=\"font-family: arial, helvetica, sans-serif;\">For information\u00a0: <a href=\"https:\/\/centcols.org\/backup\/wp-content\/uploads\/2023\/11\/2024-Notice-dInformation-Assurance-AXA.pdf\"><u>A SUMMARY OF THE 2024 POLICY DOCUMENT<\/u><\/a><em>(FFCT document)<\/em>. This document informs you about the various guarantees and terms offered according to the option chosen.<\/span><\/p>\n<h2><span style=\"font-family: arial, helvetica, sans-serif;\">Medical Certificate &#8211; QS-Sport questionnaire ?<\/span><\/h2>\n<p><span style=\"font-family: arial, helvetica, sans-serif;\"><strong>The medical certificate will remain <u>compulsory <\/u>only for cyclists who take part in a <u>cyclo sporting event.<\/u><\/strong><\/span><\/p>\n<p><span style=\"font-family: arial, helvetica, sans-serif;\"><strong><a href=\"https:\/\/centcols.org\/backup\/wp-content\/uploads\/2023\/11\/2024-Questionnaire-Sante.pdf\">The QS-Sport questionnaire<\/a> has been modified by the Federation to make it more complete. This questionnaire is confidential, which means you should not send it to your club but you keep it home for your self after reading it attentively.<\/strong><\/span><\/p>\n<p><span style=\"font-family: arial, helvetica, sans-serif;\"><strong>In the document \u00ab\u00a01- 2024 licence request\u00a0\u00bb, you must acknowledge you are informed of health risks as exposed in the questionnaire ticking.<\/strong>\u00a0 \u00a0 \u00a0 \u00a0 \u00a0 \u00a0 \u00a0 \u00a0<\/span><\/p>\n<p><span style=\"color: initial; font-size: revert; font-family: arial, helvetica, sans-serif;\">\u00a0 \u00a0I\u2019vereadthese questions attentively.<\/span><\/p>\n<h2><span style=\"font-family: arial, helvetica, sans-serif;\">Documents required<\/span><\/h2>\n<p><span style=\"font-family: arial, helvetica, sans-serif;\">1- <u>Request for 2024 licence<\/u> (One form per family). The procedure has been simplified\u00a0: you need to fill in only<u>one<\/u><u> subscription form<\/u>, size A4 recto verso, containing a list of questions and the \u00ab\u00a0AXA insurance coupon\u00a0\u00bb.<\/span><\/p>\n<p><span style=\"font-family: arial, helvetica, sans-serif;\"><strong>If you send your form by post, please mention \u00ab Club des Cent Cols \u00bb in the address.<\/strong><\/span><\/p>\n<p><span style=\"font-family: arial, helvetica, sans-serif;\">You can also use the Internet to email your subscription form and make your bank transfer to the \u00ab\u00a0Club des Cent Cols\u00a0\u00bb.<\/span><\/p>\n<p><span style=\"font-family: arial, helvetica, sans-serif;\">If so<strong>, <\/strong>please attach a copy of the transfer voucher \u00a0to help the secretary in the data processing of all the subscriptions they receive,<\/span><\/p>\n<h2><span style=\"font-family: arial, helvetica, sans-serif;\">Documents for FFCT insurances<\/span><\/h2>\n<p><span style=\"font-family: arial, helvetica, sans-serif;\"><a href=\"https:\/\/centcols.org\/backup\/wp-content\/uploads\/2023\/11\/2024-Notice-dInformation-Assurance-AXA-1.pdf\">2 \u2013 <u>2024 AXA information leaf let.<\/u><\/a> This document must be read carefully. The coupon inserted in \u00ab\u00a01-Request for 2024 licences\u00a0\u00bb must be signed.<\/span><\/p>\n<p><span style=\"font-family: arial, helvetica, sans-serif;\"><strong>The e-licence will be sent directly to the address you have given<\/strong>.<\/span><\/p>\n<p><span style=\"font-family: arial, helvetica, sans-serif;\">If you do not have an email address, give the address of the secretary who will forward the licence to you<\/span>.<\/p>\n<p><span style=\"color: #0000ff; font-family: arial, helvetica, sans-serif;\"><span style=\"color: #000000;\"><strong>For any further information<\/strong><\/span><\/span><\/p>\n<h3><span style=\"color: #0000ff; font-family: arial, helvetica, sans-serif; font-size: 16px;\"><span style=\"color: #000000;\"><strong>Contact :<\/strong><\/span><\/span><\/h3>\n<p><span style=\"font-size: 14px;\"><span style=\"color: #0000ff; font-family: arial, helvetica, sans-serif;\"><span style=\"color: #000000;\">Club des Cent Cols<br \/>Herv\u00e9 Reti\u00e8re<br \/><\/span><\/span><span style=\"color: #0000ff;\"><span style=\"color: #000000;\"><span style=\"font-family: arial, helvetica, sans-serif;\">28 Rue La Fontaine<\/span><br \/><span style=\"font-family: arial, helvetica, sans-serif;\">95240 Cormeilles-en-Parisis<\/span><br \/><span style=\"font-family: arial, helvetica, sans-serif;\">+33 (0)7.49.83.64.20<\/span><br \/><span style=\"font-family: arial, helvetica, sans-serif;\"><a href=\"mailto:secretaire@centcols.net\" target=\"_blank\" rel=\"noopener noreferrer\">secretaire@centcols.net<\/a> <\/span><\/span><\/span><\/span><\/p>\n\n\n<p><\/p>\n","protected":false},"excerpt":{"rendered":"<p>R\u00e9dig\u00e9 par Herv\u00e9 RETI\u00c8RE The Club des Cent Cols (#06384) offers its members the possibility to take a FFCT licence. When you join the Club des Cent Cols, it means you have a passion for cycling in mountainous areas, be it on a road, or a mountain or a gravel bike. Important to note\u00a0: (*) [&hellip;]<\/p>\n","protected":false},"author":69,"featured_media":0,"parent":0,"menu_order":0,"comment_status":"closed","ping_status":"closed","template":"","meta":{"_acf_changed":false,"ub_ctt_via":"","_monsterinsights_skip_tracking":false,"_monsterinsights_sitenote_active":false,"_monsterinsights_sitenote_note":"","_monsterinsights_sitenote_category":0,"footnotes":""},"acf":[],"featured_image_urls":{"full":"","thumbnail":"","medium":"","medium_large":"","large":"","1536x1536":"","2048x2048":"","woocommerce_thumbnail":"","woocommerce_single":"","woocommerce_gallery_thumbnail":""},"post_excerpt_stackable":"<p>R\u00e9dig\u00e9 par Herv\u00e9 RETI\u00c8RE The Club des Cent Cols (#06384) offers its members the possibility to take a FFCT licence. When you join the Club des Cent Cols, it means you have a passion for cycling in mountainous areas, be it on a road, or a mountain or a gravel bike. Important to note\u00a0: (*) FFCT licences are delivered only to the members of the Club des Cent Cols as well as associate members who are up to date with their yearly subscription to the Club. The subscription fee is \u20ac15.00 for the Club members and \u20ac7.50 for associate members.&hellip;<\/p>\n","category_list":"","author_info":{"name":"Enrico Alberini","url":"https:\/\/centcols.org\/backup\/en\/author\/5065\/"},"comments_num":"0 comments","featured_image_urls_v2":{"full":"","thumbnail":"","medium":"","medium_large":"","large":"","1536x1536":"","2048x2048":"","woocommerce_thumbnail":"","woocommerce_single":"","woocommerce_gallery_thumbnail":""},"post_excerpt_stackable_v2":"<p>R\u00e9dig\u00e9 par Herv\u00e9 RETI\u00c8RE The Club des Cent Cols (#06384) offers its members the possibility to take a FFCT licence. When you join the Club des Cent Cols, it means you have a passion for cycling in mountainous areas, be it on a road, or a mountain or a gravel bike. Important to note\u00a0: (*) FFCT licences are delivered only to the members of the Club des Cent Cols as well as associate members who are up to date with their yearly subscription to the Club. The subscription fee is \u20ac15.00 for the Club members and \u20ac7.50 for associate members.&hellip;<\/p>\n","category_list_v2":"","author_info_v2":{"name":"Enrico Alberini","url":"https:\/\/centcols.org\/backup\/en\/author\/5065\/"},"comments_num_v2":"0 comments","featured_image_src":null,"_links":{"self":[{"href":"https:\/\/centcols.org\/backup\/en\/wp-json\/wp\/v2\/pages\/78148"}],"collection":[{"href":"https:\/\/centcols.org\/backup\/en\/wp-json\/wp\/v2\/pages"}],"about":[{"href":"https:\/\/centcols.org\/backup\/en\/wp-json\/wp\/v2\/types\/page"}],"author":[{"embeddable":true,"href":"https:\/\/centcols.org\/backup\/en\/wp-json\/wp\/v2\/users\/69"}],"replies":[{"embeddable":true,"href":"https:\/\/centcols.org\/backup\/en\/wp-json\/wp\/v2\/comments?post=78148"}],"version-history":[{"count":0,"href":"https:\/\/centcols.org\/backup\/en\/wp-json\/wp\/v2\/pages\/78148\/revisions"}],"wp:attachment":[{"href":"https:\/\/centcols.org\/backup\/en\/wp-json\/wp\/v2\/media?parent=78148"}],"curies":[{"name":"wp","href":"https:\/\/api.w.org\/{rel}","templated":true}]}}