{"id":34524,"date":"2015-07-17T20:50:18","date_gmt":"2015-07-17T18:50:18","guid":{"rendered":"http:\/\/centcols.org\/backup\/flux-rss\/"},"modified":"2020-04-12T15:14:40","modified_gmt":"2020-04-12T13:14:40","slug":"flux-rss","status":"publish","type":"page","link":"https:\/\/centcols.org\/backup\/it\/flux-rss\/","title":{"rendered":"Flusso RSS"},"content":{"rendered":"<p>Un <em>flusso RSS<\/em> (RSS\u00a0 \u00e8 Really Simple Syndication) \u00e8 un fllusso che permette ai propri abbonati di recuperare automaticamente una parte (titolo o estratto) o la totalit\u00e0 di un articolo di nuova creazione. I flussi <em>RSS <\/em>permettono di seguire l&#8217;attualit\u00e0 di un sito senza essere obbligati a visitarlo. Il file RSS pu\u00f2 essere letto dalla maggior parte dei browser, da delle applicazioni web specializzati o anche da programmi di gestione della posta elettronica installato sul vostro computer.<\/p>\n<p>I flussi RSS possono anche essere utilizzati per effettuare dei collegamenti automatici tra i siti.<\/p>\n<p><strong>Abbonandovi sarete informati automaticamente e in tempo reale degli ultimi aggiornamenti del sito<\/strong>.<\/p>\n<h2><b><\/b>Abbonarsi ad un programma di posta elettronica<\/h2>\n<p>Ricopiate l&#8217;url qui sotto per abbonarvi al flusso RSS nel vostro programma di posta elettronica<\/p>\n<p>https:\/\/centcols.org\/backup\/feed\/<\/p>\n<p><a href=\"https:\/\/centcols.org\/backup\/it\/configurer-messagerie-pour-flux-rss\/\" target=\"_blank\" rel=\"noopener noreferrer\">cliccate qui per vedere la documentazione\u00a0<\/a><\/p>\n<h2>Abbonarsi in un browser<\/h2>\n<p>Nella maggior parte dei browser, la funzione RSS non \u00e8 pi\u00f9 offerta di deafult. E&#8217; perci\u00f2 necessario installare una estensione. Aprite &#8220;estensioni&#8221; o &#8220;moduli complementari&#8221; o un&#8217;altra formulazione equivalente nel menu del vostro browser e cercateci &#8220;rss&#8221;. Quali estensioni esistono dipende dal browser (Firefox, Chrome, Edge, Safari, Opera&#8230;) e questo cambia nel tempo. Questa \u00e8 la ragione per cui non possiamo fornire qui un consiglio pi\u00f9 preciso.Fate perci\u00f2 una vostra ricerca tra le estensioni attuali del vostro browser preferito. Dopo di questa installazione, cliccate sul collegamento qui sotto per abbonarvi.<\/p>\n<p><a href=\"https:\/\/centcols.org\/backup\/feed\/\" target=\"_blank\" rel=\"noopener noreferrer\">https:\/\/centcols.org\/backup\/feed\/<\/a><\/p>\n<p><a href=\"https:\/\/centcols.org\/backup\/it\/feed\/\">https:\/\/centcols.org\/backup\/it\/feed\/<\/a><\/p>\n<h2>Abbonarsi con un programma specifico<\/h2>\n<p>Se il vostro programma di posta elettronica non offre la possibilit\u00e0 di abbonarsi a un flusso RSS, provate un programma specificatamente previsto per questa funzione. Consigliamo di fare una ricerca su internet su &#8220;lettore rss per &#8230; (o &#8220;rss reader for &#8230;&#8221;), rimpiazzando i punti di sospensione col vostro sistema operativo (&#8220;linux&#8221;, &#8220;windows&#8221;, &#8220;mac os&#8221;, &#8220;android&#8221;&#8230;).<\/p>\n","protected":false},"excerpt":{"rendered":"<p>Un flusso RSS (RSS\u00a0 \u00e8 Really Simple Syndication) \u00e8 un fllusso che permette ai propri abbonati di recuperare automaticamente una parte (titolo o estratto) o la totalit\u00e0 di un articolo di nuova creazione. I flussi RSS permettono di seguire l&#8217;attualit\u00e0 di un sito senza essere obbligati a visitarlo. Il file RSS pu\u00f2 essere letto dalla [&hellip;]<\/p>\n","protected":false},"author":69,"featured_media":0,"parent":0,"menu_order":0,"comment_status":"closed","ping_status":"closed","template":"","meta":{"_acf_changed":false,"ub_ctt_via":"","_monsterinsights_skip_tracking":false,"_monsterinsights_sitenote_active":false,"_monsterinsights_sitenote_note":"","_monsterinsights_sitenote_category":0,"footnotes":""},"acf":[],"featured_image_urls":{"full":"","thumbnail":"","medium":"","medium_large":"","large":"","1536x1536":"","2048x2048":"","woocommerce_thumbnail":"","woocommerce_single":"","woocommerce_gallery_thumbnail":""},"post_excerpt_stackable":"<p>Un flusso RSS (RSS\u00a0 \u00e8 Really Simple Syndication) \u00e8 un fllusso che permette ai propri abbonati di recuperare automaticamente una parte (titolo o estratto) o la totalit\u00e0 di un articolo di nuova creazione. I flussi RSS permettono di seguire l&#8217;attualit\u00e0 di un sito senza essere obbligati a visitarlo. Il file RSS pu\u00f2 essere letto dalla maggior parte dei browser, da delle applicazioni web specializzati o anche da programmi di gestione della posta elettronica installato sul vostro computer. I flussi RSS possono anche essere utilizzati per effettuare dei collegamenti automatici tra i siti. Abbonandovi sarete informati automaticamente e in tempo reale&hellip;<\/p>\n","category_list":"","author_info":{"name":"Enrico Alberini","url":"https:\/\/centcols.org\/backup\/it\/author\/5065\/"},"comments_num":"0 commenti","featured_image_urls_v2":{"full":"","thumbnail":"","medium":"","medium_large":"","large":"","1536x1536":"","2048x2048":"","woocommerce_thumbnail":"","woocommerce_single":"","woocommerce_gallery_thumbnail":""},"post_excerpt_stackable_v2":"<p>Un flusso RSS (RSS\u00a0 \u00e8 Really Simple Syndication) \u00e8 un fllusso che permette ai propri abbonati di recuperare automaticamente una parte (titolo o estratto) o la totalit\u00e0 di un articolo di nuova creazione. I flussi RSS permettono di seguire l&#8217;attualit\u00e0 di un sito senza essere obbligati a visitarlo. Il file RSS pu\u00f2 essere letto dalla maggior parte dei browser, da delle applicazioni web specializzati o anche da programmi di gestione della posta elettronica installato sul vostro computer. I flussi RSS possono anche essere utilizzati per effettuare dei collegamenti automatici tra i siti. Abbonandovi sarete informati automaticamente e in tempo reale&hellip;<\/p>\n","category_list_v2":"","author_info_v2":{"name":"Enrico Alberini","url":"https:\/\/centcols.org\/backup\/it\/author\/5065\/"},"comments_num_v2":"0 commenti","featured_image_src":null,"_links":{"self":[{"href":"https:\/\/centcols.org\/backup\/it\/wp-json\/wp\/v2\/pages\/34524"}],"collection":[{"href":"https:\/\/centcols.org\/backup\/it\/wp-json\/wp\/v2\/pages"}],"about":[{"href":"https:\/\/centcols.org\/backup\/it\/wp-json\/wp\/v2\/types\/page"}],"author":[{"embeddable":true,"href":"https:\/\/centcols.org\/backup\/it\/wp-json\/wp\/v2\/users\/69"}],"replies":[{"embeddable":true,"href":"https:\/\/centcols.org\/backup\/it\/wp-json\/wp\/v2\/comments?post=34524"}],"version-history":[{"count":0,"href":"https:\/\/centcols.org\/backup\/it\/wp-json\/wp\/v2\/pages\/34524\/revisions"}],"wp:attachment":[{"href":"https:\/\/centcols.org\/backup\/it\/wp-json\/wp\/v2\/media?parent=34524"}],"curies":[{"name":"wp","href":"https:\/\/api.w.org\/{rel}","templated":true}]}}