{"id":34527,"date":"2015-04-24T14:52:22","date_gmt":"2015-04-24T12:52:22","guid":{"rendered":"http:\/\/centcols.org\/backup\/liens\/"},"modified":"2020-02-17T15:43:38","modified_gmt":"2020-02-17T14:43:38","slug":"liens-it","status":"publish","type":"page","link":"https:\/\/centcols.org\/backup\/it\/liens-it\/","title":{"rendered":"Link amici"},"content":{"rendered":"<h2>I siti di ciclismo dei membri del Club des Cent Cols<\/h2>\n<blockquote><p>Essi mantengono un sito internet, per loro stessi o per il loro club&#8230; Una stessa passione : la bicicletta\u00a0 !<\/p><\/blockquote>\n<p>Le liste dei passi presentati su questi siti non impegnano che i loro autori.<br \/>\nIl Club des Cent Cols non ammette alcuni tra loro.<br \/>\nIl Club des Cent Cols pubblica le proprie liste di passi corrispondenti alla propria regola del gioco.<\/p>\n<ul>\n<li><strong>Sascha Resch (n\u00b0 7702)<\/strong> : <a href=\"https:\/\/alpenvettern.de\/\" target=\"_blank\" rel=\"noopener noreferrer\">Alpenvettern<\/a><\/li>\n<li><strong>Jean Philippe Battu (n\u00b0 5874) :<\/strong> <a href=\"http:\/\/jeanpba.homeip.net\/\" target=\"_blank\" rel=\"noopener noreferrer\">Le Cyclotourisme virtuel<\/a><br \/>\nNon mancate di leggere le pagine dedicate alla Paris Brest Paris 2004, cosi come\u00a0 &#8220;l&#8217;angolo cucina&#8221;&#8230;<\/li>\n<li><strong>Ursula et Alain Besson (n\u00b0 7036 et n\u00b07037) :<\/strong> <a href=\"http:\/\/ursalain.blogspot.fr\/\" target=\"_blank\" rel=\"noopener noreferrer\">Voyages \u00e0 v\u00e9lo<\/a><\/li>\n<li><strong>Jacques Bonin (n\u00b0 5614) :<\/strong> <a href=\"http:\/\/sapho.pagesperso-orange.fr\/\" target=\"_blank\" rel=\"noopener noreferrer\">R\u00e9sultats sportifs et Jeux culturels<\/a><\/li>\n<li><strong>Jean Pierre Canc\u00e9 (n\u00b04778) :<\/strong> <a href=\"http:\/\/lescheminsdemusarde.fr\/\" target=\"_blank\" rel=\"noopener noreferrer\">Les chemins de musarde<\/a><\/li>\n<li><strong>Maurice Cotte (n\u00b0 4758) :<\/strong> <a href=\"https:\/\/cyclomaurice.monsite-orange.fr\/\" target=\"_blank\" rel=\"noopener noreferrer\">Cyclo Maurice<\/a><\/li>\n<li><strong>Alain Darget (n\u00b01825) :<\/strong> <a href=\"http:\/\/moniqualain.over-blog.com\/\" target=\"_blank\" rel=\"noopener noreferrer\">http:\/\/moniqualain.blog.sfr.fr\/<\/a><\/li>\n<li><strong>Robert et Jo\u00eblle de Rudder (N\u00b05278 et 6642) :<\/strong> <a href=\"http:\/\/www.2rouesenliberte.fr\" target=\"_blank\" rel=\"noopener noreferrer\">www.2rouesenliberte.fr<\/a>\u00a0 V\u00e9lo-voyages en tandem<\/li>\n<li><strong>Hubert Delesalle (n\u00b07152)<\/strong> : <a href=\"http:\/\/www.randonnee-cyclo.com\/\" target=\"_blank\" rel=\"noopener noreferrer\">http:\/\/www.randonnee-cyclo.com\/<\/a>\u00a0 .Pi\u00f9 di 1500 uscite, tutte repertoriate, descritte e classificate per regione, per tipo e per anno. E in complemento il suo blog : <a href=\"http:\/\/jerandonne.blogspot.fr\/\" target=\"_blank\" rel=\"noopener noreferrer\">http:\/\/jerandonne.blogspot.fr\/<\/a><\/li>\n<li><strong>Baptiste Fontaine (n\u00b06965) :<\/strong> <a href=\"http:\/\/cestdurlevelo.over-blog.com\/\" target=\"_blank\" rel=\"noopener noreferrer\">C&#8217;est dur le v\u00e9lo<\/a><\/li>\n<li><strong>Guy Garcin (n\u00b02880) :<\/strong> <a href=\"http:\/\/love-velo.fr\/\" target=\"_blank\" rel=\"noopener noreferrer\">Love-velo<\/a><\/li>\n<li><strong>Alain Gillodes (n\u00b0722) :<\/strong> <a href=\"http:\/\/www.alaingillodes.fr\/\" target=\"_blank\" rel=\"noopener noreferrer\">Le site d&#8217;Alain Gillodes<\/a><\/li>\n<li><strong>Francois Hennebert (n\u00b05532) :<\/strong><a href=\"http:\/\/velo.hennebert.fr\/\" target=\"_blank\" rel=\"noopener noreferrer\"> un sito di viaggi in bicicletta<\/a>. Dal 2007, Fran\u00e7ois ha effettuato numerosi viaggi in bicicletta (America del sud, Nuova Zelanda&#8230;) e alcuni sono stati oggetto d&#8217;articoli sulla rivista dei cent cols.<\/li>\n<li><strong>Laurent Jubin (n\u00b05399) :<\/strong> <a href=\"http:\/\/tandem.noir.pagesperso-orange.fr\/\" target=\"_blank\" rel=\"noopener noreferrer\">Tandem Noir<\/a><\/li>\n<li><strong>Jean Marc Lefevre (n\u00b03331) :<\/strong> <a href=\"http:\/\/jmlefevre.monsite-orange.fr\/\" target=\"_blank\" rel=\"noopener noreferrer\">&#8220;le v\u00e9lo passionn\u00e9ment&#8221;<\/a> cos\u00ec come un altro sito<u><span style=\"background-color: #bfe6ff; color: #b00000;\"> dedicato all<\/span><span style=\"color: #b00000;\"><a href=\"http:\/\/chaunyvenise.monsite-orange.fr\/\" target=\"_blank\" rel=\"noopener noreferrer\">a randonn\u00e9e Chauny &#8211; Venise<\/a><\/span><\/u><\/li>\n<li><strong><u><\/u>Marc Liaudon (n\u00b0289) :<\/strong> <a href=\"http:\/\/marc.liaudon.pagesperso-orange.fr\/\" target=\"_blank\" rel=\"noopener noreferrer\">Sito personale di Marc Liaudon<\/a><\/li>\n<li><strong>Alfeo Lotto (n\u00b05650) :<\/strong> <a href=\"http:\/\/cyclo-al.monsite-orange.fr\/\" target=\"_blank\" rel=\"noopener noreferrer\">Benvenuti a casa mia<\/a><\/li>\n<li><strong>Jacques Mancip (n\u00b04760) :<\/strong> <a href=\"http:\/\/passes-montagnes.fr\/\" target=\"_blank\" rel=\"noopener noreferrer\">Roses des Sables et 1000 Pertuis, cyclisme et cyclotourisme<\/a><\/li>\n<li><strong>Jerry Nilson (n\u00b05627) :<\/strong> <a href=\"http:\/\/cycloclimbing.com\/\" target=\"_blank\" rel=\"noopener noreferrer\">Cycloclimbing<\/a> Una risorsa interessante che riguarda gli alti passi delle Alpi e di altri luoghi.<\/li>\n<li><strong>Maurice Occelli (n\u00b0397) :<\/strong>\u00a0<a href=\"http:\/\/mocc.pagesperso-orange.fr\/\" target=\"_blank\" rel=\"noopener noreferrer\">il sito di Momo le cyclo<\/a><\/li>\n<li><strong>R\u00e9gis Paraz (n\u00b03225)<\/strong> : <a href=\"http:\/\/www.modachulvelo.com\" target=\"_blank\" rel=\"noopener noreferrer\">modachulvelo<\/a> non bisogna dire, bisogna fare. Il sito permette di seguire i viaggi itineranti di R\u00e9gis Paraz<\/li>\n<li><strong>Bernard &#8220;Biki&#8221; Pommel (n\u00b03094) :<\/strong> <a href=\"http:\/\/bikithebiker.blogspot.fr\/\" target=\"_blank\" rel=\"noopener noreferrer\">il blog di Biki<\/a><\/li>\n<li><strong>Andr\u00e9 Rudaz (n\u00b0814) :<\/strong> <a href=\"http:\/\/rudaz.magix.net\/public\/index.htm\" target=\"_blank\" rel=\"noopener noreferrer\">Benvenuti sul sito d&#8217;Andr\u00e9 Rudaz<\/a>.<\/li>\n<li><strong>Patrick Schleppi (n\u00b05845)<\/strong> : <a href=\"http:\/\/www.schleppi.ch\/patrick\/cycle\" target=\"_blank\" rel=\"noopener noreferrer\"><span style=\"font-family: Arial;\">Le avventure in bicicletta di\u00a0 Patrick Schleppi : itinerari nelle Alpi e nello Jura<\/span><\/a><span style=\"font-family: Arial;\">\u00a0 (francese-inglese-tedesco)<\/span><\/li>\n<li><strong>Fabien Tiberghien (n\u00b06541) :<\/strong> <a href=\"http:\/\/decolsencols1.canalblog.com\/\" target=\"_blank\" rel=\"noopener noreferrer\">di passo in passo<\/a>. Fabien mette a disposizione le descrizioni e le foto dei suoi percorsi alla conquista dei passi<\/li>\n<li><strong>Andr\u00e9 Tignon (n\u00b01583) :<\/strong> <a href=\"http:\/\/tignon.andre.free.fr\/\" target=\"_blank\" rel=\"noopener noreferrer\">Andr\u00e9 Tignon, Cent Cols 1583\u00a0<\/a><br \/>\nCiclo-reporter del Nord della Francia e del Belgio, vi invita a visitare l&#8217;universo del suo cicloturismo- Con dei Con dei reportage presentati come dei &#8220;foto romanzi&#8221;\u00a0 illustra la variet\u00e0 delle pratiche cicloturistiche<\/li>\n<li><strong>Max Tissot (n\u00b06785) :\u00a0<\/strong><a href=\"http:\/\/velomaxou.com\/\" target=\"_blank\" rel=\"noopener noreferrer\">velomaxou<\/a>\u00a0 cyclo des rues, cyclo des champs, actualit\u00e9 cyclo<\/li>\n<li><strong>Patricia V\u00e9ron (n\u00b03777) :<\/strong> <a href=\"http:\/\/desroutesdesoie.homeip.net\/\" target=\"_blank\" rel=\"noopener noreferrer\">Des routes de soie<br \/>\n<\/a><\/li>\n<li>potete seguire il viaggio in bicicletta sulle strade della seta di Patricia V\u00e9ron, Christian Serret e Pierre-Andr\u00e9 Sonzogno&#8230; Questo sito ha la sola pretesa di permetterci di condividere il nostro vagabondaggio su una delle numerose strade della seta. Vi permetter\u00e0 di seguire il nostro intinerario, i nostri colpi di cuore o di &#8230; Ci scoprirete i partecipanti, il materiale e delle altre piccole informazioni generali sul viaggio in bicicletta. Ad Aprile 2006, partiamo con le nostre bici da Valenza, per raggiungere Grenoble dove abitiamo, prima di allontanarci per un certo tempo alfine di pedalare verso una strada della seta&#8230;<br \/>\nA Fine Aprile 2006, c&#8217;\u00e8 la nostra separazione da Pierre-Andr\u00e9 Sonzogno, i nostri itinerari divergono. Per avere delle nostre notizie, abbiamo creato un blog : <a href=\"http:\/\/bourlinguebike.over-blog.org\/\" target=\"_blank\" rel=\"noopener noreferrer\">http:\/\/bourlinguebike.over-blog.org<\/a>. Una newsletter e un piccolo album fotografico vi aspettano.<\/li>\n<li><strong>Patricia V\u00e9ron (n\u00b03777) : <\/strong><a href=\"http:\/\/avelotoutsimplement.blogspot.fr\/\" target=\"_blank\" rel=\"noopener noreferrer\">A v\u00e9lo tout simplement<\/a><strong>\u00a0<\/strong><br \/>\nDopo le strade delle seta, scoprire il Capo Nord, poi attraversare la Russia da ovest a est, prima di finire negli stati uniti per attraversare l&#8217;America da nord a sud.<\/li>\n<li><strong>Annick (et Bruno) Versolatto (n\u00b05054) :<\/strong> <a href=\"http:\/\/www.roulmaloute.com\/\" target=\"_blank\" rel=\"noopener noreferrer\">Roul&#8217; ma loute&#8230;<\/a><br \/>\nDei viaggi in bicicletta su tutti i continenti, o quasi.<br \/>\nTroverete tra gli album fotografici foto del raduno tedesco 2005 a\u00a0 Wolfach nella Foresta Nera.<\/li>\n<li><strong>Eric Zammit (n\u00b07165) :<\/strong>\u00a0<a href=\"https:\/\/cyclocolsensolo.wordpress.com\/\" target=\"_blank\" rel=\"noopener noreferrer\">il blog d&#8217;Eric Zammit<\/a><\/li>\n<\/ul>\n<hr \/>\n<h2>Federazioni, Confraternite e Amichevoli :<\/h2>\n<h3>Francia<\/h3>\n<ul>\n<li><a href=\"http:\/\/ffct.org\/\" target=\"_blank\" rel=\"noopener noreferrer\">F\u00e9d\u00e9ration Fran\u00e7aise de Cyclotourisme<\/a><\/li>\n<li><a href=\"https:\/\/uctistes.wordpress.com\/ordre-des-cols-durs\/\" target=\"_blank\" rel=\"noopener noreferrer\">Ordre des Cols Durs<\/a><\/li>\n<li><a href=\"http:\/\/www.confreriedes650.org\/\" target=\"_blank\" rel=\"noopener noreferrer\">Confr\u00e9rie des 650<\/a><\/li>\n<li><a href=\"http:\/\/www.cci.asso.fr\/\" target=\"_blank\" rel=\"noopener noreferrer\">Cyclo-Camping International<\/a><\/li>\n<li><a href=\"http:\/\/diagonales.homelinux.net\/adf\/index.php\" target=\"_blank\" rel=\"noopener noreferrer\">Diagonales de France<\/a><\/li>\n<li><a href=\"http:\/\/www.audax-uaf.com\/\" target=\"_blank\" rel=\"noopener noreferrer\">Union des Audax Fran\u00e7ais<\/a><\/li>\n<li><a href=\"http:\/\/www.audax-club-parisien.com\/FR\/\" target=\"_blank\" rel=\"noopener noreferrer\">Audax Club Parisien<\/a><\/li>\n<li><a href=\"http:\/\/www.cyclocardiaques.org\/\" target=\"_blank\" rel=\"noopener noreferrer\">Amicale des Cyclos Cardiaques<\/a><\/li>\n<li><a href=\"http:\/\/www.clubcinglesventoux.org\/fr\/\" target=\"_blank\" rel=\"noopener noreferrer\">Les Cingl\u00e9s du Mont Ventoux<\/a><\/li>\n<li><a href=\"http:\/\/www.felesducolombier.fr\/\" target=\"_blank\" rel=\"noopener noreferrer\">Les F\u00eal\u00e9s du Grand Colombier<\/a><\/li>\n<li><a href=\"http:\/\/www.cyclos-cyclotes.org\/favoris.html\" target=\"_blank\" rel=\"noopener noreferrer\">Sites cyclotouristes fran\u00e7ais<\/a> : pagina di link esaustiva ma poco regolarmente aggiornata<\/li>\n<li><a href=\"https:\/\/fr.warmshowers.org\/\" target=\"_blank\" rel=\"noopener noreferrer\">Warmshowers<\/a> : la comunit\u00e0 Warm Showers \u00e8 un sistema di scambio gratuito d&#8217;alloggio tra ciclo-randonneur attraverso il mondo.<\/li>\n<\/ul>\n<h3>Europa<\/h3>\n<ul>\n<li><a href=\"http:\/\/www.ocd.org.uk\/\" target=\"_blank\" rel=\"noopener noreferrer\">OCD<\/a> : Ordre des Cols Durs in the UK\u00a0 (anglais)<\/li>\n<li><a href=\"http:\/\/bigcycling.eu\/\" target=\"_blank\" rel=\"noopener noreferrer\">BIG <\/a>: Sito del challenge BIG<\/li>\n<li><a style=\"outline: 1px dotted; outline-offset: 0px;\" href=\"http:\/\/www.ccriviera.ch\/\" target=\"_blank\" rel=\"noopener noreferrer\">Le Club Cyclotouriste de la Riviera<\/a> del nostro amico Pierre-Henri Mai<\/li>\n<li><a href=\"http:\/\/www.rsf.org.uk\/index.php?option=com_xmap&amp;view=html&amp;id=1&amp;Itemid=328\" target=\"_blank\" rel=\"noopener noreferrer\">The Rough Stuff Fellowship<\/a> : creato nel 1955 (&#8220;long before anyone had ever heard of Marin County&#8221;) questo amichevole raggruppa coloro che escono dai sentieri battuti, o almeno dalle strade asfaltate (inglese)<\/li>\n<\/ul>\n<h2>Viaggi<\/h2>\n<ul>\n<li>\u00a0<a href=\"http:\/\/www.trentobike.org\/byauthor\/CarstenGregersen.html\" target=\"_blank\" rel=\"noopener noreferrer\">Carsten&#8217;s Cycling Web<\/a> : Carsten Gregersen grande viaggiatore in bicicletta ci propone un sito dedicato al ciclismo in montagna, che riporta tra l&#8217;altro i resoconti dei suoi viaggi (principalmente nelle Alpi) (inglese, danese)<\/li>\n<li><a href=\"http:\/\/www.trentobike.org\/\" target=\"_blank\" rel=\"noopener noreferrer\">Trento Bike Pages<\/a> : dei link su tutti i paesi d&#8217;Europa, e qualche paese del\u00a0 Maghreb. Andreas Caranti mantiene uno dei migliori portali dedicati al viaggio in bicicletta (inglese)<\/li>\n<li><a href=\"http:\/\/www.masterlyinactivity.com\/\" target=\"_blank\" rel=\"noopener noreferrer\">Masterlyinactivity<\/a> propone dei resoconti di viaggi ciclistici in Messico, Guatemala, Per\u00f9&#8230; (inglese)<\/li>\n<\/ul>\n<h2>\u00a0Diversi :<\/h2>\n<ul>\n<li><a href=\"http:\/\/www.vtt.org\/\" target=\"_blank\" rel=\"noopener noreferrer\">VTTnet <\/a>:il grande sito di MTB di Roudou, Tom, e tutta la banda<\/li>\n<li><a href=\"http:\/\/www.salitomania.it\/\" target=\"_blank\" rel=\"noopener noreferrer\">Salitomania <\/a>: delle salite transalpine (italiano)<\/li>\n<li><a href=\"http:\/\/www.trentobike.org\/byauthor\/CarstenGregersen.html\" target=\"_blank\" rel=\"noopener noreferrer\">Virtual Alps<\/a> : I passi delle Alpi (inglese)<\/li>\n<li>Imperdibile sito d&#8217;una personalit\u00e0 del ciclismo : <a href=\"http:\/\/sheldonbrown.com\/home.html\" target=\"_blank\" rel=\"noopener noreferrer\">Sheldon Brown<\/a>. Non perdete la <a href=\"http:\/\/sheldonbrown.com\/real-man.html\" target=\"_blank\" rel=\"noopener noreferrer\">selle pour les hommes, les vrais<\/a>&#8230;<\/li>\n<li><a href=\"http:\/\/lpe-asso.org\/notre-association\/\">L&#8217;association Ligne de Partage\u00a0<\/a> ha per obiettivo di sviluppare qualsiasi attivit\u00e0 collegata con lo spartiacque tra l&#8217;oceano Atlantico e il mar Mediterraneo (detta \u00ab lnea A\/M \u00bb) che attraversa 9 paesi, dalla Repubblica Ceca al Marocco.<\/li>\n<\/ul>\n<h3><\/h3>\n<hr \/>\n<p>Un aiuto ? una modifica ? scrivete aiCent Cols : info@centcols.net<\/p>\n","protected":false},"excerpt":{"rendered":"<p>I siti di ciclismo dei membri del Club des Cent Cols Essi mantengono un sito internet, per loro stessi o per il loro club&#8230; Una stessa passione : la bicicletta\u00a0 ! Le liste dei passi presentati su questi siti non impegnano che i loro autori. Il Club des Cent Cols non ammette alcuni tra loro. [&hellip;]<\/p>\n","protected":false},"author":69,"featured_media":0,"parent":0,"menu_order":0,"comment_status":"closed","ping_status":"closed","template":"","meta":{"_acf_changed":false,"ub_ctt_via":"","_monsterinsights_skip_tracking":false,"_monsterinsights_sitenote_active":false,"_monsterinsights_sitenote_note":"","_monsterinsights_sitenote_category":0,"footnotes":""},"acf":[],"featured_image_urls":{"full":"","thumbnail":"","medium":"","medium_large":"","large":"","1536x1536":"","2048x2048":"","woocommerce_thumbnail":"","woocommerce_single":"","woocommerce_gallery_thumbnail":""},"post_excerpt_stackable":"<p>I siti di ciclismo dei membri del Club des Cent Cols Essi mantengono un sito internet, per loro stessi o per il loro club&#8230; Una stessa passione : la bicicletta\u00a0 ! Le liste dei passi presentati su questi siti non impegnano che i loro autori. Il Club des Cent Cols non ammette alcuni tra loro. Il Club des Cent Cols pubblica le proprie liste di passi corrispondenti alla propria regola del gioco. Sascha Resch (n\u00b0 7702) : Alpenvettern Jean Philippe Battu (n\u00b0 5874) : Le Cyclotourisme virtuel Non mancate di leggere le pagine dedicate alla Paris Brest Paris 2004, cosi&hellip;<\/p>\n","category_list":"","author_info":{"name":"Enrico Alberini","url":"https:\/\/centcols.org\/backup\/it\/author\/5065\/"},"comments_num":"0 commenti","featured_image_urls_v2":{"full":"","thumbnail":"","medium":"","medium_large":"","large":"","1536x1536":"","2048x2048":"","woocommerce_thumbnail":"","woocommerce_single":"","woocommerce_gallery_thumbnail":""},"post_excerpt_stackable_v2":"<p>I siti di ciclismo dei membri del Club des Cent Cols Essi mantengono un sito internet, per loro stessi o per il loro club&#8230; Una stessa passione : la bicicletta\u00a0 ! Le liste dei passi presentati su questi siti non impegnano che i loro autori. Il Club des Cent Cols non ammette alcuni tra loro. Il Club des Cent Cols pubblica le proprie liste di passi corrispondenti alla propria regola del gioco. Sascha Resch (n\u00b0 7702) : Alpenvettern Jean Philippe Battu (n\u00b0 5874) : Le Cyclotourisme virtuel Non mancate di leggere le pagine dedicate alla Paris Brest Paris 2004, cosi&hellip;<\/p>\n","category_list_v2":"","author_info_v2":{"name":"Enrico Alberini","url":"https:\/\/centcols.org\/backup\/it\/author\/5065\/"},"comments_num_v2":"0 commenti","featured_image_src":null,"_links":{"self":[{"href":"https:\/\/centcols.org\/backup\/it\/wp-json\/wp\/v2\/pages\/34527"}],"collection":[{"href":"https:\/\/centcols.org\/backup\/it\/wp-json\/wp\/v2\/pages"}],"about":[{"href":"https:\/\/centcols.org\/backup\/it\/wp-json\/wp\/v2\/types\/page"}],"author":[{"embeddable":true,"href":"https:\/\/centcols.org\/backup\/it\/wp-json\/wp\/v2\/users\/69"}],"replies":[{"embeddable":true,"href":"https:\/\/centcols.org\/backup\/it\/wp-json\/wp\/v2\/comments?post=34527"}],"version-history":[{"count":0,"href":"https:\/\/centcols.org\/backup\/it\/wp-json\/wp\/v2\/pages\/34527\/revisions"}],"wp:attachment":[{"href":"https:\/\/centcols.org\/backup\/it\/wp-json\/wp\/v2\/media?parent=34527"}],"curies":[{"name":"wp","href":"https:\/\/api.w.org\/{rel}","templated":true}]}}