{"id":34846,"date":"2015-06-15T17:10:16","date_gmt":"2015-06-15T15:10:16","guid":{"rendered":"http:\/\/centcols.org\/backup\/liste-de-diffusion\/"},"modified":"2022-12-16T09:28:50","modified_gmt":"2022-12-16T08:28:50","slug":"liste-de-diffusion","status":"publish","type":"page","link":"https:\/\/centcols.org\/backup\/it\/liste-de-diffusion\/","title":{"rendered":"Lista di discussione"},"content":{"rendered":"<p>La liste di discussione ha essenzialmente lo scopo di permettere la comunicazione d&#8217;informazioni tra i suoi iscritti, membri del Club des Cent Cols,\u00a0 su degli argomenti legati alla nostra pratica del cicloturismo.<\/p>\n<h2><strong>\u00a0<\/strong>Iscrizione<\/h2>\n<p>Se siete membri del Club des Cent Cols, potete entrare nella lista di discussione semplicemente inviando una e-mail vuota all&#8217;indirizzo:<a class=\"mailto-link\" href=\"mailto:cent-cols+subscribe@groups.io\" target=\"_blank\" rel=\"noopener\">cent-cols+subscribe@groups.io<\/a><\/p>\n<p>In seguito vi sar\u00e0 sufficiente inviare i vostri messaggi a: <span style=\"color: #ff0000;\">cent-cols@groups.io<\/span><\/p>\n<h3>NOTA IMPORTANTE DA PARTE DI DANIEL BOSSARD:<\/h3>\n<p><span style=\"color: #0000ff;\">&lt;&lt;Per evitare che i messaggi appaiano inviati da\u00a0 &#8220;Nome Cognome&#8221;, \u00e8 necessario modificare il proprio profilo. Non so se esiste un metodo pi\u00f9 semplice, ma ecco quello che ho usato:<\/span><br \/><span style=\"color: #0000ff;\">&#8211; vai a https:\/\/groups.io<\/span><br \/><span style=\"color: #0000ff;\">&#8211; cliccare su &#8220;Log in&#8221; in alto a destra.<\/span><br \/><span style=\"color: #0000ff;\">&#8211; inserire il proprio indirizzo e-mail in Indirizzo e-mail e cliccare su &#8220;Forgot your password, or don\u2019t have one yet?<\/span><br \/><span style=\"color: #0000ff;\">&#8211; un link sar\u00e0 inviato alla vostra casella di posta elettronica. Cliccate su questo link: siete sulla home page del vostro profilo.<\/span><br \/><span style=\"color: #0000ff;\">&#8211; clicca con il tasto sinistro del mouse su &#8220;Identity&#8221;<\/span><br \/><span style=\"color: #0000ff;\">&#8211; potete modificare il vostro profilo generale (riquadro in alto) e il vostro profilo Cent Cols cliccando sul corrispondente pulsante &#8220;Modifica&#8221;.<\/span><br \/><span style=\"color: #0000ff;\">&#8211; E&#8217; il profilo Cent Cols che ci interessa: qui potete cambiare il vostro &#8220;Display Name&#8221;. Questo \u00e8 il nome che apparir\u00e0 come mittente quando si invia un messaggio alla lista.<\/span><br \/><span style=\"color: #0000ff;\">&#8211; Non dimenticate di cliccare in fondo alla pagina su &#8220;Aggiorna il profilo del gruppo&#8221; in modo da salvare le vostre modifiche.&gt;&gt;<\/span><\/p>\n<p>Il vostro primo messaggio pu\u00f2 essere l&#8217;occasione di presentarvi brevemente (cognome, nome, regione di residenza, centri d&#8217;interesse ciclistici, altri centri d&#8217;interesse, eventualmente sito internet personale, tutto quello che ci permetter\u00e0 di conoscervi meglio).<\/p>\n<p>I gestori della lista attualmente sono:<\/p>\n<p>Philippe Carrez (gi\u00e0 membro del Consiglio d&#8217;Amministrazione del Club)<\/p>\n<p>Enrico Alberini (Presidente pro-tempore)<\/p>\n<p>Potete contattarli scrivendo a:<\/p>\n<p><a href=\"mailto:carrez.philippe@free.fr\">carrez.philippe@free.fr<\/a><\/p>\n<p><a href=\"mailto:president@centcols.net\">president@centcols.net<\/a><\/p>\n<p>Per cancellarvi dalla lista, vi sar\u00e0 sufficiente <a href=\"https:\/\/groups.io\/g\/cent-cols\/leave\/9293645\/397184759\/xyzzy\">cliccare qui<\/a><\/p>\n<p><strong>\u00a0<\/strong>Se cambiate il vostro indirizzo mail, vogliate annullare il vecchio indirizzo e rifare una domanda per quello nuovo. L&#8217;indirizzo registrato sulla scheda di membro \u00e8 indipendente dall&#8217;indirizzo usato per la presente lista. In caso di modifica, bisogna in primo luogo cambiare l&#8217;uno e l&#8217;altro.<\/p>\n<p>Potete vedere la scheda di membro qui: <a href=\"https:\/\/centcols.org\/backup\/membres\/th\/profilM.php\">https:\/\/centcols.org\/backup\/membres\/th\/profilM.php<\/a><\/p>\n<h2>Carta della lista di discussione del Cent Cols<\/h2>\n<p>questa carta descrive le condizioni d&#8217;utilizzo della lista di discussione del Club des Cent Cols.<\/p>\n<h3><strong>Argomenti<\/strong><\/h3>\n<p>Tutti i temi riguardanti le attivit\u00e0 del nostro club o legati alla pratica del cicloturismo in generale al cicloturismo di montagna in particolare possono essere affrontati su questa lista di discussione.<\/p>\n<p>Contrariamente, qualsiasi argomento d&#8217;ordine politico o religioso in particolare, o che comunque pu\u00f2 generalmente condurre alla polemica\u00a0 \u00e8 strettamente vietato.<\/p>\n<p>E&#8217; comunque discostarsi, ogni tanto e con parsimonia, da questo tema sportivo, proponendo degli argomenti legati, per esempio, alla cultura generale.<\/p>\n<p>Il buon umore e l\u2019humour sono non solamente autorizzati ma sollecitati, sempre rispettando un&#8217;etica basata sul buon gusto generalmente ammesso.<\/p>\n<h3><strong>Comportamento sociale<\/strong><\/h3>\n<p>Affinch\u00e9 questa lista resti attraente, conviviale e interessante per l&#8217;insieme dei suoi abbonati, \u00e8 importante rispettare un certo numero di regole elementari ed evidenti.<\/p>\n<p>L&#8217;educazione in ogni circostanza \u00e8 obbligatoria (Es: Scrivere Buongiorno all&#8217;inizio del messaggio).<\/p>\n<p>L\u2019impiego di un tono cortese \u00e8 gradevole, quindi consigliato. Al contrario, un&#8217;attitudine sgradevole, aggressiva o ingiuriosa \u00e8 da proscrivere.<\/p>\n<p>Non dobbiamo avere alcuna paura d&#8217;affrontare qualsiasi argomento di nostra scelta nel quadro autorizzato, anche se probabilmente \u00e8 gi\u00e0 stato affrontato precedentemente. La riposta sar\u00e0 sempre cortese e amichevole.<\/p>\n<p>La tolleranza in ogni momento \u00e8 fortemente auspicata.<\/p>\n<h3><strong>Aspetti pratici\u00a0 <\/strong><\/h3>\n<p>Oggetto del messaggio: indichiamo un titolo esplicito e corto.<\/p>\n<p>Pensiamo di cambiare l&#8217;oggetto del messaggio se la nostra risposta diverge sensibilmente dall&#8217;argomento iniziale.<\/p>\n<p>Evitiamo gli accavallamenti di messaggi e conserviamo solo quello o quelli che presentano un interesse probante per la prosecuzione della conservazione.<\/p>\n<p>Le foto, documenti e file annessi messi direttamente in un messaggio non sono permessi. Invece un link verso un montaggio di foto, verso un sito interessante e riguardanti direttamente la nostra attivit\u00e0 \u00e8 \u00e8 auspicato.<\/p>\n<p>L\u2019anonimato non \u00e8 accettato e in caso di pseudonimo, il nome e l&#8217;indirizzo internet devono apparire nel messaggio che inviate alla lista.<\/p>\n<p>E&#8217; raccomandato di non inviare sulla lista un messaggio a carattere personale. Se desiderate rispondere solo ad una unica persona, vogliate sopprimere l&#8217;indirizzo\u00a0 <span style=\"color: #ff0000;\">cent-cols@groups.io<\/span>, e ad indicare solo quello del destinatario prescelto.<\/p>\n<h3><strong>Interesse dell&#8217;argomento<br \/><\/strong><\/h3>\n<p>Si tenga sempre presente che non tutti gli argomenti interesseranno necessariamente tutti gli abbonati.<\/p>\n<p>Se delle mail riguardanti un argomento non suscitano il vostro interesse, \u00e8 sicuramente preferibile di sopprimerle dalla vostra caselle di posta piuttosto che protestare.<\/p>\n<p>Invece, \u00e8 importante non sovraccaricare la lista con numerosi messaggi, ridondanti e che non apportano alcun elemento di novit\u00e0.<\/p>\n<p>Potete anche proporre ai vostri interlocutori di continuare la discussione in corso in un gruppo privato e tra persone interessate all&#8217;argomento, prima di portare le vostre conclusioni sulla lista.<\/p>\n<h3><strong>Lingue<\/strong><\/h3>\n<p>Ciascuno \u00e8 libero d&#8217;utilizzare la lingua di sua scelta ma il messaggio non sar\u00e0 leggibile dalla maggioranza se non comporta anche una versione francese, la lingua pi\u00f9 utilizzata dagli abbonati.<\/p>\n<p>La traduzione dal francese verso un&#8217;altra lingua di una mail interessante sar\u00e0 la prova dell&#8217;interesse che portiamo ai nostri amici non francofoni.<\/p>\n<h3><strong>Moderazione<\/strong><\/h3>\n<p>Tenuto conto dei limiti dei temi abbordabili e del comportamento adeguato da adottare, non \u00e8 quindi prevista una moderazione a monte da parte dei gestori.<\/p>\n<p>Fare uno scarto rispetto a questa carta \u00e8 ipotizzabile per errore. L&#8217;autore potr\u00e0 in questo caso scusarsi sulla lista nel momento in cui se ne accorge.<\/p>\n<p>Se lo scarto \u00e8 rilevato da un terzo, \u00e8 fortemente consigliato a quest&#8217;ultimo di domandare educatamente delle spiegazioni all&#8217;autore perch\u00e9 potrebbe trattarsi di un errore e non di una reale volont\u00e0.<\/p>\n<p>Se l&#8217;errore \u00e8 possibile e scusabile, l&#8217;azione nociva e deliberata non lo \u00e8.<\/p>\n<p>I gestori saranno talvolta costretti a intervenire nel corso d&#8217;una discussione per mantenere la serenit\u00e0 su questa lista e evitare cos\u00ec i rischi di &#8220;surriscaldamento&#8221;. Gli insegnamenti del passato preparano per il futuro\u00a0!<\/p>\n<p>La misura successiva sar\u00e0 di contattare l&#8217;abbonato in difetto&#8221;personalmente&#8221;, al fine di indicargli il suo scarto e domandargli\u00a0 di non rifarlo.<\/p>\n<p>In caso di recidiva, l&#8217;autore sar\u00e0 eventualmente escluso dalla lista per una durata determinata dalla gravit\u00e0 della mancanza e secondo l&#8217;apprezzamento dei gestori e del Consiglio d&#8217;amministrazione del Club des Cent Cols.<\/p>\n<p><strong>I membri del Club des Cent Cols sono disseminati in tante regioni o paesi differenti, e la maggior parte non si conosce. Questa lista \u00e8 spesso il solo mezzo di contatto tra noi. E&#8217;, di fatto, un collegamento potente che ci congiunge. E&#8217; quindi estremamente importante preservarlo tenendo sempre presente che ciascuno dei nostri messaggi secondo il suo contenuto, lo rinforza o al contrario lo corrode..<\/strong><\/p>\n\n\n<p><em>Testo redatto da Bernard Giraudeau, partendo da un testo iniziale di R\u00e9gis Paraz, scritto con la collaborazione d&#8217;Agn\u00e8s M\u00e9oulet-Morieux<\/em><\/p>\n","protected":false},"excerpt":{"rendered":"<p>La liste di discussione ha essenzialmente lo scopo di permettere la comunicazione d&#8217;informazioni tra i suoi iscritti, membri del Club des Cent Cols,\u00a0 su degli argomenti legati alla nostra pratica del cicloturismo. \u00a0Iscrizione Se siete membri del Club des Cent Cols, potete entrare nella lista di discussione semplicemente inviando una e-mail vuota all&#8217;indirizzo:cent-cols+subscribe@groups.io In seguito [&hellip;]<\/p>\n","protected":false},"author":69,"featured_media":0,"parent":0,"menu_order":0,"comment_status":"closed","ping_status":"closed","template":"","meta":{"_acf_changed":false,"ub_ctt_via":"","_monsterinsights_skip_tracking":false,"_monsterinsights_sitenote_active":false,"_monsterinsights_sitenote_note":"","_monsterinsights_sitenote_category":0,"footnotes":""},"acf":[],"featured_image_urls":{"full":"","thumbnail":"","medium":"","medium_large":"","large":"","1536x1536":"","2048x2048":"","woocommerce_thumbnail":"","woocommerce_single":"","woocommerce_gallery_thumbnail":""},"post_excerpt_stackable":"<p>La liste di discussione ha essenzialmente lo scopo di permettere la comunicazione d&#8217;informazioni tra i suoi iscritti, membri del Club des Cent Cols,\u00a0 su degli argomenti legati alla nostra pratica del cicloturismo. \u00a0Iscrizione Se siete membri del Club des Cent Cols, potete entrare nella lista di discussione semplicemente inviando una e-mail vuota all&#8217;indirizzo:cent-cols+subscribe@groups.io In seguito vi sar\u00e0 sufficiente inviare i vostri messaggi a: cent-cols@groups.io NOTA IMPORTANTE DA PARTE DI DANIEL BOSSARD: &lt;&lt;Per evitare che i messaggi appaiano inviati da\u00a0 &#8220;Nome Cognome&#8221;, \u00e8 necessario modificare il proprio profilo. Non so se esiste un metodo pi\u00f9 semplice, ma ecco quello che ho&hellip;<\/p>\n","category_list":"","author_info":{"name":"Enrico Alberini","url":"https:\/\/centcols.org\/backup\/it\/author\/5065\/"},"comments_num":"0 commenti","featured_image_urls_v2":{"full":"","thumbnail":"","medium":"","medium_large":"","large":"","1536x1536":"","2048x2048":"","woocommerce_thumbnail":"","woocommerce_single":"","woocommerce_gallery_thumbnail":""},"post_excerpt_stackable_v2":"<p>La liste di discussione ha essenzialmente lo scopo di permettere la comunicazione d&#8217;informazioni tra i suoi iscritti, membri del Club des Cent Cols,\u00a0 su degli argomenti legati alla nostra pratica del cicloturismo. \u00a0Iscrizione Se siete membri del Club des Cent Cols, potete entrare nella lista di discussione semplicemente inviando una e-mail vuota all&#8217;indirizzo:cent-cols+subscribe@groups.io In seguito vi sar\u00e0 sufficiente inviare i vostri messaggi a: cent-cols@groups.io NOTA IMPORTANTE DA PARTE DI DANIEL BOSSARD: &lt;&lt;Per evitare che i messaggi appaiano inviati da\u00a0 &#8220;Nome Cognome&#8221;, \u00e8 necessario modificare il proprio profilo. Non so se esiste un metodo pi\u00f9 semplice, ma ecco quello che ho&hellip;<\/p>\n","category_list_v2":"","author_info_v2":{"name":"Enrico Alberini","url":"https:\/\/centcols.org\/backup\/it\/author\/5065\/"},"comments_num_v2":"0 commenti","featured_image_src":null,"_links":{"self":[{"href":"https:\/\/centcols.org\/backup\/it\/wp-json\/wp\/v2\/pages\/34846"}],"collection":[{"href":"https:\/\/centcols.org\/backup\/it\/wp-json\/wp\/v2\/pages"}],"about":[{"href":"https:\/\/centcols.org\/backup\/it\/wp-json\/wp\/v2\/types\/page"}],"author":[{"embeddable":true,"href":"https:\/\/centcols.org\/backup\/it\/wp-json\/wp\/v2\/users\/69"}],"replies":[{"embeddable":true,"href":"https:\/\/centcols.org\/backup\/it\/wp-json\/wp\/v2\/comments?post=34846"}],"version-history":[{"count":0,"href":"https:\/\/centcols.org\/backup\/it\/wp-json\/wp\/v2\/pages\/34846\/revisions"}],"wp:attachment":[{"href":"https:\/\/centcols.org\/backup\/it\/wp-json\/wp\/v2\/media?parent=34846"}],"curies":[{"name":"wp","href":"https:\/\/api.w.org\/{rel}","templated":true}]}}