{"id":34854,"date":"2015-03-11T09:55:05","date_gmt":"2015-03-11T08:55:05","guid":{"rendered":"http:\/\/centcols.org\/backup\/statuts\/"},"modified":"2020-06-14T07:41:25","modified_gmt":"2020-06-14T05:41:25","slug":"statuts","status":"publish","type":"page","link":"https:\/\/centcols.org\/backup\/it\/statuts\/","title":{"rendered":"Statuto"},"content":{"rendered":"<h2>Statuto del Club des Cent Cols<br \/>\n10 novembre 2018<\/h2>\n<h3>Articolo 1: denominazione<\/h3>\n<p>E&#8217; creata un&#8217;associazione denominata \u00ab Club des Cent Cols \u00bb<\/p>\n<h3>Articolo 2: oggetto<\/h3>\n<p>Raggruppare tutte le persone amanti del ciclismo in montagna. Valorizzare questa pratica organizzandola e sostenendola. Pi\u00f9 generalmente, fare tutto ci\u00f2 che si rapporta direttamente o indirettamente alla denominazione e suscettibile di facilitarne l&#8217;estensione o lo sviluppo.<\/p>\n<h3>Articolo 3: sede sociale<\/h3>\n<p>CDOS (Comit\u00e9 D\u00e9partemental Olympique et Sportif)<br \/>\n97A avenue de Gen\u00e8ve,<br \/>\n74000 ANNECY<\/p>\n<h3>Articolo 4: durata<\/h3>\n<p>Illimitata<\/p>\n<h3>Articolo 5: ammissione<\/h3>\n<p>Per entrare nell&#8217;associazione \u00ab Club des Cent Cols \u00bb bisogna obbligatoriamente avere valicato in bicicletta almeno 100 passi differneti, di cui 5 a pi\u00f9 di 2000 metri di altitudine e pagare un diritto di iscrizione.<br \/>\n<strong>Sono accettate quattro categorie di membri\u00a0 :<\/strong><\/p>\n<ol>\n<li>I membri attivi aderenti non tesserati alla\u00a0 FFCT per mezzo del Club des Cent Cols, in regola con la quota annuale.<\/li>\n<li>I membri attivi aderenti\u00a0 tesserati alla\u00a0 FFCT per mezzo del Club des Cent Cols, in regola con la quota annuale.<\/li>\n<li>I membri onorari, dispensati dalla regola dei 100 passi di cui 5 a pi\u00f9 di 2000 metri. (Su decisione del Consiglio d&#8217;Amministrazione)<\/li>\n<li>I membri associati. Un membro associato \u00e8 obbligatoriamente imparentato con il membro attivo al uale \u00e8 legato familiarmente ( coniuge, figlio). Non \u00e8 sottoposto alla regola dei 100 passi di cui 5 a pi\u00f9 di 2000 metri. Il suo stato di membro associato gli da il diritto di partecipare alle manifestazioni collettive dell&#8217;Associazione. Versa una quota annuale pari alla met\u00e0 della quota minima d&#8217;un membro attivo. Non essendo membro attivo, non ha il diritto di voto nelle Assemblee Generali e non pu\u00f2 essere amministratore.<\/li>\n<\/ol>\n<h3>Articolo 6: radiazione<\/h3>\n<p>E&#8217; possibile lasciare l&#8217;associazione inviando una lettera di dimissioni.<br \/>\nLa radiazione dall&#8217;associazione \u00e8 automatica in caso di decesso.<br \/>\nLa radiazione dall&#8217;associazione pu\u00f2 essere pronunciata per imbroglio o di mancato rispetto dello spirito dell&#8217;associazione. La radiazione \u00e8 decisa all&#8217;unanimit\u00e0 della giunta.<\/p>\n<h3>Articolo 7: entrate dell&#8217;associazione<\/h3>\n<p>Le entrante comprendono:<\/p>\n<ul>\n<li>Il montante dei diritti d&#8217;adesione e delle quote annuali.<\/li>\n<li>L&#8217;eventuale margine sulla vendita dei prodotti o servizi riservati ai membri dell&#8217;associazione.<\/li>\n<li>Le sovvenzioni e i doni.<\/li>\n<li>I diritti d&#8217;autore sui libri editi per conto dell&#8217;associazione.<\/li>\n<\/ul>\n<h3>Articolo 8: Il Consiglio d&#8217;Amministrazione<\/h3>\n<p>L\u2019associazione \u00e8 diretta da un Consiglio d&#8217;Amministrazione composto da <em>3 membri minimum e 11 membri maximum, <\/em>eletti per 4 anni dall&#8217;Assemblea Generale. <em>Il voto per corrispondenza cosi come il voto elettronico sono accettati.<\/em> I membri sono rieliggibili.<br \/>\nIl Consiglio d&#8217;Amministrazione sceglie tra i suoi membri, a scrutinio segreto, una giunta comprendente un Presidente, un Segretario e un Tesoriere. Questi 3 membri devono essere obbligatoriamente tessareti presso la FFCT, possono essere eletti anche un Vice-presidente, un Segretario aggiunto e un Tesoriere aggiunto. In caso di vacanza, il consiglio provvede provvisoriamente alla sostituzione dei suoi membri per cooptazione. Si procede alla loro sostituzione definitiva in occasione della prossima assemblea generale.<\/p>\n<h3>Articolo 8bis: riunione del Consiglio d&#8217;Amministrazione<\/h3>\n<p>Il CA si riunisce almeno una volta ogni 6 mesi, su convocazione del Presidente o su domanda di un quarto dei membri.<br \/>\nLe decisioni sono prese con la maggioranza dei voti.<br \/>\nIl membro del CA che, senza giustificazione, non assister\u00e0 a tre riunioni consecutive, potr\u00e0 essere considerato dimissionario.<\/p>\n<h3>Articolo 9: Assemblea Generale Ordinaria<\/h3>\n<p>L\u2019Assemblea Generale Ordinaria comprende tutti ii membri in regola con la quota. Si riunisce una volta per anno nell&#8217;ultimo trimestre dell&#8217;anno civile, se possibile.<br \/>\nQuindici giorni prima della data fissata, i membri dell&#8217;associazione sono convocati a cura del segretario. L&#8217;ordine del giorno \u00e8 indicato sulla convocazione e va incluso un modulo di voto per corrispondenza.<br \/>\nIl Presidente, assistito dai membri del CA, presiede l&#8217;assemblea e espone la situazione morale dell&#8217;associazione.<br \/>\nIl Tesoriere da conto della gestione e sottomette il bilancio all&#8217;approvazione dell&#8217;assemblea.<br \/>\nIl Segretario Generale espone il rapporto sull&#8217;attivit\u00e0<br \/>\nSi procede ogni 4 anni, a scrutini segreto, alla sostituzione dei membri del Consiglio d&#8217;Amministrazione.<br \/>\nSolamente le domande scritte, ricevute una settimana prima della data dell&#8217;AG riceveranno obbligatoriamente una risposta in adunanza.<\/p>\n<h3>Articolo 10: Assemblea Generale Straordinaria<\/h3>\n<p>In caso di necessit\u00e0, o su domanda della met\u00e0 pi\u00f9 uno dei membri in regola con la quota, il Presidente pu\u00f2 convocare un&#8217;Assemblea Generale Straordinaria seguendo le formalit\u00e0 previste dall&#8217;articolo 9.<\/p>\n<h3>Articolo 11: Regolamento Interno<\/h3>\n<p>Un regolamento interno pu\u00f2 essere stabilito dal Consiglio d&#8217;Amministrazione, che lo fa approvare dall&#8217;Assemblea Generale.<\/p>\n<h3>Articolo 12 e ultimo: Scioglimento<\/h3>\n<p>Nel caso in cui si dovesse ventilare uno scioglimento, questi sar\u00e0 sottoposto dal Consiglio d&#8217;Amministrazione all&#8217;accordo della F\u00e9d\u00e9ration Fran\u00e7aise de Cyclotourisme. In caso di rifiuto di quest&#8217;ultima, la Federazione prender\u00e0 in carico la gestione dell&#8217;associazione \u00ab Club des Cent Cols \u00bb.<\/p>\n<hr \/>\n<p>Fatto a N\u00e2ves Parmelan il 15 novembre 2018, dopo le modificazioni votate in occasione dell&#8217;Assemblea Generale Straordinaria del 10 novembre 2018.<\/p>\n<p><strong>Guy Harle<\/strong><br \/>\n<em>Segratario Generale<\/em><\/p>\n<p>Trasmesso alla Prefettura dell&#8217;Alta Savoia.<\/p>\n","protected":false},"excerpt":{"rendered":"<p>Statuto del Club des Cent Cols 10 novembre 2018 Articolo 1: denominazione E&#8217; creata un&#8217;associazione denominata \u00ab Club des Cent Cols \u00bb Articolo 2: oggetto Raggruppare tutte le persone amanti del ciclismo in montagna. Valorizzare questa pratica organizzandola e sostenendola. Pi\u00f9 generalmente, fare tutto ci\u00f2 che si rapporta direttamente o indirettamente alla denominazione e suscettibile [&hellip;]<\/p>\n","protected":false},"author":69,"featured_media":0,"parent":0,"menu_order":0,"comment_status":"closed","ping_status":"closed","template":"","meta":{"_acf_changed":false,"ub_ctt_via":"","_monsterinsights_skip_tracking":false,"_monsterinsights_sitenote_active":false,"_monsterinsights_sitenote_note":"","_monsterinsights_sitenote_category":0,"footnotes":""},"acf":[],"featured_image_urls":{"full":"","thumbnail":"","medium":"","medium_large":"","large":"","1536x1536":"","2048x2048":"","woocommerce_thumbnail":"","woocommerce_single":"","woocommerce_gallery_thumbnail":""},"post_excerpt_stackable":"<p>Statuto del Club des Cent Cols 10 novembre 2018 Articolo 1: denominazione E&#8217; creata un&#8217;associazione denominata \u00ab Club des Cent Cols \u00bb Articolo 2: oggetto Raggruppare tutte le persone amanti del ciclismo in montagna. Valorizzare questa pratica organizzandola e sostenendola. Pi\u00f9 generalmente, fare tutto ci\u00f2 che si rapporta direttamente o indirettamente alla denominazione e suscettibile di facilitarne l&#8217;estensione o lo sviluppo. Articolo 3: sede sociale CDOS (Comit\u00e9 D\u00e9partemental Olympique et Sportif) 97A avenue de Gen\u00e8ve, 74000 ANNECY Articolo 4: durata Illimitata Articolo 5: ammissione Per entrare nell&#8217;associazione \u00ab Club des Cent Cols \u00bb bisogna obbligatoriamente avere valicato in bicicletta almeno&hellip;<\/p>\n","category_list":"","author_info":{"name":"Enrico Alberini","url":"https:\/\/centcols.org\/backup\/it\/author\/5065\/"},"comments_num":"0 commenti","featured_image_urls_v2":{"full":"","thumbnail":"","medium":"","medium_large":"","large":"","1536x1536":"","2048x2048":"","woocommerce_thumbnail":"","woocommerce_single":"","woocommerce_gallery_thumbnail":""},"post_excerpt_stackable_v2":"<p>Statuto del Club des Cent Cols 10 novembre 2018 Articolo 1: denominazione E&#8217; creata un&#8217;associazione denominata \u00ab Club des Cent Cols \u00bb Articolo 2: oggetto Raggruppare tutte le persone amanti del ciclismo in montagna. Valorizzare questa pratica organizzandola e sostenendola. Pi\u00f9 generalmente, fare tutto ci\u00f2 che si rapporta direttamente o indirettamente alla denominazione e suscettibile di facilitarne l&#8217;estensione o lo sviluppo. Articolo 3: sede sociale CDOS (Comit\u00e9 D\u00e9partemental Olympique et Sportif) 97A avenue de Gen\u00e8ve, 74000 ANNECY Articolo 4: durata Illimitata Articolo 5: ammissione Per entrare nell&#8217;associazione \u00ab Club des Cent Cols \u00bb bisogna obbligatoriamente avere valicato in bicicletta almeno&hellip;<\/p>\n","category_list_v2":"","author_info_v2":{"name":"Enrico Alberini","url":"https:\/\/centcols.org\/backup\/it\/author\/5065\/"},"comments_num_v2":"0 commenti","featured_image_src":null,"_links":{"self":[{"href":"https:\/\/centcols.org\/backup\/it\/wp-json\/wp\/v2\/pages\/34854"}],"collection":[{"href":"https:\/\/centcols.org\/backup\/it\/wp-json\/wp\/v2\/pages"}],"about":[{"href":"https:\/\/centcols.org\/backup\/it\/wp-json\/wp\/v2\/types\/page"}],"author":[{"embeddable":true,"href":"https:\/\/centcols.org\/backup\/it\/wp-json\/wp\/v2\/users\/69"}],"replies":[{"embeddable":true,"href":"https:\/\/centcols.org\/backup\/it\/wp-json\/wp\/v2\/comments?post=34854"}],"version-history":[{"count":0,"href":"https:\/\/centcols.org\/backup\/it\/wp-json\/wp\/v2\/pages\/34854\/revisions"}],"wp:attachment":[{"href":"https:\/\/centcols.org\/backup\/it\/wp-json\/wp\/v2\/media?parent=34854"}],"curies":[{"name":"wp","href":"https:\/\/api.w.org\/{rel}","templated":true}]}}