{"id":35065,"date":"2015-03-11T14:06:48","date_gmt":"2015-03-11T13:06:48","guid":{"rendered":"http:\/\/centcols.org\/backup\/ccway\/"},"modified":"2022-03-18T08:21:00","modified_gmt":"2022-03-18T07:21:00","slug":"ccway","status":"publish","type":"page","link":"https:\/\/centcols.org\/backup\/it\/ccway\/","title":{"rendered":"ccWay"},"content":{"rendered":"<p><a href=\"\/util\/geo\/ccWay\/\" target=\"ccway\" rel=\"noopener\">Accesso all&#8217;utilit\u00e0 ccWay<\/a><\/p>\n<p><a href=\"\/it\/guide-ccway\/\">Guida all&#8217;utilizzo di ccWay<\/a><\/p>\n<p>ccWay \u00e8 un programma di utilit\u00e0 Web sul sito del Club des Cent Cols che estrae un gruppo di passi (talvolta chiamato nuvola di punti) dai cataloghi Cent Cols, seguendo i criteri da voi scelti, producendo in uscita diversi tipi di file di uso corrente di geolocalizzazione. Potrete poi utilizzare questi file importandoli nei vostri programmi preferiti di geolocalizzazione, Google Earth, MapSource, Carto Exploreur, Google Earth, e numerosi altri.<\/p>\n<p>ccWay non \u00e8 specificatamente destinata agli utilizzatori di apparecchi GPS. I file di ccWay sono utilizzabili per pianificare su sfondi cartografici le vostre uscite e i vostri viaggi, per avere una visione 3D di un gruppo di passi su Google Earth, e per numerosi altri utilizzi limitati solo dalla vostra immaginazione. Bene inteso che alcuni file prodotti da CcWay possono essere utilizzati per caricare i passi estratti sul vostro GPS, tramite l&#8217;utilit\u00e0 specifica del vostro apparecchio.<\/p>\n<p>ccWay al momento pu\u00f2 trattare Andorra, l&#8217;Austria, la Francia, la Germania, Hong Kong, le Isole Britanniche, l&#8217;Italia, la Nuova Zelanda, la Polonia, il Portogallo, la Romania, la Slovacchia, la Slovenia, la Spagna, la Svizzera, la Turchia, l&#8217;Ungheria, gli U.S.A. e finalmente anche l&#8217;Italia, si estender\u00e0 ad altri paesi quando i loro cataloghi avranno le coordinate universali richieste. Potete selezionare i passi per livelli amministrativi (stato, regione, provincia) per numero di mappa, o fare una selezione con il mouse sulla mappa interattiva.<\/p>\n<p>I passi cos\u00ec ottenuti possono anche essere filtrati: passi &lt; 2000 m, passi \u2265 2000 m o entrambi; uno o pi\u00f9 livelli di difficolt\u00e0; CcWay pu\u00f2 anche separare i passi che avete gi\u00e0 valicato da quelli che non avete ancora raggiunto. Sulla carta interattiva, potete fare anche delle selezioni transfrontaliere, per esempio tutti i passi sui due versanti, francese e spagnolo, dei Pirenei e produrre cos\u00ec un insieme di passi fusi. Potete anche chiedere a ccWay d\u2019estrarre i passi che si trovino lungo un itinerario progettato, per esempio a fianco a destra sulla strada degli alti passi alpini di Francia, da Nice a Bourg-St.Maurice.<\/p>\n<p>CcWay funziona completamente online. Non avete bisogno di fornire cataloghi o di installare programmi sul vostro computer. Naturalmente dovrete aver installato precedentemente il o i programmi di geolocalizzazione che vi permettono di gestire i file prodotti da ccWay.<br \/>Lo schema grafico dei file prodotti pu\u00f2 essere personalizzato dall&#8217;utilizzatore.<\/p>\n<p>Per maggiori dettagli su ccWay, fate riferimento alla <a href=\"\/it\/guide-ccway\/\">Guida all&#8217;utilizzo di ccWay<\/a><\/p>\n\n\n<p><\/p>\n","protected":false},"excerpt":{"rendered":"<p>Accesso all&#8217;utilit\u00e0 ccWay Guida all&#8217;utilizzo di ccWay ccWay \u00e8 un programma di utilit\u00e0 Web sul sito del Club des Cent Cols che estrae un gruppo di passi (talvolta chiamato nuvola di punti) dai cataloghi Cent Cols, seguendo i criteri da voi scelti, producendo in uscita diversi tipi di file di uso corrente di geolocalizzazione. Potrete [&hellip;]<\/p>\n","protected":false},"author":69,"featured_media":0,"parent":0,"menu_order":0,"comment_status":"closed","ping_status":"closed","template":"","meta":{"_acf_changed":false,"ub_ctt_via":"","_monsterinsights_skip_tracking":false,"_monsterinsights_sitenote_active":false,"_monsterinsights_sitenote_note":"","_monsterinsights_sitenote_category":0,"footnotes":""},"acf":[],"featured_image_urls":{"full":"","thumbnail":"","medium":"","medium_large":"","large":"","1536x1536":"","2048x2048":"","woocommerce_thumbnail":"","woocommerce_single":"","woocommerce_gallery_thumbnail":""},"post_excerpt_stackable":"<p>Accesso all&#8217;utilit\u00e0 ccWay Guida all&#8217;utilizzo di ccWay ccWay \u00e8 un programma di utilit\u00e0 Web sul sito del Club des Cent Cols che estrae un gruppo di passi (talvolta chiamato nuvola di punti) dai cataloghi Cent Cols, seguendo i criteri da voi scelti, producendo in uscita diversi tipi di file di uso corrente di geolocalizzazione. Potrete poi utilizzare questi file importandoli nei vostri programmi preferiti di geolocalizzazione, Google Earth, MapSource, Carto Exploreur, Google Earth, e numerosi altri. ccWay non \u00e8 specificatamente destinata agli utilizzatori di apparecchi GPS. I file di ccWay sono utilizzabili per pianificare su sfondi cartografici le vostre uscite&hellip;<\/p>\n","category_list":"","author_info":{"name":"Enrico Alberini","url":"https:\/\/centcols.org\/backup\/it\/author\/5065\/"},"comments_num":"0 commenti","featured_image_urls_v2":{"full":"","thumbnail":"","medium":"","medium_large":"","large":"","1536x1536":"","2048x2048":"","woocommerce_thumbnail":"","woocommerce_single":"","woocommerce_gallery_thumbnail":""},"post_excerpt_stackable_v2":"<p>Accesso all&#8217;utilit\u00e0 ccWay Guida all&#8217;utilizzo di ccWay ccWay \u00e8 un programma di utilit\u00e0 Web sul sito del Club des Cent Cols che estrae un gruppo di passi (talvolta chiamato nuvola di punti) dai cataloghi Cent Cols, seguendo i criteri da voi scelti, producendo in uscita diversi tipi di file di uso corrente di geolocalizzazione. Potrete poi utilizzare questi file importandoli nei vostri programmi preferiti di geolocalizzazione, Google Earth, MapSource, Carto Exploreur, Google Earth, e numerosi altri. ccWay non \u00e8 specificatamente destinata agli utilizzatori di apparecchi GPS. I file di ccWay sono utilizzabili per pianificare su sfondi cartografici le vostre uscite&hellip;<\/p>\n","category_list_v2":"","author_info_v2":{"name":"Enrico Alberini","url":"https:\/\/centcols.org\/backup\/it\/author\/5065\/"},"comments_num_v2":"0 commenti","featured_image_src":null,"_links":{"self":[{"href":"https:\/\/centcols.org\/backup\/it\/wp-json\/wp\/v2\/pages\/35065"}],"collection":[{"href":"https:\/\/centcols.org\/backup\/it\/wp-json\/wp\/v2\/pages"}],"about":[{"href":"https:\/\/centcols.org\/backup\/it\/wp-json\/wp\/v2\/types\/page"}],"author":[{"embeddable":true,"href":"https:\/\/centcols.org\/backup\/it\/wp-json\/wp\/v2\/users\/69"}],"replies":[{"embeddable":true,"href":"https:\/\/centcols.org\/backup\/it\/wp-json\/wp\/v2\/comments?post=35065"}],"version-history":[{"count":0,"href":"https:\/\/centcols.org\/backup\/it\/wp-json\/wp\/v2\/pages\/35065\/revisions"}],"wp:attachment":[{"href":"https:\/\/centcols.org\/backup\/it\/wp-json\/wp\/v2\/media?parent=35065"}],"curies":[{"name":"wp","href":"https:\/\/api.w.org\/{rel}","templated":true}]}}