{"id":36902,"date":"2019-11-12T18:01:56","date_gmt":"2019-11-12T17:01:56","guid":{"rendered":"https:\/\/centcols.org\/backup\/annexe\/"},"modified":"2020-05-21T09:31:26","modified_gmt":"2020-05-21T07:31:26","slug":"annexe","status":"publish","type":"page","link":"https:\/\/centcols.org\/backup\/it\/annexe\/","title":{"rendered":"SAPERNE DI PIU&#8217; SUL CLUB DES CENT COLS"},"content":{"rendered":"\n<p>&nbsp;<\/p>\n\n\n<p>Il nostro club ha la vocazione di riunire le persone appassionate di ciclismo in montagna e di favorire la condivisione delle conoscenze acquisite sui passi del mondo intero.<\/p>\n<p><em>Non siamo un club competitivo &#8211; i nostri membri pedalano ciascuno al prorpio ritmo, dove e quando lo desiderano, sulle strade o i sentieri di montagna, soli o in gruppo. Alcuni membri valicano meno di dieci passi in un anno, altri pi\u00f9 d&#8217;un centinaio. Ma speriamo vogliate condividere almeno la nostra passione per la montagna e che sarete lieti di raccogliere la sfida di scalare passi in tutto il mondo.<\/em><\/p>\n<p>L\u2019appartenenza al nostro club implica di fatto un&#8217;attitudine amichevole, conciliante e di benevolenza nei rapporti tra soci, e senza spirito di competizione.<\/p>\n<p>Desideriamo consacrare le nostre rubriche e i nostri scambi esclusivamente ai passi e al ciclismo in montagna.<\/p>\n<p>Il passo \u00e8 un&#8217;entit\u00e0 particolare che risponde ad una definizione topografica. Non \u00e8 mai una vetta\u00a0 o un monte e una salita, anche lunga e difficile, non conduce necessariamente ad un passo. La regola del gioco da una definizione propria del Club des Cent Cols, sapendo che questa non la pretesa di essere universale.<\/p>\n<p>L&#8217;accertamento della lista annuale dei passi valicati si fa sulla semplice buona fede del socio. Nessun giustificativo \u00e8 richiesto.<\/p>\n<p>I sei articoli della Regola del Gioco apportano chiaramente le informazioni utili a chiunque sia candidato a entrare nel Club des Cent Cols. Il documento annesso alla regola del gioco \u00e8 il prolungamento esplicativo di questi sei articoli.<\/p>\n<h2>Organizzazione del Club des Cent Cols<\/h2>\n<p>Il nostro club rientra nel quadro giuridico della legge francese del 1901 sulle associazioni senza scopo di lucro.<\/p>\n<p>Siamo affiliati alla Federazione Francese di Cicloturismo\u00a0 (FFCT) al n\u00b0 6384 epossimo proporre un tesseramento a coloro che lo desiderino.<\/p>\n<p>Il nostro obiettivo non \u00e8 di distogliere delle adesioni o dei tesseramenti ad un altro club ma al contrario, desideriamo che i nostri soci restino anche nei loro club abituali quando ne hanno uno.<\/p>\n<p>Bench\u00e9 d&#8217;origine francese savoiarda, il club non ha un ancoraggio territorile fisso. La nostra organizzazione generale ha quindi per scopo di permettere la coesione, gli scambi e gli incontri tra tutti i soci abitanti paesi differenti e parlanti lingue diverse.<\/p>\n<p>La confraternit\u00e0 \u00e8 gestita da un consiglio d&#8217;amministrazione composto da un minimo di 3 membri fino a un massimo di 11 membri, eletti dall&#8217;insieme dei soci in regola col pagamento della quota,\u00a0 per un mandato di quatro anni. Si riunisce almeno due volte all&#8217;anno.<\/p>\n<p>Questo consiglio d&#8217;amministrazione \u00e8 spalleggiato da diverse decine di altri volontari che hanno ciascuno un compito essenziale per il buon funzionamento del club.<\/p>\n<p>Tra loro, i Delegati Territoriali e Nazionali sono gli intermediari tra la Confraternita e i soci di una particolare zona o paese e\u00a0 hanno per ruolo d&#8217;animare la loro zona e apportare tutto l&#8217;aiuto utile a ciascuno dei membri di questa zona.<\/p>\n<p>Un gruppo di lavoro per paese ha stabilito il catalogo di tutti i passi di questi paesi in accordo con la nostra regola del gioco. La realizzazione di 26 cataloghi nazionali differenti (31 paesi coperti) ne \u00e8 il risultato. I volontari sono sempre benvenuti per l&#8217;aggionamento dei cataloghi in continua evoluzione.<\/p>\n<p>La &#8220;Rivista&#8221; annuale \u00e8 opera d&#8217;un redattore capo, d&#8217;un comitato di lettura e di numerosi auttori che propongono liberamente i loro articoli. Contiene anche il &#8220;Tableau d\u2019honneur&#8221; nominativo dei nostri aderenti. Questo elenco \u00e8 declinato secondo differenti criteri e \u00e8 il riflesso della diversit\u00e0 e il dinamismo dei nostri soci.<\/p>\n<p>Un gruppo informatico composto da membri competenti s&#8217;occupa del mantenimento del sito, della creazione di strumenti informatici di condivisione dei dati riguardanti i membri del club e i passi del nostro catalogo.<\/p>\n<p>Un negozio dispone di una linea di abbigliamento con i colori del club, la linea \u00e8 stata rivista nel 2018. Si possono anche acquistare altri oggetti utili con il logo del\u00a0 Club des Cent Cols.<\/p>\n<p>Ogni membro della confraternita pu\u00f2 orgnizzare la sua attivit\u00e0 ciclistica autonomanente, come preferisce e dove preferisce. Ma gli saranno offerte numerose occasioni collettive da parte del club.<\/p>\n<h3><a href=\"https:\/\/centcols.org\/backup\/it\/categorie\/sejours-it\/\" target=\"_blank\" rel=\"noopener noreferrer\">I soggiorni<\/a>:<\/h3>\n<p>Organizziamo perci\u00f2 tre soggiorni annuali sui differenti massicci montagnosi dell&#8217;Europa Occidentale, in primavera, estate e in autunno. Al termine del soggiorno estivo organizziamo un incontro internazionale che perette a tutti i membri presenti di ritrovarsi per scambiare qualche parola e per il brindisi dell&#8217;amicizia. Il soggiorno d&#8217;autunno \u00e8 quello che corrisponde all&#8217;organizzazione dell&#8217;Assemblea Generale in novembre. Parallelamente numerosi incontri regionali sono orgnizzati nel corso dell&#8217;anno nelle differenti regioni o paesi.<\/p>\n<h3><a href=\"https:\/\/centcols.org\/backup\/it\/categorie\/rassemblements-it\/\" target=\"_blank\" rel=\"noopener noreferrer\">Gli incontri regionali<\/a>:<\/h3>\n<p>Per iniziativa degli animatori regionali o dei soci del club, numerosi incontri regionali sono organizzati nel corso dell&#8217;anno nelle differenti regioni o paesi. Essi permettono ai membri locali o a quelli che sono di passaggio di incontrarsi. Questi incontri sono aperti anche ai ciclisti interessati al nostro club.<\/p>\n<h3><a href=\"https:\/\/centcols.org\/backup\/categorie\/randonnees-permanentes\/\" target=\"_blank\" rel=\"noopener noreferrer\">Le randonn\u00e9 permanenti<\/a> :<\/h3>\n<p>Queste sono dei ercorsi tracciati in una regione o in un paese e obbedisocono a una regol del gioco : attraversare almeno 100 passi su un percorso scelto da l&#8217;idatore. Ne esistono 17 ad oggi. Il partecipante organizza la realizzazione delle randonn\u00e9 permanente come preferisce ma rispettando la regola del gioco espressamente prevista.<\/p>\n<h3>I brevetti:<\/h3>\n<p>Per ottenere un brevetto, il gioco consiste nel valicare tutti ipassi stradali d&#8217;un dipartimento,\u00a0 d\u2019un l\u00e4nder, d\u2019un cantone o\u00a0 d\u2019una provincia quale che sia il numero dei passi. Sar\u00e0 previsto anche un brevetto nazionale. (Questi brevetti sono in corso d&#8217;elaborazione e il link sar\u00e0 attivo quando saranno completati).<\/p>\n<h3><a href=\"https:\/\/centcols.org\/backup\/categorie\/challenges\/\" target=\"_blank\" rel=\"noopener noreferrer\">Le sfide <\/a>:<\/h3>\n<p>Queste sono degli incitamenti a viaggiare, proposte da un socio del Club des Cent Cols su un tema particolare e differente per ogni sifda.<\/p>\n<p>Le randonn\u00e9 permanenti, i brevetti e le sfide sono aperti anche i non membri della confraternita e sono un eccellente modo per raggiungerla.<\/p>","protected":false},"excerpt":{"rendered":"<p>&nbsp; Il nostro club ha la vocazione di riunire le persone appassionate di ciclismo in montagna e di favorire la condivisione delle conoscenze acquisite sui passi del mondo intero. Non siamo un club competitivo &#8211; i nostri membri pedalano ciascuno al prorpio ritmo, dove e quando lo desiderano, sulle strade o i sentieri di montagna, [&hellip;]<\/p>\n","protected":false},"author":69,"featured_media":0,"parent":0,"menu_order":0,"comment_status":"closed","ping_status":"closed","template":"","meta":{"_acf_changed":false,"ub_ctt_via":"","_monsterinsights_skip_tracking":false,"_monsterinsights_sitenote_active":false,"_monsterinsights_sitenote_note":"","_monsterinsights_sitenote_category":0,"footnotes":""},"acf":[],"featured_image_urls":{"full":"","thumbnail":"","medium":"","medium_large":"","large":"","1536x1536":"","2048x2048":"","woocommerce_thumbnail":"","woocommerce_single":"","woocommerce_gallery_thumbnail":""},"post_excerpt_stackable":"<p>&nbsp; Il nostro club ha la vocazione di riunire le persone appassionate di ciclismo in montagna e di favorire la condivisione delle conoscenze acquisite sui passi del mondo intero. Non siamo un club competitivo &#8211; i nostri membri pedalano ciascuno al prorpio ritmo, dove e quando lo desiderano, sulle strade o i sentieri di montagna, soli o in gruppo. Alcuni membri valicano meno di dieci passi in un anno, altri pi\u00f9 d&#8217;un centinaio. Ma speriamo vogliate condividere almeno la nostra passione per la montagna e che sarete lieti di raccogliere la sfida di scalare passi in tutto il mondo. L\u2019appartenenza&hellip;<\/p>\n","category_list":"","author_info":{"name":"Enrico Alberini","url":"https:\/\/centcols.org\/backup\/it\/author\/5065\/"},"comments_num":"0 commenti","featured_image_urls_v2":{"full":"","thumbnail":"","medium":"","medium_large":"","large":"","1536x1536":"","2048x2048":"","woocommerce_thumbnail":"","woocommerce_single":"","woocommerce_gallery_thumbnail":""},"post_excerpt_stackable_v2":"<p>&nbsp; Il nostro club ha la vocazione di riunire le persone appassionate di ciclismo in montagna e di favorire la condivisione delle conoscenze acquisite sui passi del mondo intero. Non siamo un club competitivo &#8211; i nostri membri pedalano ciascuno al prorpio ritmo, dove e quando lo desiderano, sulle strade o i sentieri di montagna, soli o in gruppo. Alcuni membri valicano meno di dieci passi in un anno, altri pi\u00f9 d&#8217;un centinaio. Ma speriamo vogliate condividere almeno la nostra passione per la montagna e che sarete lieti di raccogliere la sfida di scalare passi in tutto il mondo. L\u2019appartenenza&hellip;<\/p>\n","category_list_v2":"","author_info_v2":{"name":"Enrico Alberini","url":"https:\/\/centcols.org\/backup\/it\/author\/5065\/"},"comments_num_v2":"0 commenti","featured_image_src":null,"_links":{"self":[{"href":"https:\/\/centcols.org\/backup\/it\/wp-json\/wp\/v2\/pages\/36902"}],"collection":[{"href":"https:\/\/centcols.org\/backup\/it\/wp-json\/wp\/v2\/pages"}],"about":[{"href":"https:\/\/centcols.org\/backup\/it\/wp-json\/wp\/v2\/types\/page"}],"author":[{"embeddable":true,"href":"https:\/\/centcols.org\/backup\/it\/wp-json\/wp\/v2\/users\/69"}],"replies":[{"embeddable":true,"href":"https:\/\/centcols.org\/backup\/it\/wp-json\/wp\/v2\/comments?post=36902"}],"version-history":[{"count":0,"href":"https:\/\/centcols.org\/backup\/it\/wp-json\/wp\/v2\/pages\/36902\/revisions"}],"wp:attachment":[{"href":"https:\/\/centcols.org\/backup\/it\/wp-json\/wp\/v2\/media?parent=36902"}],"curies":[{"name":"wp","href":"https:\/\/api.w.org\/{rel}","templated":true}]}}