{"id":38746,"date":"2015-03-20T09:09:55","date_gmt":"2015-03-20T08:09:55","guid":{"rendered":"https:\/\/centcols.org\/backup\/faq-le-club\/"},"modified":"2022-10-01T17:42:28","modified_gmt":"2022-10-01T15:42:28","slug":"faq-le-club-it","status":"publish","type":"page","link":"https:\/\/centcols.org\/backup\/it\/faq-le-club-it\/","title":{"rendered":"FAQ &#8211; Il Club"},"content":{"rendered":"<h2>Che cos&#8217;\u00e8 il\u00a0 Club des Cent Cols ?<\/h2>\n<p>Si tratta di un club di cicloturismo, fondato nel 1972, che raggruppa degli appassionati di ciclismo in montagna. Il loro obiettivo : collezionare dei passi.<\/p>\n<h2>Come farne parte ?<\/h2>\n<p>Bisogna avere valicato almeno 100 passi differenti di cui 5 a pi\u00f9 di 2000 m e farne una lista. Trasmettere questa lista al segretario del club e pagando la quota di iscrizione. <a title=\"R\u00e8gle du jeu\" href=\"https:\/\/centcols.org\/backup\/it\/regola-del-gioco\/\">Vedi la regola del gioco.<\/a><\/p>\n<h2>Bisogna provare i propri passaggi ?<\/h2>\n<p>Non \u00e8 necessaria alcuna prova. Il principio di base del Club \u00e8 la fiducia.<\/p>\n<h2>A chi si deve far pervenire la propria lista per aderire al Club ?<\/h2>\n<p>La prima lista di passi per l&#8217;adesione deve essere inviata al segretario del Club. <a title=\"R\u00e8gle du jeu\" href=\"https:\/\/centcols.org\/backup\/it\/regola-del-gioco\/\">Vedi la regola del gioco.<\/a><\/p>\n<h2>Qual \u00e8 la quota d&#8217;iscrizione per diventare membri del Club ?<\/h2>\n<p>E&#8217; richiesta una quota d&#8217;iscrizione di 20 euro. Questa d\u00e0 il diritto ad un diploma personalizzato, una medaglia, un esemplare della rivista annuale. Gli anni successivi \u00e8 richiesta una quota di almeno 15 euro. Queste quote sono attualizzabili e vanno pagate con un bonifico bancario sul conto corrente del Club o a mezzo PayPal (in questo caso occorre aggiungere 1 euro per le spese di riscossione sostenute dal Club)<\/p>\n<h2>Gli anni successivi alla mia adesione, a chi devo inviare la mia lista ?<\/h2>\n<p>Le liste vanno inviate ai delegati territoriali o nazionali, in funzione della propria residenza, il pagamento pu\u00f2 essere fatto con bonifico bancario e il pagamento comunicato al proprio DT. <a title=\"R\u00e8gle du jeu\" href=\"https:\/\/centcols.org\/backup\/it\/regola-del-gioco\/\">Vedi la regola del gioco.<\/a><\/p>\n<h2>Chi \u00e8 un delegato territoriale o nazionale ?<\/h2>\n<p>I delegati territoriali\u00a0 (DT) o nazionali ricevono le liste dei membri gli anni successivi a quello di adesione. Tengono l&#8217;Albo d&#8217;Onore (vedi sotto). Il nome &#8220;DT&#8221; \u00e8 utilizzato in Francia e ogni territorio raggruppa un certo numero di dipartimenti. Da notare che un DT pu\u00f2 anche non abitare nel &#8220;territorio&#8221; di cui deve occuparsi.<\/p>\n<h2>Devo pagare la quota anche se non ho valicato alcun passo nel corso dell&#8217;anno ?<\/h2>\n<p>Per rimanere membro &#8220;attivo&#8221; e beneficiare dei servizi del Club, \u00e8 necessario far pervenire ogni anno la propria quota accompagnata o meno da una lista di nuovi passi.<\/p>\n<h2>Che cos&#8217;\u00e8 l&#8217;albo d&#8217;onore ?<\/h2>\n<p>Figura nella rivista annuale, si tratta della lista dei membri precisando il loro numero e il quota versata.<\/p>\n<h2>Ho accesso alla mia schede di membro ?<\/h2>\n<p>Ogni membro pu\u00f2 consultare sul sito internet\u00a0 la sua scheda individuale e modificare i suoi dati personali. E&#8217; sufficiente di avere fatto conoscere il suo indirizzo mail al proprio delegato territoriale\u00a0 (DT) o la segretario. Solo il DT pu\u00f2 modificare il numero dei passi valicati. \u00a0<a title=\"Se connecter \u00e0 son compte\" href=\"https:\/\/centcols.org\/backup\/it\/section-membre\/\" target=\"_blank\" rel=\"noopener noreferrer\">connettersi al proprio conto.<\/a><\/p>\n<h2>Il Club organizza dei soggiorni ? Degli incontri ?<\/h2>\n<p>Ogni anno il Club organizza dei soggiorni che permettono ai membri di incontrarsi per condividere la stessa passione. Tradizionalmente, nel corso dell&#8217;estate, un raduno nazionale \u00e8 organizzato in cima ad un passo scelto per la sua bellezza e tranquillit\u00e0. I soggiorni si alternano tra i quattro principali massicci montagnosi (Alpi, Pirenei, Massiccio Centrale e Vosgi).<br \/>\n<a href=\"https:\/\/centcols.org\/backup\/it\/sejours\/\" target=\"_blank\" rel=\"noopener noreferrer\">soggiorni del club<\/a><\/p>\n<h2>Esiste un calendario di uscite del Club ?<\/h2>\n<p>Il Club non organizza uscite settimanali perch\u00e9 non \u00e8 questa la sua vocazione contrariamente ai club locali. I membri si incontrano durante i soggiorni, i raduni regionali o in modo informale (<span style=\"text-decoration: underline;\"><a href=\"https:\/\/centcols.org\/backup\/it\/calendario-generale\/\" target=\"_blank\" rel=\"noopener noreferrer\">vedi il calendario<\/a><\/span>).<\/p>\n<h2>Esiste una maglia o altro abbigliamento e articoli del Club ?<\/h2>\n<p>Il Club mette a disposizione dei suoi membri una gamma d&#8217;abbigliamento e altri articoli.<br \/>\n<a href=\"https:\/\/centcols.org\/backup\/it\/negozio\/\" target=\"_blank\" rel=\"noopener noreferrer\">il negozio<\/a><\/p>\n<h2>Come entrare in contatto con gli altri membri del Club ?<\/h2>\n<p>Al di l\u00e0 dei soggiorni annuali, il Club propone ai suoi membri\u00a0 &#8220;una liste di diffusione&#8221; su internet.<br \/>\n<a href=\"http:\/\/fr.groups.yahoo.com\/group\/cent_cols\/\" target=\"_blank\" rel=\"noopener noreferrer\">http:\/\/fr.groups.yahoo.com\/group\/cent_cols\/<\/a><\/p>\n<h2>Il Club rilascia dei tesseramenti ?<\/h2>\n<p>Il\u00a0 Club \u00e8 affiliato alla Federazione Francese di Cicloturismo e di conseguenza ha la possibilit\u00e0 di fare dei tesseramenti. Non \u00e8 la sua vocazione che \u00e8 piuttosto quella dei club locali, tuttavia il Club tessera volentieri i suoi membri per incrementare il proprio peso nel nostro Codep e Coreg.<br \/>\n<a href=\"https:\/\/centcols.org\/backup\/it\/licences-ffct\/\" target=\"_blank\" rel=\"noopener noreferrer\">il ttps:\/\/centcols.org\/backup\/licences-ffct\/<\/a><\/p>\n<h2>Quanti sono i membri presenti nel Club des Cent Cols ?<\/h2>\n<p>Dalla sua fondazione nel 1972, il Club ha iscritto oltre 7750 membri di cui 2000 sono ancora attivi.<\/p>\n<h2>Ho smesso di pagare la quota da diversi anni, devo reiscrivermi se desidero essere di nuovo membro del Club ?<\/h2>\n<p>Il\u00a0 n\u00b0 d\u2019ordine attribuito all&#8217;iscrizione resta valido a vita. Nessun membro \u00e8 cancellato dalla\u00a0 scheda del\u00a0 Club. Di conseguenza \u00e8 sufficiente il pagamento di una quota per ritornare ad essere membro attivo e per beneficiare, di nuovo, di tutte le prestazioni offerte dal Club.<\/p>\n<h2>Posso contare i passi oltre i primi 100 ?<\/h2>\n<p>Si , ogni anno si fa l&#8217;aggiornamento della propria lista di passi valicati. E&#8217; sufficiente rispettare la regola dei 5 passi oltre i 2000 m per ogni centinaio. Pu\u00f2 essere rilasciato, a richiesta, un diploma per coloro che superano un numero significativo di passi, cominciando dai 500 e poi ogni\u00a0 1000.<\/p>\n<h2>Mi mancano dei passi oltre i 2000m, devo cessare l&#8217;invio della mia lista annuale di passi ?<\/h2>\n<p>No, tutti i passi valicati saranno registrati anche se la\u00a0 &#8220;quota&#8221; di 5 passi oltre i\u00a0 2000 metri non \u00e8 stata raggiunta. Solamente l&#8217;Albo d&#8217;Onore pubblicato sulla rivista terr\u00e0 conto della limitazione apportata al totale dei passi dichiarati. Quando il numero dei passi \u00e0 pi\u00f9 di 2000 m sar\u00e0 aumentato, il totale generale sar\u00e0 aggiustato automaticamente.<\/p>\n<h2>Non sono francese, posso iscrivermi al CCC ?<\/h2>\n<p>Si, il Club \u00e8 aperto a tutte le nazionalit\u00e0.<\/p>\n<h2>Dove posso trovare gli indirizzi dei responsabili del Club ?<\/h2>\n<p>Sulla rubrica <a href=\"https:\/\/centcols.org\/backup\/it\/contatti\/\" target=\"_blank\" rel=\"noopener noreferrer\">Contatti<\/a> del nostro sito internet troverete gli indirizzi mail dei responsabili, come gli indirizzi postali di tutti i delegati territoriali e nazionali.<\/p>\n<h2>Come posso aiutare il Club ?<\/h2>\n<p>Il club ha bisogno di competenze in diversi campi (preparazione dei soggiorni e dei raduni,\u00a0 informatiche, di marketing, etc). Se le possedete e site interessati a contribuire, contattate il segretario secretaire@centcols.net<br \/>\nOgni quattro anni, potete candidarvi alle elezioni interne per dioventare membro del Consiglio d&#8217;Amministrazione del Club (CA). L&#8217;appello alle candidature si fa nell&#8217;Info-Cent-Cols.<\/p>\n<h2>Ho il diritto di voto ?<\/h2>\n<p>Ogni membro in regola con la quota pu\u00f2 votare ogni anno sui tre rapporti che sono presentati all&#8217;assemblea generale. Ogni quattro anni potete votare per i candidati ad un posto nel CA.<br \/>\nDelle altre votazioni possono essere organizzate su certi argomenti particolarmente importanti.<\/p>\n","protected":false},"excerpt":{"rendered":"<p>Che cos&#8217;\u00e8 il\u00a0 Club des Cent Cols ? Si tratta di un club di cicloturismo, fondato nel 1972, che raggruppa degli appassionati di ciclismo in montagna. Il loro obiettivo : collezionare dei passi. Come farne parte ? Bisogna avere valicato almeno 100 passi differenti di cui 5 a pi\u00f9 di 2000 m e farne una [&hellip;]<\/p>\n","protected":false},"author":69,"featured_media":0,"parent":0,"menu_order":0,"comment_status":"closed","ping_status":"closed","template":"","meta":{"_acf_changed":false,"ub_ctt_via":"","_monsterinsights_skip_tracking":false,"_monsterinsights_sitenote_active":false,"_monsterinsights_sitenote_note":"","_monsterinsights_sitenote_category":0,"footnotes":""},"acf":[],"featured_image_urls":{"full":"","thumbnail":"","medium":"","medium_large":"","large":"","1536x1536":"","2048x2048":"","woocommerce_thumbnail":"","woocommerce_single":"","woocommerce_gallery_thumbnail":""},"post_excerpt_stackable":"<p>Che cos&#8217;\u00e8 il\u00a0 Club des Cent Cols ? Si tratta di un club di cicloturismo, fondato nel 1972, che raggruppa degli appassionati di ciclismo in montagna. Il loro obiettivo : collezionare dei passi. Come farne parte ? Bisogna avere valicato almeno 100 passi differenti di cui 5 a pi\u00f9 di 2000 m e farne una lista. Trasmettere questa lista al segretario del club e pagando la quota di iscrizione. Vedi la regola del gioco. Bisogna provare i propri passaggi ? Non \u00e8 necessaria alcuna prova. Il principio di base del Club \u00e8 la fiducia. A chi si deve far pervenire&hellip;<\/p>\n","category_list":"","author_info":{"name":"Enrico Alberini","url":"https:\/\/centcols.org\/backup\/it\/author\/5065\/"},"comments_num":"0 commenti","featured_image_urls_v2":{"full":"","thumbnail":"","medium":"","medium_large":"","large":"","1536x1536":"","2048x2048":"","woocommerce_thumbnail":"","woocommerce_single":"","woocommerce_gallery_thumbnail":""},"post_excerpt_stackable_v2":"<p>Che cos&#8217;\u00e8 il\u00a0 Club des Cent Cols ? Si tratta di un club di cicloturismo, fondato nel 1972, che raggruppa degli appassionati di ciclismo in montagna. Il loro obiettivo : collezionare dei passi. Come farne parte ? Bisogna avere valicato almeno 100 passi differenti di cui 5 a pi\u00f9 di 2000 m e farne una lista. Trasmettere questa lista al segretario del club e pagando la quota di iscrizione. Vedi la regola del gioco. Bisogna provare i propri passaggi ? Non \u00e8 necessaria alcuna prova. Il principio di base del Club \u00e8 la fiducia. A chi si deve far pervenire&hellip;<\/p>\n","category_list_v2":"","author_info_v2":{"name":"Enrico Alberini","url":"https:\/\/centcols.org\/backup\/it\/author\/5065\/"},"comments_num_v2":"0 commenti","featured_image_src":null,"_links":{"self":[{"href":"https:\/\/centcols.org\/backup\/it\/wp-json\/wp\/v2\/pages\/38746"}],"collection":[{"href":"https:\/\/centcols.org\/backup\/it\/wp-json\/wp\/v2\/pages"}],"about":[{"href":"https:\/\/centcols.org\/backup\/it\/wp-json\/wp\/v2\/types\/page"}],"author":[{"embeddable":true,"href":"https:\/\/centcols.org\/backup\/it\/wp-json\/wp\/v2\/users\/69"}],"replies":[{"embeddable":true,"href":"https:\/\/centcols.org\/backup\/it\/wp-json\/wp\/v2\/comments?post=38746"}],"version-history":[{"count":0,"href":"https:\/\/centcols.org\/backup\/it\/wp-json\/wp\/v2\/pages\/38746\/revisions"}],"wp:attachment":[{"href":"https:\/\/centcols.org\/backup\/it\/wp-json\/wp\/v2\/media?parent=38746"}],"curies":[{"name":"wp","href":"https:\/\/api.w.org\/{rel}","templated":true}]}}