{"id":38751,"date":"2015-03-20T09:10:11","date_gmt":"2015-03-20T08:10:11","guid":{"rendered":"https:\/\/centcols.org\/backup\/faq-les-cols\/"},"modified":"2020-04-23T09:38:26","modified_gmt":"2020-04-23T07:38:26","slug":"faq-les-cols-it","status":"publish","type":"page","link":"https:\/\/centcols.org\/backup\/it\/faq-les-cols-it\/","title":{"rendered":"FAQ &#8211; I passi"},"content":{"rendered":"<h2 style=\"text-align: justify;\">Come redigere la propria lista di passi ?<\/h2>\n<p style=\"text-align: justify;\">La lista sar\u00e0 preferibilmente redatta con l&#8217;aiuto di un programma informatico (Word, Excel o equivalenti) e stampata o inviata per mail al proprio delegato ; questo per delle ragioni di leggibilit\u00e0. Se la lista \u00e8 scritta a mano \u00e8 necessario usare caratteri a stampatello. I passi devono essere accompagnati dalla loro altitudine e se possibile in ordine crescente di dipartimento (per la Francia). Per i passi situati fuori dalla Francia, indicare il paese e se possibile la regione.<\/p>\n<h2 style=\"text-align: justify;\">Quali sono i passi riconosciuti ?<\/h2>\n<p style=\"text-align: justify;\">I passi riconosciuti dal Club sono quelli che figurano sui cataloghi di riferimento messi in vendita dal Club (vedi sotto). Per i paesi non coperti dai cataloghi, i passi riconosciuti sono quelli il cui nome e il titolo figurano su della mappe o dei cartelli (sommitali o direzionali) o su un altro documento affidabile ritenuto tale dal Club.<\/p>\n<h2 style=\"text-align: justify;\">I passi non asfaltati possono essere considerati ?<\/h2>\n<p style=\"text-align: justify;\">I passi &#8220;mulattieri&#8221; sono riconosciuti dal Club e possono essere contati tanto quanto quelli asfaltati.<\/p>\n<h2 style=\"text-align: justify;\">I passi non ciclabili possono essere contabilizzati ?<\/h2>\n<p style=\"text-align: justify;\">Lo scopo della collezione di passi \u00e8 ci cercare di valicare i passi sulla bicicletta. Tuttavia, tutti i passi la cui sommit\u00e0 \u00e8 raggiunta con la bicicletta (o pedalando, o spingendo e portando la bicicletta) \u00e8 contabilizzabile.<\/p>\n<h2 style=\"text-align: justify;\">Posso contare un passo ciclabile se per delle ragioni di affaticamento devo scendere dalla bicicletta nella salita ?<\/h2>\n<p style=\"text-align: justify;\">Si, perch\u00e9 la sommit\u00e0 \u00e8 raggiunta con la bicicletta con l&#8217;uso della sola forza muscolare.<\/p>\n<h2 style=\"text-align: justify;\">Quali mezzi sono validi per valicare i passi ?<\/h2>\n<p style=\"text-align: justify;\">Qualsiasi mezzo su ruote e mosso dalla sola forza muscolare pu\u00f2 essere utilizzato. Questo include le biciclette, i tandem, i tricicli, etc. Ogni forma d&#8217;assistenza motorizzata ( motore a scoppio e motori elettrici, anche di aiuto) \u00e8 vietata.\u00a0 Un passo valicato unicamente a piedi (senza la propria bicicletta) non pu\u00f2 essere contabilizzato.<\/p>\n<h2 style=\"text-align: justify;\">I due ciclisti d&#8217;un tandem possono contabilizzare entrambi un passo ?<\/h2>\n<p style=\"text-align: justify;\">Si, in quanto hanno fatto il tragitto per raggiungere il passo insieme.<\/p>\n<h2 style=\"text-align: justify;\">Alcuni passi sono vietati ma appaiono sui cataloghi dei passi. Cosa devo fare ?<\/h2>\n<p style=\"text-align: justify;\">I cataloghi contengono delle liste di passi il pi\u00f9 esaustive possibile. Non tengono\u00a0 conto dell&#8217;accessibilit\u00e0 legale dei passi. Certi passi sono vietati perch\u00e9 situati in parchi o riserve naturali, su delle autostrade, su delle ferrovie o in propriet\u00e0 private o militari. E&#8217; cura del membro obbedire ad ogni divieto, cos\u00ec come al codice della strada e ad ogni regolamentazione in vigore. Detto questo, se per una ragione o un&#8217;altra, avete valicato questi passi, essi potranno essere contabilizzati.<\/p>\n<h2 style=\"text-align: justify;\">I passi al di fuori della Francia possono essere contabilizzati ?<\/h2>\n<p style=\"text-align: justify;\">I passi di tutto il mondo possono essere contabilizzati sse rispondono alle regole del Club.<\/p>\n<h2 style=\"text-align: justify;\">Un passo pu\u00f2 essere contato pi\u00f9 volte se lo si raggiunge da versanti diversi ?<\/h2>\n<p style=\"text-align: justify;\">Non sono le ascensioni ad essere contate ma i passi. Di conseguenza un passo pu\u00f2 essere contabilizzato una sola volta anche se \u00e8 stato raggiunto da versanti differenti, compresi i passi frontalieri che portano due codici distinti.<\/p>\n<h2 style=\"text-align: justify;\">Le salite &#8220;celebri&#8221; (Alpe-d\u2019Huez, Hautacam, mont Ventoux, la Madonna del Ghisallo, etc\u2026) possono essere contate ?<\/h2>\n<p style=\"text-align: justify;\">Le salite rese celebri dalla competizioni ciclistiche non sono necessariamente dei passi e non possono essere sistematicamentge contate. Tuttavia, esiste molto spesso un passo situato nelle vicinanze (ex : il col de Poutran sopra l\u2019Alpe-d\u2019Huez o il col des Temp\u00eates sul versante del mont Ventoux).<\/p>\n<h2 style=\"text-align: justify;\">Un passo valicato in discesa pu\u00f2 essere contabilizzato ?<\/h2>\n<p style=\"text-align: justify;\">Ogni passo dichiarato da un membro \u00e8 considerato come valicato, compresi quelli fatti in discesa.<\/p>\n<h2 style=\"text-align: justify;\">I passi valicati con la MTB si possono contare ?<\/h2>\n<p style=\"text-align: justify;\">Si, ogni tipo di bicicletta \u00e8 ammessa purch\u00e9 sia mossa dalla sola forza muscolare.<\/p>\n<h2 style=\"text-align: justify;\">I passi che si succedono durante una stessa salita (ex: Lautaret e poi Galibier) possono essere contabilizzati ?<\/h2>\n<p style=\"text-align: justify;\">Si, ogni passo valicato pu\u00f2 essere contabilizzato che lo sia salendo che scendendo.<\/p>\n<h2 style=\"text-align: justify;\">Esiste un&#8217;altitudine minima per contabilizzare un passo ?<\/h2>\n<p style=\"text-align: justify;\">Non \u00e8 richiesta alcuna altitudine minima per un passo, ma solamente che sia riportato su una mappa o su un cartello o su un altro documento giustificativo giudicato affidabile dal club.<\/p>\n<h2 style=\"text-align: justify;\">Esistono dei cataloghi di riferimento ?<\/h2>\n<p style=\"text-align: justify;\">Il Club pubblica i cataloghi di riferimento di un numero crescente di paesi. I passi che vi figurano sono riconosciuti dal Club e possono figurare sulle liste inviate dai membri. Ogni catalogo esiste in versione informatica e in forma cartacea. Per i membri in regola con la quota annuale,\u00a0 tutti i cataloghi in forma informatica possono essere scaricati, nella versione pi\u00f9 recente, gratuitamente dal sito del club. E&#8217; bene usare la versione pi\u00f9 recente d&#8217;un catalogo per redigere la lista annuale da spedire.<\/p>\n<h2 style=\"text-align: justify;\">Quando scopro un passo inedito, che non figura in un catalogo di riferimento, posso inserirlo nella mia lista annuale dei passi ?<\/h2>\n<p style=\"text-align: justify;\">Pu\u00f2 darsi che figuri nella lista dei passi &#8220;non riconosciuti&#8221; pubblicata sul sito internet (rubrica i passi-&gt;passi non riconosciuti).<\/p>\n<p style=\"text-align: justify;\">Se no \u00e8 questo il caso, potete comunicare la vostra scoperta scrivendo al segretario (o ad un altro responsabile del club cols@centcols.net), fornendo, se possibile, il massimo di indicazioni\u00a0 (estratti di mappa che lo nomini e localizzando il passo, eventualmente : fotografia di un\u00a0 cartello).Questo passo sar\u00e0 sottoposto alla validazione da parte del Club. Sar\u00e0 inserito nella prossima integrazione al catalogo. Se il passo non sar\u00e0 convalidato, sar\u00e0 inserito nei passi non riconosciuti e voi non dovrete contabilizzarlo.<\/p>\n<h2 style=\"text-align: justify;\">Quali mappe usare per localizzare i passi ?<\/h2>\n<p style=\"text-align: justify;\">Per la Francia, il catalogo dei passi di Francia (il Chauvot) indica le coordinate delle carte Michelin (Locali e Dipartimenti) et IGN a 1\/100 000. Queste carte sono sufficienti per una pratica stradale. Per ottenere una visione pi\u00f9 precisa di piste e sentieri, si raccomanda di usare delle carte pi\u00f9 dettagliate come le IGN a 1\/25 000. Queste carte saranno ugualmente utili per localizzare le CV e altre piccole strade asfaltate che non figurano sulle carte a scala maggiore. Per gli altri paesi i cataloghi indicano le diverse edizioni delle carte da utilizzare per la pratica stradale e mulattiera. Le scale sono nella maggior parte dei casi simili a quelle utilizzate in Francia.<\/p>\n<h2 style=\"text-align: justify;\">Come individuare i passi sulle carte ?<\/h2>\n<p style=\"text-align: justify;\">I cataloghi forniscono delle coordinate millimetriche in X e Y da riportare sulle carte in funzione del quadrante che le costituiscono.<br \/>\nI passi possono anche essere pi\u00f9 rapidamente reperiti grazie ai calchi (vedi sotto) disponibili sul nostro sito internet.<\/p>\n<p style=\"text-align: justify;\">Per i possessori di strumenti informatici (Cartoexplorer, Geoportale, Google Earth) \u00e8 possibile cercare un passo grazie alle coordinate geografiche universali (longitudine\/latitudine WGS84 e UTM) fornite nella maggior parte dei cataloghi informatici. Alcuni cataloghi forniscono delle altre serie di coordinate tipichec di ogni paese (p.es. Gauss-Kr\u00fcger per la Germania e coordinate civili per la Svizzera)<\/p>\n<p style=\"text-align: justify;\">Infine, un&#8217;utilit\u00e0 on line (<a class=\"iframe-fancybox\" href=\"https:\/\/centcols.org\/backup\/it\/ccway\/\">ccWay<\/a>) \u00e8 proposta alla rubrica &#8220;i passi&#8221; e permette di trasferire le coordinate dei passi verso i ricevitori GPS cos\u00ec come di visualizzarli su Google Earth.<\/p>\n<h2 style=\"text-align: justify;\">Che cosa sono i &#8220;calchi&#8221; ?<\/h2>\n<p style=\"text-align: justify;\">Un calco \u00e8 una rappresentazione grafica dei passi situati su questo o quel quadrante di una carta. Stampando questo grafico su un foglio di plastica trasparente e sovrapponendo questo foglio sulla corrispondente porzione della carta., i passi sono automaticamente localizzati. Questi calchi solo scaricabili gratuitamente e stampabili dal sito internet del Club.<\/p>\n<h2 style=\"text-align: justify;\">Utilizzo un GPS, il Club fornisce delle \u00ab tracce \u00bb ?<\/h2>\n<p style=\"text-align: justify;\">Il non fornisce delle tracce per il GPS. Solo i passi sono repertoriati con le coordinate geografiche secondo i diversi sistemi in vigore.<br \/>\nTuttavia il Club propone dei circuiti VTT nelle sue pubblicazioni : TOPO. (vedi sotto). Delle tracce, attualmente, sono fornite per i percorsi dei diversi soggiorni proposti dal Club. Il Club des Cent Cols ha concluso una partenariato con <a href=\"http:\/\/www.openrunner.com\/\" target=\"_blank\" rel=\"noopener noreferrer\">Openrunner<\/a> dove troverete uno spazio &#8220;Cent Cols&#8221; nel quale potrete scaricare dei percorsi.<\/p>\n<h2 style=\"text-align: justify;\">Il Club pubblica delle guide delle randonn\u00e9e ?<\/h2>\n<p style=\"text-align: justify;\">I diversi n\u00b0 di TOPO raggruppano un grande numero di percorsi MTB che comportano delle tracce, dei profili e descrizioni dei circuiti, informazioni diverse.<br \/>\nQuesti documenti possono presentarsi sotto la forma di brochure stampate, o di file PDF.<\/p>\n<h2 style=\"text-align: justify;\">Quanti passi ci sono in Francia ?<\/h2>\n<p style=\"text-align: justify;\">11000 circa, di cui\u00a0 2400 stradali asfaltati. Questi passi riconosciuti dal Club figurano tutti nel Catalogo dei Passi fi Francia.<br \/>\nNegli altri paesi esistono ugualmente moltissimi passi. Il Club pubblica dei cataloghi per numerosi paesi.<\/p>\n<h2 style=\"text-align: justify;\">Posso aggiungere nella mia lista annuale un passo pubblicato in una integrazione anche se io l&#8217;ho valicato precedentemente ?<\/h2>\n<p style=\"text-align: justify;\">Si, l&#8217;anno di raggiungimento d&#8217;un passo non ha alcuna incidenza.<\/p>\n<h2 style=\"text-align: justify;\">Devo cancellare dalla mia lista i passi che sono stati soppressi ?<\/h2>\n<p style=\"text-align: justify;\">Questa questione \u00e8 lasciata al libero arbitrio dell&#8217;aderente che li canceller\u00e0 in funzione della propria sensibilit\u00e0.<\/p>\n<h2 style=\"text-align: justify;\">Come i cataloghi dei passi pubblicati dal Club sono aggiornati ?<\/h2>\n<p style=\"text-align: justify;\">Per la scoperta di nuove informazioni (es. nuova edizione di una carta) trasmesse dagli aderenti o dai membri dei Gruppi di lavoro, e dopo esame da parte del Club. La messa on line di cartografia digitale, di registri immobiliari, permettono di riscoprire dei passi dimenticati<\/p>\n<h2 style=\"text-align: justify;\">Perch\u00e9 certi passi che sembrano essere validi topograficamente e che figurano su una carta o che si trovano su dei cartelli, sono rifiutati ?<\/h2>\n<p style=\"text-align: justify;\">Nella maggioranza dei casi \u00e8 che il nome di questi passi sono stati &#8220;attribuiti&#8221; artificialmente da dei ciclisti o da un organismo ufficiale\u00a0 ma per iniziativa di ciclisti con uno scopo mediatico, pubblicitario, turistico o simili. Questi passi non hanno alcun fondamento nella tradizione locale. Questa attivit\u00e0 contravviene all&#8217;articolo 4 della regola del gioco del Club. Se pensate che questo o quel passo che non \u00e8 riconosciuto dal Club ma dovrebbe esserlo, scrivete all&#8217;indirizzo cols@centcols.net<\/p>\n<h2 style=\"text-align: justify;\">Perch\u00e9 il codice d&#8217;una passo e la sua altitudine\u00a0 non sempre corrispondono ?<\/h2>\n<p style=\"text-align: justify;\">Il codice corrisponde all&#8217;altitudine originale del passo. Questa pu\u00f2 variare in funzione dell&#8217;edizione della carta o dell&#8217;et\u00e0 del cartello ma il codice \u00e8 invariabile alfine di garantire la tracciabilit\u00e0\u00a0 del passo nel catalogo.<\/p>\n","protected":false},"excerpt":{"rendered":"<p>Come redigere la propria lista di passi ? La lista sar\u00e0 preferibilmente redatta con l&#8217;aiuto di un programma informatico (Word, Excel o equivalenti) e stampata o inviata per mail al proprio delegato ; questo per delle ragioni di leggibilit\u00e0. Se la lista \u00e8 scritta a mano \u00e8 necessario usare caratteri a stampatello. I passi devono [&hellip;]<\/p>\n","protected":false},"author":69,"featured_media":0,"parent":0,"menu_order":0,"comment_status":"closed","ping_status":"closed","template":"","meta":{"_acf_changed":false,"ub_ctt_via":"","_monsterinsights_skip_tracking":false,"_monsterinsights_sitenote_active":false,"_monsterinsights_sitenote_note":"","_monsterinsights_sitenote_category":0,"footnotes":""},"acf":[],"featured_image_urls":{"full":"","thumbnail":"","medium":"","medium_large":"","large":"","1536x1536":"","2048x2048":"","woocommerce_thumbnail":"","woocommerce_single":"","woocommerce_gallery_thumbnail":""},"post_excerpt_stackable":"<p>Come redigere la propria lista di passi ? La lista sar\u00e0 preferibilmente redatta con l&#8217;aiuto di un programma informatico (Word, Excel o equivalenti) e stampata o inviata per mail al proprio delegato ; questo per delle ragioni di leggibilit\u00e0. Se la lista \u00e8 scritta a mano \u00e8 necessario usare caratteri a stampatello. I passi devono essere accompagnati dalla loro altitudine e se possibile in ordine crescente di dipartimento (per la Francia). Per i passi situati fuori dalla Francia, indicare il paese e se possibile la regione. Quali sono i passi riconosciuti ? I passi riconosciuti dal Club sono quelli che&hellip;<\/p>\n","category_list":"","author_info":{"name":"Enrico Alberini","url":"https:\/\/centcols.org\/backup\/it\/author\/5065\/"},"comments_num":"0 commenti","featured_image_urls_v2":{"full":"","thumbnail":"","medium":"","medium_large":"","large":"","1536x1536":"","2048x2048":"","woocommerce_thumbnail":"","woocommerce_single":"","woocommerce_gallery_thumbnail":""},"post_excerpt_stackable_v2":"<p>Come redigere la propria lista di passi ? La lista sar\u00e0 preferibilmente redatta con l&#8217;aiuto di un programma informatico (Word, Excel o equivalenti) e stampata o inviata per mail al proprio delegato ; questo per delle ragioni di leggibilit\u00e0. Se la lista \u00e8 scritta a mano \u00e8 necessario usare caratteri a stampatello. I passi devono essere accompagnati dalla loro altitudine e se possibile in ordine crescente di dipartimento (per la Francia). Per i passi situati fuori dalla Francia, indicare il paese e se possibile la regione. Quali sono i passi riconosciuti ? I passi riconosciuti dal Club sono quelli che&hellip;<\/p>\n","category_list_v2":"","author_info_v2":{"name":"Enrico Alberini","url":"https:\/\/centcols.org\/backup\/it\/author\/5065\/"},"comments_num_v2":"0 commenti","featured_image_src":null,"_links":{"self":[{"href":"https:\/\/centcols.org\/backup\/it\/wp-json\/wp\/v2\/pages\/38751"}],"collection":[{"href":"https:\/\/centcols.org\/backup\/it\/wp-json\/wp\/v2\/pages"}],"about":[{"href":"https:\/\/centcols.org\/backup\/it\/wp-json\/wp\/v2\/types\/page"}],"author":[{"embeddable":true,"href":"https:\/\/centcols.org\/backup\/it\/wp-json\/wp\/v2\/users\/69"}],"replies":[{"embeddable":true,"href":"https:\/\/centcols.org\/backup\/it\/wp-json\/wp\/v2\/comments?post=38751"}],"version-history":[{"count":0,"href":"https:\/\/centcols.org\/backup\/it\/wp-json\/wp\/v2\/pages\/38751\/revisions"}],"wp:attachment":[{"href":"https:\/\/centcols.org\/backup\/it\/wp-json\/wp\/v2\/media?parent=38751"}],"curies":[{"name":"wp","href":"https:\/\/api.w.org\/{rel}","templated":true}]}}