{"id":38788,"date":"2016-03-19T09:45:57","date_gmt":"2016-03-19T08:45:57","guid":{"rendered":"https:\/\/centcols.org\/backup\/faq-le-site\/"},"modified":"2021-08-07T08:09:22","modified_gmt":"2021-08-07T06:09:22","slug":"faq-le-site-it","status":"publish","type":"page","link":"https:\/\/centcols.org\/backup\/it\/faq-le-site-it\/","title":{"rendered":"FAQ &#8211; Il Sito"},"content":{"rendered":"<h2>Come accedere alle pagine riservate ai membri?<\/h2>\n<p id=\"trpar\"><span id=\"s2_1\">Fare clic su &#8220;membri&#8221; nella fascia verde presente nella parte superiore delle pagine.<\/span> <span id=\"s2_2\">Se non hai ancora una password o non ricordi, leggi l\u2019articolo<\/span>\u00a0<a href=\"https:\/\/centcols.org\/backup\/it\/mot-de-passe-section-membres\/\">Ottenere una password per accedere alla sezione membri<\/a>.<\/p>\n<h2>Il mio accesso \u00e8 bloccato. Perch\u00e9?<\/h2>\n<p>Avete pagato la quota annuale? Per maggiori informazioni leggete la pagina <a href=\"https:\/\/centcols.org\/backup\/it\/cotisation-annuelle\/\">quote annuali<\/a>. O avete cercato di connettervi pi\u00f9 volte con una password sbagliata? In questo caso attendete 24 ore e poi <a href=\"https:\/\/centcols.org\/backup\/it\/mot-de-passe-section-membres\/\">richiedete una nuova password<\/a> (se necessario). O contattate <a href=\"mailto:assistance@centcols.net\">assistance@centcols.net<\/a> se \u00e8 veramente urgente. Verificate anche di stare utilizzando il vostro\u00a0 corretto numero di membro!<\/p>\n<h2>In quale formato devo inviare le mie foto per documentare i passi?<\/h2>\n<p>Vedere le istruzioni cliccando <a href=\"https:\/\/centcols.org\/backup\/it\/photos-de-cols\/\" target=\"_blank\" rel=\"noopener noreferrer\">qui<\/a>.<\/p>\n<h2>Ho cliccato sul tasto &#8220;<em>generare e scaricare il file di uscita<\/em>&#8221; in ccWay ma non \u00e8 successo niente.<\/h2>\n<p id=\"trtext\"><span id=\"s2_1\">Se non hai modificato l\u2019impostazione del browser, il file viene salvato automaticamente nella cartella di download del computer.<\/span> <span id=\"s2_2\">Aprire questa cartella e si dovrebbe trovare uno o pi\u00f9 file (se si \u00e8 premuto pi\u00f9 volte il pulsante) il cui nome inizia con ccWay\u00b0membre_date&#8230;<\/span><\/p>\n<h2>ccWay non mi da alcun passo in un poligono che ho tracciato sula carta mentre sono sicuro che ci siano dei passi nelle regione. Perch\u00e9?<\/h2>\n<p><span id=\"s2_1\">Due dimenticanze possono portare a questo risultato.<\/span> <span id=\"s2_2\">Il primo \u00e8 che hai selezionato un solo tipo di colle (ad esempio i passi stradali) e che tutti i passi della regione sono di un altro tipo (ad esempio, passi fuori strada).<\/span> <span id=\"s2_3\">Un\u2019altra cosa che si dimentica a volte: se si sceglie un paese, poi si sposta la carta e si va su un altro paese, allora non si trova alcun valico del primo paese nel secondo.<\/span> <span id=\"s2_4\">Per esempio, se inizialmente si sceglie la Francia ma si traccia un poligono in Svizzera, allora non si trover\u00e0 alcun collo francese in Svizzera.<\/span> <span id=\"s2_5\">Questo comportamento pu\u00f2 sembrare troppo restrittivo, ma \u00e8 perch\u00e9 gli altri men\u00f9 siano sempre adatti al paese, per esempio finch\u00e9 si \u00e8 in Francia si possono scegliere regioni e dipartimenti, ma quando si sceglie la Svizzera si possono poi scegliere cantoni.<\/span><\/p>\n<h2>Non riesco ad aprire il file dei passi generato da ccWay. Come fare?\u00a0<\/h2>\n<p>Lo strumento <a href=\"https:\/\/centcols.org\/backup\/it\/ccway\/\">ccWay <\/a><span id=\"s2_1\">ti permette di scaricare gli elenchi in formato KML o GPX (o CE3 per la Francia).<\/span> <span id=\"s2_2\">Questi file sono utilizzabili solo se sul proprio computer \u00e8 presente un software in grado di leggerli.<\/span> <span id=\"s2_3\">Quale software scegliere \u00e8 una scelta individuale.<\/span> <span id=\"s2_4\">Come installarlo \u00e8 affare di ciascuno.<\/span> <span id=\"s2_5\">Per maggiori dettagli, vedere il<\/span> <a href=\"https:\/\/centcols.org\/backup\/it\/guide-ccway\/\">guida ccWay<\/a>.<\/p>\n<h2>Non vedo i miei nuovi passi in Google Earth quando li recupero da ccWay. Perch\u00e9 non posso vederli?<\/h2>\n<p>Quando aprite un file che viene da <a href=\"https:\/\/centcols.org\/backup\/it\/ccway\/\">ccWay<\/a> in Google Earth, questo programma apre allo stesso tempo anche tutto ci\u00f2 che \u00e8 salvato nei vostri &#8220;luoghi preferiti&#8221;. Quindi, se avete una vecchia versione di un file nei vostri luogi preferiti, questi continueranno a visualizzarsi. Ci\u00f2 pu\u00f2 dare l&#8217;impressione che il nuovo file non sia aggiornato quando in realt\u00e0 \u00e8 un vecchio file che rimane presente in Google Earth. Questa \u00e8 la prima cosa da controllare.<br \/>Se questa non \u00e8 la soluzione, allora \u00e8 consigliabile controllare quali passi sono effettivamente salvati nella <a href=\"https:\/\/centcols.org\/backup\/membres\/cols\/cols.php\">lista personale<\/a>. E se necessario completare questa lista <a href=\"https:\/\/centcols.org\/backup\/membres\/cols\/enregcols.php\">registrando i passi<\/a>.<\/p>\n<h2 id=\"trpar\"><span id=\"s2_1\">Ho scaricato un catalogo di passi in formato Excel.<\/span> <span id=\"s2_2\">Quando clicco su un link da questo file, non succede nulla.<\/span> <span id=\"s2_3\">Perch\u00e9?<\/span><\/h2>\n<div id=\"trpar\"><span id=\"s2_1\">Ci\u00f2 pu\u00f2 accadere in base alle versioni e alle impostazioni esistenti sul tuo computer.<\/span> <span id=\"s2_2\">Non c\u2019\u00e8 una soluzione che si applica in ogni caso.<\/span> <span id=\"s2_3\">Questo \u00e8 il motivo per cui abbiamo realizzato una <\/span><a href=\"https:\/\/centcols.org\/backup\/it\/liens-office\/\">piccola guida dei link Office<\/a>.<\/div>\n<h2>Ho cambiato il mio indirizzo e-mail sulla mia scheda di membro, come mai continuo a ricevere i messaggi dalla mailing list al mio vecchio indirizzo?<\/h2>\n<p id=\"trtext\"><span id=\"s2_1\">L\u2019indirizzo della mailing list cent_cols (lista Yahoo) non \u00e8 direttamente collegato all\u2019indirizzo registrato presso il club.<\/span> <span id=\"s2_2\">\u00c8 possibile che i due indirizzi siano diversi.<\/span> <span id=\"s2_3\">Per cambiare l\u2019indirizzo nella mailing list, il modo pi\u00f9 semplice \u00e8 quello di annullare l\u2019iscrizione con il vecchio indirizzo e registrarsi con il nuovo.<\/span> <span id=\"s2_4\">Il metodo \u00e8 spiegato in questa pagina relativa alla\u00a0<\/span><a href=\"https:\/\/centcols.org\/backup\/it\/liste-de-diffusion\/\">lista di discussione<\/a>. In caso di problemi, l\u2019indirizzo dei manutentori della mailing list \u00e8 indicato anche in questa pagina.<\/p>\n\n\n<p><\/p>\n","protected":false},"excerpt":{"rendered":"<p>Come accedere alle pagine riservate ai membri? Fare clic su &#8220;membri&#8221; nella fascia verde presente nella parte superiore delle pagine. Se non hai ancora una password o non ricordi, leggi l\u2019articolo\u00a0Ottenere una password per accedere alla sezione membri. Il mio accesso \u00e8 bloccato. Perch\u00e9? Avete pagato la quota annuale? Per maggiori informazioni leggete la pagina [&hellip;]<\/p>\n","protected":false},"author":69,"featured_media":0,"parent":0,"menu_order":0,"comment_status":"closed","ping_status":"closed","template":"","meta":{"_acf_changed":false,"ub_ctt_via":"","_monsterinsights_skip_tracking":false,"_monsterinsights_sitenote_active":false,"_monsterinsights_sitenote_note":"","_monsterinsights_sitenote_category":0,"footnotes":""},"acf":[],"featured_image_urls":{"full":"","thumbnail":"","medium":"","medium_large":"","large":"","1536x1536":"","2048x2048":"","woocommerce_thumbnail":"","woocommerce_single":"","woocommerce_gallery_thumbnail":""},"post_excerpt_stackable":"<p>Come accedere alle pagine riservate ai membri? Fare clic su &#8220;membri&#8221; nella fascia verde presente nella parte superiore delle pagine. Se non hai ancora una password o non ricordi, leggi l\u2019articolo\u00a0Ottenere una password per accedere alla sezione membri. Il mio accesso \u00e8 bloccato. Perch\u00e9? Avete pagato la quota annuale? Per maggiori informazioni leggete la pagina quote annuali. O avete cercato di connettervi pi\u00f9 volte con una password sbagliata? In questo caso attendete 24 ore e poi richiedete una nuova password (se necessario). O contattate assistance@centcols.net se \u00e8 veramente urgente. Verificate anche di stare utilizzando il vostro\u00a0 corretto numero di membro!&hellip;<\/p>\n","category_list":"","author_info":{"name":"Enrico Alberini","url":"https:\/\/centcols.org\/backup\/it\/author\/5065\/"},"comments_num":"0 commenti","featured_image_urls_v2":{"full":"","thumbnail":"","medium":"","medium_large":"","large":"","1536x1536":"","2048x2048":"","woocommerce_thumbnail":"","woocommerce_single":"","woocommerce_gallery_thumbnail":""},"post_excerpt_stackable_v2":"<p>Come accedere alle pagine riservate ai membri? Fare clic su &#8220;membri&#8221; nella fascia verde presente nella parte superiore delle pagine. Se non hai ancora una password o non ricordi, leggi l\u2019articolo\u00a0Ottenere una password per accedere alla sezione membri. Il mio accesso \u00e8 bloccato. Perch\u00e9? Avete pagato la quota annuale? Per maggiori informazioni leggete la pagina quote annuali. O avete cercato di connettervi pi\u00f9 volte con una password sbagliata? In questo caso attendete 24 ore e poi richiedete una nuova password (se necessario). O contattate assistance@centcols.net se \u00e8 veramente urgente. Verificate anche di stare utilizzando il vostro\u00a0 corretto numero di membro!&hellip;<\/p>\n","category_list_v2":"","author_info_v2":{"name":"Enrico Alberini","url":"https:\/\/centcols.org\/backup\/it\/author\/5065\/"},"comments_num_v2":"0 commenti","featured_image_src":null,"_links":{"self":[{"href":"https:\/\/centcols.org\/backup\/it\/wp-json\/wp\/v2\/pages\/38788"}],"collection":[{"href":"https:\/\/centcols.org\/backup\/it\/wp-json\/wp\/v2\/pages"}],"about":[{"href":"https:\/\/centcols.org\/backup\/it\/wp-json\/wp\/v2\/types\/page"}],"author":[{"embeddable":true,"href":"https:\/\/centcols.org\/backup\/it\/wp-json\/wp\/v2\/users\/69"}],"replies":[{"embeddable":true,"href":"https:\/\/centcols.org\/backup\/it\/wp-json\/wp\/v2\/comments?post=38788"}],"version-history":[{"count":0,"href":"https:\/\/centcols.org\/backup\/it\/wp-json\/wp\/v2\/pages\/38788\/revisions"}],"wp:attachment":[{"href":"https:\/\/centcols.org\/backup\/it\/wp-json\/wp\/v2\/media?parent=38788"}],"curies":[{"name":"wp","href":"https:\/\/api.w.org\/{rel}","templated":true}]}}