{"id":3956,"date":"2015-04-22T09:48:03","date_gmt":"2015-04-22T07:48:03","guid":{"rendered":"http:\/\/centcols.org\/backup\/?page_id=3956"},"modified":"2023-02-06T17:38:55","modified_gmt":"2023-02-06T16:38:55","slug":"regola-del-gioco","status":"publish","type":"page","link":"https:\/\/centcols.org\/backup\/it\/regola-del-gioco\/","title":{"rendered":"Regola del gioco"},"content":{"rendered":"<p>La traduzione della regola del Gioco in italiano ha solo funzione informativa, il riferimento ufficiale \u00e8 la versione in lingua francese.<\/p>\n<h2>Articolo 1<\/h2>\n<p>Per far parte del Club des Cent Cols (CCC), \u00e8 d\u2019obbligo aver valicato con la bicicletta almeno cento colli diversi. Si deve inoltre presentare almeno 5 colli di oltre 2000 metri per ogni centinaio dichiarato.<\/p>\n<h2>Articolo 2<\/h2>\n<h3>Sono presi in considerazione:<\/h3>\n<ul>\n<li>i passi contenuti nei cataloghi del Club des Cent Cols alla data del loro ultimo aggiornamento.I monti e le cime, le gole e i fondovalle non sono considerati.<\/li>\n<\/ul>\n<h2>Articolo 3<\/h2>\n<p>I candidati e gli iscritti al Club des Cent Cols non devono dimostrare di aver valicato i passi. Il Club ha fiducia nella sincerit\u00e0 delle dichiarazioni.<\/p>\n<h2>Articolo 4<\/h2>\n<p>Il Club si riserva il diritto di rifiutare un passo creato (nominato) senza autenticit\u00e0 storica per attirare i ciclisti. Altrimenti potremmo dire che il &#8220;Gioco&#8221; sarebbe distorto. D&#8217;altra parte, la ricerca sulla denominazione dei passi secondo il costume e la tradizione locale, come testimoniato dai documenti, \u00e8 pienamente incoraggiata.<\/p>\n<h2>Articolo 5<\/h2>\n<p>Ogni anno, un raduno estivo viene organizzato in cima ad un colle che il Club vuole valorizzare.<\/p>\n<h2>Articolo 6<\/h2>\n<p>Il fatto di mandare la prima lista viene considerato come un impegno a rispettare questa regola del gioco. Le modalit\u00e0 d\u2019iscrizione sono le seguenti :<\/p>\n<h3>Prima iscrizione :<\/h3>\n<p>i candidati al Club des Cent Cols possono in qualsiasi momento mandare l\u2019elenco dei differenti passi valicati durante la carriera ciclistica. Una quota d&#8217;iscrizione di 20 euro permette al nuovo socio di ricevere :<\/p>\n<p>il suo diploma &#8220;Cent Cols&#8221; numerato e personalizzato<br \/>\nla medaglia del Club<br \/>\nla rivista annuale del Club<br \/>\nil bollettino annuale \u00ab Infos cent cols \u00bb.<br \/>\nLa corrispondenza, la lista dei passi e la quota di adesione devono essere inviate al responsabile dei nuovi membri (<a href=\"&#109;&#97;il&#116;o:ins&#99;&#114;&#105;pt&#105;&#111;&#110;&#115;&#64;&#99;e&#110;tc&#111;&#108;&#115;.&#110;et\">inscr&#105;&#112;ti&#111;&#110;&#115;&#64;&#99;en&#116;&#99;ols&#46;n&#101;t<\/a>).<\/p>\n<h3>Rinnovo adesione :<\/h3>\n<p>ogni anno, tra il 1\u00b0ottobre e il 31 gennaio, i soci mandano la lista dei nuovi passi valicati al loro delegato nazionale o territoriale, accompagnata dalla quota (minima)\u00a0 di 15 euro (attualizzabile). Questa quota permette di essere iscritto sull\u2019albo d\u2019onore del Club\u00a0 pubblicato sulla rivista annuale, di partecipare alla vita del sodalizio e la gratuit\u00e0 di tutti i cataloghi del club in versione informatica.<br \/>\nLe liste vengono controllate dal segretario con l\u2019appoggio dei delegati per verificare l\u2019adeguamento alla regola del gioco.<br \/>\nL\u2019indirizzo del responsabile dei nuovi membri e quelli dei delegati nazionali e territoriali\u00a0 si trovano sulla rivista annuale e sul sito internet del Club.<\/p>\n<h2>Alcuni commenti sulla regola del gioco<\/h2>\n<h2>Art.1<\/h2>\n<p>Per bicicletta si intende qualsiasi dispositivo alimentato dalla sola forza muscolare, di solito un veicolo a due ruote, ma i tricicli sono ammessi.<br \/>\nL&#8217;uso di mezzi meccanici di (ri)salita \u00e8 escluso.<br \/>\n\u00c8 lecito contare un passo fatto in discesa.<br \/>\nI passi fuoristrada sono ammessi allo stesso modo dei passi su strada asfaltata.<br \/>\nI passi difficili possono essere raggiunti parzialmente a piedi, spingendo (o anche portando) la bicicletta.<br \/>\nCento passi diversi: un singolo passo viene contato solo una volta, anche se \u00e8 stato attraversato molte volte, e da pendii diversi.<br \/>\nNon viene imposta un&#8217;altitudine minima.<br \/>\nI passi possono essere situati in qualsiasi paese del mondo.<br \/>\nL&#8217;albo d&#8217;onore nella rivista annuale mostra il numero totale di passi per ogni membro e il numero di passi &#8220;oltre 2000m&#8221;.<br \/>\nAlcuni passi possono essere valicati da due passaggi diversi, uno \u00e8 il passo geografico, l&#8217;altro \u00e8 un tunnel. Si tratta dello lo stesso passo, che pu\u00f2 essere attraversato da due passaggi diversi. Ogni passo ha un codice unico, ma solo uno di essi deve essere riportato, o il passo geografico o il tunnel, ma non entrambi.<\/p>\n<h2>Art.2<\/h2>\n<p>Chi desidera proporre una modifica a un passo gi\u00e0 presente nei cataloghi o l&#8217;inserimento di un nuovo passo deve scrivere a cols@centcols.net, allegando fonti di riferimento attendibili come descritto sopra.<\/p>\n<p>In francese, il termine &#8220;col&#8221; contiene implicitamente un carattere topografico. A causa della moltitudine di configurazioni del terreno che si incontrano, la definizione minima del carattere topografico di un passo, adottata dal Club, \u00e8 la seguente: un punto di passaggio privilegiato, imposto dal rilievo, situato su uno spartiacque, e diverso da una cima. Nella grande maggioranza dei casi un passo si trova su una depressione di una cresta e facilita il passaggio da una valle all&#8217;altra.<\/p>\n<p>Numerose altre parole vengono utilizzate in\u00a0 Francia : collet, pas, port, baisse, selle, br\u00e8che, hourquette etc\u2026 Il catalogo dei colli di Francia definisce un elenco di tutti i termini validi. Lo stesso vale nei cataloghi nazionali o regionali che stabiliscono un elenco dei vari termini usati nella toponomastica locale per indicare un colle. Questi termini non corrispondono sempre ad un colle. Un \u00ab collet \u00bb (francese), un \u00ab colle \u00bb (italiano), un \u00ab alto \u00bb (spagnolo), una \u00ab H\u00f6he\u00bb (tedesca od austriaca), un \u00ab egg \u00bb o \u00ab eck\u00bb (svizzero)\u00a0 corrispondono talvolta ad una cima o una cresta Lo stesso vale per il \u00ab pas(s)\u00bb tedesco o inglese che pu\u00f2 essere.<\/p>\n<p>una gola o un passaggio in un fiume. In tutti questi casi, i termini\u00a0 non sono ammessi nei cataloghi per mancanza di carettare topografico (si veda ad esempio\u00a0 il famoso Pas de la Case sul confine Francia-Andorra).<\/p>\n<p>Un passo dev\u2019essere su una fonte di riferimento con un termine generico associato ad un nome specifico. Esempi : Col du Tourmalet,\u00a0 Col de la Croix de Fer, Puerto della Bonaigua, Passo dello Stelvio, Sustenpass.<\/p>\n<p>In certi casi, si pu\u00f2 trovare solo il termine generico :\u00a0 Esempio le Collet (FR-04-0738) o il Coletto (FR-26-0410).<\/p>\n<p>Non vengono ammessi i luoghi con caratteristiche topografiche idonee\u00a0 ma senza nome. Esempio : La Chapelle, Madonna di\u2026Allo stesso modo, un passo topografico, indicato su una mappa da un simbolo (per esempio &gt;.&lt;) ma senza un nome generico (titolo) e un Nome, non pu\u00f2 essere considerato.<\/p>\n<p>Il nome di un colle dev\u2019essere consacrato dall\u2019uso e essere segnato su fonti ritenute attendibili dal Club. Tra queste fonti possiamo elencare :<\/p>\n<p>le cartine stradali o topografiche pubblicate da enti ufficiali o editori privati dalla competenza riconosciuta.<br \/>\nle banche di dati toponomastiche associate ad una cartografia numerica stabilita dagli enti di cui sopra.<br \/>\ni catasti e le vecchie mappe la cui scala e la grafica permettono una localizzazione\u00a0 precisa sul terreno.<br \/>\ni cartelli, sommitali o direzionali.<br \/>\nle piante\u00a0 o tavole informative sistemate da enti ufficiali o club alpini ritenuti competenti.<br \/>\nle guide pubblicate a cura di clubs alpini famosi per la conoscenza del terreno (CAF, CAI, CAS, Club vosgien ecc. )<\/p>\n<p>La denominazione dei passi per tradizione orale, o la menzione nelle guide turistiche, \u00e8 considerata come un primo indizio, che deve indurre ulteriori ricerche per confermare questo uso su una delle fonti citate.<\/p>\n<p>I percorsi e gli opuscoli dei tour e\/o delle competizioni ciclistiche non sono riconosciuti come una fonte di riferimento sufficiente. Le parole &#8220;Col du Mont Ventoux&#8221; o &#8220;Col de l&#8217;Alpe d&#8217;Huez&#8221; viste su tali documenti non fanno di questa cima o di questa stazione d&#8217;alta quota un passo ai sensi delle nostre regole di gioco.<\/p>\n<p>N\u00e9 le piattaforme collaborative su Internet (Open StreetMap, Wikipedia ecc&#8230;.) n\u00e9 gli integratori di informazioni motivati principalmente da interessi commerciali piuttosto che dalla fornitura di dati verificabili (Google, Bing, ViaMichelin, Tom-Tom, Garmin ecc&#8230;) sono considerati fonti sufficienti. Queste fonti possono invece incoraggiare ulteriori ricerche di fonti pi\u00f9 autorevoli.<\/p>\n<h2>Art.3<\/h2>\n<p>In particolare, si specifica che non \u00e8 richiesta alcuna foto davanti ai cartelli dei passi. Le dichiarazioni dei passi sono fatte sulla base dell&#8217;onore. Foto di passi e paesaggi, resoconti di corse in montagna e incontri tra ciclisti sono sempre apprezzati per la rivista annuale.<\/p>\n<h2>Art.4<\/h2>\n<p>soppresso<\/p>\n<h2>Art.5<\/h2>\n<p>Questo raduno estivo\u00a0 si svolge tradizionalmente a Ferragosto. Riveste un carattere internazionale. E\u2019 organizzato dal Club che propone ai propri soci di ritrovarsi nell\u2019 ambito di un soggiorno di scoperta dei passi della zona scelta.<br \/>\nAltri incontri\u00a0 regionali vengono proposti su iniziativa degli animatori regionali. E\u2019 anche possibile l\u2019organizzazione d\u2019incontri locali su iniziativa di soci del Club.<br \/>\nIl calendario, il luogo e il programma sono pubblicati sul sito del Club.<\/p>\n<h2>Art.6<\/h2>\n<p>Questo impegno\u00a0 significa tra l\u2019altro\u00a0 che vengono presentate liste in conformit\u00e0 coi cataloghi di riferimento e con la definizione dei passi stabilita dal Club.<br \/>\nMandando la propria lista, si pu\u00f2 anche segnalare la scoperta di passi nuovi per arricchire i vari cataloghi.<\/p>\n<h2>Articolo apparso nel 2016<\/h2>\n<p><a href=\"https:\/\/centcols.org\/backup\/wp-content\/uploads\/2018\/11\/Revue-2016-VAE.pdf\">Leggere l&#8217;articolo<\/a><\/p>\n<h2>Organigramma<\/h2>\n<p>Il Club des Cent Cols \u00e8 un&#8217;associazione secondo la legge francese del 1901, gestita da un consiglio di amministrazione composto da un minimo di 3 e un massimo di 11 membri, eletti per un periodo di 4 anni da tutti i membri che hanno pagato le loro quote. Il Club \u00e8 affiliato alla FFCT con il n\u00b0 6384, e pu\u00f2 proporre come tale una licenza federale con assicurazione a quelli dei suoi membri che lo richiedono.<br \/>\nIl Club si avvale di una rete di Delegati Territoriali e Delegati Nazionali per sostenere la Segreteria nel suo compito di ricevere e convalidare le liste annuali dei passi scalati dai soci. Nella rivista annuale, il &#8220;Tableau d&#8217;Honneur&#8221; riassume per ogni membro l&#8217;importo della quota associativa versata, il numero totale di passaggi scalati e il numero di passi oltre i 2000m.<br \/>\nI gruppi di lavoro (GT), composti &#8211; in accordo con il CA &#8211; da volontari con buone conoscenze linguistiche e accesso alla cartografia locale, elaborano le bozze dei cataloghi dei passi per paese, cos\u00ec come il loro aggiornamento periodico. Qualsiasi pubblicazione di un catalogo o di un aggiornamento rende nulle le pubblicazioni precedenti.<br \/>\nGli animatori regionali o nazionali sono responsabili dell&#8217;organizzazione delle riunioni regionali al fine di promuovere incontri amichevoli tra i membri e di accogliere nuovi membri.<\/p>\n<p>&nbsp;<\/p>\n<div id=\"finestramailtomailModalToPopup\" style=\"z-index: 1102;\">\n<div id=\"finestramailtomailContentPopup\">\u00f2<\/div>\n<\/div>\n","protected":false},"excerpt":{"rendered":"<p>La traduzione della regola del Gioco in italiano ha solo funzione informativa, il riferimento ufficiale \u00e8 la versione in lingua francese. Articolo 1 Per far parte del Club des Cent Cols (CCC), \u00e8 d\u2019obbligo aver valicato con la bicicletta almeno cento colli diversi. Si deve inoltre presentare almeno 5 colli di oltre 2000 metri per [&hellip;]<\/p>\n","protected":false},"author":69,"featured_media":0,"parent":0,"menu_order":0,"comment_status":"closed","ping_status":"closed","template":"","meta":{"_acf_changed":false,"ub_ctt_via":"","_monsterinsights_skip_tracking":false,"_monsterinsights_sitenote_active":false,"_monsterinsights_sitenote_note":"","_monsterinsights_sitenote_category":0,"footnotes":""},"acf":[],"featured_image_urls":{"full":"","thumbnail":"","medium":"","medium_large":"","large":"","1536x1536":"","2048x2048":"","woocommerce_thumbnail":"","woocommerce_single":"","woocommerce_gallery_thumbnail":""},"post_excerpt_stackable":"<p>La traduzione della regola del Gioco in italiano ha solo funzione informativa, il riferimento ufficiale \u00e8 la versione in lingua francese. Articolo 1 Per far parte del Club des Cent Cols (CCC), \u00e8 d\u2019obbligo aver valicato con la bicicletta almeno cento colli diversi. Si deve inoltre presentare almeno 5 colli di oltre 2000 metri per ogni centinaio dichiarato. Articolo 2 Sono presi in considerazione: i passi contenuti nei cataloghi del Club des Cent Cols alla data del loro ultimo aggiornamento.I monti e le cime, le gole e i fondovalle non sono considerati. Articolo 3 I candidati e gli iscritti al&hellip;<\/p>\n","category_list":"","author_info":{"name":"Enrico Alberini","url":"https:\/\/centcols.org\/backup\/it\/author\/5065\/"},"comments_num":"0 commenti","featured_image_urls_v2":{"full":"","thumbnail":"","medium":"","medium_large":"","large":"","1536x1536":"","2048x2048":"","woocommerce_thumbnail":"","woocommerce_single":"","woocommerce_gallery_thumbnail":""},"post_excerpt_stackable_v2":"<p>La traduzione della regola del Gioco in italiano ha solo funzione informativa, il riferimento ufficiale \u00e8 la versione in lingua francese. Articolo 1 Per far parte del Club des Cent Cols (CCC), \u00e8 d\u2019obbligo aver valicato con la bicicletta almeno cento colli diversi. Si deve inoltre presentare almeno 5 colli di oltre 2000 metri per ogni centinaio dichiarato. Articolo 2 Sono presi in considerazione: i passi contenuti nei cataloghi del Club des Cent Cols alla data del loro ultimo aggiornamento.I monti e le cime, le gole e i fondovalle non sono considerati. Articolo 3 I candidati e gli iscritti al&hellip;<\/p>\n","category_list_v2":"","author_info_v2":{"name":"Enrico Alberini","url":"https:\/\/centcols.org\/backup\/it\/author\/5065\/"},"comments_num_v2":"0 commenti","featured_image_src":null,"_links":{"self":[{"href":"https:\/\/centcols.org\/backup\/it\/wp-json\/wp\/v2\/pages\/3956"}],"collection":[{"href":"https:\/\/centcols.org\/backup\/it\/wp-json\/wp\/v2\/pages"}],"about":[{"href":"https:\/\/centcols.org\/backup\/it\/wp-json\/wp\/v2\/types\/page"}],"author":[{"embeddable":true,"href":"https:\/\/centcols.org\/backup\/it\/wp-json\/wp\/v2\/users\/69"}],"replies":[{"embeddable":true,"href":"https:\/\/centcols.org\/backup\/it\/wp-json\/wp\/v2\/comments?post=3956"}],"version-history":[{"count":0,"href":"https:\/\/centcols.org\/backup\/it\/wp-json\/wp\/v2\/pages\/3956\/revisions"}],"wp:attachment":[{"href":"https:\/\/centcols.org\/backup\/it\/wp-json\/wp\/v2\/media?parent=3956"}],"curies":[{"name":"wp","href":"https:\/\/api.w.org\/{rel}","templated":true}]}}