{"id":39568,"date":"2015-03-11T09:15:25","date_gmt":"2015-03-11T08:15:25","guid":{"rendered":"https:\/\/centcols.org\/backup\/liens-utiles\/"},"modified":"2020-02-17T16:05:52","modified_gmt":"2020-02-17T15:05:52","slug":"liens-utiles","status":"publish","type":"page","link":"https:\/\/centcols.org\/backup\/it\/liens-utiles\/","title":{"rendered":"Link utili"},"content":{"rendered":"<h2>Regolamentazione :<\/h2>\n<ul>\n<li>23\/10\/2017 : <a href=\"https:\/\/centcols.org\/backup\/wp-content\/uploads\/2017\/10\/arretevanoise.pdf\" target=\"_blank\" rel=\"noopener noreferrer\">Dernier arr\u00eat\u00e9 concernant la circulation des v\u00e9los dans le Parc National de la Vanoise<\/a><\/li>\n<li>09\/06\/2015 : <a href=\"https:\/\/centcols.org\/backup\/wp-content\/uploads\/2015\/06\/reglementation-cevennes.pdf\" target=\"_blank\" rel=\"noopener noreferrer\">Liste des itin\u00e9raires ou tron\u00e7ons d&#8217;itin\u00e9raires interdits \u00e0 la pratique du v\u00e9lo dans les C\u00e9vennes<\/a><\/li>\n<li>03\/06\/2013 : <a class=\"iframe-fancybox\" href=\"https:\/\/centcols.org\/backup\/wp-content\/uploads\/2015\/05\/2013-10_VTTMercantour.pdf\">R\u00e9glementation VTT dans le Parc National du Mercantour dernier arr\u00eat\u00e9<\/a><\/li>\n<li>23\/04\/2010 : <a class=\"iframe-fancybox\" href=\"https:\/\/centcols.org\/backup\/libre_service\/cols-interdits\/cols-interdits.htm\">Cols fran\u00e7ais interdits, une premi\u00e8re liste<\/a> (Jean-Paul Zuanon)<\/li>\n<\/ul>\n<h2>Tracciamento di circuiti per gps :<\/h2>\n<ul>\n<li><a href=\"http:\/\/www.openrunner.com\" target=\"_blank\" rel=\"noopener noreferrer\">Openrunner<\/a> : il Club des Cent Cols ha concluso una collaborazione. Quando fate le tracce dei percorsi, potete visualizzare i passi sulla mappa (attivare le icone in basso a sinistra per vedere i passi stradali e mulattieri) e presto potrete spuntare i passi valicati. Uno spazio Cent Cols permetter\u00e0 di depositare o scaricare dei &#8220;topo elettronici&#8221; timbrati\u00a0 &#8220;Cent Cols&#8221;<\/li>\n<li><a href=\"http:\/\/www.gpsies.com\" target=\"_blank\" rel=\"noopener noreferrer\">Gpsies<\/a> : un altro sito<\/li>\n<\/ul>\n<h2>\u00a0Visualizzazione di mappe on line<\/h2>\n<ul>\n<li><a href=\"http:\/\/www.geoportail.gouv.fr\/accueil\" target=\"_blank\" rel=\"noopener noreferrer\">Geoportail<\/a> : il sito dell&#8217;IGN . Visualizzazione di mappe con scale differenti, catastali&#8230;viste aeree<\/li>\n<li><a href=\"http:\/\/map.geo.admin.ch\/?\" target=\"_blank\" rel=\"noopener noreferrer\">SWISSGEO<\/a> : visualizzazione di mappe svizzere con scale differenti (in francese, inglese, italiano e tedesco)<\/li>\n<li><a href=\"http:\/\/www.austrianmap.at\/amap\/index.php?SKN=1&amp;XPX=637&amp;YPX=492\" target=\"_blank\" rel=\"noopener noreferrer\">Visualizzazione di mappe austriache on line<\/a> (in tedesco)<\/li>\n<li><a href=\"http:\/\/geoportal.bayern.de\/bayernatlas\/?X=5421649.25&amp;Y=4459462.00&amp;zoom=5&amp;lang=de&amp;topic=ba&amp;bgLayer=atkis&amp;catalogNodes=122\" target=\"_blank\" rel=\"noopener noreferrer\">Visualizzazione del mappe della Baviera on line<\/a> (in tedesco)<\/li>\n<li><a href=\"http:\/\/www.bing.com\/maps\/?FORM=MMREDR\" target=\"_blank\" rel=\"noopener noreferrer\">Visualizzazione di mappe inglesi on line<\/a> (la scala\u00a0 1\/25000<sup>e<\/sup> propone le\u00a0 Ordinance Survey Landranger)<\/li>\n<li><a href=\"http:\/\/www.icc.cat\/vissir3\/\" target=\"_blank\" rel=\"noopener noreferrer\">Visualizzazione della mappe della Catalogna on line<\/a><\/li>\n<li><a href=\"http:\/\/marc.liaudon.pagesperso-orange.fr\/M2_Cols_US.htm\" target=\"_blank\" rel=\"noopener noreferrer\">Visualizzazione dei passi degli Stati Uniti<\/a>, grazie a <a href=\"http:\/\/marc.liaudon.pagesperso-orange.fr\/\" target=\"_blank\" rel=\"noopener noreferrer\">Marc Liaudon<\/a><\/li>\n<li><a href=\"http:\/\/www.topozone.com\/\" target=\"_blank\" rel=\"noopener noreferrer\">Topozone<\/a> vi permette di visualizzare, con scale differenti, le mappe topografiche dell&#8217;USGS; differenti criteri di ricerca possono essere utilizzati (in questo esempio \u00e8 visualizzato il Lewis &amp; Clark Pass)<\/li>\n<\/ul>\n<h2>Percorsi, viaggi<\/h2>\n<ul>\n<li><a href=\"https:\/\/fr.warmshowers.org\/\" target=\"_blank\" rel=\"noopener noreferrer\">Warmshowers<\/a> : la comunit\u00e0 <strong>Warm Showers<\/strong> \u00e8 un sistema di scambio gratuito di alloggi tra ciclo-randonneur attraverso il mondo.<\/li>\n<\/ul>\n<h3>Spagna<\/h3>\n<ul>\n<li><a href=\"http:\/\/www.nevasport.com\/sierranevada\/bici\/\" target=\"_blank\" rel=\"noopener noreferrer\">La Sierra Nevada<\/a> : itinerati, MTB, rifugi&#8230; (in spagnolo)<\/li>\n<li><a href=\"https:\/\/centcols.org\/backup\/libre_service\/divers\/TENERIFE.HTM\" target=\"_blank\" rel=\"noopener noreferrer\">Tenerife<\/a> (Christian Febvay, in francese)<\/li>\n<\/ul>\n<h3>Italia<\/h3>\n<ul>\n<li><a href=\"http:\/\/peverada.it\/mtb\/percorsi\/index.html\" target=\"_blank\" rel=\"noopener noreferrer\">Mountain Bike in Piemonte<\/a> molto ben fatto, contiene un sacco di percorsi con descrizioni, profili, foto (in italiano)<\/li>\n<li><a href=\"http:\/\/www.cuneo360.it\/?ref=\" target=\"_blank\" rel=\"noopener noreferrer\">La Grande Attraversata della provincia di Cuneo<\/a> : un sito estremamente completo, vedere in particolare gli alloggi (in italiano, francese e tedesco)<\/li>\n<\/ul>\n<h3 class=\"iframe-fancybox\">Svizzera<\/h3>\n<ul>\n<li><a href=\"http:\/\/www.myswitzerland.com\/fr-fr\/accueil.html\" target=\"_blank\" rel=\"noopener noreferrer\">MySwitzerland.com<\/a>, sito generalista, propone molti percorsi interessanti con itinerari, dislivello e difficolt\u00e0, anche &#8220;waypoints&#8221;<\/li>\n<\/ul>\n<h3>\u00a0Stati Uniti<\/h3>\n<ul>\n<li><a class=\"iframe-fancybox\" href=\"https:\/\/centcols.org\/backup\/libre_service\/divers\/montee_des_usa.htm\">Lista delle pi\u00f9 belle salite degli USA<\/a> (Francis Cooke)<\/li>\n<li>Cercate dei viaggi gi\u00e0 pronti ? Guarde su <a href=\"http:\/\/www.adventurecycling.org\/index.cfm\" target=\"_blank\" rel=\"noopener noreferrer\">adventure cycling \u00a0<\/a>che propone degli itinerari (&#8220;tutto pronto&#8221; non vuol dire &#8221; facile &#8220;,\u00a0 guardate per esempio la &#8220;<a href=\"http:\/\/www.adventurecycling.org\/routes-and-maps\/adventure-cycling-route-network\/great-divide-mountain-bike-route\/\" target=\"_blank\" rel=\"noopener noreferrer\"> Great Divide Road<\/a> &#8220;, 2490 miglia, &#8221; longest off-pavement bike road in the world&#8221;<\/li>\n<\/ul>\n<h2>Libreria<\/h2>\n<ul>\n<li><a class=\"iframe-fancybox\" href=\"https:\/\/centcols.org\/backup\/libre_service\/divers\/ou_acheter_cartes_internet.htm\">Dove acquistare delle mappe su\u00a0<\/a> (Bernard Pommel, in francese)<\/li>\n<li><a class=\"iframe-fancybox\" href=\"https:\/\/centcols.org\/backup\/libre_service\/divers\/librairies_specialisees.htm\">Le librerie specializzate<\/a> (Bernard Pommel, in francese)<\/li>\n<li><a href=\"http:\/\/www.travel-library.com\/\" target=\"_blank\" rel=\"noopener noreferrer\">Travel-library.com<\/a> : sito per compilare dei giornali di viaggio; un buon punto di partenza per preparare le proprie vacanze<\/li>\n<li><a href=\"http:\/\/www.ediciclo.it\/index.php\" target=\"_blank\" rel=\"noopener noreferrer\">Ediciclo <\/a>: libri sulla bicicletta e la montagna (in italiano)<\/li>\n<li><a href=\"http:\/\/www.ernest-press.co.uk\/\" target=\"_blank\" rel=\"noopener noreferrer\">The Ernest Press<\/a> : editore di libri (in inglese)<\/li>\n<li><a href=\"http:\/\/www.prames.com\/homepage.asp\" target=\"_blank\" rel=\"noopener noreferrer\">Aragon : PRAMES<\/a> (Proyectos y Realizaciones Aragonesas de Montana, Escalada y Senderismo), emanazione della Federazione Aragonese di Montagna, editore di mappe da randonn\u00e9, principalmente sulla parte montagnosa dell&#8217;Aragone (in spagnolo)<\/li>\n<li><a href=\"http:\/\/www.altigraph.fr\/\" target=\"_blank\" rel=\"noopener noreferrer\">Altigraph <\/a>: una analisi dei passi francesi (in francese)<\/li>\n<\/ul>\n\n\n<p><\/p>\n","protected":false},"excerpt":{"rendered":"<p>Regolamentazione : 23\/10\/2017 : Dernier arr\u00eat\u00e9 concernant la circulation des v\u00e9los dans le Parc National de la Vanoise 09\/06\/2015 : Liste des itin\u00e9raires ou tron\u00e7ons d&#8217;itin\u00e9raires interdits \u00e0 la pratique du v\u00e9lo dans les C\u00e9vennes 03\/06\/2013 : R\u00e9glementation VTT dans le Parc National du Mercantour dernier arr\u00eat\u00e9 23\/04\/2010 : Cols fran\u00e7ais interdits, une premi\u00e8re liste [&hellip;]<\/p>\n","protected":false},"author":69,"featured_media":0,"parent":0,"menu_order":0,"comment_status":"closed","ping_status":"closed","template":"","meta":{"_acf_changed":false,"ub_ctt_via":"","_monsterinsights_skip_tracking":false,"_monsterinsights_sitenote_active":false,"_monsterinsights_sitenote_note":"","_monsterinsights_sitenote_category":0,"footnotes":""},"acf":[],"featured_image_urls":{"full":"","thumbnail":"","medium":"","medium_large":"","large":"","1536x1536":"","2048x2048":"","woocommerce_thumbnail":"","woocommerce_single":"","woocommerce_gallery_thumbnail":""},"post_excerpt_stackable":"<p>Regolamentazione : 23\/10\/2017 : Dernier arr\u00eat\u00e9 concernant la circulation des v\u00e9los dans le Parc National de la Vanoise 09\/06\/2015 : Liste des itin\u00e9raires ou tron\u00e7ons d&#8217;itin\u00e9raires interdits \u00e0 la pratique du v\u00e9lo dans les C\u00e9vennes 03\/06\/2013 : R\u00e9glementation VTT dans le Parc National du Mercantour dernier arr\u00eat\u00e9 23\/04\/2010 : Cols fran\u00e7ais interdits, une premi\u00e8re liste (Jean-Paul Zuanon) Tracciamento di circuiti per gps : Openrunner : il Club des Cent Cols ha concluso una collaborazione. Quando fate le tracce dei percorsi, potete visualizzare i passi sulla mappa (attivare le icone in basso a sinistra per vedere i passi stradali e mulattieri)&hellip;<\/p>\n","category_list":"","author_info":{"name":"Enrico Alberini","url":"https:\/\/centcols.org\/backup\/it\/author\/5065\/"},"comments_num":"0 commenti","featured_image_urls_v2":{"full":"","thumbnail":"","medium":"","medium_large":"","large":"","1536x1536":"","2048x2048":"","woocommerce_thumbnail":"","woocommerce_single":"","woocommerce_gallery_thumbnail":""},"post_excerpt_stackable_v2":"<p>Regolamentazione : 23\/10\/2017 : Dernier arr\u00eat\u00e9 concernant la circulation des v\u00e9los dans le Parc National de la Vanoise 09\/06\/2015 : Liste des itin\u00e9raires ou tron\u00e7ons d&#8217;itin\u00e9raires interdits \u00e0 la pratique du v\u00e9lo dans les C\u00e9vennes 03\/06\/2013 : R\u00e9glementation VTT dans le Parc National du Mercantour dernier arr\u00eat\u00e9 23\/04\/2010 : Cols fran\u00e7ais interdits, une premi\u00e8re liste (Jean-Paul Zuanon) Tracciamento di circuiti per gps : Openrunner : il Club des Cent Cols ha concluso una collaborazione. Quando fate le tracce dei percorsi, potete visualizzare i passi sulla mappa (attivare le icone in basso a sinistra per vedere i passi stradali e mulattieri)&hellip;<\/p>\n","category_list_v2":"","author_info_v2":{"name":"Enrico Alberini","url":"https:\/\/centcols.org\/backup\/it\/author\/5065\/"},"comments_num_v2":"0 commenti","featured_image_src":null,"_links":{"self":[{"href":"https:\/\/centcols.org\/backup\/it\/wp-json\/wp\/v2\/pages\/39568"}],"collection":[{"href":"https:\/\/centcols.org\/backup\/it\/wp-json\/wp\/v2\/pages"}],"about":[{"href":"https:\/\/centcols.org\/backup\/it\/wp-json\/wp\/v2\/types\/page"}],"author":[{"embeddable":true,"href":"https:\/\/centcols.org\/backup\/it\/wp-json\/wp\/v2\/users\/69"}],"replies":[{"embeddable":true,"href":"https:\/\/centcols.org\/backup\/it\/wp-json\/wp\/v2\/comments?post=39568"}],"version-history":[{"count":0,"href":"https:\/\/centcols.org\/backup\/it\/wp-json\/wp\/v2\/pages\/39568\/revisions"}],"wp:attachment":[{"href":"https:\/\/centcols.org\/backup\/it\/wp-json\/wp\/v2\/media?parent=39568"}],"curies":[{"name":"wp","href":"https:\/\/api.w.org\/{rel}","templated":true}]}}