{"id":40505,"date":"2020-03-18T08:07:54","date_gmt":"2020-03-18T07:07:54","guid":{"rendered":"https:\/\/centcols.org\/backup\/randonner\/"},"modified":"2023-11-24T08:07:35","modified_gmt":"2023-11-24T07:07:35","slug":"randonner","status":"publish","type":"page","link":"https:\/\/centcols.org\/backup\/it\/randonner\/","title":{"rendered":"Escursioni"},"content":{"rendered":"\n<h2 class=\"wp-block-heading\">Vi incitiamo alla scoperta<\/h2>\n\n\n\n<h3 class=\"wp-block-heading\">Le randonn\u00e9e permanenti<\/h3>\n\n\n\n<p>Ad oggi sono ventiquattro e vi invitano ad andare a visitare delle regioni differenti in cinque paesi europei.<br>Il tema comune \u00e8 quello di valicare dei passi.<br>Sono aperte sia ai soci che ai non soci del Club des Cent Cols.<br><u><a href=\"https:\/\/centcols.org\/backup\/it\/categorie\/randonne-permanenti\/\">Ogni informazione utile<\/a><\/u><\/p>\n\n\n\n<h3 class=\"wp-block-heading\">I brevetti<\/h3>\n\n\n\n<p>Percorrere tutti i passi stradali di un l\u00e4nder tedesco, d\u2019un cantone svizzero, d\u2019una provincia italiana o spagnola, d\u2019un dipartimento francese, per esempio, questa \u00e8 la sfida proposta per ottenere questi numerosi brevetti.<br>La conquista di tutti i brevetti locali d&#8217;un paese permette&nbsp; l&#8217;ottenimento d\u2019un super <strong>brevetto nazionale.<\/strong><br>Al momento i brevetti sono riservati ai soci ma \u00e8 prevista una futura apertura anche ai non membri. Niente impedisce agli aspiranti o non membri di iniziare o di continuare a valicare i passi stradali e di iscriversi pi\u00f9 tardi.<br><a href=\"https:\/\/centcols.org\/backup\/it\/brevets-routiers\/\">Ogni informazione utile<\/a><br><a href=\"https:\/\/centcols.org\/backup\/membres\/cols\/brevets.php\">Lista dei brevetti<\/a><\/p>\n\n\n\n<h3 class=\"wp-block-heading\">I challenge<\/h3>\n\n\n\n<p>Su un tema preciso scelto da ogni autore di un challenge, vi porteranno all&#8217;incontro con passi particolari.<br>Sono aperti sia ai soci che ai non soci del Club des Cent Cols.<br><a href=\"https:\/\/centcols.org\/backup\/it\/categorie\/challenges\/\"><u>Ogni informazione utile<\/u><\/a><\/p>\n\n\n\n<h3 class=\"wp-block-heading\">I percorsi dei membri <\/h3>\n\n\n\n<p>In questa sezione troverete i percorsi che i soci hanno suggerito e che il club ha convalidato per creare una raccolta che \u00e8 in corso di realizzazione. Nessuna regione o paese \u00e8 escluso in linea di principio, e ci sono gi\u00e0 itinerari in Germania (Foresta Nera), Spagna (Catalogna, Andalusia) e Francia, in particolare in Corsica.<\/p>\n\n\n\n<p>Si basano sull&#8217;esperienza sul campo e comprendono una descrizione turistica e spiegazioni tecniche delle strade, delle piste o dei sentieri. In generale, sono adatti a essere percorsi dalla stragrande maggioranza dei ciclisti e degli appassionati di mountain bike.<\/p>\n\n\n\n<p>L&#8217;ubicazione dei passi \u00e8 visibile sull&#8217;estratto della mappa e sui documenti aggiuntivi ottenuti tramite il link visugen.<\/p>\n\n\n\n<p>Alcune foto del paesaggio circostante e dei passi arricchiscono la descrizione di questi itinerari.<\/p>\n\n\n\n<p><a href=\"https:\/\/centcols.org\/backup\/it\/categorie\/percorsi-dei-membri\/\" title=\"\">Ogni informazione utile.<\/a><\/p>\n","protected":false},"excerpt":{"rendered":"<p>Vi incitiamo alla scoperta Le randonn\u00e9e permanenti Ad oggi sono ventiquattro e vi invitano ad andare a visitare delle regioni differenti in cinque paesi europei.Il tema comune \u00e8 quello di valicare dei passi.Sono aperte sia ai soci che ai non soci del Club des Cent Cols.Ogni informazione utile I brevetti Percorrere tutti i passi stradali [&hellip;]<\/p>\n","protected":false},"author":69,"featured_media":0,"parent":0,"menu_order":0,"comment_status":"closed","ping_status":"closed","template":"","meta":{"_acf_changed":false,"ub_ctt_via":"","_monsterinsights_skip_tracking":false,"_monsterinsights_sitenote_active":false,"_monsterinsights_sitenote_note":"","_monsterinsights_sitenote_category":0,"footnotes":""},"acf":[],"featured_image_urls":{"full":"","thumbnail":"","medium":"","medium_large":"","large":"","1536x1536":"","2048x2048":"","woocommerce_thumbnail":"","woocommerce_single":"","woocommerce_gallery_thumbnail":""},"post_excerpt_stackable":"<p>Vi incitiamo alla scoperta Le randonn\u00e9e permanenti Ad oggi sono ventiquattro e vi invitano ad andare a visitare delle regioni differenti in cinque paesi europei.Il tema comune \u00e8 quello di valicare dei passi.Sono aperte sia ai soci che ai non soci del Club des Cent Cols.Ogni informazione utile I brevetti Percorrere tutti i passi stradali di un l\u00e4nder tedesco, d\u2019un cantone svizzero, d\u2019una provincia italiana o spagnola, d\u2019un dipartimento francese, per esempio, questa \u00e8 la sfida proposta per ottenere questi numerosi brevetti.La conquista di tutti i brevetti locali d&#8217;un paese permette&nbsp; l&#8217;ottenimento d\u2019un super brevetto nazionale.Al momento i brevetti sono&hellip;<\/p>\n","category_list":"","author_info":{"name":"Enrico Alberini","url":"https:\/\/centcols.org\/backup\/it\/author\/5065\/"},"comments_num":"0 commenti","featured_image_urls_v2":{"full":"","thumbnail":"","medium":"","medium_large":"","large":"","1536x1536":"","2048x2048":"","woocommerce_thumbnail":"","woocommerce_single":"","woocommerce_gallery_thumbnail":""},"post_excerpt_stackable_v2":"<p>Vi incitiamo alla scoperta Le randonn\u00e9e permanenti Ad oggi sono ventiquattro e vi invitano ad andare a visitare delle regioni differenti in cinque paesi europei.Il tema comune \u00e8 quello di valicare dei passi.Sono aperte sia ai soci che ai non soci del Club des Cent Cols.Ogni informazione utile I brevetti Percorrere tutti i passi stradali di un l\u00e4nder tedesco, d\u2019un cantone svizzero, d\u2019una provincia italiana o spagnola, d\u2019un dipartimento francese, per esempio, questa \u00e8 la sfida proposta per ottenere questi numerosi brevetti.La conquista di tutti i brevetti locali d&#8217;un paese permette&nbsp; l&#8217;ottenimento d\u2019un super brevetto nazionale.Al momento i brevetti sono&hellip;<\/p>\n","category_list_v2":"","author_info_v2":{"name":"Enrico Alberini","url":"https:\/\/centcols.org\/backup\/it\/author\/5065\/"},"comments_num_v2":"0 commenti","featured_image_src":null,"_links":{"self":[{"href":"https:\/\/centcols.org\/backup\/it\/wp-json\/wp\/v2\/pages\/40505"}],"collection":[{"href":"https:\/\/centcols.org\/backup\/it\/wp-json\/wp\/v2\/pages"}],"about":[{"href":"https:\/\/centcols.org\/backup\/it\/wp-json\/wp\/v2\/types\/page"}],"author":[{"embeddable":true,"href":"https:\/\/centcols.org\/backup\/it\/wp-json\/wp\/v2\/users\/69"}],"replies":[{"embeddable":true,"href":"https:\/\/centcols.org\/backup\/it\/wp-json\/wp\/v2\/comments?post=40505"}],"version-history":[{"count":0,"href":"https:\/\/centcols.org\/backup\/it\/wp-json\/wp\/v2\/pages\/40505\/revisions"}],"wp:attachment":[{"href":"https:\/\/centcols.org\/backup\/it\/wp-json\/wp\/v2\/media?parent=40505"}],"curies":[{"name":"wp","href":"https:\/\/api.w.org\/{rel}","templated":true}]}}