{"id":41624,"date":"2013-10-04T11:38:49","date_gmt":"2013-10-04T09:38:49","guid":{"rendered":"https:\/\/centcols.org\/backup\/mentions-legales\/"},"modified":"2023-02-10T03:39:20","modified_gmt":"2023-02-10T02:39:20","slug":"mentions-legales","status":"publish","type":"page","link":"https:\/\/centcols.org\/backup\/it\/mentions-legales\/","title":{"rendered":"Menzioni legali"},"content":{"rendered":"\n<h2 class=\"wp-block-heading\">CLUB DES CENT COLS &#8211;&nbsp;Associazione legge 1901<\/h2>\n\n\n\n<h3 class=\"wp-block-heading\">Sede Sociale<\/h3>\n\n\n\n<p>CDOS (Comit\u00e9 D\u00e9partemental Olympique et Sportif)<br>97A avenue de Gen\u00e8ve,<br>74000 ANNECY<\/p>\n\n\n\n<h3 class=\"wp-block-heading\">Responsabile della pubblicazione<\/h3>\n\n\n\n<p>Enrico Alberini<\/p>\n\n\n\n<h3 class=\"wp-block-heading\">Per contattarci<\/h3>\n\n\n\n<ul><li>per email: admin@centcols.net<\/li><\/ul>\n","protected":false},"excerpt":{"rendered":"<p>CLUB DES CENT COLS &#8211;&nbsp;Associazione legge 1901 Sede Sociale CDOS (Comit\u00e9 D\u00e9partemental Olympique et Sportif)97A avenue de Gen\u00e8ve,74000 ANNECY Responsabile della pubblicazione Enrico Alberini Per contattarci per email: admin@centcols.net<\/p>\n","protected":false},"author":69,"featured_media":0,"parent":0,"menu_order":0,"comment_status":"closed","ping_status":"open","template":"","meta":{"_acf_changed":false,"ub_ctt_via":"","_monsterinsights_skip_tracking":false,"_monsterinsights_sitenote_active":false,"_monsterinsights_sitenote_note":"","_monsterinsights_sitenote_category":0,"footnotes":""},"acf":[],"featured_image_urls":{"full":"","thumbnail":"","medium":"","medium_large":"","large":"","1536x1536":"","2048x2048":"","woocommerce_thumbnail":"","woocommerce_single":"","woocommerce_gallery_thumbnail":""},"post_excerpt_stackable":"<p>CLUB DES CENT COLS &#8211;&nbsp;Associazione legge 1901 Sede Sociale CDOS (Comit\u00e9 D\u00e9partemental Olympique et Sportif)97A avenue de Gen\u00e8ve,74000 ANNECY Responsabile della pubblicazione Enrico Alberini Per contattarci per email: admin@centcols.net<\/p>\n","category_list":"","author_info":{"name":"Enrico Alberini","url":"https:\/\/centcols.org\/backup\/it\/author\/5065\/"},"comments_num":"0 commenti","featured_image_urls_v2":{"full":"","thumbnail":"","medium":"","medium_large":"","large":"","1536x1536":"","2048x2048":"","woocommerce_thumbnail":"","woocommerce_single":"","woocommerce_gallery_thumbnail":""},"post_excerpt_stackable_v2":"<p>CLUB DES CENT COLS &#8211;&nbsp;Associazione legge 1901 Sede Sociale CDOS (Comit\u00e9 D\u00e9partemental Olympique et Sportif)97A avenue de Gen\u00e8ve,74000 ANNECY Responsabile della pubblicazione Enrico Alberini Per contattarci per email: admin@centcols.net<\/p>\n","category_list_v2":"","author_info_v2":{"name":"Enrico Alberini","url":"https:\/\/centcols.org\/backup\/it\/author\/5065\/"},"comments_num_v2":"0 commenti","featured_image_src":null,"_links":{"self":[{"href":"https:\/\/centcols.org\/backup\/it\/wp-json\/wp\/v2\/pages\/41624"}],"collection":[{"href":"https:\/\/centcols.org\/backup\/it\/wp-json\/wp\/v2\/pages"}],"about":[{"href":"https:\/\/centcols.org\/backup\/it\/wp-json\/wp\/v2\/types\/page"}],"author":[{"embeddable":true,"href":"https:\/\/centcols.org\/backup\/it\/wp-json\/wp\/v2\/users\/69"}],"replies":[{"embeddable":true,"href":"https:\/\/centcols.org\/backup\/it\/wp-json\/wp\/v2\/comments?post=41624"}],"version-history":[{"count":0,"href":"https:\/\/centcols.org\/backup\/it\/wp-json\/wp\/v2\/pages\/41624\/revisions"}],"wp:attachment":[{"href":"https:\/\/centcols.org\/backup\/it\/wp-json\/wp\/v2\/media?parent=41624"}],"curies":[{"name":"wp","href":"https:\/\/api.w.org\/{rel}","templated":true}]}}