{"id":42375,"date":"2015-03-11T14:06:59","date_gmt":"2015-03-11T13:06:59","guid":{"rendered":"https:\/\/centcols.org\/backup\/les-calques\/"},"modified":"2020-06-04T11:40:47","modified_gmt":"2020-06-04T09:40:47","slug":"les-calques","status":"publish","type":"page","link":"https:\/\/centcols.org\/backup\/it\/les-calques\/","title":{"rendered":"I calchi"},"content":{"rendered":"\n<p>I calchi non sono pi\u00f9 aggiornati dal 2007. Esistono altri strumenti di geolocalizzazione e le successive riedizioni di carte con cambiamenti di scala rendono troppo complesso il compito di aggiornamento.<\/p>\n\n\n\n<h2 class=\"wp-block-heading\">I calchi<\/h2>\n\n\n\n<p>Diverse serie di calchi consentono sia di facilitare la pianificazione di itinerari ricchi di passi, sia di rivelare tutti i passi che si trovano su un percorso dato<\/p>\n\n\n\n<p>Un calco \u00e8 una rappresentazione grafica di tutti i passi situati su una piega o quadrante di carta stradale o topografica riferiti nei cataloghi dei passi del club.&nbsp;Una volta stampato su un foglio di plastica trasparente di tipo retroproiettore, un calco si sovrappone esattamente sulla corrispondente parte della carta, indicando cos\u00ec tutti i passi che vi si trovano<\/p>\n\n\n\n<p>Questi calchi sono complementari alle carte e ai cataloghi dei passi.&nbsp;Non sostituiscono le carte perch\u00e9 contengono solo i punti che identificano i passi.&nbsp;Non sostituiscono i cataloghi perch\u00e9 i passi sono identificati solo dai loro codici &#8211; quindi \u00e8 necessario farvi riferimento per ottenere i nomi e gli altri dettagli dei passi.&nbsp;Vi invitiamo vivamente a procurarvi i cataloghi dei passi corrispondenti a questi calchi visitando il nostro <a href=\"https:\/\/centcols.org\/backup\/it\/categoria-prodotto\/cataloghi-dei-passi-it\/\">negozio on line<\/a>.<\/p>\n\n\n\n<p>Sono disponibili le seguenti serie:<\/p>\n\n\n\n<h2 class=\"wp-block-heading\">Francia<\/h2>\n\n\n\n<p> <a href=\"http:\/\/centcols.net\/calques\/michelin\/index.htm\"><strong>Calchi Michelin \u00ab tradizionali \u00bb<\/strong><\/a><\/p>\n\n\n\n<p><strong>Edizione corrente: 2008<\/strong><br>Un calco di carta Michelin per ogni 1:200 000\u00ba (serie 51-90).<br>Queste carte non sono pi\u00f9 disponibili in commercio.<br>Importante: L\u2019ultima edizione \u00e8 l\u2019edizione 2008. Questi calchi non sono pi\u00f9 aggiornati dall\u2019edizione 2009 del catalogo dei passi di Francia. <\/p>\n\n\n\n<p><a href=\"http:\/\/centcols.net\/calques\/michelin\/LOCAL\/index.htm\"><strong>Calchi Michelin \u00ab<\/strong><\/a> <a href=\"http:\/\/centcols.net\/calques\/michelin\/LOCAL\/index.htm\"><strong>Locale \u00bb<\/strong><\/a><\/p>\n\n\n\n<p><strong>Edizione corrente: 2008<\/strong><br>Un livello per quadrante della carta Michelin serie LOCAL (serie 301-345) a scala variabile 1:150 000a, 1:175 000a e 1:180 000a<br>Queste carte non sono pi\u00f9 disponibili in commercio e sono state sostituite dalla serie \u00abDipartimenti\u00bb su scala singola 1:150 000ma. Leggete la  <a class=\"iframe-fancybox\" rel=\"noopener noreferrer\" style=\"font-size: inherit;\" href=\"http:\/\/centcols.net\/calques\/michelin\/LOCAL\/aide.htm\" target=\"_blank\">nota esplicativa<\/a><span style=\"font-size: inherit;\">.<\/span> <\/p>\n\n\n\n<p><a href=\"http:\/\/centcols.net\/calques\/ign\/index.php\"><strong>Calchi IGN<\/strong><\/a><\/p>\n\n\n\n<p><strong style=\"font-size: inherit;\">Ed<\/strong><strong>izione corrente 2008<\/strong>:<br>Un livello per semiquadrante della carta di passeggio IGN (serie 01-74) al 1:100 000th (coperta blu).<br>Queste carte non sono pi\u00f9 disponibili in commercio e sono state sostituite dalla serie \u00abTOP100\u00bb (numerata 101-176)<br> <\/p>\n\n\n\n<h2 class=\"wp-block-heading\">Svizzera<\/h2>\n\n\n\n<p><a rel=\"noreferrer noopener\" href=\"http:\/\/centcols.net\/calques\/CH\/CH200\/index.htm\" target=\"_blank\"><strong>Calchi Michelin \u00ab tradizionali \u00bb<\/strong><\/a><\/p>\n\n\n\n<p><strong>Edizione corrente: 2007<\/strong><br>Un livello per ogni foglio di carta Michelin al 1:200.000 esimo (serie 216-219).<br>Queste carte non sono pi\u00f9 disponibili in commercio.<br>Importante: L\u2019ultima edizione \u00e8 l\u2019edizione 2007. Questi livelli non sono pi\u00f9 aggiornati dall\u2019edizione 2008 del catalogo dei colletti della Svizzera e del Liechtenstein;&nbsp;vedi la <a rel=\"noreferrer noopener\" href=\"http:\/\/centcols.net\/calques\/CH\/CH200\/index.htm#leg\" target=\"_blank\">nota esplicativa<\/a><\/p>\n\n\n\n<p><a rel=\"noreferrer noopener\" href=\"http:\/\/centcols.net\/calques\/CH\/CH500\/index.htm\" target=\"_blank\"><strong>Calchi Michelin \u00ab Regionale \u00bb<\/strong><\/a><\/p>\n\n\n\n<p><strong>Versione corrente 2007:<\/strong><br>Un livello per quadrante della carta Michelin serie \u00abRegionale\u00bb (serie 551-553) al 1:200 000\u00ba.<br>Queste carte sostituiscono la vecchia serie 216-219<\/p>\n","protected":false},"excerpt":{"rendered":"<p>I calchi non sono pi\u00f9 aggiornati dal 2007. Esistono altri strumenti di geolocalizzazione e le successive riedizioni di carte con cambiamenti di scala rendono troppo complesso il compito di aggiornamento. I calchi Diverse serie di calchi consentono sia di facilitare la pianificazione di itinerari ricchi di passi, sia di rivelare tutti i passi che si [&hellip;]<\/p>\n","protected":false},"author":69,"featured_media":0,"parent":0,"menu_order":0,"comment_status":"closed","ping_status":"closed","template":"","meta":{"_acf_changed":false,"ub_ctt_via":"","_monsterinsights_skip_tracking":false,"_monsterinsights_sitenote_active":false,"_monsterinsights_sitenote_note":"","_monsterinsights_sitenote_category":0,"footnotes":""},"acf":[],"featured_image_urls":{"full":"","thumbnail":"","medium":"","medium_large":"","large":"","1536x1536":"","2048x2048":"","woocommerce_thumbnail":"","woocommerce_single":"","woocommerce_gallery_thumbnail":""},"post_excerpt_stackable":"<p>I calchi non sono pi\u00f9 aggiornati dal 2007. Esistono altri strumenti di geolocalizzazione e le successive riedizioni di carte con cambiamenti di scala rendono troppo complesso il compito di aggiornamento. I calchi Diverse serie di calchi consentono sia di facilitare la pianificazione di itinerari ricchi di passi, sia di rivelare tutti i passi che si trovano su un percorso dato Un calco \u00e8 una rappresentazione grafica di tutti i passi situati su una piega o quadrante di carta stradale o topografica riferiti nei cataloghi dei passi del club.&nbsp;Una volta stampato su un foglio di plastica trasparente di tipo retroproiettore, un&hellip;<\/p>\n","category_list":"","author_info":{"name":"Enrico Alberini","url":"https:\/\/centcols.org\/backup\/it\/author\/5065\/"},"comments_num":"0 commenti","featured_image_urls_v2":{"full":"","thumbnail":"","medium":"","medium_large":"","large":"","1536x1536":"","2048x2048":"","woocommerce_thumbnail":"","woocommerce_single":"","woocommerce_gallery_thumbnail":""},"post_excerpt_stackable_v2":"<p>I calchi non sono pi\u00f9 aggiornati dal 2007. Esistono altri strumenti di geolocalizzazione e le successive riedizioni di carte con cambiamenti di scala rendono troppo complesso il compito di aggiornamento. I calchi Diverse serie di calchi consentono sia di facilitare la pianificazione di itinerari ricchi di passi, sia di rivelare tutti i passi che si trovano su un percorso dato Un calco \u00e8 una rappresentazione grafica di tutti i passi situati su una piega o quadrante di carta stradale o topografica riferiti nei cataloghi dei passi del club.&nbsp;Una volta stampato su un foglio di plastica trasparente di tipo retroproiettore, un&hellip;<\/p>\n","category_list_v2":"","author_info_v2":{"name":"Enrico Alberini","url":"https:\/\/centcols.org\/backup\/it\/author\/5065\/"},"comments_num_v2":"0 commenti","featured_image_src":null,"_links":{"self":[{"href":"https:\/\/centcols.org\/backup\/it\/wp-json\/wp\/v2\/pages\/42375"}],"collection":[{"href":"https:\/\/centcols.org\/backup\/it\/wp-json\/wp\/v2\/pages"}],"about":[{"href":"https:\/\/centcols.org\/backup\/it\/wp-json\/wp\/v2\/types\/page"}],"author":[{"embeddable":true,"href":"https:\/\/centcols.org\/backup\/it\/wp-json\/wp\/v2\/users\/69"}],"replies":[{"embeddable":true,"href":"https:\/\/centcols.org\/backup\/it\/wp-json\/wp\/v2\/comments?post=42375"}],"version-history":[{"count":0,"href":"https:\/\/centcols.org\/backup\/it\/wp-json\/wp\/v2\/pages\/42375\/revisions"}],"wp:attachment":[{"href":"https:\/\/centcols.org\/backup\/it\/wp-json\/wp\/v2\/media?parent=42375"}],"curies":[{"name":"wp","href":"https:\/\/api.w.org\/{rel}","templated":true}]}}