{"id":43054,"date":"2017-03-09T17:51:06","date_gmt":"2017-03-09T16:51:06","guid":{"rendered":"https:\/\/centcols.org\/backup\/sondaggio-adesione-club\/"},"modified":"2020-05-09T17:47:33","modified_gmt":"2020-05-09T15:47:33","slug":"sondaggio-adesione-club","status":"publish","type":"page","link":"https:\/\/centcols.org\/backup\/it\/sondaggio-adesione-club\/","title":{"rendered":"Sondaggio a riguardo della vostra adesione al club"},"content":{"rendered":"<p><span style=\"font-family: arial, helvetica, sans-serif; font-size: 12pt;\">Grazie in anticipo per il tempo dedicato a rispondere a questo sondaggio che permetter\u00e0 di conoscere meglio i modi di reclutamento del club ed eventualmente la predisposizione di attivit\u00e0 utili a farci conoscere. Questo sondaggio \u00e8 molto rapido da compilare.<\/span><\/p>\n<blockquote><p><span style=\"font-family: arial, helvetica, sans-serif; font-size: 12pt;\">L&#8217;inserimento dell&#8217;anno di adesione o in mancanza del N\u00b0 di socio alla fine del sondaggio \u00e8 obbligatorio ed ha il solo scopo di affinare l&#8217;analisi e l&#8217;evoluzione del club nel tempo.<\/span><\/p><\/blockquote>\n<p>[yop_poll id=5]<\/p>\n","protected":false},"excerpt":{"rendered":"<p>Grazie in anticipo per il tempo dedicato a rispondere a questo sondaggio che permetter\u00e0 di conoscere meglio i modi di reclutamento del club ed eventualmente la predisposizione di attivit\u00e0 utili a farci conoscere. Questo sondaggio \u00e8 molto rapido da compilare. L&#8217;inserimento dell&#8217;anno di adesione o in mancanza del N\u00b0 di socio alla fine del sondaggio [&hellip;]<\/p>\n","protected":false},"author":69,"featured_media":0,"parent":0,"menu_order":0,"comment_status":"closed","ping_status":"closed","template":"","meta":{"_acf_changed":false,"ub_ctt_via":"","_monsterinsights_skip_tracking":false,"_monsterinsights_sitenote_active":false,"_monsterinsights_sitenote_note":"","_monsterinsights_sitenote_category":0,"footnotes":""},"acf":[],"featured_image_urls":{"full":"","thumbnail":"","medium":"","medium_large":"","large":"","1536x1536":"","2048x2048":"","woocommerce_thumbnail":"","woocommerce_single":"","woocommerce_gallery_thumbnail":""},"post_excerpt_stackable":"<p>Grazie in anticipo per il tempo dedicato a rispondere a questo sondaggio che permetter\u00e0 di conoscere meglio i modi di reclutamento del club ed eventualmente la predisposizione di attivit\u00e0 utili a farci conoscere. Questo sondaggio \u00e8 molto rapido da compilare. L&#8217;inserimento dell&#8217;anno di adesione o in mancanza del N\u00b0 di socio alla fine del sondaggio \u00e8 obbligatorio ed ha il solo scopo di affinare l&#8217;analisi e l&#8217;evoluzione del club nel tempo. [yop_poll id=5]<\/p>\n","category_list":"","author_info":{"name":"Enrico Alberini","url":"https:\/\/centcols.org\/backup\/it\/author\/5065\/"},"comments_num":"0 commenti","featured_image_urls_v2":{"full":"","thumbnail":"","medium":"","medium_large":"","large":"","1536x1536":"","2048x2048":"","woocommerce_thumbnail":"","woocommerce_single":"","woocommerce_gallery_thumbnail":""},"post_excerpt_stackable_v2":"<p>Grazie in anticipo per il tempo dedicato a rispondere a questo sondaggio che permetter\u00e0 di conoscere meglio i modi di reclutamento del club ed eventualmente la predisposizione di attivit\u00e0 utili a farci conoscere. Questo sondaggio \u00e8 molto rapido da compilare. L&#8217;inserimento dell&#8217;anno di adesione o in mancanza del N\u00b0 di socio alla fine del sondaggio \u00e8 obbligatorio ed ha il solo scopo di affinare l&#8217;analisi e l&#8217;evoluzione del club nel tempo. [yop_poll id=5]<\/p>\n","category_list_v2":"","author_info_v2":{"name":"Enrico Alberini","url":"https:\/\/centcols.org\/backup\/it\/author\/5065\/"},"comments_num_v2":"0 commenti","featured_image_src":null,"_links":{"self":[{"href":"https:\/\/centcols.org\/backup\/it\/wp-json\/wp\/v2\/pages\/43054"}],"collection":[{"href":"https:\/\/centcols.org\/backup\/it\/wp-json\/wp\/v2\/pages"}],"about":[{"href":"https:\/\/centcols.org\/backup\/it\/wp-json\/wp\/v2\/types\/page"}],"author":[{"embeddable":true,"href":"https:\/\/centcols.org\/backup\/it\/wp-json\/wp\/v2\/users\/69"}],"replies":[{"embeddable":true,"href":"https:\/\/centcols.org\/backup\/it\/wp-json\/wp\/v2\/comments?post=43054"}],"version-history":[{"count":0,"href":"https:\/\/centcols.org\/backup\/it\/wp-json\/wp\/v2\/pages\/43054\/revisions"}],"wp:attachment":[{"href":"https:\/\/centcols.org\/backup\/it\/wp-json\/wp\/v2\/media?parent=43054"}],"curies":[{"name":"wp","href":"https:\/\/api.w.org\/{rel}","templated":true}]}}