{"id":66107,"date":"2022-07-22T18:19:26","date_gmt":"2022-07-22T16:19:26","guid":{"rendered":"https:\/\/centcols.org\/backup\/ils-nous-ont-quittes\/"},"modified":"2023-10-26T15:31:38","modified_gmt":"2023-10-26T13:31:38","slug":"ils-nous-ont-quittes","status":"publish","type":"page","link":"https:\/\/centcols.org\/backup\/it\/ils-nous-ont-quittes\/","title":{"rendered":"Ci hanno lasciato"},"content":{"rendered":"\n<p><a href=\"https:\/\/centcols.org\/backup\/it\/marcel-bioud\/\" title=\"\">Marcel Bioud<\/a><\/p>\n\n\n\n<p><a href=\"https:\/\/centcols.org\/backup\/it\/serge-label\/\" title=\"\">Serge Label<\/a><\/p>\n\n\n\n<p><a href=\"https:\/\/centcols.org\/backup\/it\/gerard-obrecht\/\" title=\"\">G\u00e9rard Obrecht<\/a><\/p>\n\n\n\n<p><a href=\"https:\/\/centcols.org\/backup\/it\/bernard-migaud\/\" target=\"_blank\" rel=\"noopener\" title=\"\">Bernard Migaud<\/a><\/p>\n\n\n\n<p><a href=\"https:\/\/centcols.org\/backup\/it\/alain-balalas\/\" target=\"_blank\" rel=\"noreferrer noopener\">Alain Balalas<\/a><\/p>\n\n\n\n<p><a href=\"https:\/\/centcols.org\/backup\/it\/jean-paul-cuffolo\/\" target=\"_blank\" rel=\"noreferrer noopener\">Jean-Paul Cuffolo<\/a><\/p>\n\n\n\n<p><a href=\"https:\/\/centcols.org\/backup\/it\/jean-louis-portaz\/\" target=\"_blank\" rel=\"noreferrer noopener\">Jean-Louis Portaz<\/a><\/p>\n\n\n\n<p><a href=\"https:\/\/centcols.org\/backup\/it\/maurice-metral\/\">Maurice Metral<\/a><\/p>\n\n\n\n<p><a href=\"https:\/\/centcols.org\/backup\/it\/luigi-capellani\/\">Luigi Capellani<\/a><\/p>\n\n\n\n<p><a href=\"https:\/\/centcols.org\/backup\/it\/christian-gerard\/\">Christian G\u00e9rard<\/a><\/p>\n\n\n\n<p><a href=\"https:\/\/centcols.org\/backup\/it\/paul-fabre\/\">Paul Fabre<\/a><\/p>\n\n\n\n<p><a href=\"https:\/\/centcols.org\/backup\/it\/constant-van-waterschoot\/\">Constant van Waterschoot<\/a><\/p>\n\n\n\n<p><a href=\"https:\/\/centcols.org\/backup\/it\/michel-minard\/\">Michel Minard<\/a><\/p>\n\n\n\n<p><a href=\"https:\/\/centcols.org\/backup\/it\/guy-feignon-2\/\">Guy Feignon<\/a><\/p>\n\n\n\n<p><a href=\"https:\/\/centcols.org\/backup\/it\/deces-de-mireille-fevrier-2\/\">Mireille F\u00e9vrier <\/a><\/p>\n\n\n\n<p><\/p>\n","protected":false},"excerpt":{"rendered":"<p>Marcel Bioud Serge Label G\u00e9rard Obrecht Bernard Migaud Alain Balalas Jean-Paul Cuffolo Jean-Louis Portaz Maurice Metral Luigi Capellani Christian G\u00e9rard Paul Fabre Constant van Waterschoot Michel Minard Guy Feignon Mireille F\u00e9vrier<\/p>\n","protected":false},"author":69,"featured_media":0,"parent":0,"menu_order":0,"comment_status":"closed","ping_status":"closed","template":"","meta":{"_acf_changed":false,"ub_ctt_via":"","_monsterinsights_skip_tracking":false,"_monsterinsights_sitenote_active":false,"_monsterinsights_sitenote_note":"","_monsterinsights_sitenote_category":0,"footnotes":""},"acf":[],"featured_image_urls":{"full":"","thumbnail":"","medium":"","medium_large":"","large":"","1536x1536":"","2048x2048":"","woocommerce_thumbnail":"","woocommerce_single":"","woocommerce_gallery_thumbnail":""},"post_excerpt_stackable":"<p>Marcel Bioud Serge Label G\u00e9rard Obrecht Bernard Migaud Alain Balalas Jean-Paul Cuffolo Jean-Louis Portaz Maurice Metral Luigi Capellani Christian G\u00e9rard Paul Fabre Constant van Waterschoot Michel Minard Guy Feignon Mireille F\u00e9vrier<\/p>\n","category_list":"","author_info":{"name":"Enrico Alberini","url":"https:\/\/centcols.org\/backup\/it\/author\/5065\/"},"comments_num":"0 commenti","featured_image_urls_v2":{"full":"","thumbnail":"","medium":"","medium_large":"","large":"","1536x1536":"","2048x2048":"","woocommerce_thumbnail":"","woocommerce_single":"","woocommerce_gallery_thumbnail":""},"post_excerpt_stackable_v2":"<p>Marcel Bioud Serge Label G\u00e9rard Obrecht Bernard Migaud Alain Balalas Jean-Paul Cuffolo Jean-Louis Portaz Maurice Metral Luigi Capellani Christian G\u00e9rard Paul Fabre Constant van Waterschoot Michel Minard Guy Feignon Mireille F\u00e9vrier<\/p>\n","category_list_v2":"","author_info_v2":{"name":"Enrico Alberini","url":"https:\/\/centcols.org\/backup\/it\/author\/5065\/"},"comments_num_v2":"0 commenti","featured_image_src":null,"_links":{"self":[{"href":"https:\/\/centcols.org\/backup\/it\/wp-json\/wp\/v2\/pages\/66107"}],"collection":[{"href":"https:\/\/centcols.org\/backup\/it\/wp-json\/wp\/v2\/pages"}],"about":[{"href":"https:\/\/centcols.org\/backup\/it\/wp-json\/wp\/v2\/types\/page"}],"author":[{"embeddable":true,"href":"https:\/\/centcols.org\/backup\/it\/wp-json\/wp\/v2\/users\/69"}],"replies":[{"embeddable":true,"href":"https:\/\/centcols.org\/backup\/it\/wp-json\/wp\/v2\/comments?post=66107"}],"version-history":[{"count":0,"href":"https:\/\/centcols.org\/backup\/it\/wp-json\/wp\/v2\/pages\/66107\/revisions"}],"wp:attachment":[{"href":"https:\/\/centcols.org\/backup\/it\/wp-json\/wp\/v2\/media?parent=66107"}],"curies":[{"name":"wp","href":"https:\/\/api.w.org\/{rel}","templated":true}]}}