{"id":69795,"date":"2023-01-12T20:46:24","date_gmt":"2023-01-12T19:46:24","guid":{"rendered":"https:\/\/centcols.org\/backup\/exportation-cols-openrunner\/"},"modified":"2023-01-14T10:03:59","modified_gmt":"2023-01-14T09:03:59","slug":"exportation-cols-openrunner","status":"publish","type":"page","link":"https:\/\/centcols.org\/backup\/it\/exportation-cols-openrunner\/","title":{"rendered":"Esportazione dei passi valicati verso un conto OpenRunner"},"content":{"rendered":"\n<p>Tutorial preparato da G\u00e9rard Birelli (CC 5553)<\/p>\n\n\n\n<h2 class=\"wp-block-heading\">Introduzione<\/h2>\n\n\n\n<p>Sul sito web di OpenRunner, un collezionista di passi pu\u00f2 elencare i passi &#8220;scalati&#8221; e quelli &#8220;da scalare&#8221; mentre traccia un percorso.<\/p>\n\n\n\n<p>Alcuni utenti di OpenRunner del Club des Cent Cols hanno espresso l&#8217;esigenza di importare un gruppo di passi o addirittura tutti i passi che hanno scalato nel loro spazio personale.<\/p>\n\n\n\n<p>La procedura seguente mostra come importare una lista di passi in una volta sola.<\/p>\n\n\n\n<h2 class=\"wp-block-heading\">Come creare un lotto di passi gi\u00e0 scalati ma non elencati in OpenRunner&nbsp;?<\/h2>\n\n\n\n<p>Ci sono tre opzioni:<\/p>\n\n\n\n<ul><li>O manualmente:<\/li><\/ul>\n\n\n\n<p>In OpenRunner, \u00e8 sufficiente selezionare la casella corrispondente di un passo che si trova lungo il percorso.<\/p>\n\n\n\n<p>Nel vostro spazio personale troverete tutti i passi. Una volta che un passo \u00e8 stato scalato durante un viaggio, deve essere spuntato nella sezione &#8220;Passi da scalare&#8221; con una data di completamento e si trova nella colonna &#8220;Passi scalati&#8221; con la data di completamento.<\/p>\n\n\n\n<ul><li>Oppure a partire da un file prodotto da un foglio di calcolo come Excel\u00a9 o OpenOffice\u00a9 o un altro col seguente formato:<\/li><li>Una colonna con l&#8217;intestazione  \u00ab&nbsp;Codice&nbsp;\u00bb<\/li><li>Una serie di linee di codici Cent Cols dei passi valicati.<\/li><\/ul>\n\n\n\n<p><strong>Il file deve essere salvato in formato CSV (Comma Separated Values).<\/strong><\/p>\n\n\n\n<ul><li>Oppure dal file dei passi completati estratto dal vostro modulo di adesione sul sito web del Club des Cent Cols.<\/li><\/ul>\n\n\n\n<p>Per ottenere questo file, ci sono attualmente due accessi possibili in attesa di un menu dedicato.<\/p>\n\n\n\n<p>Quando si accede al sito web del Club des Cent Cols dopo aver convalidato l&#8217;accesso come socio, si accede alla propria scheda Socio.:<\/p>\n\n\n\n<ul><li>Nella propria scheda, nel menu <strong>Outils <\/strong><\/li><\/ul>\n\n\n\n<figure class=\"wp-block-image size-large\"><img loading=\"lazy\" decoding=\"async\" width=\"953\" height=\"201\" src=\"https:\/\/centcols.org\/backup\/wp-content\/uploads\/2023\/01\/image.png\" alt=\"\" class=\"wp-image-69749\" srcset=\"https:\/\/centcols.org\/backup\/wp-content\/uploads\/2023\/01\/image.png 953w, https:\/\/centcols.org\/backup\/wp-content\/uploads\/2023\/01\/image-500x105.png 500w, https:\/\/centcols.org\/backup\/wp-content\/uploads\/2023\/01\/image-768x162.png 768w, https:\/\/centcols.org\/backup\/wp-content\/uploads\/2023\/01\/image-600x127.png 600w\" sizes=\"(max-width: 953px) 100vw, 953px\" \/><\/figure>\n\n\n\n<p>Fare clic su registrare i vostri passi. Si accede cos\u00ec alla seguente pagina&nbsp;:<\/p>\n\n\n\n<figure class=\"wp-block-image size-large\"><img loading=\"lazy\" decoding=\"async\" width=\"1064\" height=\"240\" src=\"https:\/\/centcols.org\/backup\/wp-content\/uploads\/2023\/01\/image-1.png\" alt=\"\" class=\"wp-image-69755\" srcset=\"https:\/\/centcols.org\/backup\/wp-content\/uploads\/2023\/01\/image-1.png 1064w, https:\/\/centcols.org\/backup\/wp-content\/uploads\/2023\/01\/image-1-500x113.png 500w, https:\/\/centcols.org\/backup\/wp-content\/uploads\/2023\/01\/image-1-768x173.png 768w, https:\/\/centcols.org\/backup\/wp-content\/uploads\/2023\/01\/image-1-600x135.png 600w\" sizes=\"(max-width: 1064px) 100vw, 1064px\" \/><\/figure>\n\n\n\n<ul><li>Andare nel menu <strong>Cols Faits<\/strong><\/li><\/ul>\n\n\n\n<p>Si accede alla pagina<\/p>\n\n\n\n<figure class=\"wp-block-image size-large\"><img loading=\"lazy\" decoding=\"async\" width=\"953\" height=\"212\" src=\"https:\/\/centcols.org\/backup\/wp-content\/uploads\/2023\/01\/image-2.png\" alt=\"\" class=\"wp-image-69761\" srcset=\"https:\/\/centcols.org\/backup\/wp-content\/uploads\/2023\/01\/image-2.png 953w, https:\/\/centcols.org\/backup\/wp-content\/uploads\/2023\/01\/image-2-500x111.png 500w, https:\/\/centcols.org\/backup\/wp-content\/uploads\/2023\/01\/image-2-768x171.png 768w, https:\/\/centcols.org\/backup\/wp-content\/uploads\/2023\/01\/image-2-600x133.png 600w\" sizes=\"(max-width: 953px) 100vw, 953px\" \/><\/figure>\n\n\n\n<h4 class=\"has-text-align-center has-luminous-vivid-orange-color has-text-color wp-block-heading\">Prima di estrarre il file, \u00e8 necessario selezionare lo stato &#8220;valido&#8221; nella seconda casella  &#8220;stato&#8221;<\/h4>\n\n\n\n<div class=\"wp-block-columns is-layout-flex wp-container-core-columns-is-layout-1 wp-block-columns-is-layout-flex\">\n<div class=\"wp-block-column is-layout-flow wp-block-column-is-layout-flow\" style=\"flex-basis:100%\"><\/div>\n<\/div>\n\n\n\n<h4 class=\"has-kb-palette-3-color has-text-color wp-block-heading\">ATTENZIONE&nbsp;: Il file estratto include solo i passi presenti nell&#8217;ultima versione dei cataloghi. I passi soppressi non sono quindi inclusi. Questo \u00e8 necessario perch\u00e9 il database dei passii di OpenRunner \u00e8 coerente con il database dei passii dell&#8217;ultima versione del Club dei Cent Cols.<\/h4>\n\n\n\n<p>Per estrarre il file di tutte le colonne registrate o di quelle parzialmente registrate con un ordine specificato, fare clic sul pulsante Excel<\/p>\n\n\n\n<p>Il file scaricato \u00e8 in formato CSV. Contiene le seguenti informazioni:<\/p>\n\n\n\n<figure class=\"wp-block-image size-large\"><img loading=\"lazy\" decoding=\"async\" width=\"953\" height=\"146\" src=\"https:\/\/centcols.org\/backup\/wp-content\/uploads\/2023\/01\/image-3.png\" alt=\"\" class=\"wp-image-69767\" srcset=\"https:\/\/centcols.org\/backup\/wp-content\/uploads\/2023\/01\/image-3.png 953w, https:\/\/centcols.org\/backup\/wp-content\/uploads\/2023\/01\/image-3-500x77.png 500w, https:\/\/centcols.org\/backup\/wp-content\/uploads\/2023\/01\/image-3-768x118.png 768w, https:\/\/centcols.org\/backup\/wp-content\/uploads\/2023\/01\/image-3-600x92.png 600w\" sizes=\"(max-width: 953px) 100vw, 953px\" \/><\/figure>\n\n\n\n<p>Non \u00e8 necessario elaborare il file per averlo in questa forma, pu\u00f2 essere importato direttamente in OpenRunner cos\u00ec come \u00e8 stato scaricato.<\/p>\n\n\n\n<h2 class=\"wp-block-heading\">Spazio personale in Openrunner<\/h2>\n\n\n\n<p>All&#8217;apertura d&#8217;una sessione  OpenRunner<\/p>\n\n\n\n<p>1 Aprire OpenRunner&nbsp;;<\/p>\n\n\n\n<p>2 Andare in &#8220;Mio spazio&#8221;;<\/p>\n\n\n\n<p>3 Andare nella sezione &#8220;Club des Cent Cols&#8221;,<\/p>\n\n\n\n<p>4 Si noter\u00e0 una prima novit\u00e0.<\/p>\n\n\n\n<p>Nella pagina Cent Cols si trova<\/p>\n\n\n\n<figure class=\"wp-block-image size-large\"><img loading=\"lazy\" decoding=\"async\" width=\"949\" height=\"105\" src=\"https:\/\/centcols.org\/backup\/wp-content\/uploads\/2023\/01\/image-4.png\" alt=\"\" class=\"wp-image-69773\" srcset=\"https:\/\/centcols.org\/backup\/wp-content\/uploads\/2023\/01\/image-4.png 949w, https:\/\/centcols.org\/backup\/wp-content\/uploads\/2023\/01\/image-4-500x55.png 500w, https:\/\/centcols.org\/backup\/wp-content\/uploads\/2023\/01\/image-4-768x85.png 768w, https:\/\/centcols.org\/backup\/wp-content\/uploads\/2023\/01\/image-4-600x66.png 600w\" sizes=\"(max-width: 949px) 100vw, 949px\" \/><\/figure>\n\n\n\n<p>C&#8217;\u00e8 un contatore dei passi attraversati (totali e sopra i 2000m) e sulla destra un pulsante per esportare i passi attraversati. Il file esportato \u00e8 in formato CSV.<\/p>\n\n\n\n<p>L&#8217;utente ha quindi la possibilit\u00e0 di estrarre l&#8217;elenco dei passi a fine anno o in qualsiasi momento e di presentarlo al proprio Delegato Territoriale.<\/p>\n\n\n\n<h2 class=\"wp-block-heading\">Come importare un gruppo di passi gi\u00e0 scalati ma non elencati in OpenRunner&nbsp;?<\/h2>\n\n\n\n<p>Importazione di un lotto di passi da un file di foglio di calcolo o dalla scheda dei soci come sopra.<\/p>\n\n\n\n<p>Nella parte dei passi valicati<\/p>\n\n\n\n<figure class=\"wp-block-image size-large\"><img loading=\"lazy\" decoding=\"async\" width=\"953\" height=\"92\" src=\"https:\/\/centcols.org\/backup\/wp-content\/uploads\/2023\/01\/image-5.png\" alt=\"\" class=\"wp-image-69779\" srcset=\"https:\/\/centcols.org\/backup\/wp-content\/uploads\/2023\/01\/image-5.png 953w, https:\/\/centcols.org\/backup\/wp-content\/uploads\/2023\/01\/image-5-500x48.png 500w, https:\/\/centcols.org\/backup\/wp-content\/uploads\/2023\/01\/image-5-768x74.png 768w, https:\/\/centcols.org\/backup\/wp-content\/uploads\/2023\/01\/image-5-600x58.png 600w\" sizes=\"(max-width: 953px) 100vw, 953px\" \/><\/figure>\n\n\n\n<div class=\"wp-block-image\"><figure class=\"aligncenter size-large\"><img loading=\"lazy\" decoding=\"async\" width=\"311\" height=\"129\" src=\"https:\/\/centcols.org\/backup\/wp-content\/uploads\/2023\/01\/image-6.png\" alt=\"\" class=\"wp-image-69785\"\/><\/figure><\/div>\n\n\n\n<p>Facendo clic sul pulsante &#8220;Importa passaggi scalati&#8221;, \u00e8 sufficiente selezionare il file da importare sul computer.<\/p>\n\n\n\n<div class=\"wp-block-image\"><figure class=\"aligncenter size-large\"><img loading=\"lazy\" decoding=\"async\" width=\"459\" height=\"284\" src=\"https:\/\/centcols.org\/backup\/wp-content\/uploads\/2023\/01\/image-7.png\" alt=\"\" class=\"wp-image-69791\"\/><\/figure><\/div>\n\n\n\n<p class=\"has-text-align-center\"><\/p>\n","protected":false},"excerpt":{"rendered":"<p>Tutorial preparato da G\u00e9rard Birelli (CC 5553) Introduzione Sul sito web di OpenRunner, un collezionista di passi pu\u00f2 elencare i passi &#8220;scalati&#8221; e quelli &#8220;da scalare&#8221; mentre traccia un percorso. Alcuni utenti di OpenRunner del Club des Cent Cols hanno espresso l&#8217;esigenza di importare un gruppo di passi o addirittura tutti i passi che hanno [&hellip;]<\/p>\n","protected":false},"author":69,"featured_media":0,"parent":0,"menu_order":0,"comment_status":"closed","ping_status":"closed","template":"","meta":{"_acf_changed":false,"ub_ctt_via":"","_monsterinsights_skip_tracking":false,"_monsterinsights_sitenote_active":false,"_monsterinsights_sitenote_note":"","_monsterinsights_sitenote_category":0,"footnotes":""},"acf":[],"featured_image_urls":{"full":"","thumbnail":"","medium":"","medium_large":"","large":"","1536x1536":"","2048x2048":"","woocommerce_thumbnail":"","woocommerce_single":"","woocommerce_gallery_thumbnail":""},"post_excerpt_stackable":"<p>Tutorial preparato da G\u00e9rard Birelli (CC 5553) Introduzione Sul sito web di OpenRunner, un collezionista di passi pu\u00f2 elencare i passi &#8220;scalati&#8221; e quelli &#8220;da scalare&#8221; mentre traccia un percorso. Alcuni utenti di OpenRunner del Club des Cent Cols hanno espresso l&#8217;esigenza di importare un gruppo di passi o addirittura tutti i passi che hanno scalato nel loro spazio personale. La procedura seguente mostra come importare una lista di passi in una volta sola. Come creare un lotto di passi gi\u00e0 scalati ma non elencati in OpenRunner&nbsp;? Ci sono tre opzioni: O manualmente: In OpenRunner, \u00e8 sufficiente selezionare la casella&hellip;<\/p>\n","category_list":"","author_info":{"name":"Enrico Alberini","url":"https:\/\/centcols.org\/backup\/it\/author\/5065\/"},"comments_num":"0 commenti","featured_image_urls_v2":{"full":"","thumbnail":"","medium":"","medium_large":"","large":"","1536x1536":"","2048x2048":"","woocommerce_thumbnail":"","woocommerce_single":"","woocommerce_gallery_thumbnail":""},"post_excerpt_stackable_v2":"<p>Tutorial preparato da G\u00e9rard Birelli (CC 5553) Introduzione Sul sito web di OpenRunner, un collezionista di passi pu\u00f2 elencare i passi &#8220;scalati&#8221; e quelli &#8220;da scalare&#8221; mentre traccia un percorso. Alcuni utenti di OpenRunner del Club des Cent Cols hanno espresso l&#8217;esigenza di importare un gruppo di passi o addirittura tutti i passi che hanno scalato nel loro spazio personale. La procedura seguente mostra come importare una lista di passi in una volta sola. Come creare un lotto di passi gi\u00e0 scalati ma non elencati in OpenRunner&nbsp;? Ci sono tre opzioni: O manualmente: In OpenRunner, \u00e8 sufficiente selezionare la casella&hellip;<\/p>\n","category_list_v2":"","author_info_v2":{"name":"Enrico Alberini","url":"https:\/\/centcols.org\/backup\/it\/author\/5065\/"},"comments_num_v2":"0 commenti","featured_image_src":null,"_links":{"self":[{"href":"https:\/\/centcols.org\/backup\/it\/wp-json\/wp\/v2\/pages\/69795"}],"collection":[{"href":"https:\/\/centcols.org\/backup\/it\/wp-json\/wp\/v2\/pages"}],"about":[{"href":"https:\/\/centcols.org\/backup\/it\/wp-json\/wp\/v2\/types\/page"}],"author":[{"embeddable":true,"href":"https:\/\/centcols.org\/backup\/it\/wp-json\/wp\/v2\/users\/69"}],"replies":[{"embeddable":true,"href":"https:\/\/centcols.org\/backup\/it\/wp-json\/wp\/v2\/comments?post=69795"}],"version-history":[{"count":0,"href":"https:\/\/centcols.org\/backup\/it\/wp-json\/wp\/v2\/pages\/69795\/revisions"}],"wp:attachment":[{"href":"https:\/\/centcols.org\/backup\/it\/wp-json\/wp\/v2\/media?parent=69795"}],"curies":[{"name":"wp","href":"https:\/\/api.w.org\/{rel}","templated":true}]}}