{"id":69848,"date":"2023-01-16T14:29:20","date_gmt":"2023-01-16T13:29:20","guid":{"rendered":"https:\/\/centcols.org\/backup\/openrunner-lenregistrement-des-cols\/"},"modified":"2023-01-16T15:27:57","modified_gmt":"2023-01-16T14:27:57","slug":"openrunner-lenregistrement-des-cols","status":"publish","type":"page","link":"https:\/\/centcols.org\/backup\/it\/openrunner-lenregistrement-des-cols\/","title":{"rendered":"Openrunner : la registrazione dei passi"},"content":{"rendered":"\n<h2 class=\"kt-adv-heading_21281a-6f wp-block-kadence-advancedheading\" data-kb-block=\"kb-adv-heading_21281a-6f\">1 &#8211; Uno per uno, durante la preparazione d&#8217;un percorso<\/h2>\n\n\n\n<p style=\"text-align: left;\"><img loading=\"lazy\" decoding=\"async\" class=\"size-full wp-image-69841 alignright\" src=\"https:\/\/centcols.org\/backup\/wp-content\/uploads\/2023\/01\/Image1.jpg\" alt=\"\" width=\"302\" height=\"289\" \/>Sul sito di OpenRunner, l&#8217;utente pu\u00f2 elencare i passi &#8220;valicati&#8221; e quelli &#8220;da valicare&#8221; mentre traccia un percorso. A tal fine, \u00e8 sufficiente selezionare la casella corrispondente nel<strong> pop-up<\/strong> di un passo.<\/p>\n<p>Nel proprio <strong>spazio personale<\/strong> c&#8217;\u00e8 l&#8217;insieme dei passi registrati.<\/p>\n<p>Quando il passo \u00e8 valicato si trova nello spazio\u00a0 \u00ab cols gravis \u00bb.<\/p>\n<p><img loading=\"lazy\" decoding=\"async\" class=\"alignnone  wp-image-69835\" src=\"https:\/\/centcols.org\/backup\/wp-content\/uploads\/2023\/01\/Image2.jpg\" alt=\"\" width=\"414\" height=\"84\" \/><\/p>\n<p><span style=\"color: #000000;\"><a style=\"color: #000000;\" href=\"mailto:inscriptions@centcols.net\">Non appena avranno raggiunto i 100 passi, di cui 5 sopra i 2000 m, <strong>i nuovi membri<\/strong> potranno estrarre automaticamente la loro lista e inviarla per l&#8217;iscrizione a \u00a0<\/a><\/span><a href=\"mailto:inscriptions@centcols.net\">inscriptions@centcols.net<\/a><\/p>\n<p><img loading=\"lazy\" decoding=\"async\" class=\" wp-image-69825 aligncenter\" src=\"https:\/\/centcols.org\/backup\/wp-content\/uploads\/2023\/01\/Image3.png\" alt=\"\" width=\"342\" height=\"120\" \/><\/p>\n<p>Da parte loro,<strong> i soci dei club<\/strong> possono estrarre l&#8217;elenco dei passi fatti alla fine dell&#8217;anno o in qualsiasi momento e presentarlo al proprio Delegato territoriale.<\/p>\n\n\n\n<h2 class=\"kt-adv-heading_8c1da6-38 wp-block-kadence-advancedheading\" data-kb-block=\"kb-adv-heading_8c1da6-38\">2 &#8211; Per lotto intero<\/h2>\n\n\n\n<p>Alcuni utenti del Club des Cent Cols hanno espresso la necessit\u00e0 di importare nel proprio spazio personale <strong>una serie di passi<\/strong> o addirittura tutti i passi che hanno scalato. Il Club des Cent Cols ha chiesto da tempo a Openrunner di poter importare una serie di passi direttamente nello spazio personale di un utente.<\/p>\n\n\n\n<p>Adesso questo \u00e8 possibile.<\/p>\n\n\n\n<p>I passi valicati sono identificati nello spazio di tracciamento del percorso di OpenRunner da un cerchio VERDE.<\/p>\n\n\n\n<p>\u00c8 quindi possibile ottimizzare un percorso cercando un percorso che passi solo attraverso i passi NON FATTI.<\/p>\n\n\n\n<p>Tutti gli utenti di OpenRunner riceveranno informazioni su questa nuova funzione tramite la Newsletter di OR.<\/p>\n\n\n\n<p>Ognuno trover\u00e0 nella <a href=\"https:\/\/centcols.org\/backup\/it\/exportation-cols-openrunner\/\">&#8220;Cassetta degli attrezzi&#8221;<\/a> la procedura da seguire per costruire questo elenco di passi e importarlo nel proprio spazio personale in OpenRunner.<\/p>\n","protected":false},"excerpt":{"rendered":"<p>Sul sito di OpenRunner, l&#8217;utente pu\u00f2 elencare i passi &#8220;valicati&#8221; e quelli &#8220;da valicare&#8221; mentre traccia un percorso. A tal fine, \u00e8 sufficiente selezionare la casella corrispondente nel pop-up di un passo. Nel proprio spazio personale c&#8217;\u00e8 l&#8217;insieme dei passi registrati. Quando il passo \u00e8 valicato si trova nello spazio\u00a0 \u00ab cols gravis \u00bb. Non [&hellip;]<\/p>\n","protected":false},"author":69,"featured_media":0,"parent":0,"menu_order":0,"comment_status":"closed","ping_status":"closed","template":"","meta":{"_acf_changed":false,"ub_ctt_via":"","_monsterinsights_skip_tracking":false,"_monsterinsights_sitenote_active":false,"_monsterinsights_sitenote_note":"","_monsterinsights_sitenote_category":0,"footnotes":""},"acf":[],"featured_image_urls":{"full":"","thumbnail":"","medium":"","medium_large":"","large":"","1536x1536":"","2048x2048":"","woocommerce_thumbnail":"","woocommerce_single":"","woocommerce_gallery_thumbnail":""},"post_excerpt_stackable":"<p>1 &#8211; Uno per uno, durante la preparazione d&#8217;un percorso Sul sito di OpenRunner, l&#8217;utente pu\u00f2 elencare i passi &#8220;valicati&#8221; e quelli &#8220;da valicare&#8221; mentre traccia un percorso. A tal fine, \u00e8 sufficiente selezionare la casella corrispondente nel pop-up di un passo. Nel proprio spazio personale c&#8217;\u00e8 l&#8217;insieme dei passi registrati. Quando il passo \u00e8 valicato si trova nello spazio\u00a0 \u00ab cols gravis \u00bb. Non appena avranno raggiunto i 100 passi, di cui 5 sopra i 2000 m, i nuovi membri potranno estrarre automaticamente la loro lista e inviarla per l&#8217;iscrizione a \u00a0inscriptions@centcols.net Da parte loro, i soci dei club&hellip;<\/p>\n","category_list":"","author_info":{"name":"Enrico Alberini","url":"https:\/\/centcols.org\/backup\/it\/author\/5065\/"},"comments_num":"0 commenti","featured_image_urls_v2":{"full":"","thumbnail":"","medium":"","medium_large":"","large":"","1536x1536":"","2048x2048":"","woocommerce_thumbnail":"","woocommerce_single":"","woocommerce_gallery_thumbnail":""},"post_excerpt_stackable_v2":"<p>1 &#8211; Uno per uno, durante la preparazione d&#8217;un percorso Sul sito di OpenRunner, l&#8217;utente pu\u00f2 elencare i passi &#8220;valicati&#8221; e quelli &#8220;da valicare&#8221; mentre traccia un percorso. A tal fine, \u00e8 sufficiente selezionare la casella corrispondente nel pop-up di un passo. Nel proprio spazio personale c&#8217;\u00e8 l&#8217;insieme dei passi registrati. Quando il passo \u00e8 valicato si trova nello spazio\u00a0 \u00ab cols gravis \u00bb. Non appena avranno raggiunto i 100 passi, di cui 5 sopra i 2000 m, i nuovi membri potranno estrarre automaticamente la loro lista e inviarla per l&#8217;iscrizione a \u00a0inscriptions@centcols.net Da parte loro, i soci dei club&hellip;<\/p>\n","category_list_v2":"","author_info_v2":{"name":"Enrico Alberini","url":"https:\/\/centcols.org\/backup\/it\/author\/5065\/"},"comments_num_v2":"0 commenti","featured_image_src":null,"_links":{"self":[{"href":"https:\/\/centcols.org\/backup\/it\/wp-json\/wp\/v2\/pages\/69848"}],"collection":[{"href":"https:\/\/centcols.org\/backup\/it\/wp-json\/wp\/v2\/pages"}],"about":[{"href":"https:\/\/centcols.org\/backup\/it\/wp-json\/wp\/v2\/types\/page"}],"author":[{"embeddable":true,"href":"https:\/\/centcols.org\/backup\/it\/wp-json\/wp\/v2\/users\/69"}],"replies":[{"embeddable":true,"href":"https:\/\/centcols.org\/backup\/it\/wp-json\/wp\/v2\/comments?post=69848"}],"version-history":[{"count":0,"href":"https:\/\/centcols.org\/backup\/it\/wp-json\/wp\/v2\/pages\/69848\/revisions"}],"wp:attachment":[{"href":"https:\/\/centcols.org\/backup\/it\/wp-json\/wp\/v2\/media?parent=69848"}],"curies":[{"name":"wp","href":"https:\/\/api.w.org\/{rel}","templated":true}]}}