{"id":70583,"date":"2023-02-06T11:13:17","date_gmt":"2023-02-06T10:13:17","guid":{"rendered":"https:\/\/centcols.org\/backup\/la-cyclomontagnarde-des-vosges-du-sud-une-premiere\/"},"modified":"2023-05-30T15:51:34","modified_gmt":"2023-05-30T13:51:34","slug":"la-cyclomontagnarde-des-vosges-du-sud-une-premiere","status":"publish","type":"page","link":"https:\/\/centcols.org\/backup\/it\/la-cyclomontagnarde-des-vosges-du-sud-une-premiere\/","title":{"rendered":"La cyclomontagnarde dei Vosgi meridionali: una prima volta"},"content":{"rendered":"\n<p class=\"has-medium-font-size\">Per il Massiccio dei Vosgi, una ciclomontagnarda non \u00e8 una vera e propria novit\u00e0. Ne sono state organizzate diverse da tempo e in diversi settori, sul versante alsaziano dell&#8217;Haut-Rhinois, o nella parte settentrionale del Bas-Rhinois e persino nel cuore del dipartimento dei Vosgi da Saint-Di\u00e9-des-Vosges.&nbsp;<\/p>\n\n\n\n<p class=\"has-medium-font-size\">Situata all&#8217;estremit\u00e0 meridionale del dipartimento dei Vosgi, la citt\u00e0 di <strong>Remiremont<\/strong>, soprannominata <strong>&#8220;La Belle des Vosge<\/strong>s&#8221;, \u00e8 adagiata sulle colline dei contrafforti dei Vosgi a quasi 400 m di altitudine. \u00c8 la porta d&#8217;accesso al <a href=\"https:\/\/fr.wikipedia.org\/wiki\/Parc_naturel_r%C3%A9gional_des_Ballons_des_Vosges\"><strong>parco naturale regionale dei ballons des Vosges<\/strong><\/a><sup> <\/sup>,&nbsp; dell&#8217;altopiano dei Mille Etangs nella Saona e delle alte vette dei Vosgi nelle vicinanze.<\/p>\n\n\n\n<p class=\"has-medium-font-size\">Sono in programma una dozzina di passi dei Vosgi (FR-88) o dell&#8217;Haut-Saonois (FR-70), oltre alla famosa Planche des Belles Filles, facoltativa.<\/p>\n\n\n\n<p class=\"has-medium-font-size\">L&#8217;organizzatore propone varie formule:<\/p>\n\n\n\n<p class=\"has-medium-font-size\"><strong>Sabato 8 e domenica 9 luglio<\/strong>: la ciclomontagnarda in 2 giorni (partenza e arrivo a Remiremont) con o senza la salita della Planche des Belles Filles il secondo giorno.<\/p>\n\n\n\n<ul>\n<li class=\"has-medium-font-size\">1\u00b0 giorno: 104 km &#8211; 1898 m di D+&nbsp;<\/li>\n<\/ul>\n\n\n\n<ul>\n<li class=\"has-medium-font-size\">2\u00b0 giorno: 115 km &#8211; 2187 m di D+ o 127 km &#8211; 2682 m di D+<\/li>\n<\/ul>\n\n\n\n<p class=\"has-medium-font-size\"><strong>Domenica 9 luglio:<\/strong> La ciclomontagnarda in 1 giorno, con o senza la Planche des Belles Filles: 218 km &#8211; 4183 m di D+ o 232 km &#8211; 4748 m di D+.<\/p>\n\n\n\n<p class=\"has-medium-font-size\">Il programma prevede anche percorsi &#8220;di scoperta&#8221;, tra cui alcuni percorsi sterrati.<\/p>\n\n\n\n<p class=\"has-medium-font-size\">Tra i membri del CODEP 88 ci sono alcuni membri del Club des Cents Cols (Christophe Badonnel, Fran\u00e7ois Li\u00e9nard, Jean-Philippe Grandadam e Jean-Marie Duluard). Molti membri del Club des Cent Cols hanno risposto all&#8217;invito e sono gi\u00e0 iscritti. Sabato sera sar\u00e0 organizzato un aperitivo a Remiremont.<\/p>\n\n\n\n<p class=\"has-medium-font-size\">Denis Mathieu, delegato territoriale per la zona Est del Club des Cent Cols, sar\u00e0 presente durante le due giornate per presentare ai soci, ai non soci, ai concorrenti e ai visitatori gli strumenti che il club mette a disposizione dei suoi membri per aiutarli a vivere appieno la loro passione per la mountain bike:<br>&#8211; il catalogo mondiale dei passi riconosciuti dal Club<br>&#8211; ccWay, il software per selezionare i passi di una determinata area geografica da tutto il mondo;<br>&#8211; cols sur traces, l&#8217;applicazione che, a partire da una traccia, fornisce tutti i passi presenti o vicini; <br>&#8211; i percorsi dei membri, una selezione dei migliori percorsi consigliati dai soci del club;<\/p>\n\n\n\n<p class=\"has-medium-font-size\"><a href=\"https:\/\/inscriptions-ffct.org\/cyclomontagnardevosgesdusud-2023\/select_competition\">Informazioni sui percorsi e iscrizioni online <strong>qui <\/strong><\/a><\/p>\n\n\n\n<p class=\"has-medium-font-size\"><a href=\"https:\/\/centcols.org\/backup\/it\/bat3_vosges-2\/\">Informazioni e iscrizioni per posta <strong>qui<\/strong><\/a><\/p>\n","protected":false},"excerpt":{"rendered":"<p>Per il Massiccio dei Vosgi, una ciclomontagnarda non \u00e8 una vera e propria novit\u00e0. Ne sono state organizzate diverse da tempo e in diversi settori, sul versante alsaziano dell&#8217;Haut-Rhinois, o nella parte settentrionale del Bas-Rhinois e persino nel cuore del dipartimento dei Vosgi da Saint-Di\u00e9-des-Vosges.&nbsp; Situata all&#8217;estremit\u00e0 meridionale del dipartimento dei Vosgi, la citt\u00e0 di [&hellip;]<\/p>\n","protected":false},"author":69,"featured_media":0,"parent":0,"menu_order":0,"comment_status":"closed","ping_status":"closed","template":"","meta":{"_acf_changed":false,"ub_ctt_via":"","_monsterinsights_skip_tracking":false,"_monsterinsights_sitenote_active":false,"_monsterinsights_sitenote_note":"","_monsterinsights_sitenote_category":0,"footnotes":""},"acf":[],"featured_image_urls":{"full":"","thumbnail":"","medium":"","medium_large":"","large":"","1536x1536":"","2048x2048":"","woocommerce_thumbnail":"","woocommerce_single":"","woocommerce_gallery_thumbnail":""},"post_excerpt_stackable":"<p>Per il Massiccio dei Vosgi, una ciclomontagnarda non \u00e8 una vera e propria novit\u00e0. Ne sono state organizzate diverse da tempo e in diversi settori, sul versante alsaziano dell&#8217;Haut-Rhinois, o nella parte settentrionale del Bas-Rhinois e persino nel cuore del dipartimento dei Vosgi da Saint-Di\u00e9-des-Vosges.&nbsp; Situata all&#8217;estremit\u00e0 meridionale del dipartimento dei Vosgi, la citt\u00e0 di Remiremont, soprannominata &#8220;La Belle des Vosges&#8221;, \u00e8 adagiata sulle colline dei contrafforti dei Vosgi a quasi 400 m di altitudine. \u00c8 la porta d&#8217;accesso al parco naturale regionale dei ballons des Vosges ,&nbsp; dell&#8217;altopiano dei Mille Etangs nella Saona e delle alte vette dei Vosgi&hellip;<\/p>\n","category_list":"","author_info":{"name":"Enrico Alberini","url":"https:\/\/centcols.org\/backup\/it\/author\/5065\/"},"comments_num":"0 commenti","featured_image_urls_v2":{"full":"","thumbnail":"","medium":"","medium_large":"","large":"","1536x1536":"","2048x2048":"","woocommerce_thumbnail":"","woocommerce_single":"","woocommerce_gallery_thumbnail":""},"post_excerpt_stackable_v2":"<p>Per il Massiccio dei Vosgi, una ciclomontagnarda non \u00e8 una vera e propria novit\u00e0. Ne sono state organizzate diverse da tempo e in diversi settori, sul versante alsaziano dell&#8217;Haut-Rhinois, o nella parte settentrionale del Bas-Rhinois e persino nel cuore del dipartimento dei Vosgi da Saint-Di\u00e9-des-Vosges.&nbsp; Situata all&#8217;estremit\u00e0 meridionale del dipartimento dei Vosgi, la citt\u00e0 di Remiremont, soprannominata &#8220;La Belle des Vosges&#8221;, \u00e8 adagiata sulle colline dei contrafforti dei Vosgi a quasi 400 m di altitudine. \u00c8 la porta d&#8217;accesso al parco naturale regionale dei ballons des Vosges ,&nbsp; dell&#8217;altopiano dei Mille Etangs nella Saona e delle alte vette dei Vosgi&hellip;<\/p>\n","category_list_v2":"","author_info_v2":{"name":"Enrico Alberini","url":"https:\/\/centcols.org\/backup\/it\/author\/5065\/"},"comments_num_v2":"0 commenti","featured_image_src":null,"_links":{"self":[{"href":"https:\/\/centcols.org\/backup\/it\/wp-json\/wp\/v2\/pages\/70583"}],"collection":[{"href":"https:\/\/centcols.org\/backup\/it\/wp-json\/wp\/v2\/pages"}],"about":[{"href":"https:\/\/centcols.org\/backup\/it\/wp-json\/wp\/v2\/types\/page"}],"author":[{"embeddable":true,"href":"https:\/\/centcols.org\/backup\/it\/wp-json\/wp\/v2\/users\/69"}],"replies":[{"embeddable":true,"href":"https:\/\/centcols.org\/backup\/it\/wp-json\/wp\/v2\/comments?post=70583"}],"version-history":[{"count":0,"href":"https:\/\/centcols.org\/backup\/it\/wp-json\/wp\/v2\/pages\/70583\/revisions"}],"wp:attachment":[{"href":"https:\/\/centcols.org\/backup\/it\/wp-json\/wp\/v2\/media?parent=70583"}],"curies":[{"name":"wp","href":"https:\/\/api.w.org\/{rel}","templated":true}]}}