{"id":70864,"date":"2023-02-12T15:02:31","date_gmt":"2023-02-12T14:02:31","guid":{"rendered":"https:\/\/centcols.org\/backup\/un-coup-doeil-sur-les-fonctionnalites-de-veloenfrance\/"},"modified":"2023-02-13T17:57:15","modified_gmt":"2023-02-13T16:57:15","slug":"un-coup-doeil-sur-les-fonctionnalites-de-veloenfrance","status":"publish","type":"page","link":"https:\/\/centcols.org\/backup\/it\/un-coup-doeil-sur-les-fonctionnalites-de-veloenfrance\/","title":{"rendered":"Uno sguardo alle caratteristiche di Veloenfrance"},"content":{"rendered":"\n<h4 class=\"kt-adv-heading_45d5a0-ae wp-block-kadence-advancedheading\" data-kb-block=\"kb-adv-heading_45d5a0-ae\"><strong>Veloenfrance<\/strong>, \u00e8 un sito della FFCT => <a href=\"https:\/\/veloenfrance.fr\/\"><span style=\"color: #0693e3;\" class=\"tadv-color\">https:\/\/veloenfrance.fr\/<\/span><\/a><\/h4>\n\n\n\n<p class=\"has-medium-font-size\"><span style=\"font-family: arial, helvetica, sans-serif; font-size: 20px;\">Di recente si \u00e8 evoluto molto e ora offre molte informazioni e varie funzionalit\u00e0 per cicloturisti ed escursionisti. Il Club des Cent Cols \u00e8 partner della FFCT e partecipa al miglioramento delle qualit\u00e0 di veloenfrance.<\/span><\/p>\n\n\n\n<p class=\"has-medium-font-size\">1 &#8211; I membri del Club des Cent Cols hanno un&#8217;inclinazione naturale per<strong> i passi di montagna.<\/strong> <strong>In veloenfrance<\/strong>, potrete scoprire la posizione di pi\u00f9 di 12.000 passi stradali o mulattiere che sono al 100% ciclabili in 10 paesi europei.<\/p>\n\n\n\n<p class=\"has-medium-font-size\">Le possibilit\u00e0 sono due:<\/p>\n\n\n\n<ul>\n<li>Cliccate su &#8220;D\u00e9fis&#8221; nel banner, poi su &#8220;les Cent Cols&#8221; per accedere alla mappa dei passi.<\/li>\n<\/ul>\n\n\n\n<div class=\"wp-block-image\"><figure class=\"aligncenter size-large\"><img loading=\"lazy\" decoding=\"async\" width=\"605\" height=\"60\" src=\"https:\/\/centcols.org\/backup\/wp-content\/uploads\/2023\/02\/Image1.png\" alt=\"\" class=\"wp-image-70745\" srcset=\"https:\/\/centcols.org\/backup\/wp-content\/uploads\/2023\/02\/Image1.png 605w, https:\/\/centcols.org\/backup\/wp-content\/uploads\/2023\/02\/Image1-500x50.png 500w, https:\/\/centcols.org\/backup\/wp-content\/uploads\/2023\/02\/Image1-600x60.png 600w\" sizes=\"(max-width: 605px) 100vw, 605px\" \/><\/figure><\/div>\n\n\n\n<ul><li><span style=\"font-size: 20px;\">Oppure fare clic su &#8220;D\u00e9couvrir&#8221; in fondo alla homepage<\/span><\/li><\/ul>\n\n\n\n<div class=\"wp-block-image\"><figure class=\"aligncenter size-large\"><img decoding=\"async\" src=\"https:\/\/centcols.org\/backup\/wp-content\/uploads\/2023\/02\/Image2.png\" alt=\"\" class=\"wp-image-70747\"\/><\/figure><\/div>\n\n\n\n<p class=\"has-medium-font-size\"><span style=\"font-size: 20px;\">Zoomando sulla mappa, ogni passo viene individuato e, cliccando su &#8220;Ulteriori informazioni&#8221;, \u00e8 possibile conoscere tutte le informazioni relative al passo in questione.<\/span><\/p>\n\n\n\n<div class=\"wp-block-image\"><figure class=\"aligncenter size-large\"><img decoding=\"async\" src=\"https:\/\/centcols.org\/backup\/wp-content\/uploads\/2023\/02\/Image3.png\" alt=\"\" class=\"wp-image-70753\"\/><\/figure><\/div>\n\n\n\n\n\n<p class=\"has-medium-font-size\">2 &#8211; <strong><u>Le Randonn\u00e8 Permanenti<\/u><\/strong><u> del Club des Cent Cols sono presenti anche in<\/u><strong><u> Veloenfrance<\/u><\/strong><\/p>\n\n\n\n<p><span style=\"font-size: 20px;\"><img loading=\"lazy\" decoding=\"async\" class=\"alignnone size-full wp-image-70759 alignright\" src=\"https:\/\/centcols.org\/backup\/wp-content\/uploads\/2023\/02\/Image4.png\" alt=\"\" width=\"314\" height=\"341\" \/>Alcuni sono lineari, altri hanno la forma di un unico anello e altri ancora presentano diversi anelli separati. Per questo motivo ci sono 24 randonn\u00e9 permanenti ma 68 punti di partenza.<br \/><\/span><\/p>\n<p><span style=\"font-size: 20px;\">Cliccare su <strong>&#8220;Circuits&#8221;<\/strong> nella banner, poi ancora su <strong>&#8220;Circuits&#8221;,<\/strong> nel filtro selezionare <strong>&#8220;Grands itin\u00e9raires&#8221;<\/strong> e richiedere\u00a0 <strong>&#8220;<\/strong>Randonn\u00e9es du club des Cent Cols&#8221; in &#8220;S\u00e9lectionnez&#8221;.<\/span><\/p>\n<p><span style=\"font-size: 20px;\">Zoomando sulla mappa, ogni punto di partenza diventa pi\u00f9 visibile. Cliccando sul punto di partenza, appare il percorso dell&#8217;escursione e alcune informazioni varie. &#8220;Ulteriori informazioni&#8221; fornisce una descrizione pi\u00f9 dettagliata del percorso.<\/span><\/p>\n<p>\u00a0<\/p>\n\n\n\n<p class=\"has-medium-font-size\">3 &#8211; Per trovare <strong><u>Club des Cent Cols <\/u><\/strong>nella &#8220;lista&#8221; dei &#8220;Club&#8221;, la cosa pi\u00f9 ovvia da fare \u00e8 digitare il nome del club (club des cent cols) nel campo &#8220;ricerca&#8221; e poi aprire il &#8220;sito web&#8221; del club:\u00a0<\/p>\n\n\n\n<div class=\"wp-block-image\"><figure class=\"aligncenter size-large is-resized\"><img loading=\"lazy\" decoding=\"async\" src=\"https:\/\/centcols.org\/backup\/wp-content\/uploads\/2023\/02\/Image6-2.png\" alt=\"\" class=\"wp-image-70825\" width=\"367\" height=\"209\"\/><\/figure><\/div>\n\n\n\n<p class=\"has-medium-font-size\">(il link &#8220;maggiori informazioni&#8221; apre una pagina di geolocalizzazione del club a Annecy)<\/p>\n\n\n\n<p class=\"has-medium-font-size\">4 &#8211; <strong>Veloenfrance<\/strong> offre numerose altreinformazioni<\/p>\n\n\n\n<ul><li><span style=\"font-size: 20px;\">Cliccando su <strong>&#8220;Agende&#8221;<\/strong> nel banner, \u00e8 possibile vedere tutte le randonn\u00e9 proposte dai club della FFCT e selezionarle dalla mappa o dall&#8217;elenco.<\/span><\/li><li><span style=\"font-size: 20px;\">Cliccando su &#8220;<strong>D\u00e9fis<\/strong>&#8221; s\u2019aprono:<\/span> <ul><li><span style=\"font-size: 20px;\">La posizione dei siti &#8220;BCN-BPF&#8221;<\/span><\/li><li><span style=\"font-size: 20px;\">Le Diagonali<\/span> <\/li><\/ul><\/li><li><span style=\"font-size: 20px;\">Cliccando su &#8220;<strong>Voyages<\/strong>&#8221; s\u2019aprono:<\/span> <ul><li><span style=\"font-size: 20px;\">I buoni indirizzi e i Cycl\u2019h\u00f4tes<\/span><\/li><li><span style=\"font-size: 20px;\">I sogiorni organizzati dalla FFCT<\/span> <\/li><\/ul><\/li><\/ul>\n\n\n\n<p class=\"has-medium-font-size\">4 &#8211; Una nuova funzione \u00e8 disponibile su <strong>veloenfrance<\/strong> per i <strong>tesserati della FFCT<\/strong>: <strong>tracciare il proprio percorso<\/strong>.<\/p>\n\n\n\n<p class=\"has-medium-font-size\">A tal fine, aprire &#8220;Percorsi&#8221; e fare clic su &#8220;Crea un percorso&#8221;. A seconda della scelta (bicicletta, bici da corsa, mountain bike), cliccando sulla mappa in punti successivi si crea automaticamente il percorso specificando distanza e dislivello.<\/p>\n\n\n\n<p class=\"has-medium-font-size\">Sono disponibili diverse opzioni aggiuntive, tra cui la possibilit\u00e0 di visualizzare la posizione dei passi sul proprio percorso tramite &#8220;D\u00e9fis&#8221;.<\/p>\n\n\n\n<p class=\"has-medium-font-size\">L&#8217;unica cosa che resta da fare \u00e8 esportare la traccia gpx del percorso in una cartella di vostra scelta o sul vostro GPS, in modo da poterla utilizzare sul terreno.<\/p>\n\n\n\n<p class=\"has-medium-font-size\"><\/p>\n\n\n\n<p><\/p>\n","protected":false},"excerpt":{"rendered":"<p>Di recente si \u00e8 evoluto molto e ora offre molte informazioni e varie funzionalit\u00e0 per cicloturisti ed escursionisti. Il Club des Cent Cols \u00e8 partner della FFCT e partecipa al miglioramento delle qualit\u00e0 di veloenfrance. 1 &#8211; I membri del Club des Cent Cols hanno un&#8217;inclinazione naturale per i passi di montagna. In veloenfrance, potrete [&hellip;]<\/p>\n","protected":false},"author":69,"featured_media":0,"parent":0,"menu_order":0,"comment_status":"closed","ping_status":"closed","template":"","meta":{"_acf_changed":false,"ub_ctt_via":"","_monsterinsights_skip_tracking":false,"_monsterinsights_sitenote_active":false,"_monsterinsights_sitenote_note":"","_monsterinsights_sitenote_category":0,"footnotes":""},"acf":[],"featured_image_urls":{"full":"","thumbnail":"","medium":"","medium_large":"","large":"","1536x1536":"","2048x2048":"","woocommerce_thumbnail":"","woocommerce_single":"","woocommerce_gallery_thumbnail":""},"post_excerpt_stackable":"<p>Veloenfrance, \u00e8 un sito della FFCT => https:\/\/veloenfrance.fr\/ Di recente si \u00e8 evoluto molto e ora offre molte informazioni e varie funzionalit\u00e0 per cicloturisti ed escursionisti. Il Club des Cent Cols \u00e8 partner della FFCT e partecipa al miglioramento delle qualit\u00e0 di veloenfrance. 1 &#8211; I membri del Club des Cent Cols hanno un&#8217;inclinazione naturale per i passi di montagna. In veloenfrance, potrete scoprire la posizione di pi\u00f9 di 12.000 passi stradali o mulattiere che sono al 100% ciclabili in 10 paesi europei. Le possibilit\u00e0 sono due: Cliccate su &#8220;D\u00e9fis&#8221; nel banner, poi su &#8220;les Cent Cols&#8221; per accedere alla&hellip;<\/p>\n","category_list":"","author_info":{"name":"Enrico Alberini","url":"https:\/\/centcols.org\/backup\/it\/author\/5065\/"},"comments_num":"0 commenti","featured_image_urls_v2":{"full":"","thumbnail":"","medium":"","medium_large":"","large":"","1536x1536":"","2048x2048":"","woocommerce_thumbnail":"","woocommerce_single":"","woocommerce_gallery_thumbnail":""},"post_excerpt_stackable_v2":"<p>Veloenfrance, \u00e8 un sito della FFCT => https:\/\/veloenfrance.fr\/ Di recente si \u00e8 evoluto molto e ora offre molte informazioni e varie funzionalit\u00e0 per cicloturisti ed escursionisti. Il Club des Cent Cols \u00e8 partner della FFCT e partecipa al miglioramento delle qualit\u00e0 di veloenfrance. 1 &#8211; I membri del Club des Cent Cols hanno un&#8217;inclinazione naturale per i passi di montagna. In veloenfrance, potrete scoprire la posizione di pi\u00f9 di 12.000 passi stradali o mulattiere che sono al 100% ciclabili in 10 paesi europei. Le possibilit\u00e0 sono due: Cliccate su &#8220;D\u00e9fis&#8221; nel banner, poi su &#8220;les Cent Cols&#8221; per accedere alla&hellip;<\/p>\n","category_list_v2":"","author_info_v2":{"name":"Enrico Alberini","url":"https:\/\/centcols.org\/backup\/it\/author\/5065\/"},"comments_num_v2":"0 commenti","featured_image_src":null,"_links":{"self":[{"href":"https:\/\/centcols.org\/backup\/it\/wp-json\/wp\/v2\/pages\/70864"}],"collection":[{"href":"https:\/\/centcols.org\/backup\/it\/wp-json\/wp\/v2\/pages"}],"about":[{"href":"https:\/\/centcols.org\/backup\/it\/wp-json\/wp\/v2\/types\/page"}],"author":[{"embeddable":true,"href":"https:\/\/centcols.org\/backup\/it\/wp-json\/wp\/v2\/users\/69"}],"replies":[{"embeddable":true,"href":"https:\/\/centcols.org\/backup\/it\/wp-json\/wp\/v2\/comments?post=70864"}],"version-history":[{"count":0,"href":"https:\/\/centcols.org\/backup\/it\/wp-json\/wp\/v2\/pages\/70864\/revisions"}],"wp:attachment":[{"href":"https:\/\/centcols.org\/backup\/it\/wp-json\/wp\/v2\/media?parent=70864"}],"curies":[{"name":"wp","href":"https:\/\/api.w.org\/{rel}","templated":true}]}}