{"id":71181,"date":"2023-02-19T18:45:12","date_gmt":"2023-02-19T17:45:12","guid":{"rendered":"https:\/\/centcols.org\/backup\/les-traits-dunions-europeens-tue\/"},"modified":"2023-02-23T09:26:36","modified_gmt":"2023-02-23T08:26:36","slug":"les-traits-dunions-europeens-tue","status":"publish","type":"page","link":"https:\/\/centcols.org\/backup\/it\/les-traits-dunions-europeens-tue\/","title":{"rendered":"I tratti di collegamento europei (TUE)"},"content":{"rendered":"\n<div class=\"wp-block-columns is-layout-flex wp-container-core-columns-is-layout-2 wp-block-columns-is-layout-flex\">\n<div class=\"wp-block-column is-layout-flow wp-block-column-is-layout-flow\" style=\"flex-basis:50%\">\n<p class=\"has-medium-font-size\">I collegamenti europei, organizzati congiuntamente dall&#8217;ASPTT St-Quentin e dall&#8217;Unione Ciclistica Europea (UECT), consistono nel collegare Parigi alle capitali dell&#8217;Unione Europea in una direzione o nell&#8217;altra, e pi\u00f9 in generale alle capitali europee, o anche nel collegare le capitali tra loro.<\/p>\n\n\n\n<p class=\"has-medium-font-size\">Il primo collegamento \u00e8 stato Parigi-Lussemburgo nel 1983.<\/p>\n\n\n\n<p class=\"has-medium-font-size\">I punti di controllo sono distanziati, i percorsi sono il pi\u00f9 possibile tranquilli e turistici ed evitano le grandi citt\u00e0 sono stati verificati in bicicletta.<\/p>\n\n\n\n<p class=\"has-medium-font-size\">I fanatici della bicicletta, gli amanti della vita all&#8217;aria aperta, coloro che desiderano sfuggire alle costrizioni di una vita inquinata, che vogliono visitare l&#8217;Europa in modo sportivo ma senza cronometro, per visitare, ammirare, incontrare persone, scambiare con gli abitanti, condividere i valori dell&#8217;amicizia e della solidariet\u00e0, hanno costituito il flusso di 3893 TUE approvati dalla sua creazione.<\/p>\n\n\n\n<div class=\"wp-block-image\"><figure class=\"aligncenter size-large\"><img loading=\"lazy\" decoding=\"async\" width=\"501\" height=\"355\" src=\"https:\/\/centcols.org\/backup\/wp-content\/uploads\/2023\/02\/TUE.jpg\" alt=\"\" class=\"wp-image-71067\"\/><\/figure><\/div>\n\n\n\n<p><span style=\"font-size: 20px;\">Maggiori informazioni :<\/span><\/p>\n<p><a href=\"https:\/\/uect.org\/fr\/traits-unions\/presentation\"><span style=\"font-size: 20px;\">Les traits d&#8217;Union Europ\u00e9ens de l&#8217;UECT<\/span><\/a><\/p>\n\n\n\n<p class=\"has-medium-font-size\"><a href=\"https:\/\/centcols.org\/backup\/cols-sur-tue\/\" target=\"_blank\" rel=\"noreferrer noopener\">Les cols sur les traits d&#8217;union<\/a><\/p>\n<\/div>\n\n\n\n<div class=\"wp-block-column is-layout-flow wp-block-column-is-layout-flow\" style=\"flex-basis:33.33%\">\n<div class=\"wp-block-columns is-layout-flex wp-container-core-columns-is-layout-1 wp-block-columns-is-layout-flex\">\n<div class=\"wp-block-column is-layout-flow wp-block-column-is-layout-flow\" style=\"flex-basis:100%\">\n<figure class=\"wp-block-table alignright\"><table><tbody><tr><td><strong>Da Parigi <\/strong>a<\/td><td>&nbsp;<strong>km&nbsp;&nbsp;<\/strong><\/td><td>&nbsp;<strong>D+&nbsp;<\/strong><\/td><td><strong>Passi<\/strong><\/td><\/tr><tr><td>AMSTERDAM<\/td><td>&nbsp;&nbsp;&nbsp;&nbsp;&nbsp;&nbsp;&nbsp;&nbsp; 610&nbsp;&nbsp;<\/td><td>&nbsp;&nbsp;&nbsp;&nbsp;&nbsp;&nbsp;&nbsp;&nbsp;&nbsp;&nbsp;&nbsp; 3 100&nbsp;&nbsp;<\/td><td>1<\/td><\/tr><tr><td>ANDORRA<\/td><td>&nbsp;&nbsp;&nbsp;&nbsp;&nbsp;&nbsp;&nbsp;&nbsp; 996&nbsp;&nbsp;<\/td><td>&nbsp;&nbsp;&nbsp;&nbsp;&nbsp;&nbsp;&nbsp;&nbsp;&nbsp; 10 900&nbsp;&nbsp;<\/td><td>7<\/td><\/tr><tr><td>ATENE<\/td><td>&nbsp;&nbsp;&nbsp;&nbsp;&nbsp; 3 682&nbsp;&nbsp;<\/td><td>&nbsp;&nbsp;&nbsp;&nbsp;&nbsp;&nbsp;&nbsp;&nbsp;&nbsp; 34 900&nbsp;&nbsp;<\/td><td>16<\/td><\/tr><tr><td>BELFAST<\/td><td>&nbsp;&nbsp;&nbsp;&nbsp;&nbsp; 1 832&nbsp;&nbsp;<\/td><td>&nbsp;&nbsp;&nbsp;&nbsp;&nbsp;&nbsp;&nbsp;&nbsp;&nbsp; 19 300&nbsp;&nbsp;<\/td><td>1<\/td><\/tr><tr><td>BELGRADO<\/td><td>&nbsp;&nbsp;&nbsp;&nbsp;&nbsp; 2 182&nbsp;&nbsp;<\/td><td>&nbsp;&nbsp;&nbsp;&nbsp;&nbsp;&nbsp;&nbsp;&nbsp;&nbsp; 19 600&nbsp;&nbsp;<\/td><td>13<\/td><\/tr><tr><td>BERLINO<\/td><td>&nbsp;&nbsp;&nbsp;&nbsp;&nbsp; 1 166&nbsp;&nbsp;<\/td><td>&nbsp;&nbsp;&nbsp;&nbsp;&nbsp;&nbsp;&nbsp;&nbsp;&nbsp; 11 400&nbsp;&nbsp;<\/td><td>1<\/td><\/tr><tr><td>BERNA<\/td><td>&nbsp;&nbsp;&nbsp;&nbsp;&nbsp;&nbsp;&nbsp;&nbsp; 626&nbsp;&nbsp;<\/td><td>&nbsp;&nbsp;&nbsp;&nbsp;&nbsp;&nbsp;&nbsp;&nbsp;&nbsp;&nbsp;&nbsp; 6 300&nbsp;&nbsp;<\/td><td>5<\/td><\/tr><tr><td>BONN<\/td><td>&nbsp;&nbsp;&nbsp;&nbsp;&nbsp;&nbsp;&nbsp;&nbsp; 521&nbsp;&nbsp;<\/td><td>&nbsp;&nbsp;&nbsp;&nbsp;&nbsp;&nbsp;&nbsp;&nbsp;&nbsp;&nbsp;&nbsp; 5 900&nbsp;&nbsp;<\/td><td>1<\/td><\/tr><tr><td>BRATISLAVA<\/td><td>&nbsp;&nbsp;&nbsp;&nbsp;&nbsp; 1 599&nbsp;&nbsp;<\/td><td>&nbsp;&nbsp;&nbsp;&nbsp;&nbsp;&nbsp;&nbsp;&nbsp;&nbsp; 16 800&nbsp;&nbsp;<\/td><td>12<\/td><\/tr><tr><td>BRUXELLES<\/td><td>&nbsp;&nbsp;&nbsp;&nbsp;&nbsp;&nbsp;&nbsp;&nbsp; 352&nbsp;&nbsp;<\/td><td>&nbsp;&nbsp;&nbsp;&nbsp;&nbsp;&nbsp;&nbsp;&nbsp;&nbsp;&nbsp;&nbsp; 2 900&nbsp;&nbsp;<\/td><td>1<\/td><\/tr><tr><td>BUCAREST<\/td><td>&nbsp;&nbsp;&nbsp;&nbsp;&nbsp; 3 179&nbsp;&nbsp;<\/td><td>&nbsp;&nbsp;&nbsp;&nbsp;&nbsp;&nbsp;&nbsp;&nbsp;&nbsp; 28 600&nbsp;&nbsp;<\/td><td>17<\/td><\/tr><tr><td>BUDAPEST<\/td><td>&nbsp;&nbsp;&nbsp;&nbsp;&nbsp; 1 776&nbsp;&nbsp;<\/td><td>&nbsp;&nbsp;&nbsp;&nbsp;&nbsp;&nbsp;&nbsp;&nbsp;&nbsp; 18 500&nbsp;&nbsp;<\/td><td>10<\/td><\/tr><tr><td>COPENAGHEN<\/td><td>&nbsp;&nbsp;&nbsp;&nbsp;&nbsp; 1 453&nbsp;&nbsp;<\/td><td>&nbsp;&nbsp;&nbsp;&nbsp;&nbsp;&nbsp;&nbsp;&nbsp;&nbsp; 12 200&nbsp;&nbsp;<\/td><td>3<\/td><\/tr><tr><td>DUBLINO<\/td><td>&nbsp;&nbsp;&nbsp;&nbsp;&nbsp; 1 904&nbsp;&nbsp;<\/td><td>&nbsp;&nbsp;&nbsp;&nbsp;&nbsp;&nbsp;&nbsp;&nbsp;&nbsp; 15 400&nbsp;&nbsp;<\/td><td>9<\/td><\/tr><tr><td>EDIMBURGO<\/td><td>&nbsp;&nbsp;&nbsp;&nbsp;&nbsp; 1 076&nbsp;&nbsp;<\/td><td>&nbsp;&nbsp;&nbsp;&nbsp;&nbsp;&nbsp;&nbsp;&nbsp;&nbsp;&nbsp;&nbsp; 9 800&nbsp;&nbsp;<\/td><td>3<\/td><\/tr><tr><td>LISBONNE<\/td><td>&nbsp;&nbsp;&nbsp;&nbsp;&nbsp; 2 580&nbsp;&nbsp;<\/td><td>&nbsp;&nbsp;&nbsp;&nbsp;&nbsp;&nbsp;&nbsp;&nbsp;&nbsp; 28 100&nbsp;&nbsp;<\/td><td>13<\/td><\/tr><tr><td>LUBIANA<\/td><td>&nbsp;&nbsp;&nbsp;&nbsp;&nbsp; 1 612&nbsp;&nbsp;<\/td><td>&nbsp;&nbsp;&nbsp;&nbsp;&nbsp;&nbsp;&nbsp;&nbsp;&nbsp; 12 800&nbsp;&nbsp;<\/td><td>5<\/td><\/tr><tr><td>MADRID<\/td><td>&nbsp;&nbsp;&nbsp;&nbsp;&nbsp; 1 593&nbsp;&nbsp;<\/td><td>&nbsp;&nbsp;&nbsp;&nbsp;&nbsp;&nbsp;&nbsp;&nbsp;&nbsp; 15 900&nbsp;&nbsp;<\/td><td>8<\/td><\/tr><tr><td>MINSK<\/td><td>&nbsp;&nbsp;&nbsp;&nbsp;&nbsp; 2 613&nbsp;&nbsp;<\/td><td>&nbsp;&nbsp;&nbsp;&nbsp;&nbsp;&nbsp;&nbsp;&nbsp;&nbsp; 19 100&nbsp;&nbsp;<\/td><td>1<\/td><\/tr><tr><td>MONACO<\/td><td>&nbsp;&nbsp;&nbsp;&nbsp;&nbsp; 1 081&nbsp;&nbsp;<\/td><td>&nbsp;&nbsp;&nbsp;&nbsp;&nbsp;&nbsp;&nbsp;&nbsp;&nbsp; 15 800&nbsp;&nbsp;<\/td><td>20<\/td><\/tr><tr><td>MOSCA<\/td><td>&nbsp;&nbsp;&nbsp;&nbsp;&nbsp; 3 668&nbsp;&nbsp;<\/td><td>&nbsp;&nbsp;&nbsp;&nbsp;&nbsp;&nbsp;&nbsp;&nbsp;&nbsp; 26 100&nbsp;&nbsp;<\/td><td>1<\/td><\/tr><tr><td>OSLO<\/td><td>&nbsp;&nbsp;&nbsp;&nbsp;&nbsp; 2 540&nbsp;&nbsp;<\/td><td>&nbsp;&nbsp;&nbsp;&nbsp;&nbsp;&nbsp;&nbsp;&nbsp;&nbsp; 23 200&nbsp;&nbsp;<\/td><td>3<\/td><\/tr><tr><td>PODGORICA<\/td><td>&nbsp;&nbsp;&nbsp;&nbsp;&nbsp; 2 627&nbsp;&nbsp;<\/td><td>&nbsp;&nbsp;&nbsp;&nbsp;&nbsp;&nbsp;&nbsp;&nbsp;&nbsp; 23 800&nbsp;&nbsp;<\/td><td>5<\/td><\/tr><tr><td>PRAGA<\/td><td>&nbsp;&nbsp;&nbsp;&nbsp;&nbsp; 1 227&nbsp;&nbsp;<\/td><td>&nbsp;&nbsp;&nbsp;&nbsp;&nbsp;&nbsp;&nbsp;&nbsp;&nbsp; 11 900&nbsp;&nbsp;<\/td><td>4<\/td><\/tr><tr><td>PRISTINA<\/td><td>&nbsp;&nbsp;&nbsp;&nbsp;&nbsp; 2 927&nbsp;&nbsp;<\/td><td>&nbsp;&nbsp;&nbsp;&nbsp;&nbsp;&nbsp;&nbsp;&nbsp;&nbsp; 28 600&nbsp;&nbsp;<\/td><td>8<\/td><\/tr><tr><td>RIGA<\/td><td>&nbsp;&nbsp;&nbsp;&nbsp;&nbsp; 2 714&nbsp;&nbsp;<\/td><td>&nbsp;&nbsp;&nbsp;&nbsp;&nbsp;&nbsp;&nbsp;&nbsp;&nbsp; 18 800&nbsp;&nbsp;<\/td><td>1<\/td><\/tr><tr><td>ROMA<\/td><td>&nbsp;&nbsp;&nbsp;&nbsp;&nbsp; 1 897&nbsp;&nbsp;<\/td><td>&nbsp;&nbsp;&nbsp;&nbsp;&nbsp;&nbsp;&nbsp;&nbsp;&nbsp; 17 900&nbsp;&nbsp;<\/td><td>12<\/td><\/tr><tr><td>SAN MARINO<\/td><td>&nbsp;&nbsp;&nbsp;&nbsp;&nbsp; 1 433&nbsp;&nbsp;<\/td><td>&nbsp;&nbsp;&nbsp;&nbsp;&nbsp;&nbsp;&nbsp;&nbsp;&nbsp; 11 600&nbsp;&nbsp;<\/td><td>5<\/td><\/tr><tr><td>SARAIEVO<\/td><td>&nbsp;&nbsp;&nbsp;&nbsp;&nbsp; 2 519&nbsp;&nbsp;<\/td><td>&nbsp;&nbsp;&nbsp;&nbsp;&nbsp;&nbsp;&nbsp;&nbsp;&nbsp; 22 300&nbsp;&nbsp;<\/td><td>6<\/td><\/tr><tr><td>SKOPJE<\/td><td>&nbsp;&nbsp;&nbsp;&nbsp;&nbsp; 2 657&nbsp;&nbsp;<\/td><td>&nbsp;&nbsp;&nbsp;&nbsp;&nbsp;&nbsp;&nbsp;&nbsp;&nbsp; 23 900&nbsp;&nbsp;<\/td><td>14<\/td><\/tr><tr><td>SOFIA<\/td><td>&nbsp;&nbsp;&nbsp;&nbsp;&nbsp; 2 657&nbsp;&nbsp;<\/td><td>&nbsp;&nbsp;&nbsp;&nbsp;&nbsp;&nbsp;&nbsp;&nbsp;&nbsp; 23 900&nbsp;&nbsp;<\/td><td>14<\/td><\/tr><tr><td>STOCCOLMA<\/td><td>&nbsp;&nbsp;&nbsp;&nbsp;&nbsp; 2 151&nbsp;&nbsp;<\/td><td>&nbsp;&nbsp;&nbsp;&nbsp;&nbsp;&nbsp;&nbsp;&nbsp;&nbsp; 16 100&nbsp;&nbsp;<\/td><td>3<\/td><\/tr><tr><td>TALLINN<\/td><td>&nbsp;&nbsp;&nbsp;&nbsp;&nbsp; 3 162&nbsp;&nbsp;<\/td><td>&nbsp;&nbsp;&nbsp;&nbsp;&nbsp;&nbsp;&nbsp;&nbsp;&nbsp; 20 300&nbsp;&nbsp;<\/td><td>1<\/td><\/tr><tr><td>TIRANA<\/td><td>&nbsp;&nbsp;&nbsp;&nbsp;&nbsp; 2 837&nbsp;&nbsp;<\/td><td>&nbsp;&nbsp;&nbsp;&nbsp;&nbsp;&nbsp;&nbsp;&nbsp;&nbsp; 25 700&nbsp;&nbsp;<\/td><td>5<\/td><\/tr><tr><td>VADUZ<\/td><td>&nbsp;&nbsp;&nbsp;&nbsp;&nbsp;&nbsp;&nbsp;&nbsp; 960&nbsp;&nbsp;<\/td><td>&nbsp;&nbsp;&nbsp;&nbsp;&nbsp;&nbsp;&nbsp;&nbsp;&nbsp; 13 400&nbsp;&nbsp;<\/td><td>11<\/td><\/tr><tr><td>VARSAVIA<\/td><td>&nbsp;&nbsp;&nbsp;&nbsp;&nbsp; 1 852&nbsp;&nbsp;<\/td><td>&nbsp;&nbsp;&nbsp;&nbsp;&nbsp;&nbsp;&nbsp;&nbsp;&nbsp; 13 900&nbsp;&nbsp;<\/td><td>1<\/td><\/tr><tr><td>VIENNA<\/td><td>&nbsp;&nbsp;&nbsp;&nbsp;&nbsp; 1 539&nbsp;&nbsp;<\/td><td>&nbsp;&nbsp;&nbsp;&nbsp;&nbsp;&nbsp;&nbsp;&nbsp;&nbsp; 16 600&nbsp;&nbsp;<\/td><td>12<\/td><\/tr><tr><td>VILNIUS<\/td><td>&nbsp;&nbsp;&nbsp;&nbsp;&nbsp; 2 377&nbsp;&nbsp;<\/td><td>&nbsp;&nbsp;&nbsp;&nbsp;&nbsp;&nbsp;&nbsp;&nbsp;&nbsp; 17 600&nbsp;&nbsp;<\/td><td>1<\/td><\/tr><\/tbody><\/table><\/figure>\n<\/div>\n<\/div>\n<\/div>\n<\/div>\n","protected":false},"excerpt":{"rendered":"<p>I collegamenti europei, organizzati congiuntamente dall&#8217;ASPTT St-Quentin e dall&#8217;Unione Ciclistica Europea (UECT), consistono nel collegare Parigi alle capitali dell&#8217;Unione Europea in una direzione o nell&#8217;altra, e pi\u00f9 in generale alle capitali europee, o anche nel collegare le capitali tra loro. Il primo collegamento \u00e8 stato Parigi-Lussemburgo nel 1983. I punti di controllo sono distanziati, i [&hellip;]<\/p>\n","protected":false},"author":69,"featured_media":0,"parent":0,"menu_order":0,"comment_status":"closed","ping_status":"closed","template":"","meta":{"_acf_changed":false,"ub_ctt_via":"","_monsterinsights_skip_tracking":false,"_monsterinsights_sitenote_active":false,"_monsterinsights_sitenote_note":"","_monsterinsights_sitenote_category":0,"footnotes":""},"acf":[],"featured_image_urls":{"full":"","thumbnail":"","medium":"","medium_large":"","large":"","1536x1536":"","2048x2048":"","woocommerce_thumbnail":"","woocommerce_single":"","woocommerce_gallery_thumbnail":""},"post_excerpt_stackable":"<p>I collegamenti europei, organizzati congiuntamente dall&#8217;ASPTT St-Quentin e dall&#8217;Unione Ciclistica Europea (UECT), consistono nel collegare Parigi alle capitali dell&#8217;Unione Europea in una direzione o nell&#8217;altra, e pi\u00f9 in generale alle capitali europee, o anche nel collegare le capitali tra loro. Il primo collegamento \u00e8 stato Parigi-Lussemburgo nel 1983. I punti di controllo sono distanziati, i percorsi sono il pi\u00f9 possibile tranquilli e turistici ed evitano le grandi citt\u00e0 sono stati verificati in bicicletta. I fanatici della bicicletta, gli amanti della vita all&#8217;aria aperta, coloro che desiderano sfuggire alle costrizioni di una vita inquinata, che vogliono visitare l&#8217;Europa in modo sportivo&hellip;<\/p>\n","category_list":"","author_info":{"name":"Enrico Alberini","url":"https:\/\/centcols.org\/backup\/it\/author\/5065\/"},"comments_num":"0 commenti","featured_image_urls_v2":{"full":"","thumbnail":"","medium":"","medium_large":"","large":"","1536x1536":"","2048x2048":"","woocommerce_thumbnail":"","woocommerce_single":"","woocommerce_gallery_thumbnail":""},"post_excerpt_stackable_v2":"<p>I collegamenti europei, organizzati congiuntamente dall&#8217;ASPTT St-Quentin e dall&#8217;Unione Ciclistica Europea (UECT), consistono nel collegare Parigi alle capitali dell&#8217;Unione Europea in una direzione o nell&#8217;altra, e pi\u00f9 in generale alle capitali europee, o anche nel collegare le capitali tra loro. Il primo collegamento \u00e8 stato Parigi-Lussemburgo nel 1983. I punti di controllo sono distanziati, i percorsi sono il pi\u00f9 possibile tranquilli e turistici ed evitano le grandi citt\u00e0 sono stati verificati in bicicletta. I fanatici della bicicletta, gli amanti della vita all&#8217;aria aperta, coloro che desiderano sfuggire alle costrizioni di una vita inquinata, che vogliono visitare l&#8217;Europa in modo sportivo&hellip;<\/p>\n","category_list_v2":"","author_info_v2":{"name":"Enrico Alberini","url":"https:\/\/centcols.org\/backup\/it\/author\/5065\/"},"comments_num_v2":"0 commenti","featured_image_src":null,"_links":{"self":[{"href":"https:\/\/centcols.org\/backup\/it\/wp-json\/wp\/v2\/pages\/71181"}],"collection":[{"href":"https:\/\/centcols.org\/backup\/it\/wp-json\/wp\/v2\/pages"}],"about":[{"href":"https:\/\/centcols.org\/backup\/it\/wp-json\/wp\/v2\/types\/page"}],"author":[{"embeddable":true,"href":"https:\/\/centcols.org\/backup\/it\/wp-json\/wp\/v2\/users\/69"}],"replies":[{"embeddable":true,"href":"https:\/\/centcols.org\/backup\/it\/wp-json\/wp\/v2\/comments?post=71181"}],"version-history":[{"count":0,"href":"https:\/\/centcols.org\/backup\/it\/wp-json\/wp\/v2\/pages\/71181\/revisions"}],"wp:attachment":[{"href":"https:\/\/centcols.org\/backup\/it\/wp-json\/wp\/v2\/media?parent=71181"}],"curies":[{"name":"wp","href":"https:\/\/api.w.org\/{rel}","templated":true}]}}