{"id":71194,"date":"2023-02-15T18:51:02","date_gmt":"2023-02-15T17:51:02","guid":{"rendered":"https:\/\/centcols.org\/backup\/les-catalogues-evoluent-maintenant-en-temps-reel\/"},"modified":"2023-02-23T16:03:09","modified_gmt":"2023-02-23T15:03:09","slug":"les-catalogues-evoluent-maintenant-en-temps-reel","status":"publish","type":"page","link":"https:\/\/centcols.org\/backup\/it\/les-catalogues-evoluent-maintenant-en-temps-reel\/","title":{"rendered":"I cataloghi ora si evolvono in tempo reale"},"content":{"rendered":"\n<p class=\"has-medium-font-size\">Se ricordate che in diverse newsletter e presentazioni alle Assemblee dei soci abbiamo sottolineato che uno dei vantaggi del <strong>database dei passi<\/strong> che ospita tutti i nostri cataloghi \u00e8 che <strong>possiamo aggiornare i dati pi\u00f9 regolarmente<\/strong>. Niente pi\u00f9 cataloghi annuali con modifiche o novit\u00e0 che spesso risalgono a 12 mesi o pi\u00f9.<\/p>\n\n\n\n<p class=\"has-medium-font-size\">Ora stiamo iniziando a entrare nella fase delle modifiche pi\u00f9 dinamiche e reattive.<\/p>\n\n\n\n<p class=\"has-medium-font-size\">Se avete consultato la pagina dei download dei cataloghi di recente, potete notare che diversi Paesi hanno &#8220;date di riferimento&#8221; (data dell&#8217;ultimo aggiornamento) di febbraio 2023.<\/p>\n\n\n\n<p class=\"has-medium-font-size\">Per il momento si tratta principalmente di modifiche agli accessi\/quotazioni. I gruppi di lavoro hanno ora la possibilit\u00e0 di aggiornare autonomamente, senza passare attraverso una procedura informatica pi\u00f9 macchinosa, gli accessi, le fonti e alcune informazioni cartografiche. Le modifiche vengono apportate al database, e quindi ai cataloghi scaricabili, istantaneamente. In caso di cambiamenti di superficie (mulattiera &#8211;&gt; strada o viceversa) le modifiche si riflettono immediatamente anche sui passi elencati nei brevetti. Abbiamo iniziato testando e poi apportando le modifiche per i cataloghi spagnoli e italiani, ma questa procedura pu\u00f2 essere applicata a qualsiasi Paese. Gli studi pi\u00f9 approfonditi sui nuovi passi rimarranno per il momento periodici.<\/p>\n\n\n\n<p class=\"has-medium-font-size\">Con dati che possono cambiare in continuazione (come qualsiasi altro database, ad esempio IGN) \u00e8 necessario abituarsi e adattare le proprie abitudini. Magari scaricate di nuovo il catalogo quando andate all&#8217;estero, oppure scaricate il catalogo del vostro paese di residenza ogni 1-2 mesi. Sta a voi vedere cosa vi conviene di pi\u00f9.<\/p>\n\n\n\n<p class=\"has-medium-font-size\">Cambio un po&#8217; argomento per parlare dei cataloghi mondiali che riguardano i nostri viaggiatori abituali.<\/p>\n\n\n\n<p class=\"has-medium-font-size\">Dopo aver completato i nuovi cataloghi mondiali, abbiamo fatto un po&#8217; di lavoro sulla documentazione, se siete curiosi o volete saperne di pi\u00f9. Ogni catalogo \u00e8 accompagnato da un opuscolo che, come minimo, spiega i termini generici usati e le mappe utilizzate. Per i Paesi con pi\u00f9 di 100 passi l&#8217;opuscolo \u00e8 di solito un po&#8217; pi\u00f9 esteso e pu\u00f2 raggiungere le 30 pagine.<\/p>\n\n\n\n<p class=\"has-medium-font-size\">Per evitare di ripetere ovunque le stesse spiegazioni (ad esempio le definizioni di &#8220;Tipo&#8221; e &#8220;Diff&#8221;) abbiamo redatto un manuale generale per l&#8217;uso delle voci universali nei nostri cataloghi, che potete trovare nella pagina introduttiva dei cataloghi e tramite il link sottostante:<\/p>\n\n\n\n<p class=\"has-medium-font-size\"><a href=\"https:\/\/centcols.org\/backup\/documents\/catalogues\/_commun\/Manuel_d_utilisation_des_catalogues.pdf\">https:\/\/centcols.org\/backup\/documents\/catalogues\/_commun\/Manuel_d_utilisation_des_catalogues.pdf<\/a><\/p>\n\n\n\n<p class=\"has-medium-font-size\">Nella stessa pagina si trovano anche<\/p>\n\n\n\n<ul>\n<li><span style=\"font-size: 20px; font-family: arial, helvetica, sans-serif;\">una <a href=\"https:\/\/centcols.org\/backup\/documents\/catalogues\/_commun\/Tableau_Global_Catalogues_2023.pdf\">vista d&#8217;insieme del numero di passi per paese<\/a><\/span><\/li>\n<\/ul>\n\n\n\n<ul>\n<li><span style=\"font-size: 20px; font-family: arial, helvetica, sans-serif;\">una <a href=\"https:\/\/centcols.org\/backup\/documents\/catalogues\/_commun\/Guide_g%C3%A9n%C3%A9ral_des_catalogues_et_des_notices_du_Club_des_Cent%20Cols.pdf\">guida generale delle notizie e dei cataloghi<\/a><\/span><\/li>\n<\/ul>\n\n\n\n<p class=\"has-medium-font-size\">Infine, se siete appassionati come me di lingue e toponomastica, potete trovare un nuovo articolo nella sezione del sito &#8220;Passi\/Toponimia&#8221;.<\/p>\n\n\n\n<p class=\"has-medium-font-size\"><a href=\"https:\/\/centcols.org\/backup\/it\/toponymie-des-cols-mondiaux\/\">centcols.net\/toponomia dei passi mondiali<\/a><\/p>\n\n\n\n<p class=\"has-medium-font-size\">Una descrizione dei nomi del mondo che possono evocare la nozione di passo si aggiunge agli articoli di questa sezione sulla Francia (Michel de Brebisson) e sulla Svizzera (Christian Bingelli), nonch\u00e9 alle voci abbastanza ampie su questo tema di Spagna, Italia e Regno Unito.<\/p>\n\n\n\n<p class=\"has-medium-font-size\">Nei link di questo articolo troverete:<\/p>\n\n\n\n<ul>\n<li><a href=\"https:\/\/centcols.org\/backup\/documents\/catalogues\/_commun\/Intitul%C3%A9s_mondiaux-V01.pdf\"><span style=\"font-size: 20px; font-family: arial, helvetica, sans-serif;\">la lista dei titoli principali riconosciuti per paese (pi\u00f9 di 500 in tutto!)<\/span><\/a><\/li>\n<\/ul>\n\n\n\n<p class=\"has-medium-font-size\">e la <a href=\"https:\/\/centcols.org\/backup\/documents\/catalogues\/_commun\/ISO_Language_Codes.pdf\">lista dei codici ISO delle 78 lingue<\/a> interessate:<\/p>\n\n\n\n<p>&nbsp;<\/p>\n\n\n\n<p class=\"has-medium-font-size\">Buona lettura se avete un po&#8217; di tempo libero prima che inizi la vera stagione ciclistica.<\/p>\n\n\n\n<p class=\"has-text-align-right has-medium-font-size\">Graham Cutting<br>Febbraio 2023<\/p>\n","protected":false},"excerpt":{"rendered":"<p>Se ricordate che in diverse newsletter e presentazioni alle Assemblee dei soci abbiamo sottolineato che uno dei vantaggi del database dei passi che ospita tutti i nostri cataloghi \u00e8 che possiamo aggiornare i dati pi\u00f9 regolarmente. Niente pi\u00f9 cataloghi annuali con modifiche o novit\u00e0 che spesso risalgono a 12 mesi o pi\u00f9. Ora stiamo iniziando [&hellip;]<\/p>\n","protected":false},"author":107,"featured_media":0,"parent":0,"menu_order":0,"comment_status":"closed","ping_status":"closed","template":"","meta":{"_acf_changed":false,"ub_ctt_via":"","_monsterinsights_skip_tracking":false,"_monsterinsights_sitenote_active":false,"_monsterinsights_sitenote_note":"","_monsterinsights_sitenote_category":0,"footnotes":""},"acf":[],"featured_image_urls":{"full":"","thumbnail":"","medium":"","medium_large":"","large":"","1536x1536":"","2048x2048":"","woocommerce_thumbnail":"","woocommerce_single":"","woocommerce_gallery_thumbnail":""},"post_excerpt_stackable":"<p>Se ricordate che in diverse newsletter e presentazioni alle Assemblee dei soci abbiamo sottolineato che uno dei vantaggi del database dei passi che ospita tutti i nostri cataloghi \u00e8 che possiamo aggiornare i dati pi\u00f9 regolarmente. Niente pi\u00f9 cataloghi annuali con modifiche o novit\u00e0 che spesso risalgono a 12 mesi o pi\u00f9. Ora stiamo iniziando a entrare nella fase delle modifiche pi\u00f9 dinamiche e reattive. Se avete consultato la pagina dei download dei cataloghi di recente, potete notare che diversi Paesi hanno &#8220;date di riferimento&#8221; (data dell&#8217;ultimo aggiornamento) di febbraio 2023. Per il momento si tratta principalmente di modifiche agli&hellip;<\/p>\n","category_list":"","author_info":{"name":"Graham Cutting","url":"https:\/\/centcols.org\/backup\/it\/author\/4927\/"},"comments_num":"0 commenti","featured_image_urls_v2":{"full":"","thumbnail":"","medium":"","medium_large":"","large":"","1536x1536":"","2048x2048":"","woocommerce_thumbnail":"","woocommerce_single":"","woocommerce_gallery_thumbnail":""},"post_excerpt_stackable_v2":"<p>Se ricordate che in diverse newsletter e presentazioni alle Assemblee dei soci abbiamo sottolineato che uno dei vantaggi del database dei passi che ospita tutti i nostri cataloghi \u00e8 che possiamo aggiornare i dati pi\u00f9 regolarmente. Niente pi\u00f9 cataloghi annuali con modifiche o novit\u00e0 che spesso risalgono a 12 mesi o pi\u00f9. Ora stiamo iniziando a entrare nella fase delle modifiche pi\u00f9 dinamiche e reattive. Se avete consultato la pagina dei download dei cataloghi di recente, potete notare che diversi Paesi hanno &#8220;date di riferimento&#8221; (data dell&#8217;ultimo aggiornamento) di febbraio 2023. Per il momento si tratta principalmente di modifiche agli&hellip;<\/p>\n","category_list_v2":"","author_info_v2":{"name":"Graham Cutting","url":"https:\/\/centcols.org\/backup\/it\/author\/4927\/"},"comments_num_v2":"0 commenti","featured_image_src":null,"_links":{"self":[{"href":"https:\/\/centcols.org\/backup\/it\/wp-json\/wp\/v2\/pages\/71194"}],"collection":[{"href":"https:\/\/centcols.org\/backup\/it\/wp-json\/wp\/v2\/pages"}],"about":[{"href":"https:\/\/centcols.org\/backup\/it\/wp-json\/wp\/v2\/types\/page"}],"author":[{"embeddable":true,"href":"https:\/\/centcols.org\/backup\/it\/wp-json\/wp\/v2\/users\/107"}],"replies":[{"embeddable":true,"href":"https:\/\/centcols.org\/backup\/it\/wp-json\/wp\/v2\/comments?post=71194"}],"version-history":[{"count":0,"href":"https:\/\/centcols.org\/backup\/it\/wp-json\/wp\/v2\/pages\/71194\/revisions"}],"wp:attachment":[{"href":"https:\/\/centcols.org\/backup\/it\/wp-json\/wp\/v2\/media?parent=71194"}],"curies":[{"name":"wp","href":"https:\/\/api.w.org\/{rel}","templated":true}]}}