{"id":71226,"date":"2023-02-24T16:50:07","date_gmt":"2023-02-24T15:50:07","guid":{"rendered":"https:\/\/centcols.org\/backup\/?page_id=71226"},"modified":"2023-02-25T18:41:21","modified_gmt":"2023-02-25T17:41:21","slug":"radiales","status":"publish","type":"page","link":"https:\/\/centcols.org\/backup\/it\/radiales\/","title":{"rendered":"I \u00ab Radiales Ibericas \u00bb della Fect"},"content":{"rendered":"\n<p>\u00a0<\/p>\n<p><span style=\"font-size: 20px;\">I Radiales Ibericas sono proposte di viaggi in bicicletta su strada create dalla <strong>Federazione Spagnola di Cicloturismo<\/strong>. L&#8217;obiettivo principale \u00e8 la promozione del cicloturismo non competitivo e la scoperta di tutte le province della penisola iberica.<\/span><\/p>\n<p><span style=\"font-size: 20px;\"><strong>148 passi stradali\u00a0<\/strong>sono sul percorso delle Radiales, su un totale di 2.660 passi stradali. La Spagna \u00e8 il Paese con il maggior numero di passi\u00a0 al mondo.<\/span><\/p>\n<p><span style=\"font-size: 20px;\">Le\u00a0<strong>12 Radiales<\/strong>\u00a0hanno come punto di <strong>partenza<\/strong> una diversa localit\u00e0 della Comunit\u00e0 Autonoma di <strong>Madrid<\/strong>, alla periferia della citt\u00e0. Si irradiano verso gli arrivi situati in tutta la penisola iberica.<\/span><\/p>\n<p><span style=\"font-size: 20px;\">Ciascuna delle Radiales \u00e8 disponibile in diverse formule di percorso:<\/span><\/p>\n<ul>\n<li><span style=\"font-size: 20px;\"><strong>Super Radiales<\/strong>: dal punto di partenza al punto di arrivo, ritorno tramite una variante<\/span><\/li>\n<li><span style=\"font-size: 20px;\"><strong>Radiales simples<\/strong>: da un punto all&#8217;altro della super radiale corrispondente, in qualsiasi direzione<\/span><\/li>\n<li><span style=\"font-size: 20px;\"><strong>Radiales explorer<\/strong>: varianti super radiali, pi\u00f9 corte (un terzo)<\/span><\/li>\n<\/ul>\n<p><span style=\"font-size: 20px;\">Sono disponibili anche nelle formule a tempo e a sezione:<\/span><\/p>\n<ul>\n<li><span style=\"font-size: 20px;\"><strong>Formula libera<\/strong>: nessun limite di tempo, possibilit\u00e0 di sezione intermittente, nessuna registrazione, n\u00e9 prima n\u00e9 dopo<\/span><\/li>\n<li><span style=\"font-size: 20px;\"><strong>Formula turisitica<\/strong>: tempo libero, ma con informazioni da parte dell&#8217;organizzazione prima o dopo il percorso<\/span><\/li>\n<li><strong style=\"font-size: 20px;\">Formula endurance<\/strong><span style=\"font-size: 20px;\">\u00a0con un limite di tempo e un percorso continuo<\/span><\/li>\n<\/ul>\n<p><br \/><span style=\"font-size: 20px;\">Maggiori informazioni e iscrizioni al link seguente =&gt;<strong>\u00a0<a href=\"https:\/\/fect.info\/index.php\/actividad\/radiales-ibericas\/presentacion\" target=\"_blank\" rel=\"noreferrer noopener\">Les Radiales Ibericas<\/a><\/strong><\/span><\/p>\n<p>\u00a0<\/p>\n\n\n\n<div class=\"wp-block-columns is-layout-flex wp-container-core-columns-is-layout-1 wp-block-columns-is-layout-flex\">\n<div class=\"wp-block-column is-layout-flow wp-block-column-is-layout-flow\" style=\"flex-basis:33.33%\">\n<figure class=\"wp-block-table is-style-stripes\"><table><thead><tr><th>De Madrid a<\/th><th>km<\/th><th>D+<\/th><th>Cols<\/th><\/tr><\/thead><tbody><tr><td>1 &#8211; Roncesvalles<\/td><td>845<\/td><td>8100<\/td><td>12<\/td><\/tr><tr><td>2 &#8211; Andorra<\/td><td>1318<\/td><td>14730<\/td><td>10<\/td><\/tr><tr><td>3 &#8211; Vinaroz<\/td><td>973<\/td><td>14900<\/td><td>21<\/td><\/tr><tr><td>4 &#8211; Denia<\/td><td>970<\/td><td>9630<\/td><td>6<\/td><\/tr><tr><td>5 &#8211; \u00c1guilas<\/td><td>1006<\/td><td>10100<\/td><td>8<\/td><\/tr><tr><td>6 &#8211; Motril<\/td><td>1124<\/td><td>13000<\/td><td>18<\/td><\/tr><tr><td>7 &#8211; Chipiona<\/td><td>1153<\/td><td>9650<\/td><td>14<\/td><\/tr><tr><td>8 &#8211; Vila Nova<br>de Milfontes<\/td><td>1339<\/td><td>13450<\/td><td>14<\/td><\/tr><tr><td>9 &#8211; Figueira Da Foz<\/td><td>1082<\/td><td>15500<\/td><td>7<\/td><\/tr><tr><td>10 &#8211; Finisterre<\/td><td>1470<\/td><td>18900<\/td><td>12<\/td><\/tr><tr><td>11 &#8211; Gij\u00f3n<\/td><td>1078<\/td><td>12400<\/td><td>15<\/td><\/tr><tr><td>12 &#8211; Laredo<\/td><td>930<\/td><td>10950<\/td><td>11<\/td><\/tr><\/tbody><\/table><\/figure>\n<\/div>\n\n\n\n<div class=\"wp-block-column is-layout-flow wp-block-column-is-layout-flow\" style=\"flex-basis:66.66%\">\n<figure class=\"wp-block-image size-large is-resized\"><img loading=\"lazy\" decoding=\"async\" src=\"https:\/\/centcols.org\/backup\/wp-content\/uploads\/2023\/02\/Radiales-1200x675.jpg\" alt=\"\" class=\"wp-image-71233\" width=\"672\" height=\"377\" srcset=\"https:\/\/centcols.org\/backup\/wp-content\/uploads\/2023\/02\/Radiales-1200x675.jpg 1200w, https:\/\/centcols.org\/backup\/wp-content\/uploads\/2023\/02\/Radiales-500x281.jpg 500w, https:\/\/centcols.org\/backup\/wp-content\/uploads\/2023\/02\/Radiales-768x432.jpg 768w, https:\/\/centcols.org\/backup\/wp-content\/uploads\/2023\/02\/Radiales-600x338.jpg 600w, https:\/\/centcols.org\/backup\/wp-content\/uploads\/2023\/02\/Radiales.jpg 1280w\" sizes=\"(max-width: 672px) 100vw, 672px\" \/><\/figure>\n<\/div>\n<\/div>\n\n\n\n<div class=\"wp-block-columns is-layout-flex wp-container-core-columns-is-layout-5 wp-block-columns-is-layout-flex\">\n<div class=\"wp-block-column is-layout-flow wp-block-column-is-layout-flow\" style=\"flex-basis:50%\">\n<div class=\"wp-block-columns is-layout-flex wp-container-core-columns-is-layout-4 wp-block-columns-is-layout-flex\">\n<div class=\"wp-block-column is-layout-flow wp-block-column-is-layout-flow\" style=\"flex-basis:50%\">\n<div class=\"wp-block-columns is-layout-flex wp-container-core-columns-is-layout-2 wp-block-columns-is-layout-flex\">\n<div class=\"wp-block-column is-layout-flow wp-block-column-is-layout-flow\" style=\"flex-basis:100%\"><\/div>\n<\/div>\n<\/div>\n\n\n\n<div class=\"wp-block-column is-layout-flow wp-block-column-is-layout-flow\" style=\"flex-basis:33.33%\">\n<div class=\"wp-block-columns is-layout-flex wp-container-core-columns-is-layout-3 wp-block-columns-is-layout-flex\">\n<div class=\"wp-block-column is-layout-flow wp-block-column-is-layout-flow\" style=\"flex-basis:100%\"><\/div>\n<\/div>\n<\/div>\n<\/div>\n<\/div>\n<\/div>\n","protected":false},"excerpt":{"rendered":"<p>\u00a0 I Radiales Ibericas sono proposte di viaggi in bicicletta su strada create dalla Federazione Spagnola di Cicloturismo. L&#8217;obiettivo principale \u00e8 la promozione del cicloturismo non competitivo e la scoperta di tutte le province della penisola iberica. 148 passi stradali\u00a0sono sul percorso delle Radiales, su un totale di 2.660 passi stradali. La Spagna \u00e8 il [&hellip;]<\/p>\n","protected":false},"author":69,"featured_media":0,"parent":0,"menu_order":0,"comment_status":"closed","ping_status":"closed","template":"","meta":{"_acf_changed":false,"ub_ctt_via":"","_monsterinsights_skip_tracking":false,"_monsterinsights_sitenote_active":false,"_monsterinsights_sitenote_note":"","_monsterinsights_sitenote_category":0,"footnotes":""},"acf":[],"featured_image_urls":{"full":"","thumbnail":"","medium":"","medium_large":"","large":"","1536x1536":"","2048x2048":"","woocommerce_thumbnail":"","woocommerce_single":"","woocommerce_gallery_thumbnail":""},"post_excerpt_stackable":"<p>\u00a0 I Radiales Ibericas sono proposte di viaggi in bicicletta su strada create dalla Federazione Spagnola di Cicloturismo. L&#8217;obiettivo principale \u00e8 la promozione del cicloturismo non competitivo e la scoperta di tutte le province della penisola iberica. 148 passi stradali\u00a0sono sul percorso delle Radiales, su un totale di 2.660 passi stradali. La Spagna \u00e8 il Paese con il maggior numero di passi\u00a0 al mondo. Le\u00a012 Radiales\u00a0hanno come punto di partenza una diversa localit\u00e0 della Comunit\u00e0 Autonoma di Madrid, alla periferia della citt\u00e0. Si irradiano verso gli arrivi situati in tutta la penisola iberica. Ciascuna delle Radiales \u00e8 disponibile in diverse&hellip;<\/p>\n","category_list":"","author_info":{"name":"Enrico Alberini","url":"https:\/\/centcols.org\/backup\/it\/author\/5065\/"},"comments_num":"0 commenti","featured_image_urls_v2":{"full":"","thumbnail":"","medium":"","medium_large":"","large":"","1536x1536":"","2048x2048":"","woocommerce_thumbnail":"","woocommerce_single":"","woocommerce_gallery_thumbnail":""},"post_excerpt_stackable_v2":"<p>\u00a0 I Radiales Ibericas sono proposte di viaggi in bicicletta su strada create dalla Federazione Spagnola di Cicloturismo. L&#8217;obiettivo principale \u00e8 la promozione del cicloturismo non competitivo e la scoperta di tutte le province della penisola iberica. 148 passi stradali\u00a0sono sul percorso delle Radiales, su un totale di 2.660 passi stradali. La Spagna \u00e8 il Paese con il maggior numero di passi\u00a0 al mondo. Le\u00a012 Radiales\u00a0hanno come punto di partenza una diversa localit\u00e0 della Comunit\u00e0 Autonoma di Madrid, alla periferia della citt\u00e0. Si irradiano verso gli arrivi situati in tutta la penisola iberica. Ciascuna delle Radiales \u00e8 disponibile in diverse&hellip;<\/p>\n","category_list_v2":"","author_info_v2":{"name":"Enrico Alberini","url":"https:\/\/centcols.org\/backup\/it\/author\/5065\/"},"comments_num_v2":"0 commenti","featured_image_src":null,"_links":{"self":[{"href":"https:\/\/centcols.org\/backup\/it\/wp-json\/wp\/v2\/pages\/71226"}],"collection":[{"href":"https:\/\/centcols.org\/backup\/it\/wp-json\/wp\/v2\/pages"}],"about":[{"href":"https:\/\/centcols.org\/backup\/it\/wp-json\/wp\/v2\/types\/page"}],"author":[{"embeddable":true,"href":"https:\/\/centcols.org\/backup\/it\/wp-json\/wp\/v2\/users\/69"}],"replies":[{"embeddable":true,"href":"https:\/\/centcols.org\/backup\/it\/wp-json\/wp\/v2\/comments?post=71226"}],"version-history":[{"count":0,"href":"https:\/\/centcols.org\/backup\/it\/wp-json\/wp\/v2\/pages\/71226\/revisions"}],"wp:attachment":[{"href":"https:\/\/centcols.org\/backup\/it\/wp-json\/wp\/v2\/media?parent=71226"}],"curies":[{"name":"wp","href":"https:\/\/api.w.org\/{rel}","templated":true}]}}