{"id":71347,"date":"2023-03-03T10:44:20","date_gmt":"2023-03-03T09:44:20","guid":{"rendered":"https:\/\/centcols.org\/backup\/?page_id=71347"},"modified":"2023-07-22T11:37:32","modified_gmt":"2023-07-22T09:37:32","slug":"presentation-parcours-cent-cols-sur-or","status":"publish","type":"page","link":"https:\/\/centcols.org\/backup\/it\/presentation-parcours-cent-cols-sur-or\/","title":{"rendered":"Les parcours des membres labellis\u00e9s par le club : pr\u00e9sentation"},"content":{"rendered":"\n<p class=\"has-medium-font-size\">Dans le logiciel de cartographie OpenRunner, &nbsp;on trouve des parcours ayant un rapport plus ou moins lointain avec le Club des Cent Cols avec des&nbsp; identifiants tels que \u00ab&nbsp;100 cols&nbsp;\u00bb, \u00ab&nbsp;Cent Cols&nbsp;\u00bb et toutes les d\u00e9clinaisons imaginables. Ces parcours sont souvent d\u00e9pourvus de la moindre description, n\u2019ont aucune homog\u00e9n\u00e9it\u00e9 entre eux et peuvent m\u00eame conduire parfois \u00e0 des situations dangereuses. Ce qui est pr\u00e9judiciable \u00e0 l\u2019image du club si on fait l\u2019amalgame.<\/p>\n\n\n\n<p class=\"has-medium-font-size\">Nous avons donc d\u00e9cid\u00e9 de constituer une liste officielle de parcours du Club des Cent Cols offrant tout \u00e0 la fois <strong>une garantie d\u2019int\u00e9r\u00eats cyclistes, colistiques, touristiques et de s\u00e9curit\u00e9. <\/strong>Ces garanties sont mises en \u0153uvre par tous les \u00e9l\u00e9ments requis pour alimenter cette compilation.<\/p>\n\n\n\n<p class=\"has-medium-font-size\">Au travers de cette liste, nos <strong>objectifs<\/strong> sont&nbsp;pluriels&nbsp;:&nbsp;<\/p>\n\n\n\n<ul>\n<li><span style=\"font-size: 20px;\">Proposer \u00e0 nos membres&nbsp; des <span style=\"text-decoration: underline;\">parcours<\/span>, avec des <span style=\"text-decoration: underline;\">cols<\/span>, r\u00e9put\u00e9s <span style=\"text-decoration: underline;\">fiables<\/span> et <span style=\"text-decoration: underline;\">accessibles<\/span> au plus grand nombre.<\/span><\/li>\n<li><span style=\"font-size: 20px;\">Donner envie aux autres cyclistes d\u2019appr\u00e9hender la pratique du cyclisme&nbsp; en montagne par des parcours cyclables sur une large proportion du trac\u00e9.<\/span><\/li>\n<li><span style=\"font-size: 20px;\">Mettre en sc\u00e8ne quelques uns des cols franchis gr\u00e2ce \u00e0 la base de donn\u00e9es des photos de cols mise \u00e0 jour par les membres.&nbsp;<\/span><\/li>\n<\/ul>\n\n\n\n<p class=\"has-medium-font-size\">Les parcours de cette liste \u00ab labellis\u00e9s CCC&nbsp;\u00bb doivent \u00eatre facilement rep\u00e9rables et surtout diff\u00e9renciables des trac\u00e9s bancals.&nbsp;<\/p>\n\n\n\n<p class=\"has-medium-font-size\">Pour cela&nbsp;:<\/p>\n\n\n\n<ul>\n<li><span style=\"font-size: 20px;\">Le site du Club des Cent Cols r\u00e9f\u00e9rence <a href=\"https:\/\/centcols.org\/backup\/liste-parcours-cent-cols-sur-or-2\/\" target=\"_blank\" rel=\"noopener\">les parcours labellis\u00e9s<\/a> sur des listes \u00e9tablies par pays<\/span><\/li>\n<li><span style=\"font-size: 20px;\">Le titre de chaque parcours ouvre une page descriptive sur le site des Cent Cols (voir ci-apr\u00e8s le paragaphe &#8220;description&#8221;) comportant aussi un <strong>lien vers la fiche Openrunner du parcours <\/strong>avec acc\u00e8s \u00e0 la carte interactive, au profil et \u00e0 la trace gpx<\/span><\/li>\n<li><span style=\"font-size: 20px;\">Depuis la page d\u2019accueil d\u2019OpenRunner, on peut aussi acc\u00e8der \u00e0 la liste compl\u00e8te des parcours homologu\u00e9s par le Club des Cent Cols en \u00e9crivant&nbsp; <strong>&#8220;club-des-cent-cols&nbsp;\u00bb<\/strong> (avec les tirets) dans <strong>&#8220;Auteur&#8221;<\/strong> puis en cliquant sur &#8220;<strong>chercher un parcours&#8221;<\/strong>.<\/span><\/li>\n<li><span style=\"font-size: 20px;\">On peut aussi trouver ces parcours homologu\u00e9s par l\u2019interm\u00e9diaire de nombreux <strong>mots cl\u00e9s<\/strong>.&nbsp;&nbsp;<\/span><\/li>\n<\/ul>\n\n\n\n<p class=\"has-medium-font-size\">Sur OpenRunner, on reconnaitra \u00e0 coup s\u00fbr \u00eatre en pr\u00e9sence d\u2019un <strong>parcours officiel <\/strong>du club&nbsp;:&nbsp;<\/p>\n\n\n\n<ul>\n<li><span style=\"font-size: 20px;\">Par l\u2019apparition du <strong>logo<\/strong> du club en passant la souris sur l\u2019extrait de carte ou sur la photo dans la colonne de gauche.<\/span><\/li>\n<\/ul>\n<p><img loading=\"lazy\" decoding=\"async\" class=\"alignnone size-full wp-image-71356 aligncenter\" src=\"https:\/\/centcols.org\/backup\/wp-content\/uploads\/2023\/03\/Logo-recherche-parcours-CCC.png\" alt=\"\" width=\"472\" height=\"194\"><\/p>\n<ul>\n<li><span style=\"font-size: 20px;\">Par la mention syst\u00e9matique &#8220;Parcours par&nbsp;: <strong>Club des Cent Cols<\/strong>&#8221; sous le titre du parcours de la colonne de gauche<\/span><\/li>\n<\/ul>\n<p><img loading=\"lazy\" decoding=\"async\" class=\"alignnone size-full wp-image-71362 aligncenter\" src=\"https:\/\/centcols.org\/backup\/wp-content\/uploads\/2023\/03\/Mention-CCC-Parcours-OR.png\" alt=\"\" width=\"281\" height=\"53\"><\/p>\n<p><span style=\"font-size: 20px;\">En ouvrant la fiche de ce parcours, il est possible de retrouver la <strong>liste des parcours<\/strong> du Club des Cent Cols par un lien en haut \u00e0 droite.<\/span><\/p>\n\n\n\n<div class=\"wp-block-image\"><figure class=\"aligncenter size-large\"><img loading=\"lazy\" decoding=\"async\" width=\"484\" height=\"76\" src=\"https:\/\/centcols.org\/backup\/wp-content\/uploads\/2023\/03\/OR-Liste-parcours-ccc.jpg\" alt=\"\" class=\"wp-image-71350\"\/><\/figure><\/div>\n\n\n\n<p class=\"has-medium-font-size\">La &#8220;<strong>fiche du parcours&#8221;<\/strong> obtenue en cliquant sur le titre, colonne de gauche, fournit les liens pour accc\u00e9der au site du Club des Cent cols o\u00f9 les garanties d\u2019int\u00e9r\u00eat cyclo-touristique, de la r\u00e9alisation&nbsp;agr\u00e9able et de s\u00e9curit\u00e9 sont d\u00e9taill\u00e9es.<\/p>\n\n\n\n<div class=\"wp-block-image\"><figure class=\"aligncenter size-large\"><img loading=\"lazy\" decoding=\"async\" width=\"504\" height=\"107\" src=\"https:\/\/centcols.org\/backup\/wp-content\/uploads\/2023\/03\/Parcours-OR-Fiche.png\" alt=\"\" class=\"wp-image-71368\" srcset=\"https:\/\/centcols.org\/backup\/wp-content\/uploads\/2023\/03\/Parcours-OR-Fiche.png 504w, https:\/\/centcols.org\/backup\/wp-content\/uploads\/2023\/03\/Parcours-OR-Fiche-500x106.png 500w\" sizes=\"(max-width: 504px) 100vw, 504px\" \/><\/figure><\/div>\n\n\n\n<p class=\"has-medium-font-size\"><span style=\"font-size: 20px;\">La distance totale des&nbsp; parcours routiers, gravel ou muletiers et la d\u00e9nivel\u00e9e positive permettent de consid\u00e9rer que ces parcours sont accessibles \u00e0 tous cyclistes pratiquants r\u00e9guliers. Qui ne doivent pas, pour autant, se dispenser d&#8217;u<span style=\"text-decoration: underline;\">n exament attentif du parcours.<\/span><\/span><\/p>\n\n\n\n<p><span style=\"font-size: 20px;\">La <strong>description des parcours<\/strong> sur le site des Cent Cols<\/span><\/p>\n<ul>\n<li><span style=\"font-size: 20px;\">donne quelques \u00e9l\u00e9ments sur l&#8217;int\u00e9r\u00eat touristique du parcours<\/span><\/li>\n<li><span style=\"font-size: 20px;\">fournit les noms, les codes, les liens visugen des cols travers\u00e9s<\/span><\/li>\n<li><span style=\"font-size: 20px;\">pr\u00e9cise le lieu de d\u00e9part et les possibilit\u00e9s de stationnnement<\/span><\/li>\n<li><span style=\"font-size: 20px;\">\u00e9met des avis techniques ou de s\u00e9curit\u00e9 sur les voies emprunt\u00e9es<\/span><\/li>\n<li><span style=\"font-size: 20px;\">pr\u00e9sente des photos caract\u00e9ristiques du parcours et de quelques uns des cols franchis gr\u00e2ce \u00e0 la phototh\u00e8que aliment\u00e9e par les membres du club<\/span><\/li>\n<\/ul>\n\n\n\n<p><\/p>\n\n\n\n<p class=\"has-medium-font-size\">Nous avons volontairement exclu des parcours labellis\u00e9s Cent Cols les acc\u00e8s aux cols muletiers comportant du portage. Toutefois, il peut y avoir des portions de poussage restant ais\u00e9es, en fonction&nbsp; de la capacit\u00e9 de chacun (ces acc\u00e8s sont donc de types R1 parfois R2, S1 parfois S2)&nbsp;<\/p>\n\n\n\n<p><\/p>\n\n\n\n<hr class=\"wp-block-separator\"\/>\n","protected":false},"excerpt":{"rendered":"<p>Dans le logiciel de cartographie OpenRunner, &nbsp;on trouve des parcours ayant un rapport plus ou moins lointain avec le Club des Cent Cols avec des&nbsp; identifiants tels que \u00ab&nbsp;100 cols&nbsp;\u00bb, \u00ab&nbsp;Cent Cols&nbsp;\u00bb et toutes les d\u00e9clinaisons imaginables. Ces parcours sont souvent d\u00e9pourvus de la moindre description, n\u2019ont aucune homog\u00e9n\u00e9it\u00e9 entre eux et peuvent m\u00eame conduire [&hellip;]<\/p>\n","protected":false},"author":397,"featured_media":0,"parent":0,"menu_order":0,"comment_status":"closed","ping_status":"closed","template":"","meta":{"_acf_changed":false,"ub_ctt_via":"","_monsterinsights_skip_tracking":false,"_monsterinsights_sitenote_active":false,"_monsterinsights_sitenote_note":"","_monsterinsights_sitenote_category":0,"footnotes":""},"acf":[],"featured_image_urls":{"full":"","thumbnail":"","medium":"","medium_large":"","large":"","1536x1536":"","2048x2048":"","woocommerce_thumbnail":"","woocommerce_single":"","woocommerce_gallery_thumbnail":""},"post_excerpt_stackable":"<p>Dans le logiciel de cartographie OpenRunner, &nbsp;on trouve des parcours ayant un rapport plus ou moins lointain avec le Club des Cent Cols avec des&nbsp; identifiants tels que \u00ab&nbsp;100 cols&nbsp;\u00bb, \u00ab&nbsp;Cent Cols&nbsp;\u00bb et toutes les d\u00e9clinaisons imaginables. Ces parcours sont souvent d\u00e9pourvus de la moindre description, n\u2019ont aucune homog\u00e9n\u00e9it\u00e9 entre eux et peuvent m\u00eame conduire parfois \u00e0 des situations dangereuses. Ce qui est pr\u00e9judiciable \u00e0 l\u2019image du club si on fait l\u2019amalgame. Nous avons donc d\u00e9cid\u00e9 de constituer une liste officielle de parcours du Club des Cent Cols offrant tout \u00e0 la fois une garantie d\u2019int\u00e9r\u00eats cyclistes, colistiques, touristiques et&hellip;<\/p>\n","category_list":"","author_info":{"name":"Denis Chouquet-Stringer","url":"https:\/\/centcols.org\/backup\/it\/author\/6183\/"},"comments_num":"0 commenti","featured_image_urls_v2":{"full":"","thumbnail":"","medium":"","medium_large":"","large":"","1536x1536":"","2048x2048":"","woocommerce_thumbnail":"","woocommerce_single":"","woocommerce_gallery_thumbnail":""},"post_excerpt_stackable_v2":"<p>Dans le logiciel de cartographie OpenRunner, &nbsp;on trouve des parcours ayant un rapport plus ou moins lointain avec le Club des Cent Cols avec des&nbsp; identifiants tels que \u00ab&nbsp;100 cols&nbsp;\u00bb, \u00ab&nbsp;Cent Cols&nbsp;\u00bb et toutes les d\u00e9clinaisons imaginables. Ces parcours sont souvent d\u00e9pourvus de la moindre description, n\u2019ont aucune homog\u00e9n\u00e9it\u00e9 entre eux et peuvent m\u00eame conduire parfois \u00e0 des situations dangereuses. Ce qui est pr\u00e9judiciable \u00e0 l\u2019image du club si on fait l\u2019amalgame. Nous avons donc d\u00e9cid\u00e9 de constituer une liste officielle de parcours du Club des Cent Cols offrant tout \u00e0 la fois une garantie d\u2019int\u00e9r\u00eats cyclistes, colistiques, touristiques et&hellip;<\/p>\n","category_list_v2":"","author_info_v2":{"name":"Denis Chouquet-Stringer","url":"https:\/\/centcols.org\/backup\/it\/author\/6183\/"},"comments_num_v2":"0 commenti","featured_image_src":null,"_links":{"self":[{"href":"https:\/\/centcols.org\/backup\/it\/wp-json\/wp\/v2\/pages\/71347"}],"collection":[{"href":"https:\/\/centcols.org\/backup\/it\/wp-json\/wp\/v2\/pages"}],"about":[{"href":"https:\/\/centcols.org\/backup\/it\/wp-json\/wp\/v2\/types\/page"}],"author":[{"embeddable":true,"href":"https:\/\/centcols.org\/backup\/it\/wp-json\/wp\/v2\/users\/397"}],"replies":[{"embeddable":true,"href":"https:\/\/centcols.org\/backup\/it\/wp-json\/wp\/v2\/comments?post=71347"}],"version-history":[{"count":0,"href":"https:\/\/centcols.org\/backup\/it\/wp-json\/wp\/v2\/pages\/71347\/revisions"}],"wp:attachment":[{"href":"https:\/\/centcols.org\/backup\/it\/wp-json\/wp\/v2\/media?parent=71347"}],"curies":[{"name":"wp","href":"https:\/\/api.w.org\/{rel}","templated":true}]}}