{"id":71794,"date":"2022-12-30T14:37:29","date_gmt":"2022-12-30T13:37:29","guid":{"rendered":"https:\/\/centcols.org\/backup\/latout-coeur-du-chu-de-dijon-le-professeur-cottin\/"},"modified":"2023-04-02T11:35:54","modified_gmt":"2023-04-02T09:35:54","slug":"latout-coeur-du-chu-de-dijon-le-professeur-cottin","status":"publish","type":"page","link":"https:\/\/centcols.org\/backup\/it\/latout-coeur-du-chu-de-dijon-le-professeur-cottin\/","title":{"rendered":"Il cuore dell&#8217;Ospedale Universitario di Digione : il professor COTTIN"},"content":{"rendered":"\n<p class=\"has-medium-font-size\"><br><strong>Dal trapianto di cuore eseguito in Sudafrica nel 1967, una vera rivoluzione nella storia della chirurgia, la cardiologia ha fatto enormi progressi e i ricercatori stanno trovando strategie per far durare pi\u00f9 a lungo i cuori in crisi. \u00c8 cambiato anche il profilo dei pazienti: il candidato non \u00e8 pi\u00f9 necessariamente il sessantenne grassoccio e rosso\u2026 Il professor Yves COTTIN e il dottor Fr\u00e9d\u00e9ric CHAGUE aggiornano sull&#8217;attivit\u00e0 cardiaca dell&#8217;Ospedale Universitario di Digione.<\/strong><br><\/p>\n\n\n\n<p class=\"has-medium-font-size\"><strong>Dijon l&#8217;Hebdo:<\/strong> <em>lo scorso 29 settembre \u00e8 stato dedicato alla Giornata mondiale del cuore. Oggi non c&#8217;\u00e8 giorno che non sia dedicato a una causa. Come vede questi eventi, che si susseguono uno dopo l&#8217;altro?<\/em><br><strong>Professor Yves Cottin<\/strong>: &#8220;Non dobbiamo banalizzare questi eventi. Sono importanti perch\u00e9 sono momenti di riflessione e di scambio, ma anche di bilancio. \u00c8 essenziale fare il punto di tanto in tanto sulle cause pi\u00f9 importanti. Questa giornata di sensibilizzazione \u00e8 stata creata per informare il mondo che le malattie cardiovascolari, le cardiopatie e l&#8217;ictus sono le principali cause di morte nel mondo, prima del cancro. Queste malattie uccidono oggi pi\u00f9 persone che mai. Quest&#8217;anno l&#8217;attenzione si \u00e8 concentrata sull&#8217;attivit\u00e0 fisica tra i giovani e sull&#8217;importanza della prevenzione.<\/p>\n\n\n\n<p class=\"has-medium-font-size\"><br><strong>DLH<\/strong> : <em>Che tipo d&#8217;attivit\u00e0 fisica raccomandate ?<\/em><br><strong>Pr. COTTIN <\/strong>: <\/p>\n\n\n\n<p class=\"has-medium-font-size\">&#8220;L&#8217;attivit\u00e0 fisica e tutte le attivit\u00e0 di resistenza fanno bene alla prevenzione cardiovascolare. Questo \u00e8 stato dimostrato. Stiamo parlando di attivit\u00e0 fisica, non di sport. Chi cammina, sale le scale regolarmente, rientra in questo quadro.<br>Per quanto riguarda i pazienti con patologie cardiovascolari, abbiamo centri di riabilitazione che valutano le attivit\u00e0 giuste e soprattutto il loro livello. Vale a dire, il numero di battiti al minuto da non superare per evolvere in sicurezza. Sono stati fatti enormi progressi grazie agli strumenti connessi. Un orologio, anche economico, permette di vedere i limiti delle proprie prestazioni.<br>Il messaggio \u00e8 chiaro e fondamentale: l&#8217;attivit\u00e0 fisica, anche nei pazienti pi\u00f9 gravemente malati, \u00e8 sempre benefica in termini di rischio e riduzione del rischio cardiovascolare.<\/p>\n\n\n\n<p class=\"has-medium-font-size\"><br><strong>DLH<\/strong> : <em>Qhe cosa intendete per resistenza ?<\/em><br><strong>Pr. COTTIN <\/strong>: &#8220;\u00c8 semplicemente uno sforzo che si ripete nel tempo. Si parla spesso dei famosi 10.000 passi da fare ogni giorno. Fare di pi\u00f9 non \u00e8 controindicato. \u00c8 una prima base su cui costruire. E per trarre davvero beneficio da un&#8217;attivit\u00e0 prolungata, \u00e8 necessario ripeterla almeno tre volte alla settimana.<br><strong>Dr. CHAGUE<\/strong> : &#8220;Per coloro che si sentono in colpa per non fare almeno mezz&#8217;ora, possiamo dire che anche quindici minuti sono meglio di niente. E a chi dice di non avere tempo per trenta minuti di attivit\u00e0 fisica, dico che tre volte dieci minuti sono molto meglio di niente. Sappiamo che fare attivit\u00e0 fisica migliora il profilo metabolico e abbassa la pressione sanguigna.<br><br><strong>DLH <\/strong>: <em>Che cosa \u00e8 preferibile tra la marcia e il ciclismo ?<\/em><br><strong>Pr. COTTIN<\/strong> : &#8220;Non \u00e8 importante. La cosa pi\u00f9 importante \u00e8 un&#8217;attivit\u00e0 che piaccia al paziente. Non deve essere vista come una costrizione, ma come un&#8217;attivit\u00e0 di svago. Camminare, andare in bicicletta (non in mountain bike) e nuotare sono attivit\u00e0 eccellenti che non comportano un elevato impegno per il cuore.<\/p>\n\n\n\n<p class=\"has-medium-font-size\"><br><strong>DLH <\/strong>: <em>Potete ricordare quali sono le malattie cardio-vascolari ?<\/em><br><strong>Pr. COTTIN <\/strong>: &#8220;Sono tutte lesioni del miocardio. La pi\u00f9 nota \u00e8 ovviamente l&#8217;infarto del miocardio. Ci sono poi le cardiopatie ipertrofiche, le cardiopatie metaboliche legate al diabete, le cardiopatie valvolari\u2026 e includiamo anche tutto ci\u00f2 che \u00e8 a rischio vascolare, come le arteriopatie degli arti inferiori o gli incidenti vascolari cerebrali&#8221;.<\/p>\n\n\n\n<p class=\"has-medium-font-size\"><br><strong>DLH<\/strong> : <em>Che cos&#8217;\u00e8 l&#8217;insufficienza cardiaca ?<\/em><br><strong>Pr. COTTIN<\/strong> :&#8221;L&#8217;insufficienza cardiaca \u00e8 molto semplice da capire: \u00e8 quando la pompa non riesce a stare al passo con le vostre esigenze. \u00c8 come se la vostra auto non avesse abbastanza potenza per portarvi dove volete andare. I segni principali, oltre all&#8217;aumento di peso, sono la mancanza di fiato, le gambe gonfie, la necessit\u00e0 di alzarsi per respirare di notte. La diagnosi si basa su un esame del sangue (BNP) e su un&#8217;ecografia. \u00c8 il muscolo, le valvole\u2026? Se si nota una mancanza di respiro, \u00e8 necessario verificare che provenga dal cuore e non da una patologia polmonare o dall&#8217;anemia, perch\u00e9 le cause possono essere molteplici.<br><strong>Dr. Chagu\u00e9<\/strong> : &#8220;La campagna contro lo scompenso cardiaco mette in evidenza l&#8217;acronimo RPES: Respiro corto, Peso, Edema, Stanchezza. Questi segnali possono essere relativamente precoci e non bisogna esitare a consultare il prima possibile il proprio medico, che pu\u00f2 o meno indirizzare il paziente da un cardiologo per ulteriori esami: esami del sangue, elettrocardiogramma, ecografia cardiaca o anche coronografia, cio\u00e8 radiografia delle arterie del cuore.<br><\/p>\n\n\n\n<p class=\"has-medium-font-size\"><strong>DLH <\/strong>: <em>E il tabacco \u00e8 sempre un nemico ?<\/em><br><strong>Dr. CHAGUE<\/strong> : &#8220;Pi\u00f9 che mai. \u00c8 normale che si parli molto di tabacco perch\u00e9 \u00e8, insieme all&#8217;inattivit\u00e0 fisica, un rischio serio su cui possiamo lavorare efficacemente. Questi sono i fattori di rischio che chiamiamo modificabili. Smettere di fumare \u00e8 immediatamente benefico per il cuore.<\/p>\n\n\n\n<p class=\"has-medium-font-size\"><br><strong>DLH <\/strong>: <em>L\u2019insufficenza cardiaca \u00e8 sinonimo di invecchiamento ?<\/em><br><strong>Dr. CHAGUE <\/strong>: Non del tutto. La malattia colpisce anche i bambini, le donne in gravidanza e gli adulti sotto i 55 anni. L&#8217;eziologia dell&#8217;insufficienza cardiaca pu\u00f2 rivelare malattie molto specifiche come l&#8217;amiloidosi, caratterizzata da un deposito nel muscolo che fa indurire la parete. Anche in questo caso esistono trattamenti specifici.<\/p>\n\n\n\n<p class=\"has-medium-font-size\"><br><strong>DLH<\/strong> : <em>Come si colloca il reparto di cardiologia dell&#8217;Ospedale Universitario di Digione rispetto agli altri ospedali francesi?<\/em><br><strong>Pr. COTTIN<\/strong> :&#8221;Rimaniamo tra i migliori in termini di assistenza, ricerca e insegnamento. Possiamo dire che oggi l&#8217;Ospedale Universitario di Digione ha uno dei migliori reparti di cardiologia, uno dei pi\u00f9 rinomati in Francia per il trattamento degli infarti. \u00c8 importante sottolineare l&#8217;evoluzione tecnica a molti livelli. Prendiamo la diagnosi. Abbiamo ecografie sempre pi\u00f9 efficienti, eco da sforzo, risonanza magnetica cardiaca, anch&#8217;essa uno strumento importante, ma anche tutti i nuovi strumenti come il calcium score che ci permette di misurare il danno alle coronarie senza dover ricorrere all&#8217;angiografia coronarica.<br>In termini di terapia, anche in questo caso abbiamo fatto dei passi avanti formidabili. Per esempio, nel trattamento dell&#8217;ipercolesterolemia familiare: possiamo identificare le persone che producono colesterolo cattivo e trattarle in modo molto specifico con nuovi farmaci che ne riducono i livelli in modo molto significativo. Pi\u00f9 lunga \u00e8 l&#8217;esposizione al colesterolo, pi\u00f9 placche si svilupperanno.<br>Si tratta quindi di trattamenti preventivi. Ci sono stati anche importanti sviluppi in termini di gestione strutturale. La maggior parte delle valvole aortiche non viene pi\u00f9 operata. Si procede per via naturale. Ci sono stati anche sviluppi nelle strategie di ablazione per tutto ci\u00f2 che riguarda i disturbi del ritmo. \u00c8 importante sottolineare che all&#8217;Ospedale Universitario abbiamo accompagnato tutti questi progressi tecnici e tecnologici negli ultimi anni. Li abbiamo padroneggiati alla perfezione. Ci occupiamo anche di un numero sempre maggiore di indagini genetiche e siamo ancora molto ben posizionati nella riabilitazione cardiovascolare.<\/p>\n\n\n\n<p class=\"has-medium-font-size\"><br><strong>DLH <\/strong>: <em>E la vostra attivit\u00e0 si concentra solo all&#8217;interno del CHU ?<\/em><br><strong>Pr. COTTIN<\/strong> : &#8220;Abbiamo organizzato la nostra presenza cardiologica in tutta la regione. Molti di noi si recano un giorno alla settimana a Saulieu, Langres, Chaumont, ecc. A Semur-en-Auxois abbiamo aperto uno scanner cardiaco e una risonanza magnetica. Diverse volte alla settimana, un cardiologo del CHU \u00e8 presente per fornire consulenze e aiutare i nostri colleghi cardiologi di Semur e mantenere un&#8217;attivit\u00e0 locale essenziale.<br>Offriamo anche molta formazione. Ad esempio, abbiamo formato tutti i dipendenti della Banca del Rodano-Alpi alle tecniche di salvataggio. Grazie alle donazioni, abbiamo dotato molte sedi della regione di defibrillatori e ci facciamo un punto d&#8217;onore di mantenere un rapporto molto attivo con le associazioni di pazienti. Abbiamo anche un respiro internazionale: abbiamo appena completato un corso di formazione per i colleghi della Costa d&#8217;Avorio.<\/p>\n\n\n\n<figure class=\"wp-block-image size-large\"><img loading=\"lazy\" decoding=\"async\" width=\"1076\" height=\"788\" src=\"https:\/\/centcols.org\/backup\/wp-content\/uploads\/2022\/12\/Capture-decran-2022-12-30-143542.jpg\" alt=\"\" class=\"wp-image-69375\" srcset=\"https:\/\/centcols.org\/backup\/wp-content\/uploads\/2022\/12\/Capture-decran-2022-12-30-143542.jpg 1076w, https:\/\/centcols.org\/backup\/wp-content\/uploads\/2022\/12\/Capture-decran-2022-12-30-143542-500x366.jpg 500w, https:\/\/centcols.org\/backup\/wp-content\/uploads\/2022\/12\/Capture-decran-2022-12-30-143542-768x562.jpg 768w, https:\/\/centcols.org\/backup\/wp-content\/uploads\/2022\/12\/Capture-decran-2022-12-30-143542-600x439.jpg 600w\" sizes=\"(max-width: 1076px) 100vw, 1076px\" \/><\/figure>\n\n\n\n<p class=\"has-medium-font-size\"><br>Intervista di <strong>Jean-Louis PIERRE<\/strong>, direttore editoriale e redattore.<br><\/p>\n\n\n\n<figure class=\"wp-block-image size-large\"><img loading=\"lazy\" decoding=\"async\" width=\"317\" height=\"123\" src=\"https:\/\/centcols.org\/backup\/wp-content\/uploads\/2022\/12\/Capture-decran-2022-12-30-143433.jpg\" alt=\"\" class=\"wp-image-69369\"\/><\/figure>\n\n\n\n<p class=\"has-medium-font-size\"><strong>Jean\u2013Louis \u00e8 anche membro degli amici dei ciclo cardiaci<\/strong><\/p>\n\n\n\n<p class=\"has-text-align-right\">p.c.c L&#8217;Amicale des cyclo-cardiaques &#8211; Bolletino trimestrtale  n\u00b0153<\/p>\n","protected":false},"excerpt":{"rendered":"<p>Dal trapianto di cuore eseguito in Sudafrica nel 1967, una vera rivoluzione nella storia della chirurgia, la cardiologia ha fatto enormi progressi e i ricercatori stanno trovando strategie per far durare pi\u00f9 a lungo i cuori in crisi. \u00c8 cambiato anche il profilo dei pazienti: il candidato non \u00e8 pi\u00f9 necessariamente il sessantenne grassoccio e [&hellip;]<\/p>\n","protected":false},"author":397,"featured_media":0,"parent":0,"menu_order":0,"comment_status":"closed","ping_status":"closed","template":"","meta":{"_acf_changed":false,"ub_ctt_via":"","_monsterinsights_skip_tracking":false,"_monsterinsights_sitenote_active":false,"_monsterinsights_sitenote_note":"","_monsterinsights_sitenote_category":0,"footnotes":""},"acf":[],"featured_image_urls":{"full":"","thumbnail":"","medium":"","medium_large":"","large":"","1536x1536":"","2048x2048":"","woocommerce_thumbnail":"","woocommerce_single":"","woocommerce_gallery_thumbnail":""},"post_excerpt_stackable":"<p>Dal trapianto di cuore eseguito in Sudafrica nel 1967, una vera rivoluzione nella storia della chirurgia, la cardiologia ha fatto enormi progressi e i ricercatori stanno trovando strategie per far durare pi\u00f9 a lungo i cuori in crisi. \u00c8 cambiato anche il profilo dei pazienti: il candidato non \u00e8 pi\u00f9 necessariamente il sessantenne grassoccio e rosso\u2026 Il professor Yves COTTIN e il dottor Fr\u00e9d\u00e9ric CHAGUE aggiornano sull&#8217;attivit\u00e0 cardiaca dell&#8217;Ospedale Universitario di Digione. Dijon l&#8217;Hebdo: lo scorso 29 settembre \u00e8 stato dedicato alla Giornata mondiale del cuore. Oggi non c&#8217;\u00e8 giorno che non sia dedicato a una causa. Come vede questi&hellip;<\/p>\n","category_list":"","author_info":{"name":"Denis Chouquet-Stringer","url":"https:\/\/centcols.org\/backup\/it\/author\/6183\/"},"comments_num":"0 commenti","featured_image_urls_v2":{"full":"","thumbnail":"","medium":"","medium_large":"","large":"","1536x1536":"","2048x2048":"","woocommerce_thumbnail":"","woocommerce_single":"","woocommerce_gallery_thumbnail":""},"post_excerpt_stackable_v2":"<p>Dal trapianto di cuore eseguito in Sudafrica nel 1967, una vera rivoluzione nella storia della chirurgia, la cardiologia ha fatto enormi progressi e i ricercatori stanno trovando strategie per far durare pi\u00f9 a lungo i cuori in crisi. \u00c8 cambiato anche il profilo dei pazienti: il candidato non \u00e8 pi\u00f9 necessariamente il sessantenne grassoccio e rosso\u2026 Il professor Yves COTTIN e il dottor Fr\u00e9d\u00e9ric CHAGUE aggiornano sull&#8217;attivit\u00e0 cardiaca dell&#8217;Ospedale Universitario di Digione. Dijon l&#8217;Hebdo: lo scorso 29 settembre \u00e8 stato dedicato alla Giornata mondiale del cuore. Oggi non c&#8217;\u00e8 giorno che non sia dedicato a una causa. Come vede questi&hellip;<\/p>\n","category_list_v2":"","author_info_v2":{"name":"Denis Chouquet-Stringer","url":"https:\/\/centcols.org\/backup\/it\/author\/6183\/"},"comments_num_v2":"0 commenti","featured_image_src":null,"_links":{"self":[{"href":"https:\/\/centcols.org\/backup\/it\/wp-json\/wp\/v2\/pages\/71794"}],"collection":[{"href":"https:\/\/centcols.org\/backup\/it\/wp-json\/wp\/v2\/pages"}],"about":[{"href":"https:\/\/centcols.org\/backup\/it\/wp-json\/wp\/v2\/types\/page"}],"author":[{"embeddable":true,"href":"https:\/\/centcols.org\/backup\/it\/wp-json\/wp\/v2\/users\/397"}],"replies":[{"embeddable":true,"href":"https:\/\/centcols.org\/backup\/it\/wp-json\/wp\/v2\/comments?post=71794"}],"version-history":[{"count":0,"href":"https:\/\/centcols.org\/backup\/it\/wp-json\/wp\/v2\/pages\/71794\/revisions"}],"wp:attachment":[{"href":"https:\/\/centcols.org\/backup\/it\/wp-json\/wp\/v2\/media?parent=71794"}],"curies":[{"name":"wp","href":"https:\/\/api.w.org\/{rel}","templated":true}]}}