{"id":71804,"date":"2023-03-30T16:17:00","date_gmt":"2023-03-30T14:17:00","guid":{"rendered":"https:\/\/centcols.org\/backup\/convention-club-ami-avec-lamicale-des-cyclos-cardiaques\/"},"modified":"2023-04-02T12:01:57","modified_gmt":"2023-04-02T10:01:57","slug":"convention-club-ami-avec-lamicale-des-cyclos-cardiaques","status":"publish","type":"page","link":"https:\/\/centcols.org\/backup\/it\/convention-club-ami-avec-lamicale-des-cyclos-cardiaques\/","title":{"rendered":"Convenzione  &#8220;Club amico&#8221; con gli Amici dei ciclo cardiaci"},"content":{"rendered":"\n<p class=\"has-medium-font-size\">Sur la demande originelle d\u2019Andr\u00e9 Liotier, membre du Club des Cent Cols et de l\u2019Amicale des cyclos cardiaques, Bernard Giraudeau a propos\u00e9 aux membres du CA du club la signature <strong>d\u2019une convention de <\/strong><strong>&#8220;<\/strong><strong>CLUB AMI<\/strong><strong>&#8220;<\/strong><strong> de l\u2019Amicale des cyclos cardiaques.<\/strong><\/p>\n\n\n\n<p class=\"has-medium-font-size\">Su richiesta originale di Andr\u00e9 Liotier, membro del Club des Cent Cols e dell&#8217;Amicale des cyclos cardiaques, Bernard Giraudeau ha proposto ai membri del consiglio direttivo del club la firma di un accordo &#8220;CLUB AMI&#8221; con l&#8217;Amicale des cyclos cardiaques.<br>Il presidente dell&#8217;ACC, Jo\u00ebl Grandjean, ha ricevuto questo accordo firmato il 18 febbraio. Sar\u00e0 ufficializzato da una pubblicazione sulla rivista &#8220;C\u0153ur et V\u00e9lo&#8221; n\u00b0 155 del giugno 2023.<br>Abbiamo ottenuto un&#8217;anteprima della pubblicazione:<\/p>\n\n\n\n<figure class=\"wp-block-image size-large is-resized\"><img loading=\"lazy\" decoding=\"async\" src=\"https:\/\/centcols.org\/backup\/wp-content\/uploads\/2023\/03\/Image1.png\" alt=\"\" class=\"wp-image-71739\" width=\"785\" height=\"214\" srcset=\"https:\/\/centcols.org\/backup\/wp-content\/uploads\/2023\/03\/Image1.png 605w, https:\/\/centcols.org\/backup\/wp-content\/uploads\/2023\/03\/Image1-500x136.png 500w, https:\/\/centcols.org\/backup\/wp-content\/uploads\/2023\/03\/Image1-600x164.png 600w\" sizes=\"(max-width: 785px) 100vw, 785px\" \/><\/figure>\n\n\n\n<p class=\"has-medium-font-size\">Perch\u00e9 firmare un accordo con l&#8217;ACC?<br>Quando parliamo di &#8220;forza muscolare&#8221; come ciclisti, pensiamo subito all&#8217;azione dei muscoli del polpaccio (a torto), della coscia e dei glutei (a ragione), ma mai al muscolo cardiaco. Eppure l&#8217;attivit\u00e0 di questo muscolo \u00e8 fenomenale, ineludibile, ma rimane il bersaglio di molte patologie invalidanti.<br>Ritrovarsi a terra dopo una collisione o un errore di pilotaggio lascia il pi\u00f9 delle volte ai ciclisti dei temporanei postumi morali, fisici ed estetici. Lo dimostra <a href=\"https:\/\/centcols.org\/backup\/wp-content\/uploads\/2022\/12\/Accidentologie-74-1.pdf\">l&#8217;incidentologia dell&#8217;Alta Savoia<\/a>, come ci ha comunicato il Codep74 e come riassunto sul sito (<a href=\"https:\/\/centcols.org\/backup\/it\/securite-a-velo\/\">in La Gazzetta \/ Alla Rinfusa \/ Sicurezza in bicicletta<\/a>)<br>Proprio come una caduta in bicicletta o in mountain bike, molto spesso l&#8217;insufficienza cardiaca o un incidente non la evitano. Ma nel caso delle cardiopatie, i postumi non sono transitori: una volta dichiarata, la malattia richiede un&#8217;attenzione costante e diventa una presenza spesso preoccupante.<br>Il CCA ne \u00e8 ben consapevole e offre la propria assistenza e competenza ai soci del club &#8220;amico&#8221;:<br>Su richiesta del presidente del club amico, l&#8217;Amicale des Cyclos Cardiaques pu\u00f2 contattare un socio del Club des Cent Cols, che ha un problema cardiaco, per ridargli fiducia dimostrando i benefici della pratica sensata del cicloturismo per la salute cardiovascolare.<br>Inoltre, il CCA pubblica una newsletter trimestrale ricca di documentazione medica e di esperienze personali. Verr\u00e0 riproposta su \u02baLa Gazette\u02ba nella sezione \u02baAmicale des Cyclos Cardiaques\u02ba gi\u00e0 esistente sul sito web del Cent Cols Club. Quest&#8217;ultimo potr\u00e0 inoltre pubblicare qualsiasi altro articolo dell&#8217;Amicale che sia ritenuto di interesse per i soci del club.<br>Vi invitiamo a leggere ogni trimestre il bollettino &#8220;Cuore e bicicletta&#8221; de La Gazette. <a href=\"https:\/\/centcols.org\/backup\/wp-content\/uploads\/2023\/03\/154.pdf\">L&#8217;ultimo bollettino, il n\u00b0 154<\/a>, \u00e8 qui.<\/p>\n\n\n\n<p class=\"has-medium-font-size\"><\/p>\n","protected":false},"excerpt":{"rendered":"<p>Sur la demande originelle d\u2019Andr\u00e9 Liotier, membre du Club des Cent Cols et de l\u2019Amicale des cyclos cardiaques, Bernard Giraudeau a propos\u00e9 aux membres du CA du club la signature d\u2019une convention de &#8220;CLUB AMI&#8220; de l\u2019Amicale des cyclos cardiaques. Su richiesta originale di Andr\u00e9 Liotier, membro del Club des Cent Cols e dell&#8217;Amicale des [&hellip;]<\/p>\n","protected":false},"author":397,"featured_media":0,"parent":0,"menu_order":0,"comment_status":"closed","ping_status":"closed","template":"","meta":{"_acf_changed":false,"ub_ctt_via":"","_monsterinsights_skip_tracking":false,"_monsterinsights_sitenote_active":false,"_monsterinsights_sitenote_note":"","_monsterinsights_sitenote_category":0,"footnotes":""},"acf":[],"featured_image_urls":{"full":"","thumbnail":"","medium":"","medium_large":"","large":"","1536x1536":"","2048x2048":"","woocommerce_thumbnail":"","woocommerce_single":"","woocommerce_gallery_thumbnail":""},"post_excerpt_stackable":"<p>Sur la demande originelle d\u2019Andr\u00e9 Liotier, membre du Club des Cent Cols et de l\u2019Amicale des cyclos cardiaques, Bernard Giraudeau a propos\u00e9 aux membres du CA du club la signature d\u2019une convention de &#8220;CLUB AMI&#8220; de l\u2019Amicale des cyclos cardiaques. Su richiesta originale di Andr\u00e9 Liotier, membro del Club des Cent Cols e dell&#8217;Amicale des cyclos cardiaques, Bernard Giraudeau ha proposto ai membri del consiglio direttivo del club la firma di un accordo &#8220;CLUB AMI&#8221; con l&#8217;Amicale des cyclos cardiaques.Il presidente dell&#8217;ACC, Jo\u00ebl Grandjean, ha ricevuto questo accordo firmato il 18 febbraio. Sar\u00e0 ufficializzato da una pubblicazione sulla rivista &#8220;C\u0153ur&hellip;<\/p>\n","category_list":"","author_info":{"name":"Denis Chouquet-Stringer","url":"https:\/\/centcols.org\/backup\/it\/author\/6183\/"},"comments_num":"0 commenti","featured_image_urls_v2":{"full":"","thumbnail":"","medium":"","medium_large":"","large":"","1536x1536":"","2048x2048":"","woocommerce_thumbnail":"","woocommerce_single":"","woocommerce_gallery_thumbnail":""},"post_excerpt_stackable_v2":"<p>Sur la demande originelle d\u2019Andr\u00e9 Liotier, membre du Club des Cent Cols et de l\u2019Amicale des cyclos cardiaques, Bernard Giraudeau a propos\u00e9 aux membres du CA du club la signature d\u2019une convention de &#8220;CLUB AMI&#8220; de l\u2019Amicale des cyclos cardiaques. Su richiesta originale di Andr\u00e9 Liotier, membro del Club des Cent Cols e dell&#8217;Amicale des cyclos cardiaques, Bernard Giraudeau ha proposto ai membri del consiglio direttivo del club la firma di un accordo &#8220;CLUB AMI&#8221; con l&#8217;Amicale des cyclos cardiaques.Il presidente dell&#8217;ACC, Jo\u00ebl Grandjean, ha ricevuto questo accordo firmato il 18 febbraio. Sar\u00e0 ufficializzato da una pubblicazione sulla rivista &#8220;C\u0153ur&hellip;<\/p>\n","category_list_v2":"","author_info_v2":{"name":"Denis Chouquet-Stringer","url":"https:\/\/centcols.org\/backup\/it\/author\/6183\/"},"comments_num_v2":"0 commenti","featured_image_src":null,"_links":{"self":[{"href":"https:\/\/centcols.org\/backup\/it\/wp-json\/wp\/v2\/pages\/71804"}],"collection":[{"href":"https:\/\/centcols.org\/backup\/it\/wp-json\/wp\/v2\/pages"}],"about":[{"href":"https:\/\/centcols.org\/backup\/it\/wp-json\/wp\/v2\/types\/page"}],"author":[{"embeddable":true,"href":"https:\/\/centcols.org\/backup\/it\/wp-json\/wp\/v2\/users\/397"}],"replies":[{"embeddable":true,"href":"https:\/\/centcols.org\/backup\/it\/wp-json\/wp\/v2\/comments?post=71804"}],"version-history":[{"count":0,"href":"https:\/\/centcols.org\/backup\/it\/wp-json\/wp\/v2\/pages\/71804\/revisions"}],"wp:attachment":[{"href":"https:\/\/centcols.org\/backup\/it\/wp-json\/wp\/v2\/media?parent=71804"}],"curies":[{"name":"wp","href":"https:\/\/api.w.org\/{rel}","templated":true}]}}