{"id":71957,"date":"2022-12-30T11:10:31","date_gmt":"2022-12-30T10:10:31","guid":{"rendered":"https:\/\/centcols.org\/backup\/le-coreg-corse-se-presente\/"},"modified":"2023-04-13T16:28:55","modified_gmt":"2023-04-13T14:28:55","slug":"le-coreg-corse-se-presente","status":"publish","type":"page","link":"https:\/\/centcols.org\/backup\/it\/le-coreg-corse-se-presente\/","title":{"rendered":"Il Coreg Corsica si presenta"},"content":{"rendered":"\n<h3 class=\"has-kb-palette-3-color has-text-color has-medium-font-size wp-block-heading\">Attivit\u00e0 principali e soggiorni<\/h3>\n\n\n\n<p class=\"has-medium-font-size\">Lo sviluppo della FFCT in Corsica, quasi confidenziale, non \u00e8 mai stato significativo e il numero di club affiliati si \u00e8 sempre contato sulle dita di una mano.<br>Sono stati organizzati molti viaggi dalla Commissione Turismo della FFCT e dai vari Codep continentali, ma il seme non \u00e8 germogliato.<br>Persino due tappe del FFCT Cycling Tour non hanno dato luogo ad alcuna creazione.<br>In contrasto con questo quadro piuttosto cupo, il numero di persone che partecipano ai viaggi in bicicletta \u00e8 ancora al massimo, in particolare le organizzazioni Coreg Corse itineranti o stellari. Si potrebbe dire che \u00e8 normale, perch\u00e9 tutti gli organizzatori spendono molto tempo ed energia per far scoprire e apprezzare il loro territorio.<br>Terra di contrasti, vera e propria montagna nel mare, chiamata &#8220;Kallist\u00e9&#8221; la pi\u00f9 bella dai greci, la Corsica seduce per lo splendore dei suoi paesaggi selvaggi e variegati. I ciclisti apprezzano il fascino dell&#8217;isola della bellezza con gli itinerari &#8220;mare y monti&#8221; che vi portano attraverso le piccole strade della Corsica pi\u00f9 profonda con tappe a Propriano, Porto-Vecchio, Corte, Piedicroce, Saint Florent, Cap Corse, Algajola, Porto e Ajaccio.<br>Un fascino inesauribile che spinge l&#8217;assiduo ciclista a partecipare al suo ventitreesimo tour della Corsica! Il tour comprende escursioni marittime con visite alle grotte marine di Bonifacio, alle isole Lavezzi e alla riserva naturale di Scandola.<br>I non pedoni hanno a disposizione veicoli a noleggio e partecipano pienamente all&#8217;atmosfera amichevole. La principale risorsa delle organizzazioni Coreg Corse \u00e8 la Corsica con i corsi. Ad esempio, un anno sono state rubate 7 biciclette dal garage dell&#8217;hotel durante la 2\u00aa tappa; il tour \u00e8 proseguito con il noleggio di veicoli per le vittime fino alla 4\u00aa tappa, dove li aspettavano 7 biciclette in carbonio con pedali adatti alle loro scarpe, noleggiate da un negozio di biciclette di Bastia e trasportate a Zicavo da un amico di Ajaccio!<br>Tour de Corse e Tour de Force\u2026 ! Dopo diversi mesi di battaglia legale, il Coreg ha vinto la causa contro la compagnia di assicurazione dell&#8217;hotel e ha ottenuto un risarcimento completo per le vittime del furto.<br>Una regola fondamentale della FFCT \u00e8 sempre applicata: si parte insieme e si arriva insieme.<br>Francis PIETRA: Presidente del COREG corso per la FFCT &#8211; tel: 06 60 81 82 26<\/p>\n\n\n\n<div class=\"wp-block-image\"><figure class=\"aligncenter size-large\"><img loading=\"lazy\" decoding=\"async\" width=\"177\" height=\"155\" src=\"https:\/\/centcols.org\/backup\/wp-content\/uploads\/2022\/12\/Image1.jpg\" alt=\"\" class=\"wp-image-69345\"\/><\/figure><\/div>\n\n\n\n<p class=\"has-text-align-right\">(p.c.c l&#8217;Amicale des Cyclos Cardiaques &#8211; Bulletin trimetriel 153)<\/p>\n","protected":false},"excerpt":{"rendered":"<p>Attivit\u00e0 principali e soggiorni Lo sviluppo della FFCT in Corsica, quasi confidenziale, non \u00e8 mai stato significativo e il numero di club affiliati si \u00e8 sempre contato sulle dita di una mano.Sono stati organizzati molti viaggi dalla Commissione Turismo della FFCT e dai vari Codep continentali, ma il seme non \u00e8 germogliato.Persino due tappe del [&hellip;]<\/p>\n","protected":false},"author":69,"featured_media":0,"parent":0,"menu_order":0,"comment_status":"closed","ping_status":"closed","template":"","meta":{"_acf_changed":false,"ub_ctt_via":"","_monsterinsights_skip_tracking":false,"_monsterinsights_sitenote_active":false,"_monsterinsights_sitenote_note":"","_monsterinsights_sitenote_category":0,"footnotes":""},"acf":[],"featured_image_urls":{"full":"","thumbnail":"","medium":"","medium_large":"","large":"","1536x1536":"","2048x2048":"","woocommerce_thumbnail":"","woocommerce_single":"","woocommerce_gallery_thumbnail":""},"post_excerpt_stackable":"<p>Attivit\u00e0 principali e soggiorni Lo sviluppo della FFCT in Corsica, quasi confidenziale, non \u00e8 mai stato significativo e il numero di club affiliati si \u00e8 sempre contato sulle dita di una mano.Sono stati organizzati molti viaggi dalla Commissione Turismo della FFCT e dai vari Codep continentali, ma il seme non \u00e8 germogliato.Persino due tappe del FFCT Cycling Tour non hanno dato luogo ad alcuna creazione.In contrasto con questo quadro piuttosto cupo, il numero di persone che partecipano ai viaggi in bicicletta \u00e8 ancora al massimo, in particolare le organizzazioni Coreg Corse itineranti o stellari. Si potrebbe dire che \u00e8 normale,&hellip;<\/p>\n","category_list":"","author_info":{"name":"Enrico Alberini","url":"https:\/\/centcols.org\/backup\/it\/author\/5065\/"},"comments_num":"0 commenti","featured_image_urls_v2":{"full":"","thumbnail":"","medium":"","medium_large":"","large":"","1536x1536":"","2048x2048":"","woocommerce_thumbnail":"","woocommerce_single":"","woocommerce_gallery_thumbnail":""},"post_excerpt_stackable_v2":"<p>Attivit\u00e0 principali e soggiorni Lo sviluppo della FFCT in Corsica, quasi confidenziale, non \u00e8 mai stato significativo e il numero di club affiliati si \u00e8 sempre contato sulle dita di una mano.Sono stati organizzati molti viaggi dalla Commissione Turismo della FFCT e dai vari Codep continentali, ma il seme non \u00e8 germogliato.Persino due tappe del FFCT Cycling Tour non hanno dato luogo ad alcuna creazione.In contrasto con questo quadro piuttosto cupo, il numero di persone che partecipano ai viaggi in bicicletta \u00e8 ancora al massimo, in particolare le organizzazioni Coreg Corse itineranti o stellari. Si potrebbe dire che \u00e8 normale,&hellip;<\/p>\n","category_list_v2":"","author_info_v2":{"name":"Enrico Alberini","url":"https:\/\/centcols.org\/backup\/it\/author\/5065\/"},"comments_num_v2":"0 commenti","featured_image_src":null,"_links":{"self":[{"href":"https:\/\/centcols.org\/backup\/it\/wp-json\/wp\/v2\/pages\/71957"}],"collection":[{"href":"https:\/\/centcols.org\/backup\/it\/wp-json\/wp\/v2\/pages"}],"about":[{"href":"https:\/\/centcols.org\/backup\/it\/wp-json\/wp\/v2\/types\/page"}],"author":[{"embeddable":true,"href":"https:\/\/centcols.org\/backup\/it\/wp-json\/wp\/v2\/users\/69"}],"replies":[{"embeddable":true,"href":"https:\/\/centcols.org\/backup\/it\/wp-json\/wp\/v2\/comments?post=71957"}],"version-history":[{"count":0,"href":"https:\/\/centcols.org\/backup\/it\/wp-json\/wp\/v2\/pages\/71957\/revisions"}],"wp:attachment":[{"href":"https:\/\/centcols.org\/backup\/it\/wp-json\/wp\/v2\/media?parent=71957"}],"curies":[{"name":"wp","href":"https:\/\/api.w.org\/{rel}","templated":true}]}}