{"id":72290,"date":"2023-04-30T18:51:52","date_gmt":"2023-04-30T16:51:52","guid":{"rendered":"https:\/\/centcols.org\/backup\/les-licences-ffct-au-club-des-cent-cols\/"},"modified":"2023-05-05T15:08:35","modified_gmt":"2023-05-05T13:08:35","slug":"les-licences-ffct-au-club-des-cent-cols","status":"publish","type":"page","link":"https:\/\/centcols.org\/backup\/it\/les-licences-ffct-au-club-des-cent-cols\/","title":{"rendered":"Le licenze FFCT nel Club des Cent Cols"},"content":{"rendered":"\n<p class=\"has-medium-font-size\">Il Club des Cent Cols FFCT conta 116 membri al 1\u00b0 maggio 2023.<br>Il confronto del numero di soci tra il 2017 e il 2023 mostra<\/p>\n\n\n\n<ul id=\"block-2fe0ceff-56d3-4f5b-89ef-a5dd8fec78ec\" class=\"block-editor-rich-text__editable block-editor-block-list__block wp-block is-selected rich-text\" tabindex=\"0\" role=\"group\" contenteditable=\"true\" aria-multiline=\"true\" aria-label=\"Blocco: Elenco\" data-block=\"2fe0ceff-56d3-4f5b-89ef-a5dd8fec78ec\" data-type=\"core\/list\" data-title=\"Elenco\">\n<li><span style=\"font-size: 20px;\">una regressione tra gli anni 2017 e 2020,<\/span><\/li>\n<li><span style=\"font-size: 20px;\">poi, un&#8217;inversione della curva nel 2021 e quindi una progressione costante fino a raggiungere oggi 28 nuovi soci del club, di cui 7 nuovi soci del club e nuovi tesserati della FFCT.<\/span><\/li>\n<\/ul>\n\n\n\n<div class=\"wp-block-image\">\n<figure class=\"alignleft size-large\"><img loading=\"lazy\" decoding=\"async\" width=\"593\" height=\"355\" class=\"wp-image-72144\" src=\"https:\/\/centcols.org\/backup\/wp-content\/uploads\/2023\/04\/FFCT-Adherents.png\" alt=\"\" srcset=\"https:\/\/centcols.org\/backup\/wp-content\/uploads\/2023\/04\/FFCT-Adherents.png 593w, https:\/\/centcols.org\/backup\/wp-content\/uploads\/2023\/04\/FFCT-Adherents-500x299.png 500w\" sizes=\"(max-width: 593px) 100vw, 593px\" \/>\n<figcaption><span style=\"font-size: 16px;\">La politica del Club des Cent Cols in quest&#8217;area non \u00e8 mai stata quella di cercare di rubare soci a un club locale per ottenere pi\u00f9 licenze FFCT. Ma piuttosto di<\/span><br \/><span style=\"font-size: 16px;\">braccare i membri del CCC iscritti come membri individuali della FFCT<\/span><br \/><span style=\"font-size: 16px;\">convincere i soci che non sono membri della FFCT a diventarlo.<\/span><br \/><span style=\"font-size: 16px;\">Herv\u00e9 Reti\u00e8re, segretario del Club des Cent Cols, attua questa politica basata su uno stretto rapporto con i soci e ci spiega il suo metodo:<\/span><br \/><span style=\"font-size: 16px;\">&#8220;Per il trasferimento dei &#8220;Membri individuali&#8221; della FFCT al Club des Cent Cols, li ho contattati individualmente.<\/span><br \/><span style=\"font-size: 16px;\">Alcuni soci mi hanno chiesto un codice di sconto GOLD anche se ho notato che non appartenevano a un club sul loro modulo di iscrizione. Ho colto l&#8217;occasione per contattarli e convincerli ad aderire al CCC con i suoi maggiori vantaggi (assicurazione, aspetto della sicurezza, prezzo della licenza, convivialit\u00e0 del club e anche la lotta per mantenere il trofeo Challenge de France acquisito nel 2022).<\/span><br \/><span style=\"font-size: 16px;\">Altri soci che appartenevano a un club che si \u00e8 estinto nel 2023 (mancata riaffiliazione del club) si sono uniti a noi.<\/span><br \/><span style=\"font-size: 16px;\">Infine, ho incontrato i soci a Loud\u00e9ac durante la cena della Semaine F\u00e9d\u00e9rale e sui campi. Molto spesso non sapevano che esisteva un club FFCT all&#8217;interno della nostra Confr\u00e9rie (principio del passaparola!!!).<\/span><br \/><span style=\"font-size: 16px;\">Alla fine, il rinnovo del tesseramento 2022 \u00e8 stato cos\u00ec raggiunto registrando un aumento di quasi 30 adesioni nonostante la perdita di 5 soci (2 per motivi di et\u00e0, 2 per l&#8217;organizzazione della SF e una persona che si \u00e8 iscritta a un club locale).&#8221;<\/span><\/figcaption>\n<\/figure>\n<\/div>\n<p>\u00a0<\/p>\n","protected":false},"excerpt":{"rendered":"<p>Il Club des Cent Cols FFCT conta 116 membri al 1\u00b0 maggio 2023.Il confronto del numero di soci tra il 2017 e il 2023 mostra una regressione tra gli anni 2017 e 2020, poi, un&#8217;inversione della curva nel 2021 e quindi una progressione costante fino a raggiungere oggi 28 nuovi soci del club, di cui [&hellip;]<\/p>\n","protected":false},"author":69,"featured_media":0,"parent":0,"menu_order":0,"comment_status":"closed","ping_status":"closed","template":"","meta":{"_acf_changed":false,"ub_ctt_via":"","_monsterinsights_skip_tracking":false,"_monsterinsights_sitenote_active":false,"_monsterinsights_sitenote_note":"","_monsterinsights_sitenote_category":0,"footnotes":""},"acf":[],"featured_image_urls":{"full":"","thumbnail":"","medium":"","medium_large":"","large":"","1536x1536":"","2048x2048":"","woocommerce_thumbnail":"","woocommerce_single":"","woocommerce_gallery_thumbnail":""},"post_excerpt_stackable":"<p>Il Club des Cent Cols FFCT conta 116 membri al 1\u00b0 maggio 2023.Il confronto del numero di soci tra il 2017 e il 2023 mostra una regressione tra gli anni 2017 e 2020, poi, un&#8217;inversione della curva nel 2021 e quindi una progressione costante fino a raggiungere oggi 28 nuovi soci del club, di cui 7 nuovi soci del club e nuovi tesserati della FFCT. La politica del Club des Cent Cols in quest&#8217;area non \u00e8 mai stata quella di cercare di rubare soci a un club locale per ottenere pi\u00f9 licenze FFCT. Ma piuttosto dibraccare i membri del CCC&hellip;<\/p>\n","category_list":"","author_info":{"name":"Enrico Alberini","url":"https:\/\/centcols.org\/backup\/it\/author\/5065\/"},"comments_num":"0 commenti","featured_image_urls_v2":{"full":"","thumbnail":"","medium":"","medium_large":"","large":"","1536x1536":"","2048x2048":"","woocommerce_thumbnail":"","woocommerce_single":"","woocommerce_gallery_thumbnail":""},"post_excerpt_stackable_v2":"<p>Il Club des Cent Cols FFCT conta 116 membri al 1\u00b0 maggio 2023.Il confronto del numero di soci tra il 2017 e il 2023 mostra una regressione tra gli anni 2017 e 2020, poi, un&#8217;inversione della curva nel 2021 e quindi una progressione costante fino a raggiungere oggi 28 nuovi soci del club, di cui 7 nuovi soci del club e nuovi tesserati della FFCT. La politica del Club des Cent Cols in quest&#8217;area non \u00e8 mai stata quella di cercare di rubare soci a un club locale per ottenere pi\u00f9 licenze FFCT. Ma piuttosto dibraccare i membri del CCC&hellip;<\/p>\n","category_list_v2":"","author_info_v2":{"name":"Enrico Alberini","url":"https:\/\/centcols.org\/backup\/it\/author\/5065\/"},"comments_num_v2":"0 commenti","featured_image_src":null,"_links":{"self":[{"href":"https:\/\/centcols.org\/backup\/it\/wp-json\/wp\/v2\/pages\/72290"}],"collection":[{"href":"https:\/\/centcols.org\/backup\/it\/wp-json\/wp\/v2\/pages"}],"about":[{"href":"https:\/\/centcols.org\/backup\/it\/wp-json\/wp\/v2\/types\/page"}],"author":[{"embeddable":true,"href":"https:\/\/centcols.org\/backup\/it\/wp-json\/wp\/v2\/users\/69"}],"replies":[{"embeddable":true,"href":"https:\/\/centcols.org\/backup\/it\/wp-json\/wp\/v2\/comments?post=72290"}],"version-history":[{"count":0,"href":"https:\/\/centcols.org\/backup\/it\/wp-json\/wp\/v2\/pages\/72290\/revisions"}],"wp:attachment":[{"href":"https:\/\/centcols.org\/backup\/it\/wp-json\/wp\/v2\/media?parent=72290"}],"curies":[{"name":"wp","href":"https:\/\/api.w.org\/{rel}","templated":true}]}}