{"id":74606,"date":"2023-02-28T15:51:44","date_gmt":"2023-02-28T14:51:44","guid":{"rendered":"https:\/\/centcols.org\/backup\/?page_id=74606"},"modified":"2023-11-18T14:10:00","modified_gmt":"2023-11-18T13:10:00","slug":"cahier-des-charges-parcours-membres-or","status":"publish","type":"page","link":"https:\/\/centcols.org\/backup\/it\/cahier-des-charges-parcours-membres-or\/","title":{"rendered":"I percorsi dei membri approvati dal Club: le specifiche"},"content":{"rendered":"\n<p class=\"has-medium-font-size\">I corsi etichettati del Club des Cent Cols sono disciplinati da un rigoroso capitolato d&#8217;oneri volto a creare un insieme coerente e rappresentativo di percorsi proposti dai soci del Club.<\/p>\n\n\n\n<p class=\"has-medium-font-size\">Ogni percorso ha un titolo composto da :<\/p>\n\n\n\n<ul>\n<li><span style=\"font-size: 20px;\">Il codice nazionale di due lettere del paese in cui si trova il percorso<\/span><\/li>\n<li><span style=\"font-size: 20px;\">Il codice regionale\/dipartimentale\/provinciale<\/span><\/li>\n<li><span style=\"font-size: 20px;\">Il nome del percorso, scelto dall&#8217;autore<\/span><\/li>\n<li><span style=\"font-size: 20px;\">Esempio di titolo: FR-74 Col de l&#8217;Iseran \/ DE-BW Oppennau \/ IT-CN Boucle des Intersile<\/span><\/li>\n<\/ul>\n<p><span style=\"font-size: 20px;\">Le informazioni richieste all&#8217;autore del percorso candidato sono :<\/span><\/p>\n<ul>\n<li><span style=\"font-size: 20px;\">Nome e cognome dell&#8217;autore del percorso (niente pseudonimi).<\/span><\/li>\n<li><span style=\"font-size: 20px;\">Una breve descrizione per incoraggiare a percorrere l&#8217;itinerario: due o tre frasi sull&#8217;interesse, il patrimonio incontrato, la bellezza del luogo, ecc.<\/span><\/li>\n<li><span style=\"font-size: 20px;\">Un elenco dei passi del percorso, con i nomi e i codici dei passi e il link del visualizzatore<\/span><\/li>\n<li><span style=\"font-size: 20px;\">La data di completamento dell&#8217;itinerario. Le condizioni delle strade e l&#8217;elenco dei passi possono cambiare nel tempo. Tutti i percorsi devono essere stati\u00a0 oggetto di ricognizione.<\/span><\/li>\n<li><span style=\"font-size: 20px;\">Il punto di partenza, compresa un&#8217;area di parcheggio per i veicoli.<\/span><\/li>\n<li><span style=\"font-size: 20px;\">Alcune parole chiave (massimo 5) per facilitare la ricerca del percorso: il punto di partenza e, ad esempio, il nome del passo principale, il nome della catena montuosa.<\/span><\/li>\n<li><span style=\"font-size: 20px;\">Informazioni utili per chi segue il percorso:\u00a0 \u00a0 \u00a0 \u00a0 \u00a0 \u00a0 \u00a0 \u00a0 \u00a0 \u00a0 \u00a0 \u00a0 \u00a0 \u00a0 \u00a0 \u00a0 \u00a0 \u00a0 \u00a0 \u00a0 \u00a0 \u00a0 \u00a0 \u00a0 \u00a0 \u00a0 \u00a0 \u00a0 \u00a0 \u00a0 \u00a0 \u00a0 \u00a0 \u00a0 \u00a0 \u00a0 <\/span><span style=\"font-size: 20px;\">Per i percorsi stradali, le forti pendenze, il traffico automobilistico circostante, ecc.<br \/>Per i percorsi in mountain bike: settori di spinta, la loro lunghezza, probabili difficolt\u00e0, eventuali pericoli, ecc.<\/span><\/li>\n<\/ul>\n\n\n\n<p class=\"has-medium-font-size\">Tutti gli itinerari con la dicitura club-des-cent-cols sono proposti a titolo puramente informativo. <mark>Gli autori, le Club des Cent Cols non si assumono alcuna responsabilit\u00e0<\/mark> per le imponderabilit\u00e0 causate dal ciclista stesso, dall&#8217;equipaggiamento utilizzato, dalle condizioni meteorologiche o da qualsiasi altra cosa relativa alla strada, ai sentieri, all&#8217;ambiente circostante o agli altri utenti.<\/p>\n\n\n\n<h3 class=\"kt-adv-heading74606_765af2-59 wp-block-kadence-advancedheading\" data-kb-block=\"kb-adv-heading74606_765af2-59\"><strong>I  requisiti  da rispettare per i percorsi<\/strong><\/h3>\n\n\n\n<p class=\"has-medium-font-size\">I percorsi non devono prevedere l&#8217;accesso a passi vietati, attraversare propriet\u00e0 private o entrare in Parchi naturali o aree non autorizzate in generale.<\/p>\n\n\n\n<p class=\"has-medium-font-size\"><strong>I percorsi stradali<\/strong> devono<\/p>\n\n\n\n<p class=\"has-medium-font-size\">Includere almeno 1 passo<br>avere una lunghezza massima di 100 km e un D+ massimo di 2.500 m *.<\/p>\n\n\n\n<p class=\"has-medium-font-size\"><strong>I percorsi mulattieri<\/strong> devono<\/p>\n\n\n\n<p class=\"has-medium-font-size\">Includere almeno 1 passo di montagna<br>non presentare tratti pericolosi o acrobatici<br>Evidenziare le aree che potrebbero essere un deterrente (vuoti, ponti, vertigini, ecc.)<br>tollerare tratti di spinta brevi e facili che siano noti all&#8217;autore in termini di qualit\u00e0<br>Limitarsi a un massimo di 50 km e 1500 \/ 2000 m di D+ *.<\/p>\n\n\n\n<p class=\"has-medium-font-size\"><strong>I percorsi gravel <\/strong>devono<\/p>\n\n\n\n<p class=\"has-medium-font-size\">Includere almeno 1 passo di montagna<br>Non superare i 70\/80 km di lunghezza e con un massimo di 2000 m di D+*.<br>avere passaggi ciclabili al 100% solo su accessi R1 e S1.<br>Consentire alcuni brevi settori non ciclabili (ad esempio, il percorso di ritorno R2\/S2).<\/p>\n\n\n\n<ul>\n<li class=\"has-medium-font-size\">Una deroga (da giustificare) \u00e8 sempre possibile dato l&#8217;interesse del percorso.<\/li>\n<\/ul>\n\n\n\n<h3 class=\"kt-adv-heading74606_6b4be1-0c wp-block-kadence-advancedheading\" data-kb-block=\"kb-adv-heading74606_6b4be1-0c\"><strong>Organizzazione<\/strong><\/h3>\n\n\n\n<p class=\"has-medium-font-size\">I membri devono proporre i loro percorsi all&#8217;indirizzo seguente:<\/p>\n\n\n\n<p class=\"has-medium-font-size\"><a href=\"mailto:parcours-or@centcols.net\" target=\"_blank\" rel=\"noreferrer noopener\"><strong>parcours-or@centcols.net<\/strong><\/a><\/p>\n\n\n\n<p><span style=\"font-size: 20px;\">Un gruppo di tre persone \u00e8 incaricato di esaminare l&#8217;ammissibilit\u00e0 del percorso proposto dall&#8217;autore secondo i criteri stabiliti. Sar\u00e0 responsabile della presentazione dei percorsi sul sito web del club, della loro pubblicazione nell&#8217;account del club su Openrunner e della loro gestione.<\/span><\/p>\n<p><span style=\"font-size: 20px;\">I percorsi saranno elencati sul sito del club, nel menu &#8220;Randonner \/ Percorsi dei \/ percorsi etichettati&#8221;, e ogni percorso potr\u00e0 essere aperto su OpenRunner tramite un link diretto al suo nome.<\/span><\/p>\n<p><span style=\"font-size: 20px;\">Questo gruppo \u00e8 composto da:<\/span><\/p>\n\n\n\n<ul>\n<li><span style=\"font-size: 20px;\">Bernard Giraudeau<\/span><\/li>\n<li><span style=\"font-size: 20px;\">Christophe Badonnel\u00a0<\/span><\/li>\n<li><span style=\"font-size: 20px;\">Enrico Alberini<\/span><\/li>\n<\/ul>\n\n\n\n<h3 class=\"kt-adv-heading74606_17c064-4a wp-block-kadence-advancedheading\" data-kb-block=\"kb-adv-heading74606_17c064-4a\"><strong>Il conto del club su Openrunner<\/strong><\/h3>\n\n\n\n<p><span style=\"font-size: 20px;\">Per trovare la compilazione ufficiale dei percorsi del club:<\/span><\/p>\n<ul>\n<li><span style=\"font-size: 20px;\">Andare su Openrunner =&gt; https:\/\/www.openrunner.com\/<\/span><\/li>\n<li><span style=\"font-size: 20px;\">Cliccare su &#8220;cerca un percorso.<\/span><\/li>\n<li><span style=\"font-size: 20px;\">Inserire &#8220;club-des-cent-cols&#8221; in &#8220;Autore&#8221;.<\/span><\/li>\n<li><span style=\"font-size: 20px;\">\u00c8 anche possibile affinare la ricerca aggiungendo parole chiave di propria scelta.<\/span><\/li>\n<li><span style=\"font-size: 20px;\">Ogni percorso ufficiale del club \u00e8 facilmente identificabile grazie alla presenza del logo del club.<\/span><\/li>\n<\/ul>\n","protected":false},"excerpt":{"rendered":"<p>I corsi etichettati del Club des Cent Cols sono disciplinati da un rigoroso capitolato d&#8217;oneri volto a creare un insieme coerente e rappresentativo di percorsi proposti dai soci del Club. Ogni percorso ha un titolo composto da : Il codice nazionale di due lettere del paese in cui si trova il percorso Il codice regionale\/dipartimentale\/provinciale [&hellip;]<\/p>\n","protected":false},"author":69,"featured_media":0,"parent":0,"menu_order":0,"comment_status":"closed","ping_status":"closed","template":"","meta":{"_acf_changed":false,"ub_ctt_via":"","_monsterinsights_skip_tracking":false,"_monsterinsights_sitenote_active":false,"_monsterinsights_sitenote_note":"","_monsterinsights_sitenote_category":0,"footnotes":""},"acf":[],"featured_image_urls":{"full":"","thumbnail":"","medium":"","medium_large":"","large":"","1536x1536":"","2048x2048":"","woocommerce_thumbnail":"","woocommerce_single":"","woocommerce_gallery_thumbnail":""},"post_excerpt_stackable":"<p>I corsi etichettati del Club des Cent Cols sono disciplinati da un rigoroso capitolato d&#8217;oneri volto a creare un insieme coerente e rappresentativo di percorsi proposti dai soci del Club. Ogni percorso ha un titolo composto da : Il codice nazionale di due lettere del paese in cui si trova il percorso Il codice regionale\/dipartimentale\/provinciale Il nome del percorso, scelto dall&#8217;autore Esempio di titolo: FR-74 Col de l&#8217;Iseran \/ DE-BW Oppennau \/ IT-CN Boucle des Intersile Le informazioni richieste all&#8217;autore del percorso candidato sono : Nome e cognome dell&#8217;autore del percorso (niente pseudonimi). Una breve descrizione per incoraggiare a percorrere&hellip;<\/p>\n","category_list":"","author_info":{"name":"Enrico Alberini","url":"https:\/\/centcols.org\/backup\/it\/author\/5065\/"},"comments_num":"0 commenti","featured_image_urls_v2":{"full":"","thumbnail":"","medium":"","medium_large":"","large":"","1536x1536":"","2048x2048":"","woocommerce_thumbnail":"","woocommerce_single":"","woocommerce_gallery_thumbnail":""},"post_excerpt_stackable_v2":"<p>I corsi etichettati del Club des Cent Cols sono disciplinati da un rigoroso capitolato d&#8217;oneri volto a creare un insieme coerente e rappresentativo di percorsi proposti dai soci del Club. Ogni percorso ha un titolo composto da : Il codice nazionale di due lettere del paese in cui si trova il percorso Il codice regionale\/dipartimentale\/provinciale Il nome del percorso, scelto dall&#8217;autore Esempio di titolo: FR-74 Col de l&#8217;Iseran \/ DE-BW Oppennau \/ IT-CN Boucle des Intersile Le informazioni richieste all&#8217;autore del percorso candidato sono : Nome e cognome dell&#8217;autore del percorso (niente pseudonimi). Una breve descrizione per incoraggiare a percorrere&hellip;<\/p>\n","category_list_v2":"","author_info_v2":{"name":"Enrico Alberini","url":"https:\/\/centcols.org\/backup\/it\/author\/5065\/"},"comments_num_v2":"0 commenti","featured_image_src":null,"_links":{"self":[{"href":"https:\/\/centcols.org\/backup\/it\/wp-json\/wp\/v2\/pages\/74606"}],"collection":[{"href":"https:\/\/centcols.org\/backup\/it\/wp-json\/wp\/v2\/pages"}],"about":[{"href":"https:\/\/centcols.org\/backup\/it\/wp-json\/wp\/v2\/types\/page"}],"author":[{"embeddable":true,"href":"https:\/\/centcols.org\/backup\/it\/wp-json\/wp\/v2\/users\/69"}],"replies":[{"embeddable":true,"href":"https:\/\/centcols.org\/backup\/it\/wp-json\/wp\/v2\/comments?post=74606"}],"version-history":[{"count":0,"href":"https:\/\/centcols.org\/backup\/it\/wp-json\/wp\/v2\/pages\/74606\/revisions"}],"wp:attachment":[{"href":"https:\/\/centcols.org\/backup\/it\/wp-json\/wp\/v2\/media?parent=74606"}],"curies":[{"name":"wp","href":"https:\/\/api.w.org\/{rel}","templated":true}]}}