{"id":75141,"date":"2023-06-23T17:26:42","date_gmt":"2023-06-23T15:26:42","guid":{"rendered":"https:\/\/centcols.org\/backup\/?page_id=75141"},"modified":"2023-11-20T09:00:43","modified_gmt":"2023-11-20T08:00:43","slug":"un-col-a-la-pedale-ou-a-la-loupe","status":"publish","type":"page","link":"https:\/\/centcols.org\/backup\/it\/un-col-a-la-pedale-ou-a-la-loupe\/","title":{"rendered":"Un col : \u00e0 la p\u00e9dale ou \u00e0 la loupe ?"},"content":{"rendered":"\n<p><a href=\"https:\/\/centcols.org\/backup\/telegraphe\/\" target=\"_blank\" rel=\"noopener\" title=\"\">Le col du T\u00e9l\u00e9graphe<\/a><\/p>\n\n\n\n<p><a href=\"https:\/\/centcols.org\/backup\/plan-nicolas\/\" target=\"_blank\" rel=\"noopener\" title=\"\">Le collet du Plan Nicolas<\/a><\/p>\n\n\n\n<p><a href=\"https:\/\/centcols.org\/backup\/mollard-fr\/\" target=\"_blank\" rel=\"noopener\" title=\"\">Le col du Mollard<\/a><\/p>\n\n\n\n<p><a href=\"https:\/\/centcols.org\/backup\/sarenne\/\" target=\"_blank\" rel=\"noopener\" title=\"\">Le col de Sarenne<\/a><\/p>\n\n\n\n<p><a href=\"https:\/\/centcols.org\/backup\/lautaret-2\/\" target=\"_blank\" rel=\"noopener\" title=\"\">Le col du Lautaret<\/a><\/p>\n\n\n\n<p><a href=\"https:\/\/centcols.org\/backup\/croix-de-fer-2\/\" target=\"_blank\" rel=\"noopener\" title=\"\">Le col de la Croix de Fer<\/a><\/p>\n\n\n\n<p><a href=\"https:\/\/centcols.org\/backup\/glandon-2\/\" target=\"_blank\" rel=\"noopener\" title=\"\">Le col du Glandon<\/a><\/p>\n\n\n\n<p><a href=\"https:\/\/centcols.org\/backup\/le-col-du-galibier\/\" target=\"_blank\" rel=\"noopener\" title=\"\">Le col du Galibier <\/a><\/p>\n\n\n\n<p class=\"has-text-align-left\"><em>Le club des Cent Cols autorise la publication des articles contenus dans cette page, par les clubs cyclos, les CODEP ou COREG ou tout autre organisme de cyclotourisme \u00e0 la condition de citer le Club des Cent Cols et de mentionner les auteurs.<br><\/em><br><\/p>\n","protected":false},"excerpt":{"rendered":"<p>Le col du T\u00e9l\u00e9graphe Le collet du Plan Nicolas Le col du Mollard Le col de Sarenne Le col du Lautaret Le col de la Croix de Fer Le col du Glandon Le col du Galibier Le club des Cent Cols autorise la publication des articles contenus dans cette page, par les clubs cyclos, les [&hellip;]<\/p>\n","protected":false},"author":397,"featured_media":0,"parent":0,"menu_order":0,"comment_status":"closed","ping_status":"closed","template":"","meta":{"_acf_changed":false,"ub_ctt_via":"","_monsterinsights_skip_tracking":false,"_monsterinsights_sitenote_active":false,"_monsterinsights_sitenote_note":"","_monsterinsights_sitenote_category":0,"footnotes":""},"acf":[],"featured_image_urls":{"full":"","thumbnail":"","medium":"","medium_large":"","large":"","1536x1536":"","2048x2048":"","woocommerce_thumbnail":"","woocommerce_single":"","woocommerce_gallery_thumbnail":""},"post_excerpt_stackable":"<p>Le col du T\u00e9l\u00e9graphe Le collet du Plan Nicolas Le col du Mollard Le col de Sarenne Le col du Lautaret Le col de la Croix de Fer Le col du Glandon Le col du Galibier Le club des Cent Cols autorise la publication des articles contenus dans cette page, par les clubs cyclos, les CODEP ou COREG ou tout autre organisme de cyclotourisme \u00e0 la condition de citer le Club des Cent Cols et de mentionner les auteurs.<\/p>\n","category_list":"","author_info":{"name":"Denis Chouquet-Stringer","url":"https:\/\/centcols.org\/backup\/it\/author\/6183\/"},"comments_num":"0 commenti","featured_image_urls_v2":{"full":"","thumbnail":"","medium":"","medium_large":"","large":"","1536x1536":"","2048x2048":"","woocommerce_thumbnail":"","woocommerce_single":"","woocommerce_gallery_thumbnail":""},"post_excerpt_stackable_v2":"<p>Le col du T\u00e9l\u00e9graphe Le collet du Plan Nicolas Le col du Mollard Le col de Sarenne Le col du Lautaret Le col de la Croix de Fer Le col du Glandon Le col du Galibier Le club des Cent Cols autorise la publication des articles contenus dans cette page, par les clubs cyclos, les CODEP ou COREG ou tout autre organisme de cyclotourisme \u00e0 la condition de citer le Club des Cent Cols et de mentionner les auteurs.<\/p>\n","category_list_v2":"","author_info_v2":{"name":"Denis Chouquet-Stringer","url":"https:\/\/centcols.org\/backup\/it\/author\/6183\/"},"comments_num_v2":"0 commenti","featured_image_src":null,"_links":{"self":[{"href":"https:\/\/centcols.org\/backup\/it\/wp-json\/wp\/v2\/pages\/75141"}],"collection":[{"href":"https:\/\/centcols.org\/backup\/it\/wp-json\/wp\/v2\/pages"}],"about":[{"href":"https:\/\/centcols.org\/backup\/it\/wp-json\/wp\/v2\/types\/page"}],"author":[{"embeddable":true,"href":"https:\/\/centcols.org\/backup\/it\/wp-json\/wp\/v2\/users\/397"}],"replies":[{"embeddable":true,"href":"https:\/\/centcols.org\/backup\/it\/wp-json\/wp\/v2\/comments?post=75141"}],"version-history":[{"count":0,"href":"https:\/\/centcols.org\/backup\/it\/wp-json\/wp\/v2\/pages\/75141\/revisions"}],"wp:attachment":[{"href":"https:\/\/centcols.org\/backup\/it\/wp-json\/wp\/v2\/media?parent=75141"}],"curies":[{"name":"wp","href":"https:\/\/api.w.org\/{rel}","templated":true}]}}