{"id":76606,"date":"2023-08-17T18:05:57","date_gmt":"2023-08-17T16:05:57","guid":{"rendered":"https:\/\/centcols.org\/backup\/?page_id=76606"},"modified":"2023-08-17T18:26:51","modified_gmt":"2023-08-17T16:26:51","slug":"faciliter-saisie-cols","status":"publish","type":"page","link":"https:\/\/centcols.org\/backup\/it\/faciliter-saisie-cols\/","title":{"rendered":"Facilitare la scelta dei passi per i futuri aderenti"},"content":{"rendered":"\n<p>Vous avez grimp\u00e9 des cols, et peut \u00eatre m\u00eame plus que vous le pensez car certains n&#8217;ont pas de panneau au sommet et vous avez pu les franchir \u00e0 votre insu.<\/p>\n\n\n\n<p id=\"block-a36883d0-7fa9-4f0a-a3a3-bb70f0530f47\">Vous avez franchi au moins 100 cols, dont 5 d&#8217;altitude sup\u00e9rieure \u00e0 2000 m, ou allez bient\u00f4t le faire ? Il est temps de penser \u00e0 adh\u00e9rer au Club des Cent Cols !<\/p>\n\n\n\n<p id=\"block-abf11128-500f-4e9f-b883-c4fbdbd8c0e5\">Prenez connaissance de la <a href=\"https:\/\/centcols.org\/backup\/regle-du-jeu\/\">R\u00e8gle du jeu<\/a> pour \u00eatre s\u00fbr &#8220;d&#8217;\u00eatre dans les clous&#8221; ; vous y verrez, notamment, que vous n\u2019avez aucune preuve \u00e0 apporter pour les cols franchis, votre bonne foi suffit amplement.<\/p>\n\n\n\n<p id=\"block-dddc4d0e-e505-4002-bb7b-b5098532193e\">C&#8217;est donc parti, il vous reste juste \u00e0 constituer votre liste de cols. Dans la rubrique <a href=\"https:\/\/centcols.org\/backup\/comment-faire-2\/\" target=\"_blank\" rel=\"noreferrer noopener\">comment faire<\/a> du site du club, on vous explique comment dresser cette liste.<\/p>\n\n\n\n<p id=\"block-f24aa222-e173-4856-8e29-2edc653bd680\">Vous avez \u00e0 votre disposition plusieurs outils pour trouver vos cols, oubli\u00e9s ou non, et les lister.<\/p>\n\n\n\n<p class=\"has-huge-font-size\"><strong>1 &#8211; Sur le site du club (et accessibles aux non-membres)<\/strong><\/p>\n\n\n\n<p class=\"has-vivid-cyan-blue-color has-text-color has-huge-font-size\">1.1 &#8211; Par l&#8217;<a href=\"https:\/\/centcols.org\/backup\/util\/geo\/ccWay\/\" target=\"_blank\" rel=\"noreferrer noopener\">application CCway<\/a><\/p>\n\n\n\n<p id=\"block-d6ba1259-6557-4add-88bc-165d1c329633\">Vous pouvez t\u00e9l\u00e9charger un maximum de 100 cols en donn\u00e9es GPX ou KLM (quand vous serez membre du club, le nombre de cols t\u00e9l\u00e9chargeables sera illimit\u00e9).<\/p>\n\n\n\n<p id=\"block-4822fbd1-7729-4b36-9d48-572f02279809\">Le fichier obtenu, une fois ouvert sur un logiciel de cartographie ou sur Google Earth, vous permet de les rep\u00e9rer.<\/p>\n\n\n\n<p id=\"block-d80f6bbb-454e-438a-98a5-394b59450944\">Par exemple&nbsp;:<\/p>\n","protected":false},"excerpt":{"rendered":"<p>Vous avez grimp\u00e9 des cols, et peut \u00eatre m\u00eame plus que vous le pensez car certains n&#8217;ont pas de panneau au sommet et vous avez pu les franchir \u00e0 votre insu. Vous avez franchi au moins 100 cols, dont 5 d&#8217;altitude sup\u00e9rieure \u00e0 2000 m, ou allez bient\u00f4t le faire ? Il est temps de [&hellip;]<\/p>\n","protected":false},"author":69,"featured_media":0,"parent":0,"menu_order":0,"comment_status":"closed","ping_status":"closed","template":"","meta":{"_acf_changed":false,"ub_ctt_via":"","_monsterinsights_skip_tracking":false,"_monsterinsights_sitenote_active":false,"_monsterinsights_sitenote_note":"","_monsterinsights_sitenote_category":0,"footnotes":""},"acf":[],"featured_image_urls":{"full":"","thumbnail":"","medium":"","medium_large":"","large":"","1536x1536":"","2048x2048":"","woocommerce_thumbnail":"","woocommerce_single":"","woocommerce_gallery_thumbnail":""},"post_excerpt_stackable":"<p>Vous avez grimp\u00e9 des cols, et peut \u00eatre m\u00eame plus que vous le pensez car certains n&#8217;ont pas de panneau au sommet et vous avez pu les franchir \u00e0 votre insu. Vous avez franchi au moins 100 cols, dont 5 d&#8217;altitude sup\u00e9rieure \u00e0 2000 m, ou allez bient\u00f4t le faire ? Il est temps de penser \u00e0 adh\u00e9rer au Club des Cent Cols ! Prenez connaissance de la R\u00e8gle du jeu pour \u00eatre s\u00fbr &#8220;d&#8217;\u00eatre dans les clous&#8221; ; vous y verrez, notamment, que vous n\u2019avez aucune preuve \u00e0 apporter pour les cols franchis, votre bonne foi suffit amplement. C&#8217;est&hellip;<\/p>\n","category_list":"","author_info":{"name":"Enrico Alberini","url":"https:\/\/centcols.org\/backup\/it\/author\/5065\/"},"comments_num":"0 commenti","featured_image_urls_v2":{"full":"","thumbnail":"","medium":"","medium_large":"","large":"","1536x1536":"","2048x2048":"","woocommerce_thumbnail":"","woocommerce_single":"","woocommerce_gallery_thumbnail":""},"post_excerpt_stackable_v2":"<p>Vous avez grimp\u00e9 des cols, et peut \u00eatre m\u00eame plus que vous le pensez car certains n&#8217;ont pas de panneau au sommet et vous avez pu les franchir \u00e0 votre insu. Vous avez franchi au moins 100 cols, dont 5 d&#8217;altitude sup\u00e9rieure \u00e0 2000 m, ou allez bient\u00f4t le faire ? Il est temps de penser \u00e0 adh\u00e9rer au Club des Cent Cols ! Prenez connaissance de la R\u00e8gle du jeu pour \u00eatre s\u00fbr &#8220;d&#8217;\u00eatre dans les clous&#8221; ; vous y verrez, notamment, que vous n\u2019avez aucune preuve \u00e0 apporter pour les cols franchis, votre bonne foi suffit amplement. C&#8217;est&hellip;<\/p>\n","category_list_v2":"","author_info_v2":{"name":"Enrico Alberini","url":"https:\/\/centcols.org\/backup\/it\/author\/5065\/"},"comments_num_v2":"0 commenti","featured_image_src":null,"_links":{"self":[{"href":"https:\/\/centcols.org\/backup\/it\/wp-json\/wp\/v2\/pages\/76606"}],"collection":[{"href":"https:\/\/centcols.org\/backup\/it\/wp-json\/wp\/v2\/pages"}],"about":[{"href":"https:\/\/centcols.org\/backup\/it\/wp-json\/wp\/v2\/types\/page"}],"author":[{"embeddable":true,"href":"https:\/\/centcols.org\/backup\/it\/wp-json\/wp\/v2\/users\/69"}],"replies":[{"embeddable":true,"href":"https:\/\/centcols.org\/backup\/it\/wp-json\/wp\/v2\/comments?post=76606"}],"version-history":[{"count":0,"href":"https:\/\/centcols.org\/backup\/it\/wp-json\/wp\/v2\/pages\/76606\/revisions"}],"wp:attachment":[{"href":"https:\/\/centcols.org\/backup\/it\/wp-json\/wp\/v2\/media?parent=76606"}],"curies":[{"name":"wp","href":"https:\/\/api.w.org\/{rel}","templated":true}]}}