{"id":78150,"date":"2023-11-27T08:32:43","date_gmt":"2023-11-27T07:32:43","guid":{"rendered":"https:\/\/centcols.org\/backup\/?page_id=78150"},"modified":"2023-11-29T15:39:10","modified_gmt":"2023-11-29T14:39:10","slug":"licences-ffct-2024","status":"publish","type":"page","link":"https:\/\/centcols.org\/backup\/it\/licences-ffct-2024\/","title":{"rendered":"Tesseramento FFCT"},"content":{"rendered":"\n<pre class=\"wp-block-preformatted\">Redatto da Herv\u00e9 RETI\u00c8RE<\/pre>\n\n\n<p><span style=\"font-size: 20px;\">Il Club des Cent Cols (N\u00b0 06384) <\/span><span style=\"font-size: 20px;\">vi offre l&#8217;opportunit\u00e0 di diventare membri della FFCT.<\/span><\/p>\n<p><span style=\"font-size: 20px;\">Lo scopo del Club des Cent Cols \u00e8 quello di riunire i cicloturisti che amano la mountain bike in tutte le sue forme (strada, mountain bike, gravel).<\/span><\/p>\n<p><span style=\"font-size: 20px;\">Nota bene<\/span><\/p>\n<p><span style=\"font-size: 20px;\">(*) Le licenze possono essere rilasciate solo ai membri del Club des Cent Cols e ai membri associati in regola con il pagamento della quota annuale.<\/span><\/p>\n<p><span style=\"font-size: 20px;\">La quota associativa \u00e8 di 15,00 euro per i membri ed \u00e8 ridotta a 7,50 euro per i membri associati.<\/span><\/p>\n<p><span style=\"font-size: 20px;\"><strong><em><u>Nota<\/u><\/em><\/strong><em><u>: <\/u><span style=\"color: #3366ff;\">\u00c8 possibile versare la quota associativa di 15,00 euro contestualmente alla licenza alla segreteria tramite bonifico bancario (\u00e8 possibile effettuare un unico pagamento per la quota associativa e la licenza).<\/span><\/em><\/span><\/p>\n<h2>TESSERAMENTO 2024<\/h2>\n<p><span style=\"font-size: 20px;\"><strong>Il prezzo della licenza non ha subito variazioni di prezzo ne per la quota parte della licenza, rivista o assicurazione.<\/strong><\/span><\/p>\n<p><span style=\"font-size: 20px;\">Alfine di\u00a0 SCEGLIERE LA VOSTRA OPZIONE (mini-braquet, petit-braquet o grand-braquet), GUARDERE LE TABELLE ESPLICATIVE PUBBLICATR DALLA FFCT:<\/span><\/p>\n<p><span style=\"font-size: 20px;\">Per memoria:\u00a0 <a href=\"https:\/\/centcols.org\/backup\/wp-content\/uploads\/2023\/11\/2024-Tarifs-Clubs-Saison.pdf\">TARIFS Clubs\u2013Saison 2024<\/a> <em>(Documento FFCT<\/em><em>)<\/em>.<\/span><\/p>\n<p><span style=\"font-size: 20px;\">Per memoria:\u00a0 <a href=\"https:\/\/centcols.org\/backup\/wp-content\/uploads\/2023\/11\/2024-Notice-dInformation-Assurance-AXA.pdf\">R\u00c9SUM\u00c9 DE LA NOTICE D\u2019INFORMATION SAISON 2024<\/a> <em>(Documento FFCT)<\/em>. Questo documento permette di conoscere le condizioni di garanzia in funzione dell&#8217;opzione scelta.<\/span><\/p>\n<h2>Certificato medico o questionario QS-Sport ?<\/h2>\n<p><span style=\"font-size: 20px;\">Il certificato medico rimane <strong><u>obbligatorio <\/u><\/strong>unicamente per i tesserati che partecipano a delle <strong><span style=\"text-decoration: underline;\">granfondo ciclistiche<\/span><\/strong>.<\/span><\/p>\n<p><span style=\"font-size: 20px;\"><a href=\"https:\/\/centcols.org\/backup\/wp-content\/uploads\/2023\/11\/2024-Questionnaire-Sante.pdf\">Il questionario QS-Sport<\/a> \u00e8 stato modificato dalla Federazione, \u00e8 pi\u00f9 completo. Questo documento \u00e8 confidenziale e non deve essere inviato al Club, lo consultae e lo conservate.<\/span><\/p>\n<p><span style=\"font-size: 20px;\">Bisogna certificare nel documento \u00ab<a href=\"https:\/\/centcols.org\/backup\/wp-content\/uploads\/2023\/11\/1-Demande-de-licence-2024.pdf\">1-Domanda di tesseramento 2024 <\/a>\u00bb barrando la casella ne lato verso.<\/span><\/p>\n<h2>Documenti da fornire per ottenere il tessramento<\/h2>\n<p><span style=\"font-size: 20px;\"><a href=\"https:\/\/centcols.org\/backup\/wp-content\/uploads\/2023\/11\/1-Demande-de-licence-2024-1.pdf\">1 \u2013 Domanda di tesseramento 2024\u00a0<\/a> (Una stampa per famiglia). Con lo scopo di semplificare la vostra domanda adesso c&#8217;\u00e8 un <a href=\"https:\/\/centcols.org\/backup\/wp-content\/uploads\/2023\/11\/1-Demande-de-licence-2024-1.pdf\"><strong><u><span style=\"background-color: #00ffff;\">documento<\/span> <span style=\"background-color: #00ffff;\">unico<\/span><\/u><\/strong> <\/a>in un formato unico A4 recto-verso che comporta una serie di domande e il \u00ab talloncino Assicurazione AXA \u00bb.<\/span><\/p>\n<p><span style=\"background-color: #00ffff; font-size: 20px;\"><strong>Per l&#8217;invio postale precisare \u00ab Club des Cent Cols \u00bb nell&#8217;indirizzo.<\/strong><\/span><\/p>\n<p><span style=\"font-size: 20px;\">Il dossier pu\u00f2 anche essere inviato via internet con pagamento con bonifico bancario su conto del \u00ab Club des Cent Cols \u00bb.<\/span><\/p>\n<p><span style=\"font-size: 20px;\">In questo caso per agevolare il trattamento dei dati da parte del segretario bisogna <span style=\"background-color: #00ffff;\">inviare anche una copia della contabile dei bonifico effettuato.<\/span><\/span><\/p>\n<h2>Documenti assicurazione tesserati<\/h2>\n<p><span style=\"font-size: 20px;\"><a href=\"https:\/\/centcols.org\/backup\/wp-content\/uploads\/2023\/11\/2024-Notice-dInformation-Assurance-AXA-1.pdf\">2 \u2013\u00a0 Foglio informativo sull&#8217;assicurazione AXA 2024<\/a> : questo documento deve essere letto, bisogna firmare il coupon che \u00e8 inserito nel documento\u00a0 \u00ab 1 &#8211; Domanda di tesseramento 2024 \u00bb.<\/span><\/p>\n<p><span style=\"font-size: 20px;\"><strong>La tessera elettronica sar\u00e0 inviata direttamente all&#8217;indirizzo mail che voi avrete indicato.<\/strong><\/span><\/p>\n<p><span style=\"font-size: 20px;\">Se non avete un indirizzo mail menzionate quello del segretario che ve la invier\u00e0.<\/span><\/p>\n<h3><span style=\"color: #0000ff;\"><span style=\"color: #000000;\"><strong>Contatto :<\/strong><\/span><\/span><\/h3>\n<p><span style=\"font-size: 20px;\"><span style=\"color: #0000ff;\"><span style=\"color: #000000;\">Club des Cent Cols<br \/>Herv\u00e9 Reti\u00e8re<br \/><\/span><\/span><span style=\"color: #0000ff;\"><span style=\"color: #000000;\">28 Rue La Fontaine<br \/>95240 Cormeilles-en-Parisis<br \/>+33 (0)7.49.83.64.20<br \/><a href=\"mailto:secretaire@centcols.net\" target=\"_blank\" rel=\"noopener noreferrer\">secretaire@centcols.net<\/a> <\/span><\/span><\/span><\/p>\n\n\n<p><\/p>\n","protected":false},"excerpt":{"rendered":"<p>Redatto da Herv\u00e9 RETI\u00c8RE Il Club des Cent Cols (N\u00b0 06384) vi offre l&#8217;opportunit\u00e0 di diventare membri della FFCT. Lo scopo del Club des Cent Cols \u00e8 quello di riunire i cicloturisti che amano la mountain bike in tutte le sue forme (strada, mountain bike, gravel). Nota bene (*) Le licenze possono essere rilasciate solo [&hellip;]<\/p>\n","protected":false},"author":69,"featured_media":0,"parent":0,"menu_order":0,"comment_status":"closed","ping_status":"closed","template":"","meta":{"_acf_changed":false,"ub_ctt_via":"","_monsterinsights_skip_tracking":false,"_monsterinsights_sitenote_active":false,"_monsterinsights_sitenote_note":"","_monsterinsights_sitenote_category":0,"footnotes":""},"acf":[],"featured_image_urls":{"full":"","thumbnail":"","medium":"","medium_large":"","large":"","1536x1536":"","2048x2048":"","woocommerce_thumbnail":"","woocommerce_single":"","woocommerce_gallery_thumbnail":""},"post_excerpt_stackable":"<p>Redatto da Herv\u00e9 RETI\u00c8RE Il Club des Cent Cols (N\u00b0 06384) vi offre l&#8217;opportunit\u00e0 di diventare membri della FFCT. Lo scopo del Club des Cent Cols \u00e8 quello di riunire i cicloturisti che amano la mountain bike in tutte le sue forme (strada, mountain bike, gravel). Nota bene (*) Le licenze possono essere rilasciate solo ai membri del Club des Cent Cols e ai membri associati in regola con il pagamento della quota annuale. La quota associativa \u00e8 di 15,00 euro per i membri ed \u00e8 ridotta a 7,50 euro per i membri associati. Nota: \u00c8 possibile versare la quota&hellip;<\/p>\n","category_list":"","author_info":{"name":"Enrico Alberini","url":"https:\/\/centcols.org\/backup\/it\/author\/5065\/"},"comments_num":"0 commenti","featured_image_urls_v2":{"full":"","thumbnail":"","medium":"","medium_large":"","large":"","1536x1536":"","2048x2048":"","woocommerce_thumbnail":"","woocommerce_single":"","woocommerce_gallery_thumbnail":""},"post_excerpt_stackable_v2":"<p>Redatto da Herv\u00e9 RETI\u00c8RE Il Club des Cent Cols (N\u00b0 06384) vi offre l&#8217;opportunit\u00e0 di diventare membri della FFCT. Lo scopo del Club des Cent Cols \u00e8 quello di riunire i cicloturisti che amano la mountain bike in tutte le sue forme (strada, mountain bike, gravel). Nota bene (*) Le licenze possono essere rilasciate solo ai membri del Club des Cent Cols e ai membri associati in regola con il pagamento della quota annuale. La quota associativa \u00e8 di 15,00 euro per i membri ed \u00e8 ridotta a 7,50 euro per i membri associati. Nota: \u00c8 possibile versare la quota&hellip;<\/p>\n","category_list_v2":"","author_info_v2":{"name":"Enrico Alberini","url":"https:\/\/centcols.org\/backup\/it\/author\/5065\/"},"comments_num_v2":"0 commenti","featured_image_src":null,"_links":{"self":[{"href":"https:\/\/centcols.org\/backup\/it\/wp-json\/wp\/v2\/pages\/78150"}],"collection":[{"href":"https:\/\/centcols.org\/backup\/it\/wp-json\/wp\/v2\/pages"}],"about":[{"href":"https:\/\/centcols.org\/backup\/it\/wp-json\/wp\/v2\/types\/page"}],"author":[{"embeddable":true,"href":"https:\/\/centcols.org\/backup\/it\/wp-json\/wp\/v2\/users\/69"}],"replies":[{"embeddable":true,"href":"https:\/\/centcols.org\/backup\/it\/wp-json\/wp\/v2\/comments?post=78150"}],"version-history":[{"count":0,"href":"https:\/\/centcols.org\/backup\/it\/wp-json\/wp\/v2\/pages\/78150\/revisions"}],"wp:attachment":[{"href":"https:\/\/centcols.org\/backup\/it\/wp-json\/wp\/v2\/media?parent=78150"}],"curies":[{"name":"wp","href":"https:\/\/api.w.org\/{rel}","templated":true}]}}