{"id":80116,"date":"2024-02-24T20:22:52","date_gmt":"2024-02-24T19:22:52","guid":{"rendered":"https:\/\/centcols.org\/backup\/?page_id=80116"},"modified":"2024-03-01T17:41:39","modified_gmt":"2024-03-01T16:41:39","slug":"contactez-nous","status":"publish","type":"page","link":"https:\/\/centcols.org\/backup\/it\/contactez-nous\/","title":{"rendered":"Adresses de contact"},"content":{"rendered":"\n<p>Pour conna\u00eetre les conditions d\u2019inscription au Club des Cent Cols ou pour savoir comment verser sa cotisation annuelle, consultez les rubriques&nbsp;<a href=\"https:\/\/centcols.org\/backup\/regle-du-jeu\/\">R\u00e8gle du jeu<\/a>,&nbsp;<a href=\"https:\/\/centcols.org\/backup\/faq-le-club\/\" target=\"_blank\" rel=\"noreferrer noopener\">FAQ<\/a>,&nbsp;<a href=\"https:\/\/centcols.org\/backup\/comment-faire\/\" target=\"_blank\" rel=\"noreferrer noopener\">nous rejoindre (comment faire)<\/a>,&nbsp;<a href=\"https:\/\/centcols.org\/backup\/cotisation-annuelle\/\" target=\"_blank\" rel=\"noreferrer noopener\">cotisation annuelle<\/a>.<\/p>\n\n\n\n<div class=\"wp-block-columns is-layout-flex wp-container-core-columns-is-layout-1 wp-block-columns-is-layout-flex\">\n<div class=\"wp-block-column is-layout-flow wp-block-column-is-layout-flow\">\n<h2 class=\"wp-block-heading\">ADRESSE POSTALE (SECR\u00c9TARIAT)<\/h2>\n\n\n\n<p>Club des Cent Cols<br>Herv\u00e9 Reti\u00e8re<br>28 Rue La Fontaine<br>95240 Cormeilles-en-Parisis<br>FRANCE<\/p>\n\n\n\n<p>T\u00e9l : +33 (0).1.76.29.24.02<\/p>\n<\/div>\n\n\n\n<div class=\"wp-block-column is-layout-flow wp-block-column-is-layout-flow\">\n<h2 class=\"wp-block-heading\">ADRESSES E-MAIL<\/h2>\n\n\n\n<ul>\n<li>Renseignements :&nbsp;<a href=\"mailto:info@centcols.net\">info@centcols.net<\/a><\/li>\n\n\n\n<li>Support technique informatique :&nbsp;<a href=\"mailto:assistance@centcols.net\">assistance@centcols.net<\/a><\/li>\n\n\n\n<li>Envoi d\u2019albums-photos pour le site :&nbsp;<a href=\"mailto:photos@centcols.net\">photos@centcols.net<\/a><\/li>\n\n\n\n<li>Envoi photos de cols (panneaux, paysages) :&nbsp;<a href=\"https:\/\/centcols.org\/backup\/photos-de-cols\/\" target=\"_blank\" rel=\"noreferrer noopener\">voir instructions<\/a><\/li>\n\n\n\n<li>Envoi d\u2019articles et photos pour la revue :&nbsp;<a href=\"mailto:redaction@centcols.net\">redaction@centcols.net<\/a><\/li>\n\n\n\n<li>Envoi parcours OpenRunner :&nbsp;<a href=\"mailto:parcours-or@centcols.net\">parcours-or@centcols.net<\/a><\/li>\n\n\n\n<li>Boutique v\u00eatements :&nbsp;<a href=\"mailto:boutique@centcols.net\">boutique@centcols.net<\/a><\/li>\n\n\n\n<li>Librairie (catalogues et papeterie) :&nbsp;<a href=\"mailto:librairie@centcols.net\">librairie@centcols.net<\/a><\/li>\n\n\n\n<li>Propositions \/ rectifications de cols :&nbsp;<a href=\"mailto:cols@centcols.net\">cols@centcols.net<\/a><\/li>\n\n\n\n<li>Commission s\u00e9jours, rassemblements et \u00e9v\u00e9nements :&nbsp;<a href=\"mailto:sejours@centcols.net\">sejours@centcols.net<\/a><\/li>\n\n\n\n<li>Adresse pour envoi photos des membres :&nbsp;<a href=\"mailto:photodemembre@centcols.net\">photodemembre@centcols.net<\/a><\/li>\n\n\n\n<li>La Gazette&nbsp;<a href=\"mailto:gazette@centcols.net\">gazette@centcols.net<\/a><\/li>\n<\/ul>\n<\/div>\n<\/div>\n\n\n\n<p><em>Les membres doivent contacter leur d\u00e9l\u00e9gu\u00e9 territorial ou national pour tout ce qui a trait \u00e0 leurs listes de cols et \u00e0 leurs cotisations<\/em> <em>(voir page b\u00e9n\u00e9voles).<\/em><\/p>\n\n\n\n<h2 class=\"wp-block-heading\" id=\"nous-contacter\">Nous contacter<\/h2>\n\n\n\n<p>Pour tout renseignement ou besoin de nous contacter, vous pouvez envoyer un e-mail \u00e0 :<\/p>\n\n\n\n<p class=\"has-text-align-center\"><a href=\"mailto:info@centcols.net\">info@centcols.net<\/a><\/p>\n","protected":false},"excerpt":{"rendered":"<p>Pour conna\u00eetre les conditions d\u2019inscription au Club des Cent Cols ou pour savoir comment verser sa cotisation annuelle, consultez les rubriques&nbsp;R\u00e8gle du jeu,&nbsp;FAQ,&nbsp;nous rejoindre (comment faire),&nbsp;cotisation annuelle. ADRESSE POSTALE (SECR\u00c9TARIAT) Club des Cent ColsHerv\u00e9 Reti\u00e8re28 Rue La Fontaine95240 Cormeilles-en-ParisisFRANCE T\u00e9l : +33 (0).1.76.29.24.02 ADRESSES E-MAIL Les membres doivent contacter leur d\u00e9l\u00e9gu\u00e9 territorial ou national pour [&hellip;]<\/p>\n","protected":false},"author":17,"featured_media":0,"parent":0,"menu_order":0,"comment_status":"closed","ping_status":"closed","template":"","meta":{"_acf_changed":false,"ub_ctt_via":"","_monsterinsights_skip_tracking":false,"_monsterinsights_sitenote_active":false,"_monsterinsights_sitenote_note":"","_monsterinsights_sitenote_category":0,"footnotes":""},"acf":[],"featured_image_urls":{"full":"","thumbnail":"","medium":"","medium_large":"","large":"","1536x1536":"","2048x2048":"","woocommerce_thumbnail":"","woocommerce_single":"","woocommerce_gallery_thumbnail":""},"post_excerpt_stackable":"<p>Pour conna\u00eetre les conditions d\u2019inscription au Club des Cent Cols ou pour savoir comment verser sa cotisation annuelle, consultez les rubriques&nbsp;R\u00e8gle du jeu,&nbsp;FAQ,&nbsp;nous rejoindre (comment faire),&nbsp;cotisation annuelle. ADRESSE POSTALE (SECR\u00c9TARIAT) Club des Cent ColsHerv\u00e9 Reti\u00e8re28 Rue La Fontaine95240 Cormeilles-en-ParisisFRANCE T\u00e9l : +33 (0).1.76.29.24.02 ADRESSES E-MAIL Renseignements :&nbsp;info@centcols.net Support technique informatique :&nbsp;assistance@centcols.net Envoi d\u2019albums-photos pour le site :&nbsp;photos@centcols.net Envoi photos de cols (panneaux, paysages) :&nbsp;voir instructions Envoi d\u2019articles et photos pour la revue :&nbsp;redaction@centcols.net Envoi parcours OpenRunner :&nbsp;parcours-or@centcols.net Boutique v\u00eatements :&nbsp;boutique@centcols.net Librairie (catalogues et papeterie) :&nbsp;librairie@centcols.net Propositions \/ rectifications de cols :&nbsp;cols@centcols.net Commission s\u00e9jours, rassemblements et \u00e9v\u00e9nements :&nbsp;sejours@centcols.net Adresse pour envoi&hellip;<\/p>\n","category_list":"","author_info":{"name":"R\u00e9gis Paraz","url":"https:\/\/centcols.org\/backup\/it\/author\/3225\/"},"comments_num":"0 commenti","featured_image_urls_v2":{"full":"","thumbnail":"","medium":"","medium_large":"","large":"","1536x1536":"","2048x2048":"","woocommerce_thumbnail":"","woocommerce_single":"","woocommerce_gallery_thumbnail":""},"post_excerpt_stackable_v2":"<p>Pour conna\u00eetre les conditions d\u2019inscription au Club des Cent Cols ou pour savoir comment verser sa cotisation annuelle, consultez les rubriques&nbsp;R\u00e8gle du jeu,&nbsp;FAQ,&nbsp;nous rejoindre (comment faire),&nbsp;cotisation annuelle. ADRESSE POSTALE (SECR\u00c9TARIAT) Club des Cent ColsHerv\u00e9 Reti\u00e8re28 Rue La Fontaine95240 Cormeilles-en-ParisisFRANCE T\u00e9l : +33 (0).1.76.29.24.02 ADRESSES E-MAIL Renseignements :&nbsp;info@centcols.net Support technique informatique :&nbsp;assistance@centcols.net Envoi d\u2019albums-photos pour le site :&nbsp;photos@centcols.net Envoi photos de cols (panneaux, paysages) :&nbsp;voir instructions Envoi d\u2019articles et photos pour la revue :&nbsp;redaction@centcols.net Envoi parcours OpenRunner :&nbsp;parcours-or@centcols.net Boutique v\u00eatements :&nbsp;boutique@centcols.net Librairie (catalogues et papeterie) :&nbsp;librairie@centcols.net Propositions \/ rectifications de cols :&nbsp;cols@centcols.net Commission s\u00e9jours, rassemblements et \u00e9v\u00e9nements :&nbsp;sejours@centcols.net Adresse pour envoi&hellip;<\/p>\n","category_list_v2":"","author_info_v2":{"name":"R\u00e9gis Paraz","url":"https:\/\/centcols.org\/backup\/it\/author\/3225\/"},"comments_num_v2":"0 commenti","featured_image_src":null,"_links":{"self":[{"href":"https:\/\/centcols.org\/backup\/it\/wp-json\/wp\/v2\/pages\/80116"}],"collection":[{"href":"https:\/\/centcols.org\/backup\/it\/wp-json\/wp\/v2\/pages"}],"about":[{"href":"https:\/\/centcols.org\/backup\/it\/wp-json\/wp\/v2\/types\/page"}],"author":[{"embeddable":true,"href":"https:\/\/centcols.org\/backup\/it\/wp-json\/wp\/v2\/users\/17"}],"replies":[{"embeddable":true,"href":"https:\/\/centcols.org\/backup\/it\/wp-json\/wp\/v2\/comments?post=80116"}],"version-history":[{"count":0,"href":"https:\/\/centcols.org\/backup\/it\/wp-json\/wp\/v2\/pages\/80116\/revisions"}],"wp:attachment":[{"href":"https:\/\/centcols.org\/backup\/it\/wp-json\/wp\/v2\/media?parent=80116"}],"curies":[{"name":"wp","href":"https:\/\/api.w.org\/{rel}","templated":true}]}}