{"id":39049,"date":"2015-11-19T15:38:43","date_gmt":"2015-11-19T14:38:43","guid":{"rendered":"https:\/\/centcols.org\/backup\/product\/baudrier-de-securite\/"},"modified":"2021-12-10T17:41:31","modified_gmt":"2021-12-10T16:41:31","slug":"banede-di-sicurezza","status":"publish","type":"product","link":"https:\/\/centcols.org\/backup\/it\/prodotto\/banede-di-sicurezza\/","title":{"rendered":"Bande di sicurezza"},"content":{"rendered":"<p>Spedizione a cura del negozio abbigliamento<\/p>\n","protected":false},"excerpt":{"rendered":"<p>Taglia unica<\/p>\n<p>Prodotto di sicurezza destinato ad accrescere la visibiit\u00e0 del ciclista.<\/p>\n<p>Questo articolo non pu\u00f2 sostituire ci\u00f2 che \u00e8 previsto dalle norme per la circolazione al di fuori dei centri abitati in condizioni di visibilit\u00e0 ridotta (cf. codice della strada)<\/p>\n","protected":false},"featured_media":31753,"comment_status":"closed","ping_status":"closed","template":"","meta":{"_acf_changed":false,"ub_ctt_via":"","_monsterinsights_skip_tracking":false,"_monsterinsights_sitenote_active":false,"_monsterinsights_sitenote_note":"","_monsterinsights_sitenote_category":0},"product_cat":[298,220],"product_tag":[],"acf":[],"featured_image_urls":{"full":["https:\/\/centcols.org\/backup\/wp-content\/uploads\/2015\/11\/baudrier-securite.jpg",320,320,false],"thumbnail":["https:\/\/centcols.org\/backup\/wp-content\/uploads\/2015\/11\/baudrier-securite-300x300.jpg",300,300,true],"medium":["https:\/\/centcols.org\/backup\/wp-content\/uploads\/2015\/11\/baudrier-securite.jpg",320,320,false],"medium_large":["https:\/\/centcols.org\/backup\/wp-content\/uploads\/2015\/11\/baudrier-securite.jpg",320,320,false],"large":["https:\/\/centcols.org\/backup\/wp-content\/uploads\/2015\/11\/baudrier-securite.jpg",320,320,false],"1536x1536":["https:\/\/centcols.org\/backup\/wp-content\/uploads\/2015\/11\/baudrier-securite.jpg",320,320,false],"2048x2048":["https:\/\/centcols.org\/backup\/wp-content\/uploads\/2015\/11\/baudrier-securite.jpg",320,320,false],"woocommerce_thumbnail":["https:\/\/centcols.org\/backup\/wp-content\/uploads\/2015\/11\/baudrier-securite-300x300.jpg",300,300,true],"woocommerce_single":["https:\/\/centcols.org\/backup\/wp-content\/uploads\/2015\/11\/baudrier-securite.jpg",320,320,false],"woocommerce_gallery_thumbnail":["https:\/\/centcols.org\/backup\/wp-content\/uploads\/2015\/11\/baudrier-securite-100x100.jpg",100,100,true]},"post_excerpt_stackable":"<p>Taglia unica<\/p>\n<p>Prodotto di sicurezza destinato ad accrescere la visibiit\u00e0 del ciclista.<\/p>\n<p>Questo articolo non pu\u00f2 sostituire ci\u00f2 che \u00e8 previsto dalle norme per la circolazione al di fuori dei centri abitati in condizioni di visibilit\u00e0 ridotta (cf. codice della strada)<\/p>\n","category_list":"","author_info":{"name":"","url":""},"comments_num":"0 commenti","featured_image_urls_v2":{"full":["https:\/\/centcols.org\/backup\/wp-content\/uploads\/2015\/11\/baudrier-securite.jpg",320,320,false],"thumbnail":["https:\/\/centcols.org\/backup\/wp-content\/uploads\/2015\/11\/baudrier-securite-300x300.jpg",300,300,true],"medium":["https:\/\/centcols.org\/backup\/wp-content\/uploads\/2015\/11\/baudrier-securite.jpg",320,320,false],"medium_large":["https:\/\/centcols.org\/backup\/wp-content\/uploads\/2015\/11\/baudrier-securite.jpg",320,320,false],"large":["https:\/\/centcols.org\/backup\/wp-content\/uploads\/2015\/11\/baudrier-securite.jpg",320,320,false],"1536x1536":["https:\/\/centcols.org\/backup\/wp-content\/uploads\/2015\/11\/baudrier-securite.jpg",320,320,false],"2048x2048":["https:\/\/centcols.org\/backup\/wp-content\/uploads\/2015\/11\/baudrier-securite.jpg",320,320,false],"woocommerce_thumbnail":["https:\/\/centcols.org\/backup\/wp-content\/uploads\/2015\/11\/baudrier-securite-300x300.jpg",300,300,true],"woocommerce_single":["https:\/\/centcols.org\/backup\/wp-content\/uploads\/2015\/11\/baudrier-securite.jpg",320,320,false],"woocommerce_gallery_thumbnail":["https:\/\/centcols.org\/backup\/wp-content\/uploads\/2015\/11\/baudrier-securite-100x100.jpg",100,100,true]},"post_excerpt_stackable_v2":"<p>Taglia unica<\/p>\n<p>Prodotto di sicurezza destinato ad accrescere la visibiit\u00e0 del ciclista.<\/p>\n<p>Questo articolo non pu\u00f2 sostituire ci\u00f2 che \u00e8 previsto dalle norme per la circolazione al di fuori dei centri abitati in condizioni di visibilit\u00e0 ridotta (cf. codice della strada)<\/p>\n","category_list_v2":"","author_info_v2":{"name":"","url":""},"comments_num_v2":"0 commenti","_links":{"self":[{"href":"https:\/\/centcols.org\/backup\/it\/wp-json\/wp\/v2\/product\/39049"}],"collection":[{"href":"https:\/\/centcols.org\/backup\/it\/wp-json\/wp\/v2\/product"}],"about":[{"href":"https:\/\/centcols.org\/backup\/it\/wp-json\/wp\/v2\/types\/product"}],"replies":[{"embeddable":true,"href":"https:\/\/centcols.org\/backup\/it\/wp-json\/wp\/v2\/comments?post=39049"}],"wp:featuredmedia":[{"embeddable":true,"href":"https:\/\/centcols.org\/backup\/it\/wp-json\/wp\/v2\/media\/31753"}],"wp:attachment":[{"href":"https:\/\/centcols.org\/backup\/it\/wp-json\/wp\/v2\/media?parent=39049"}],"wp:term":[{"taxonomy":"product_cat","embeddable":true,"href":"https:\/\/centcols.org\/backup\/it\/wp-json\/wp\/v2\/product_cat?post=39049"},{"taxonomy":"product_tag","embeddable":true,"href":"https:\/\/centcols.org\/backup\/it\/wp-json\/wp\/v2\/product_tag?post=39049"}],"curies":[{"name":"wp","href":"https:\/\/api.w.org\/{rel}","templated":true}]}}